{"id":6035,"date":"2024-09-26T13:36:16","date_gmt":"2024-09-26T13:36:16","guid":{"rendered":"https:\/\/spig-gmab.com\/tjanster\/"},"modified":"2025-03-18T15:43:28","modified_gmt":"2025-03-18T15:43:28","slug":"tjanster","status":"publish","type":"page","link":"https:\/\/www.spig-gmab.com\/sv\/tjanster\/","title":{"rendered":"Tj\u00e4nster"},"content":{"rendered":"\n<div class=\"wp-block-uagb-container uagb-block-zgbhmcgz alignfull uagb-is-root-container\"><div class=\"uagb-container-inner-blocks-wrap\">\n<div class=\"wp-block-uagb-info-box uagb-block-ew04gv8n uagb-infobox__content-wrap  uagb-infobox-icon-above-title uagb-infobox-image-valign-top\"><div class=\"uagb-ifb-content\"><div class=\"uagb-ifb-title-wrap\"><h1 class=\"uagb-ifb-title\"><strong><strong><strong><strong><strong><strong>Service<\/strong><\/strong><\/strong><\/strong><\/strong><\/strong><\/h1><\/div><p class=\"uagb-ifb-desc\">V\u00e5rt omfattande serviceprogram t\u00e4cker alla aspekter, fr\u00e5n snabb leverans av reservdelar till omfattande underh\u00e5ll av hela r\u00f6kgasreningsanl\u00e4ggningar.<\/p><\/div><\/div>\n<\/div><\/div>\n\n\n\n<div class=\"wp-block-uagb-container uagb-block-4neen65n alignfull uagb-is-root-container\"><div class=\"uagb-container-inner-blocks-wrap\">\n<div class=\"wp-block-uagb-image alignleft uagb-block-1cb9d430 wp-block-uagb-image--layout-default wp-block-uagb-image--effect-static wp-block-uagb-image--align-left\"><figure class=\"wp-block-uagb-image__figure\"><img decoding=\"async\" srcset=\"https:\/\/www.spig-gmab.com\/wp-content\/uploads\/2024\/09\/Varmepump-inst-edited-1024x1024.jpg ,https:\/\/www.spig-gmab.com\/wp-content\/uploads\/2024\/09\/Varmepump-inst-edited-scaled.jpg 780w, https:\/\/www.spig-gmab.com\/wp-content\/uploads\/2024\/09\/Varmepump-inst-edited-scaled.jpg 360w\" sizes=\"auto, (max-width: 480px) 150px\" src=\"https:\/\/www.spig-gmab.com\/wp-content\/uploads\/2024\/09\/Varmepump-inst-edited-1024x1024.jpg\" alt=\"\" class=\"uag-image-1819\" width=\"550\" height=\"423\" title=\"V\u00e4rmepump inst\" loading=\"lazy\" role=\"img\"\/><\/figure><\/div>\n\n\n\n<div class=\"wp-block-uagb-container uagb-block-slvpzmfu\">\n<div class=\"wp-block-uagb-info-box uagb-block-sfoqfciu uagb-infobox__content-wrap  uagb-infobox-icon-above-title uagb-infobox-image-valign-top\"><div class=\"uagb-ifb-content\"><div class=\"uagb-ifb-title-wrap\"><h2 class=\"uagb-ifb-title\"><strong><strong><strong><strong>FGT Service<\/strong><\/strong><\/strong><\/strong><\/h2><\/div><p class=\"uagb-ifb-desc\">Med \u00e5rtionden av specialiserad erfarenhet av service och underh\u00e5ll av r\u00f6kgasreningssystem, kompressorv\u00e4rmepumpar och absorptionsv\u00e4rmepumpar erbjuder vi en o\u00f6vertr\u00e4ffad expertis som \u00e4r skr\u00e4ddarsydd f\u00f6r de unika behoven i er verksamhet.<\/p><\/div><\/div>\n\n\n\n<p style=\"margin-top:var(--wp--preset--spacing--60);margin-bottom:var(--wp--preset--spacing--30)\"><strong><span style=\"color: var(--ast-global-color-3);\" class=\"stk-highlight\">Expertl\u00f6sningar f\u00f6r underh\u00e5ll och service<\/span><\/strong><\/p>\n\n\n\n<ul class=\"wp-block-list\">\n<li>Decennier av specialiserad erfarenhet av r\u00f6kgasreningssystem, kompressorv\u00e4rmepumpar och absorptionsv\u00e4rmepumpar<\/li>\n\n\n\n<li>Genomgripande serviceprogram som omfattar snabb leverans av reservdelar och komplett anl\u00e4ggningsunderh\u00e5ll f\u00f6r l\u00e5ngsiktig tillf\u00f6rlitlighet och j\u00e4mn prestanda<\/li>\n\n\n\n<li>Omfattande kunskap och expertis som \u00e4r skr\u00e4ddarsydd f\u00f6r att uppfylla de specifika operativa behoven i er anl\u00e4ggning<\/li>\n<\/ul>\n\n\n\n<p style=\"margin-top:var(--wp--preset--spacing--60);margin-bottom:var(--wp--preset--spacing--30)\"><strong><span style=\"color: var(--ast-global-color-3);\" class=\"stk-highlight\">Uppgraderingar och proaktiv support<\/span><\/strong><\/p>\n\n\n\n<ul class=\"wp-block-list\">\n<li>GMAB\u2122 erbjuder avancerade konverteringar, uppgraderingar och systemoptimeringar, som s\u00e4kerst\u00e4ller h\u00f6g prestanda och efterlevnad av de senaste emissionskraven<\/li>\n\n\n\n<li>Professionell installation, drifts\u00e4ttning och service f\u00f6r absorptionskylmaskiner, vilket f\u00f6rb\u00e4ttrar systemets livsl\u00e4ngd och minimerar potentiella problem<\/li>\n\n\n\n<li>Avtal om f\u00f6rebyggande underh\u00e5ll f\u00f6r proaktiva insatser, utformade f\u00f6r att minska oplanerade driftstopp och s\u00e4kerst\u00e4lla en h\u00e5llbar, l\u00e5ngsiktig drift<\/li>\n<\/ul>\n<\/div>\n<\/div><\/div>\n\n\n\n<div class=\"wp-block-uagb-container uagb-block-722d9aaa alignfull uagb-is-root-container\"><div class=\"uagb-container-inner-blocks-wrap\">\n<div class=\"wp-block-uagb-container uagb-block-01360a54\">\n<div class=\"wp-block-uagb-info-box uagb-block-2da7f3ca uagb-infobox__content-wrap  uagb-infobox-icon-above-title uagb-infobox-image-valign-top\"><div class=\"uagb-ifb-content\"><div class=\"uagb-ifb-title-wrap\"><h2 class=\"uagb-ifb-title\"><strong><strong><strong><strong>ESP-service<\/strong><\/strong><\/strong><\/strong><\/h2><\/div><p class=\"uagb-ifb-desc\">V\u00e5r elfilterservice (ESP) \u00e4r strategiskt utformad f\u00f6r att tillgodose behoven hos industrier som s\u00f6ker effektiva och tillf\u00f6rlitliga l\u00f6sningar f\u00f6r stoftavskiljning. Med \u00f6kande regleringar, \u00e5ldrande utrustning och h\u00f6gre underh\u00e5llskrav kr\u00e4ver industriella verksamheter ett proaktivt tillv\u00e4gag\u00e5ngss\u00e4tt f\u00f6r att s\u00e4kerst\u00e4lla ESP-filtrens effektivitet och efterlevnad. V\u00e5rt ESP-serviceutbud fokuserar p\u00e5 prestandah\u00f6jande \u00e5tg\u00e4rder med kostnadseffektiva, l\u00e5ngsiktiga resultat.  <\/p><\/div><\/div>\n\n\n\n<p style=\"margin-top:var(--wp--preset--spacing--60);margin-bottom:var(--wp--preset--spacing--30)\"><strong><span style=\"color: var(--ast-global-color-3);\" class=\"stk-highlight\"><strong>Prestandadrivna uppgraderingar och efterinstallationer<\/strong><\/span><\/strong><br>Vi erbjuder kundanpassade ESP-uppgraderingar, konverteringar till slangfilter (FF)-system och avancerad elektrisk optimering, inklusive T-R-styrning (Transformer-Rectifier). Detta g\u00f6r att anl\u00e4ggningarna kan uppn\u00e5 h\u00f6g prestanda med minimal tryckf\u00f6rlust och f\u00f6rb\u00e4ttrad systemtillf\u00f6rlitlighet. <\/p>\n\n\n\n<p style=\"margin-top:var(--wp--preset--spacing--60);margin-bottom:var(--wp--preset--spacing--30)\"><strong>Omfattande urval av reservdelar<\/strong><br>V\u00e5rt lager inneh\u00e5ller noggrant testade komponenter som urladdningselektroder, uppsamlingsplattor och avancerade styrsystem f\u00f6r att s\u00e4kerst\u00e4lla driftstabilitet. Vi handplockar varje del f\u00f6r kvalitet, prestanda och kostnadseffektivitet och tillgodoser b\u00e5de rutinm\u00e4ssiga och akuta behov. <\/p>\n\n\n\n<p style=\"margin-top:var(--wp--preset--spacing--60);margin-bottom:var(--wp--preset--spacing--30)\"><strong>Strategiska underh\u00e5llsl\u00f6sningar<\/strong><br>V\u00e5ra underh\u00e5llstj\u00e4nster erbjuder en rad olika alternativ som \u00e4r skr\u00e4ddarsydda f\u00f6r att optimera anl\u00e4ggningens livsl\u00e4ngd och minska ov\u00e4ntade driftstopp.<\/p>\n\n\n\n<p style=\"margin-top:var(--wp--preset--spacing--60);margin-bottom:var(--wp--preset--spacing--30)\"><strong><span style=\"color: var(--ast-global-color-3);\" class=\"stk-highlight\">Vi tillhandah\u00e5ller:  <\/span><\/strong><\/p>\n\n\n\n<ul class=\"wp-block-list\">\n<li><strong>Inspektion och fels\u00f6kning:<\/strong> F\u00f6r att uppt\u00e4cka och \u00e5tg\u00e4rda problem i ett tidigt skede och s\u00e4kerst\u00e4lla kontinuerlig drift i enlighet med g\u00e4llande regler.<\/li>\n\n\n\n<li><strong>Utbildning och analys av livstidsf\u00f6rl\u00e4ngning:<\/strong> F\u00f6r interna team, s\u00e4kerst\u00e4lla att de \u00e4r skickliga i l\u00f6pande ESP-v\u00e5rd och utv\u00e4rdering av prestanda.<\/li>\n\n\n\n<li><strong>\u00d6vervakade reparationer och support i n\u00f6dsituationer:<\/strong> P\u00e5litlig assistans vid avbrott eller haverier, vilket minimerar f\u00f6rseningar i driften<\/li>\n<\/ul>\n\n\n\n<p>V\u00e5rt ESP-serviceprogram \u00e4r uppbyggt kring de senaste branschkraven och ger ett helt\u00e4ckande st\u00f6d som maximerar effektiviteten, minskar stillest\u00e5ndstiden och m\u00f6jligg\u00f6r en h\u00e5llbarare verksamhet. Med v\u00e5rt robusta tillv\u00e4gag\u00e5ngss\u00e4tt kan industrin tryggt ta itu med nuvarande och framtida emissionskrav och driftutmaningar.<\/p>\n<\/div>\n\n\n\n<div class=\"wp-block-uagb-image alignleft uagb-block-krkibjso wp-block-uagb-image--layout-default wp-block-uagb-image--effect-static wp-block-uagb-image--align-left\"><figure class=\"wp-block-uagb-image__figure\"><img decoding=\"async\" srcset=\"https:\/\/www.spig-gmab.com\/wp-content\/uploads\/2024\/10\/Service_FGT.jpg ,https:\/\/www.spig-gmab.com\/wp-content\/uploads\/2024\/10\/Service_FGT.jpg 780w, https:\/\/www.spig-gmab.com\/wp-content\/uploads\/2024\/10\/Service_FGT.jpg 360w\" sizes=\"auto, (max-width: 480px) 150px\" src=\"https:\/\/www.spig-gmab.com\/wp-content\/uploads\/2024\/10\/Service_FGT.jpg\" alt=\"\" class=\"uag-image-4370\" width=\"550\" height=\"423\" title=\"Service_FGT\" loading=\"lazy\" role=\"img\"\/><\/figure><\/div>\n<\/div><\/div>\n\n\n\n<div class=\"wp-block-uagb-container uagb-block-67imbnbc alignfull uagb-is-root-container\"><div class=\"uagb-container-inner-blocks-wrap\">\n<div class=\"wp-block-uagb-info-box uagb-block-akrifalx uagb-infobox__content-wrap  uagb-infobox-icon-above-title uagb-infobox-image-valign-top wp-block-uagb-info-box--has-margin\"><div class=\"uagb-infobox-margin-wrapper\"><div class=\"uagb-ifb-content\"><div class=\"uagb-ifb-title-wrap\"><h2 class=\"uagb-ifb-title\">Uppn\u00e5 dina m\u00e5l nu<\/h2><\/div><p class=\"uagb-ifb-desc\">Kontakta oss redan idag &#8211; vi finns h\u00e4r f\u00f6r att hj\u00e4lpa dig med alla fr\u00e5gor och allt st\u00f6d du beh\u00f6ver!<\/p><\/div><\/div><\/div>\n\n\n\n<div class=\"wp-block-uagb-buttons uagb-buttons__outer-wrap uagb-btn__default-btn uagb-btn-tablet__default-btn uagb-btn-mobile__default-btn uagb-block-yuzskiwf\"><div class=\"uagb-buttons__wrap uagb-buttons-layout-wrap \">\n<div class=\"wp-block-uagb-buttons-child uagb-buttons__outer-wrap uagb-block-6m96fron wp-block-button\"><div class=\"uagb-button__wrapper\"><a class=\"uagb-buttons-repeater wp-block-button__link\" aria-label=\"\" href=\"https:\/\/www.spig-gmab.com\/contact\/\" rel=\"follow noopener\" target=\"_self\" role=\"button\"><div class=\"uagb-button__link\">Kontakta oss&#8230;<\/div><\/a><\/div><\/div>\n<\/div><\/div>\n<\/div><\/div>\n","protected":false},"excerpt":{"rendered":"<p>Expertl\u00f6sningar f\u00f6r underh\u00e5ll och service Uppgraderingar och proaktiv support Prestandadrivna uppgraderingar och efterinstallationerVi erbjuder kundanpassade ESP-uppgraderingar, konverteringar till slangfilter (FF)-system [&hellip;]<\/p>\n","protected":false},"author":1,"featured_media":0,"parent":0,"menu_order":0,"comment_status":"closed","ping_status":"closed","template":"","meta":{"_uag_custom_page_level_css":"","_monsterinsights_skip_tracking":false,"_monsterinsights_sitenote_active":false,"_monsterinsights_sitenote_note":"","_monsterinsights_sitenote_category":0,"site-sidebar-layout":"default","site-content-layout":"","ast-site-content-layout":"default","site-content-style":"default","site-sidebar-style":"default","ast-global-header-display":"","ast-banner-title-visibility":"","ast-main-header-display":"","ast-hfb-above-header-display":"","ast-hfb-below-header-display":"","ast-hfb-mobile-header-display":"","site-post-title":"disabled","ast-breadcrumbs-content":"","ast-featured-img":"","footer-sml-layout":"","ast-disable-related-posts":"","theme-transparent-header-meta":"","adv-header-id-meta":"","stick-header-meta":"","header-above-stick-meta":"","header-main-stick-meta":"","header-below-stick-meta":"","astra-migrate-meta-layouts":"default","ast-page-background-enabled":"default","ast-page-background-meta":{"desktop":{"background-color":"var(--ast-global-color-4)","background-image":"","background-repeat":"repeat","background-position":"center center","background-size":"auto","background-attachment":"scroll","background-type":"","background-media":"","overlay-type":"","overlay-color":"","overlay-opacity":"","overlay-gradient":""},"tablet":{"background-color":"","background-image":"","background-repeat":"repeat","background-position":"center center","background-size":"auto","background-attachment":"scroll","background-type":"","background-media":"","overlay-type":"","overlay-color":"","overlay-opacity":"","overlay-gradient":""},"mobile":{"background-color":"","background-image":"","background-repeat":"repeat","background-position":"center center","background-size":"auto","background-attachment":"scroll","background-type":"","background-media":"","overlay-type":"","overlay-color":"","overlay-opacity":"","overlay-gradient":""}},"ast-content-background-meta":{"desktop":{"background-color":"var(--ast-global-color-5)","background-image":"","background-repeat":"repeat","background-position":"center center","background-size":"auto","background-attachment":"scroll","background-type":"","background-media":"","overlay-type":"","overlay-color":"","overlay-opacity":"","overlay-gradient":""},"tablet":{"background-color":"var(--ast-global-color-5)","background-image":"","background-repeat":"repeat","background-position":"center center","background-size":"auto","background-attachment":"scroll","background-type":"","background-media":"","overlay-type":"","overlay-color":"","overlay-opacity":"","overlay-gradient":""},"mobile":{"background-color":"var(--ast-global-color-5)","background-image":"","background-repeat":"repeat","background-position":"center center","background-size":"auto","background-attachment":"scroll","background-type":"","background-media":"","overlay-type":"","overlay-color":"","overlay-opacity":"","overlay-gradient":""}},"footnotes":""},"class_list":["post-6035","page","type-page","status-publish","hentry"],"aioseo_notices":[],"uagb_featured_image_src":{"full":false,"thumbnail":false,"medium":false,"medium_large":false,"large":false,"1536x1536":false,"2048x2048":false},"uagb_author_info":{"display_name":"multimedia@studiokey.it","author_link":"https:\/\/www.spig-gmab.com\/sv\/author\/multimediastudiokey-it\/"},"uagb_comment_info":0,"uagb_excerpt":"Expertl\u00f6sningar f\u00f6r underh\u00e5ll och service Uppgraderingar och proaktiv support Prestandadrivna uppgraderingar och efterinstallationerVi erbjuder kundanpassade ESP-uppgraderingar, konverteringar till slangfilter (FF)-system [&hellip;]","_links":{"self":[{"href":"https:\/\/www.spig-gmab.com\/sv\/wp-json\/wp\/v2\/pages\/6035","targetHints":{"allow":["GET"]}}],"collection":[{"href":"https:\/\/www.spig-gmab.com\/sv\/wp-json\/wp\/v2\/pages"}],"about":[{"href":"https:\/\/www.spig-gmab.com\/sv\/wp-json\/wp\/v2\/types\/page"}],"author":[{"embeddable":true,"href":"https:\/\/www.spig-gmab.com\/sv\/wp-json\/wp\/v2\/users\/1"}],"replies":[{"embeddable":true,"href":"https:\/\/www.spig-gmab.com\/sv\/wp-json\/wp\/v2\/comments?post=6035"}],"version-history":[{"count":7,"href":"https:\/\/www.spig-gmab.com\/sv\/wp-json\/wp\/v2\/pages\/6035\/revisions"}],"predecessor-version":[{"id":7846,"href":"https:\/\/www.spig-gmab.com\/sv\/wp-json\/wp\/v2\/pages\/6035\/revisions\/7846"}],"wp:attachment":[{"href":"https:\/\/www.spig-gmab.com\/sv\/wp-json\/wp\/v2\/media?parent=6035"}],"curies":[{"name":"wp","href":"https:\/\/api.w.org\/{rel}","templated":true}]}}