{"id":6032,"date":"2024-09-26T13:35:59","date_gmt":"2024-09-26T13:35:59","guid":{"rendered":"https:\/\/spig-gmab.com\/innovativ-teknik\/"},"modified":"2025-09-30T09:11:42","modified_gmt":"2025-09-30T09:11:42","slug":"innovativ-teknik","status":"publish","type":"page","link":"https:\/\/www.spig-gmab.com\/sv\/innovativ-teknik\/","title":{"rendered":"Innovativ teknik"},"content":{"rendered":"\n<div class=\"wp-block-uagb-container uagb-block-zgbhmcgz alignfull uagb-is-root-container\"><div class=\"uagb-container-inner-blocks-wrap\">\n<div class=\"wp-block-uagb-info-box uagb-block-ew04gv8n uagb-infobox__content-wrap  uagb-infobox-icon-above-title uagb-infobox-image-valign-top\"><div class=\"uagb-ifb-content\"><div class=\"uagb-ifb-title-wrap\"><h1 class=\"uagb-ifb-title\"><strong><strong>Innovativ teknik<\/strong><\/strong><\/h1><\/div><p class=\"uagb-ifb-desc\">I framkant n\u00e4r det g\u00e4ller innovation och produktutveckling.<\/p><\/div><\/div>\n<\/div><\/div>\n\n\n\n<div class=\"wp-block-uagb-container uagb-block-4neen65n alignfull uagb-is-root-container\"><div class=\"uagb-container-inner-blocks-wrap\">\n<div class=\"wp-block-uagb-container uagb-block-076714a4\">\n<div class=\"wp-block-uagb-image alignright uagb-block-krkibjso wp-block-uagb-image--layout-default wp-block-uagb-image--effect-static wp-block-uagb-image--align-right alignleft\"><figure class=\"wp-block-uagb-image__figure\"><img decoding=\"async\" srcset=\"https:\/\/www.spig-gmab.com\/wp-content\/uploads\/2024\/09\/Sakab2.jpg ,https:\/\/www.spig-gmab.com\/wp-content\/uploads\/2024\/09\/Sakab2.jpg 780w, https:\/\/www.spig-gmab.com\/wp-content\/uploads\/2024\/09\/Sakab2.jpg 360w\" sizes=\"auto, (max-width: 480px) 150px\" src=\"https:\/\/www.spig-gmab.com\/wp-content\/uploads\/2024\/09\/Sakab2.jpg\" alt=\"\" class=\"uag-image-1533\" width=\"728\" height=\"909\" title=\"Sakab2\" loading=\"lazy\" role=\"img\"\/><\/figure><\/div>\n<\/div>\n\n\n\n<div class=\"wp-block-uagb-container uagb-block-slvpzmfu\">\n<div class=\"wp-block-uagb-info-box uagb-block-sfoqfciu uagb-infobox__content-wrap  uagb-infobox-icon-above-title uagb-infobox-image-valign-top\"><div class=\"uagb-ifb-content\"><div class=\"uagb-ifb-title-wrap\"><h2 class=\"uagb-ifb-title\"><strong><strong><strong><strong>Innovativ teknik<\/strong><\/strong><\/strong><\/strong><\/h2><\/div><p class=\"uagb-ifb-desc\">Sedan starten har GMAB\u2122 legat i framkant n\u00e4r det g\u00e4ller innovation och produktutveckling. I slutet av 1980-talet blev GMAB pionj\u00e4r n\u00e4r det g\u00e4llde att implementera r\u00f6kgaskondensering i Waste-to-Energy-anl\u00e4ggningar. Detta banbrytande steg lade grunden f\u00f6r m\u00e5nga framsteg inom omr\u00e5det. En av de mest framst\u00e5ende innovationerna \u00e4r ADIOX, en teknik f\u00f6r dioxinavskiljning som utvecklats i samarbete med Karlsruhe Institute of Technology. Denna teknik har framg\u00e5ngsrikt installerats i \u00f6ver 140 f\u00f6rbr\u00e4nningslinjer, vilket visar att den \u00e4r effektiv och tillf\u00f6rlitlig.    <br>GMAB ADIOX brochure &#8211; <a href=\"https:\/\/www.spig-gmab.com\/wp-content\/uploads\/2025\/05\/GMAB_002_ADIOX_Dioxin_Removal.pdf\" target=\"_blank\" rel=\"noopener\" title=\"\">download here<\/a>.<br><br>En annan viktig utveckling p\u00e5 GMAB \u00e4r MercOx\u2122, en v\u00e5tskrubberteknik f\u00f6r avskiljning av kvicksilver, inklusive element\u00e4rt kvicksilver (Hg\u00b0), med hj\u00e4lp av v\u00e4teperoxid. Denna teknik s\u00e4kerst\u00e4ller effektiv kvicksilveravskiljning, vilket bidrar till minskade utsl\u00e4pp. <br>GMAB MercOx\u2122 brochure &#8211; <a href=\"https:\/\/www.spig-gmab.com\/wp-content\/uploads\/2024\/11\/GMAB_003_MERCOX_Mercury_Removal.pdf\" target=\"_blank\" rel=\"noreferrer noopener\">download here<\/a>.<br><\/p><\/div><\/div>\n<\/div>\n<\/div><\/div>\n\n\n\n<div class=\"wp-block-uagb-container uagb-block-75d6c714 alignfull uagb-is-root-container\"><div class=\"uagb-container-inner-blocks-wrap\">\n<div class=\"wp-block-uagb-container uagb-block-a0390875\">\n<div class=\"wp-block-uagb-info-box uagb-block-a83c7b3d uagb-infobox__content-wrap  uagb-infobox-icon-above-title uagb-infobox-image-valign-top\"><div class=\"uagb-ifb-content\"><div class=\"uagb-ifb-title-wrap\"><\/div><p class=\"uagb-ifb-desc\">GMAB har ocks\u00e5 introducerat Svavelrecirkulation, en teknik som syftar till att minska h\u00f6gtemperaturkorrosion och dioxinbildning i Waste-to-Energy-anl\u00e4ggningar. Denna innovation f\u00f6rb\u00e4ttrar \u00f6verhettarnas livsl\u00e4ngd och har potential att \u00f6ka \u00e5ngdata. <br><br>F\u00f6r NOx-reduktion i rostereldade pannor har GMAB utvecklat CUTNOX\u00ae, en prim\u00e4r\u00e5tg\u00e4rd som inneb\u00e4r att en luft-vattenstr\u00e5le sprutas in i ugnen. Denna metod minskar effektivt NOx-utsl\u00e4ppen, vilket g\u00f6r processen mer milj\u00f6v\u00e4nlig. <br><br>ReZinc\u00ae-processen har utvecklats gemensamt av GMAB i samarbete med Renova. Processen anv\u00e4nder skrubberavdragsvatten f\u00f6r att laka flygaska. Lakvattnet f\u00e4lls ut och avvattnas, vilket ger en zinkrik produkt som kan anv\u00e4ndas f\u00f6r att producera \u00e5tervunnen zink. Huvuddelen av den lakade flygaskan recirkuleras sedan tillbaka in i f\u00f6rbr\u00e4nningsprocessen, d\u00e4r dioxinerna f\u00f6rst\u00f6rs och flygaskan avgiftas.   <\/p><\/div><\/div>\n<\/div>\n\n\n\n<div class=\"wp-block-uagb-image alignleft uagb-block-296994f0 wp-block-uagb-image--layout-default wp-block-uagb-image--effect-static wp-block-uagb-image--align-left\"><figure class=\"wp-block-uagb-image__figure\"><img decoding=\"async\" srcset=\"https:\/\/www.spig-gmab.com\/wp-content\/uploads\/2024\/09\/Sulfur-Recirculation-1024x601.jpg ,https:\/\/www.spig-gmab.com\/wp-content\/uploads\/2024\/09\/Sulfur-Recirculation-scaled.jpg 780w, https:\/\/www.spig-gmab.com\/wp-content\/uploads\/2024\/09\/Sulfur-Recirculation-scaled.jpg 360w\" sizes=\"auto, (max-width: 480px) 150px\" src=\"https:\/\/www.spig-gmab.com\/wp-content\/uploads\/2024\/09\/Sulfur-Recirculation-1024x601.jpg\" alt=\"\" class=\"uag-image-1748\" width=\"604\" height=\"317\" title=\"Sulfur Recirculation\" loading=\"lazy\" role=\"img\"\/><\/figure><\/div>\n<\/div><\/div>\n\n\n\n<div class=\"wp-block-uagb-container uagb-block-67imbnbc alignfull uagb-is-root-container\"><div class=\"uagb-container-inner-blocks-wrap\">\n<div class=\"wp-block-uagb-info-box uagb-block-akrifalx uagb-infobox__content-wrap  uagb-infobox-icon-above-title uagb-infobox-image-valign-top wp-block-uagb-info-box--has-margin\"><div class=\"uagb-infobox-margin-wrapper\"><div class=\"uagb-ifb-content\"><div class=\"uagb-ifb-title-wrap\"><h2 class=\"uagb-ifb-title\">Uppn\u00e5 dina m\u00e5l nu<\/h2><\/div><p class=\"uagb-ifb-desc\">Kontakta oss redan idag &#8211; vi finns h\u00e4r f\u00f6r att hj\u00e4lpa dig med alla fr\u00e5gor och allt st\u00f6d du beh\u00f6ver!<\/p><\/div><\/div><\/div>\n\n\n\n<div class=\"wp-block-uagb-buttons uagb-buttons__outer-wrap uagb-btn__default-btn uagb-btn-tablet__default-btn uagb-btn-mobile__default-btn uagb-block-yuzskiwf\"><div class=\"uagb-buttons__wrap uagb-buttons-layout-wrap \">\n<div class=\"wp-block-uagb-buttons-child uagb-buttons__outer-wrap uagb-block-6m96fron wp-block-button\"><div class=\"uagb-button__wrapper\"><a class=\"uagb-buttons-repeater wp-block-button__link\" aria-label=\"\" href=\"https:\/\/www.spig-gmab.com\/contact\/\" rel=\"follow noopener\" target=\"_self\" role=\"button\"><div class=\"uagb-button__link\">Kontakta oss&#8230;<\/div><\/a><\/div><\/div>\n<\/div><\/div>\n<\/div><\/div>\n","protected":false},"excerpt":{"rendered":"","protected":false},"author":1,"featured_media":0,"parent":0,"menu_order":0,"comment_status":"closed","ping_status":"closed","template":"","meta":{"_uag_custom_page_level_css":"","_monsterinsights_skip_tracking":false,"_monsterinsights_sitenote_active":false,"_monsterinsights_sitenote_note":"","_monsterinsights_sitenote_category":0,"site-sidebar-layout":"default","site-content-layout":"","ast-site-content-layout":"","site-content-style":"default","site-sidebar-style":"default","ast-global-header-display":"","ast-banner-title-visibility":"","ast-main-header-display":"","ast-hfb-above-header-display":"","ast-hfb-below-header-display":"","ast-hfb-mobile-header-display":"","site-post-title":"disabled","ast-breadcrumbs-content":"","ast-featured-img":"","footer-sml-layout":"","theme-transparent-header-meta":"","adv-header-id-meta":"","stick-header-meta":"","header-above-stick-meta":"","header-main-stick-meta":"","header-below-stick-meta":"","astra-migrate-meta-layouts":"default","ast-page-background-enabled":"default","ast-page-background-meta":{"desktop":{"background-color":"var(--ast-global-color-4)","background-image":"","background-repeat":"repeat","background-position":"center center","background-size":"auto","background-attachment":"scroll","background-type":"","background-media":"","overlay-type":"","overlay-color":"","overlay-opacity":"","overlay-gradient":""},"tablet":{"background-color":"","background-image":"","background-repeat":"repeat","background-position":"center center","background-size":"auto","background-attachment":"scroll","background-type":"","background-media":"","overlay-type":"","overlay-color":"","overlay-opacity":"","overlay-gradient":""},"mobile":{"background-color":"","background-image":"","background-repeat":"repeat","background-position":"center center","background-size":"auto","background-attachment":"scroll","background-type":"","background-media":"","overlay-type":"","overlay-color":"","overlay-opacity":"","overlay-gradient":""}},"ast-content-background-meta":{"desktop":{"background-color":"var(--ast-global-color-5)","background-image":"","background-repeat":"repeat","background-position":"center center","background-size":"auto","background-attachment":"scroll","background-type":"","background-media":"","overlay-type":"","overlay-color":"","overlay-opacity":"","overlay-gradient":""},"tablet":{"background-color":"var(--ast-global-color-5)","background-image":"","background-repeat":"repeat","background-position":"center center","background-size":"auto","background-attachment":"scroll","background-type":"","background-media":"","overlay-type":"","overlay-color":"","overlay-opacity":"","overlay-gradient":""},"mobile":{"background-color":"var(--ast-global-color-5)","background-image":"","background-repeat":"repeat","background-position":"center center","background-size":"auto","background-attachment":"scroll","background-type":"","background-media":"","overlay-type":"","overlay-color":"","overlay-opacity":"","overlay-gradient":""}},"footnotes":""},"class_list":["post-6032","page","type-page","status-publish","hentry"],"aioseo_notices":[],"uagb_featured_image_src":{"full":false,"thumbnail":false,"medium":false,"medium_large":false,"large":false,"1536x1536":false,"2048x2048":false},"uagb_author_info":{"display_name":"multimedia@studiokey.it","author_link":"https:\/\/www.spig-gmab.com\/sv\/author\/multimediastudiokey-it\/"},"uagb_comment_info":0,"uagb_excerpt":null,"_links":{"self":[{"href":"https:\/\/www.spig-gmab.com\/sv\/wp-json\/wp\/v2\/pages\/6032","targetHints":{"allow":["GET"]}}],"collection":[{"href":"https:\/\/www.spig-gmab.com\/sv\/wp-json\/wp\/v2\/pages"}],"about":[{"href":"https:\/\/www.spig-gmab.com\/sv\/wp-json\/wp\/v2\/types\/page"}],"author":[{"embeddable":true,"href":"https:\/\/www.spig-gmab.com\/sv\/wp-json\/wp\/v2\/users\/1"}],"replies":[{"embeddable":true,"href":"https:\/\/www.spig-gmab.com\/sv\/wp-json\/wp\/v2\/comments?post=6032"}],"version-history":[{"count":14,"href":"https:\/\/www.spig-gmab.com\/sv\/wp-json\/wp\/v2\/pages\/6032\/revisions"}],"predecessor-version":[{"id":9161,"href":"https:\/\/www.spig-gmab.com\/sv\/wp-json\/wp\/v2\/pages\/6032\/revisions\/9161"}],"wp:attachment":[{"href":"https:\/\/www.spig-gmab.com\/sv\/wp-json\/wp\/v2\/media?parent=6032"}],"curies":[{"name":"wp","href":"https:\/\/api.w.org\/{rel}","templated":true}]}}