{"id":6018,"date":"2024-09-26T13:27:23","date_gmt":"2024-09-26T13:27:23","guid":{"rendered":"https:\/\/spig-gmab.com\/poleringsskrubbrar\/"},"modified":"2025-09-30T09:08:58","modified_gmt":"2025-09-30T09:08:58","slug":"poleringsskrubbrar","status":"publish","type":"page","link":"https:\/\/www.spig-gmab.com\/sv\/poleringsskrubbrar\/","title":{"rendered":"Polerskrubbrar"},"content":{"rendered":"\n<div class=\"wp-block-uagb-container uagb-block-zgbhmcgz alignfull uagb-is-root-container\"><div class=\"uagb-container-inner-blocks-wrap\">\n<div class=\"wp-block-uagb-info-box uagb-block-ew04gv8n uagb-infobox__content-wrap  uagb-infobox-icon-above-title uagb-infobox-image-valign-top\"><div class=\"uagb-ifb-content\"><div class=\"uagb-ifb-title-wrap\"><h1 class=\"uagb-ifb-title\"><strong><strong>Polerskrubbrar<\/strong><\/strong><\/h1><\/div><p class=\"uagb-ifb-desc\">Avancerade Skrubberl\u00f6sningar<\/p><\/div><\/div>\n<\/div><\/div>\n\n\n\n<div class=\"wp-block-uagb-container uagb-block-4neen65n alignfull uagb-is-root-container\"><div class=\"uagb-container-inner-blocks-wrap\">\n<div class=\"wp-block-uagb-container uagb-block-bd2c476f\">\n<div class=\"wp-block-uagb-image alignright uagb-block-krkibjso wp-block-uagb-image--layout-default wp-block-uagb-image--effect-static wp-block-uagb-image--align-right alignleft\"><figure class=\"wp-block-uagb-image__figure\"><img decoding=\"async\" srcset=\"https:\/\/www.spig-gmab.com\/wp-content\/uploads\/2024\/09\/6-680x1024.jpg ,https:\/\/www.spig-gmab.com\/wp-content\/uploads\/2024\/09\/6.jpg 780w, https:\/\/www.spig-gmab.com\/wp-content\/uploads\/2024\/09\/6.jpg 360w\" sizes=\"auto, (max-width: 480px) 150px\" src=\"https:\/\/www.spig-gmab.com\/wp-content\/uploads\/2024\/09\/6-680x1024.jpg\" alt=\"\" class=\"uag-image-1529\" width=\"367\" height=\"553\" title=\"6\" loading=\"lazy\" role=\"img\"\/><\/figure><\/div>\n<\/div>\n\n\n\n<div class=\"wp-block-uagb-container uagb-block-slvpzmfu\">\n<div class=\"wp-block-uagb-info-box uagb-block-sfoqfciu uagb-infobox__content-wrap  uagb-infobox-icon-above-title uagb-infobox-image-valign-top\"><div class=\"uagb-ifb-content\"><div class=\"uagb-ifb-title-wrap\"><h2 class=\"uagb-ifb-title\"><strong><strong><strong>Polerskrubbrar<\/strong><\/strong><\/strong><\/h2><\/div><p class=\"uagb-ifb-desc\">Vi \u00e4r specialiserade p\u00e5 v\u00e5t r\u00f6kgasrening i kombination med avancerad vattenreningsteknik. V\u00e5ra system med v\u00e5ta skrubber ger tillf\u00f6rlitlig och effektiv r\u00f6kgasrening, skr\u00e4ddarsydd f\u00f6r att uppfylla str\u00e4nga utsl\u00e4ppskrav. <br><br>V\u00e5ra skrubbersystem k\u00e4nnetecknas av tillf\u00f6rlitlig emissionsminimering och s\u00e4kerst\u00e4ller konsekvent och effektiv avskiljning av f\u00f6roreningar fr\u00e5n r\u00f6kgaser. De \u00e4r konstruerade f\u00f6r kontinuerlig drift med h\u00f6g tillg\u00e4nglighet, vilket ger oavbruten prestanda. Med exceptionell buffertkapacitet kan de enkelt anpassas f\u00f6r att hantera stora variationer i gasfl\u00f6de och ing\u00e5ngskoncentrationer, vilket s\u00e4kerst\u00e4ller smidig och effektiv drift \u00e4ven under varierande f\u00f6rh\u00e5llanden.  <br><br>Dessutom minimerar v\u00e5ra system kemikalief\u00f6rbrukningen och genererar mycket lite restprodukter, vilket g\u00f6r dem till ett milj\u00f6v\u00e4nligt val f\u00f6r r\u00f6kgasrening. De \u00e4r ocks\u00e5 perfekta f\u00f6r integration med r\u00f6kgaskondensering, vilket m\u00f6jligg\u00f6r f\u00f6rb\u00e4ttrad energi\u00e5tervinning och \u00f6kad total systemeffektivitet. <br><br>V\u00e5ra skrubbersystem har framg\u00e5ngsrikt installerats i hela Europa och har mycket h\u00f6ga prestanda b\u00e5de vad g\u00e4ller utsl\u00e4ppsminimering och energi\u00e5tervinning.<\/p><\/div><\/div>\n<\/div>\n<\/div><\/div>\n\n\n\n<div class=\"wp-block-uagb-container uagb-block-8b123ae3 alignwide uagb-is-root-container\">\n<div class=\"wp-block-uagb-container uagb-block-43532781\">\n<div class=\"wp-block-uagb-advanced-heading uagb-block-e1b3295e\"><h3 class=\"uagb-heading-text\"><strong><strong><strong>Uppn\u00e5 \u00f6verl\u00e4gsen milj\u00f6prestanda med v\u00e5ra avancerade v\u00e5ta skrubbersystem<br><\/strong><\/strong><\/strong><\/h3><\/div>\n\n\n\n<p>V\u00e5ra m\u00e5ngsidiga enstegs- eller flerstegs polerskrubbrar \u00e4r konstruerade f\u00f6r att uppn\u00e5 extremt l\u00e5ga utsl\u00e4pp, \u00e4ven i anl\u00e4ggningar som ursprungligen byggdes f\u00f6r att uppfylla \u00e4ldre, mindre str\u00e4nga utsl\u00e4ppsnormer.<br><br>Genom att integrera energi\u00e5tervinning i Polerskrubbern kan vi kyla gasen genom r\u00f6kgaskondensering. Denna process minskar inte bara utsl\u00e4ppen ytterligare utan \u00f6kar ocks\u00e5 produktionen av fj\u00e4rrv\u00e4rme och genererar ett relativt rent kondensat. Detta kondensat kan uppgraderas f\u00f6r olika anv\u00e4ndningsomr\u00e5den, t.ex. som sp\u00e4dvatten f\u00f6r pannor. <br><br>Kombinationen av l\u00e5ga driftstemperaturer och extremt l\u00e5ga utsl\u00e4pp skapar dessa skrubbrar idealiska f\u00f6rh\u00e5llanden f\u00f6r att integrera teknik f\u00f6r koldioxidinf\u00e5ngning. Genom att installera en GMAB\u2122 Polerskrubber f\u00f6rb\u00e4ttras inte bara den nuvarande prestandan, utan anl\u00e4ggningen \u00e4r ocks\u00e5 f\u00f6rberedd f\u00f6r framtida milj\u00f6krav och tekniska utmaningar. <br><br>GMAB\u2122 erbjuder skr\u00e4ddarsydda s\u00e5v\u00e4l som standardiserade gasreningsskrubbrar baserade p\u00e5 v\u00e5ra olika gasreningstekniker, inklusive avskiljning av sura komponenter, r\u00f6kgaskondensering och ADIOX dioxinavskiljning. Enheterna \u00e4r kompakta och utformade f\u00f6r att minimera monteringsarbetet p\u00e5 plats.<\/p>\n<\/div>\n\n\n\n<div class=\"wp-block-uagb-image uagb-block-1a4c0290 wp-block-uagb-image--layout-default wp-block-uagb-image--effect-static wp-block-uagb-image--align-none\"><figure class=\"wp-block-uagb-image__figure\"><img decoding=\"async\" srcset=\"https:\/\/www.spig-gmab.com\/wp-content\/uploads\/2024\/09\/18672012F-Holstebro-flowsheet-drop-shadow-676x1024.jpg ,https:\/\/www.spig-gmab.com\/wp-content\/uploads\/2024\/09\/18672012F-Holstebro-flowsheet-drop-shadow.jpg 780w, https:\/\/www.spig-gmab.com\/wp-content\/uploads\/2024\/09\/18672012F-Holstebro-flowsheet-drop-shadow.jpg 360w\" sizes=\"auto, (max-width: 480px) 150px\" src=\"https:\/\/www.spig-gmab.com\/wp-content\/uploads\/2024\/09\/18672012F-Holstebro-flowsheet-drop-shadow-676x1024.jpg\" alt=\"\" class=\"uag-image-1530\" width=\"448\" height=\"679\" title=\"P:ORDER1867 M\u00e5bjergvaerketTEKNIKDokument2 ProcessschemorP\" loading=\"lazy\" role=\"img\"\/><\/figure><\/div>\n<\/div>\n\n\n\n<div class=\"wp-block-uagb-container uagb-block-67imbnbc alignfull uagb-is-root-container\"><div class=\"uagb-container-inner-blocks-wrap\">\n<div class=\"wp-block-uagb-info-box uagb-block-akrifalx uagb-infobox__content-wrap  uagb-infobox-icon-above-title uagb-infobox-image-valign-top wp-block-uagb-info-box--has-margin\"><div class=\"uagb-infobox-margin-wrapper\"><div class=\"uagb-ifb-content\"><div class=\"uagb-ifb-title-wrap\"><h2 class=\"uagb-ifb-title\">Uppn\u00e5 dina m\u00e5l nu<\/h2><\/div><p class=\"uagb-ifb-desc\">Kontakta oss redan idag &#8211; vi finns h\u00e4r f\u00f6r att hj\u00e4lpa dig med alla fr\u00e5gor och allt st\u00f6d du beh\u00f6ver!<\/p><\/div><\/div><\/div>\n\n\n\n<div class=\"wp-block-uagb-buttons uagb-buttons__outer-wrap uagb-btn__default-btn uagb-btn-tablet__default-btn uagb-btn-mobile__default-btn uagb-block-yuzskiwf\"><div class=\"uagb-buttons__wrap uagb-buttons-layout-wrap \">\n<div class=\"wp-block-uagb-buttons-child uagb-buttons__outer-wrap uagb-block-6m96fron wp-block-button\"><div class=\"uagb-button__wrapper\"><a class=\"uagb-buttons-repeater wp-block-button__link\" aria-label=\"\" href=\"https:\/\/www.spig-gmab.com\/contact\/\" rel=\"follow noopener\" target=\"_self\" role=\"button\"><div class=\"uagb-button__link\">Kontakta oss&#8230;<\/div><\/a><\/div><\/div>\n<\/div><\/div>\n<\/div><\/div>\n","protected":false},"excerpt":{"rendered":"<p>Uppn\u00e5 \u00f6verl\u00e4gsen milj\u00f6prestanda med v\u00e5ra avancerade v\u00e5ta skrubbersystem V\u00e5ra m\u00e5ngsidiga enstegs- eller flerstegs polerskrubbrar \u00e4r konstruerade f\u00f6r att uppn\u00e5 extremt [&hellip;]<\/p>\n","protected":false},"author":1,"featured_media":0,"parent":0,"menu_order":0,"comment_status":"closed","ping_status":"closed","template":"","meta":{"_uag_custom_page_level_css":"","_monsterinsights_skip_tracking":false,"_monsterinsights_sitenote_active":false,"_monsterinsights_sitenote_note":"","_monsterinsights_sitenote_category":0,"site-sidebar-layout":"default","site-content-layout":"","ast-site-content-layout":"default","site-content-style":"default","site-sidebar-style":"default","ast-global-header-display":"","ast-banner-title-visibility":"","ast-main-header-display":"","ast-hfb-above-header-display":"","ast-hfb-below-header-display":"","ast-hfb-mobile-header-display":"","site-post-title":"disabled","ast-breadcrumbs-content":"","ast-featured-img":"","footer-sml-layout":"","ast-disable-related-posts":"","theme-transparent-header-meta":"","adv-header-id-meta":"","stick-header-meta":"","header-above-stick-meta":"","header-main-stick-meta":"","header-below-stick-meta":"","astra-migrate-meta-layouts":"default","ast-page-background-enabled":"default","ast-page-background-meta":{"desktop":{"background-color":"var(--ast-global-color-4)","background-image":"","background-repeat":"repeat","background-position":"center center","background-size":"auto","background-attachment":"scroll","background-type":"","background-media":"","overlay-type":"","overlay-color":"","overlay-opacity":"","overlay-gradient":""},"tablet":{"background-color":"","background-image":"","background-repeat":"repeat","background-position":"center center","background-size":"auto","background-attachment":"scroll","background-type":"","background-media":"","overlay-type":"","overlay-color":"","overlay-opacity":"","overlay-gradient":""},"mobile":{"background-color":"","background-image":"","background-repeat":"repeat","background-position":"center center","background-size":"auto","background-attachment":"scroll","background-type":"","background-media":"","overlay-type":"","overlay-color":"","overlay-opacity":"","overlay-gradient":""}},"ast-content-background-meta":{"desktop":{"background-color":"var(--ast-global-color-5)","background-image":"","background-repeat":"repeat","background-position":"center center","background-size":"auto","background-attachment":"scroll","background-type":"","background-media":"","overlay-type":"","overlay-color":"","overlay-opacity":"","overlay-gradient":""},"tablet":{"background-color":"var(--ast-global-color-5)","background-image":"","background-repeat":"repeat","background-position":"center center","background-size":"auto","background-attachment":"scroll","background-type":"","background-media":"","overlay-type":"","overlay-color":"","overlay-opacity":"","overlay-gradient":""},"mobile":{"background-color":"var(--ast-global-color-5)","background-image":"","background-repeat":"repeat","background-position":"center center","background-size":"auto","background-attachment":"scroll","background-type":"","background-media":"","overlay-type":"","overlay-color":"","overlay-opacity":"","overlay-gradient":""}},"footnotes":""},"class_list":["post-6018","page","type-page","status-publish","hentry"],"aioseo_notices":[],"uagb_featured_image_src":{"full":false,"thumbnail":false,"medium":false,"medium_large":false,"large":false,"1536x1536":false,"2048x2048":false},"uagb_author_info":{"display_name":"multimedia@studiokey.it","author_link":"https:\/\/www.spig-gmab.com\/sv\/author\/multimediastudiokey-it\/"},"uagb_comment_info":0,"uagb_excerpt":"Uppn\u00e5 \u00f6verl\u00e4gsen milj\u00f6prestanda med v\u00e5ra avancerade v\u00e5ta skrubbersystem V\u00e5ra m\u00e5ngsidiga enstegs- eller flerstegs polerskrubbrar \u00e4r konstruerade f\u00f6r att uppn\u00e5 extremt [&hellip;]","_links":{"self":[{"href":"https:\/\/www.spig-gmab.com\/sv\/wp-json\/wp\/v2\/pages\/6018","targetHints":{"allow":["GET"]}}],"collection":[{"href":"https:\/\/www.spig-gmab.com\/sv\/wp-json\/wp\/v2\/pages"}],"about":[{"href":"https:\/\/www.spig-gmab.com\/sv\/wp-json\/wp\/v2\/types\/page"}],"author":[{"embeddable":true,"href":"https:\/\/www.spig-gmab.com\/sv\/wp-json\/wp\/v2\/users\/1"}],"replies":[{"embeddable":true,"href":"https:\/\/www.spig-gmab.com\/sv\/wp-json\/wp\/v2\/comments?post=6018"}],"version-history":[{"count":8,"href":"https:\/\/www.spig-gmab.com\/sv\/wp-json\/wp\/v2\/pages\/6018\/revisions"}],"predecessor-version":[{"id":9153,"href":"https:\/\/www.spig-gmab.com\/sv\/wp-json\/wp\/v2\/pages\/6018\/revisions\/9153"}],"wp:attachment":[{"href":"https:\/\/www.spig-gmab.com\/sv\/wp-json\/wp\/v2\/media?parent=6018"}],"curies":[{"name":"wp","href":"https:\/\/api.w.org\/{rel}","templated":true}]}}