{"id":5973,"date":"2024-10-29T09:40:43","date_gmt":"2024-10-29T09:40:43","guid":{"rendered":"https:\/\/spig-gmab.com\/om-oss\/"},"modified":"2025-03-19T09:10:35","modified_gmt":"2025-03-19T09:10:35","slug":"om-oss","status":"publish","type":"page","link":"https:\/\/www.spig-gmab.com\/sv\/om-oss\/","title":{"rendered":"Om oss"},"content":{"rendered":"\n<div class=\"wp-block-uagb-container uagb-block-zgbhmcgz alignfull uagb-is-root-container\"><div class=\"uagb-container-inner-blocks-wrap\">\n<div class=\"wp-block-uagb-info-box uagb-block-ew04gv8n uagb-infobox__content-wrap  uagb-infobox-icon-above-title uagb-infobox-image-valign-top\"><div class=\"uagb-ifb-content\"><div class=\"uagb-ifb-title-wrap\"><h1 class=\"uagb-ifb-title\">Om oss<\/h1><\/div><p class=\"uagb-ifb-desc\">SPIG och GMAB \u00e4r en del av AUCTUS Capital Partners AG<\/p><\/div><\/div>\n<\/div><\/div>\n\n\n\n<div class=\"wp-block-uagb-container uagb-block-4neen65n alignfull uagb-is-root-container\"><div class=\"uagb-container-inner-blocks-wrap\">\n<div class=\"wp-block-uagb-container uagb-block-slvpzmfu\">\n<div class=\"wp-block-uagb-info-box uagb-block-sfoqfciu uagb-infobox__content-wrap  uagb-infobox-icon-above-title uagb-infobox-image-valign-top\"><div class=\"uagb-ifb-content\"><div class=\"uagb-ifb-title-wrap\"><h2 class=\"uagb-ifb-title\"><strong>Uppt\u00e4ck v\u00e5r historia<\/strong><\/h2><\/div><p class=\"uagb-ifb-desc\">SPIG och GMAB \u00e4r en del av AUCTUS Capital Partners AG. AUCTUS grundades 2001 och \u00e4r ett av de ledande investmentbolagen med fokus p\u00e5 sm\u00e5 och medelstora f\u00f6retag i Europa. Genom v\u00e5ra buy-and-build strategier har AUCTUS skapat fler marknadsledare \u00e4n n\u00e5gon annan fond i Europa. AUCTUS \u00e4r det i s\u00e4rklass mest aktiva private equity-bolaget i Tyskland. AUCTUS beh\u00e5ller denna ledande position trots den utmanande marknadsmilj\u00f6n f\u00f6r investmentbolag och tv\u00e4rtemot den nuvarande trenden, d\u00e4r antalet private equity-investerare minskar till f\u00f6rm\u00e5n f\u00f6r strategiska k\u00f6pare.    <\/p><\/div><\/div>\n<\/div>\n<\/div><\/div>\n\n\n\n<div class=\"wp-block-uagb-container uagb-block-536fa3a7 alignfull uagb-is-root-container\"><div class=\"uagb-container-inner-blocks-wrap\">\n<div class=\"wp-block-uagb-image alignright uagb-block-6699cf04 wp-block-uagb-image--layout-default wp-block-uagb-image--effect-static wp-block-uagb-image--align-right alignleft\"><figure class=\"wp-block-uagb-image__figure\"><img decoding=\"async\" srcset=\"https:\/\/www.spig-gmab.com\/wp-content\/uploads\/2024\/09\/SPIG_Eng_History_Forex_mod-768x1024.jpg ,https:\/\/www.spig-gmab.com\/wp-content\/uploads\/2024\/09\/SPIG_Eng_History_Forex_mod.jpg 780w, https:\/\/www.spig-gmab.com\/wp-content\/uploads\/2024\/09\/SPIG_Eng_History_Forex_mod.jpg 360w\" sizes=\"auto, (max-width: 480px) 150px\" src=\"https:\/\/www.spig-gmab.com\/wp-content\/uploads\/2024\/09\/SPIG_Eng_History_Forex_mod-768x1024.jpg\" alt=\"\" class=\"uag-image-1689\" width=\"564\" height=\"423\" title=\"SPIG_Eng_History_Forex_mod\" loading=\"lazy\" role=\"img\"\/><figcaption class=\"uagb-image-caption\">SPIG founders, 1923<\/figcaption><\/figure><\/div>\n\n\n\n<div class=\"wp-block-uagb-container uagb-block-0356e1e5\">\n<div class=\"wp-block-uagb-info-box uagb-block-366e9207 uagb-infobox__content-wrap  uagb-infobox-icon-above-title uagb-infobox-image-valign-top\"><div class=\"uagb-ifb-content\"><div class=\"uagb-ifb-title-wrap\"><h2 class=\"uagb-ifb-title\"><strong>SPIG<\/strong><\/h2><\/div><p class=\"uagb-ifb-desc\">SPIG \u00e4r verksamt \u00f6ver hela v\u00e4rlden och levererar ett omfattande utbud av nyckelf\u00e4rdiga kylsystem. Sedan 1936 har vi designat, konstruerat och installerat m\u00e5nga toppmoderna kylsystemprojekt f\u00f6r ett brett spektrum av industrier. SPIG \u00e4r en global leverant\u00f6r av specialkonstruerade kylsystem och tj\u00e4nster.    <br>SPIG grundades i Italien 1936 och \u00e4r k\u00e4nt \u00f6ver hela v\u00e4rlden f\u00f6r sina l\u00f6sningar, med projektbaserade l\u00f6sningar och verksamhet i n\u00e4stan 50 l\u00e4nder. V\u00e5rt kompetenscenter f\u00f6r kylsystem i Paruzzaro syssels\u00e4tter cirka 150 personer p\u00e5 olika platser i v\u00e4rlden.   <br>V\u00e5r erfarenhet omfattar v\u00e5ta, torra och hybridl\u00f6sningar f\u00f6r kylning, beroende p\u00e5 platsspecifika krav. Vi kan leverera b\u00e5de fl\u00e4ktdrivna kyltorn och kyltorn med naturlig konvektion, samt konstruera dessa f\u00f6r ett brett spektrum av projektspecifikationer, t.ex. h\u00f6ga seismiska belastningar, vibrationskontroll, korrosion, bullerkontroll, drift under fryspunkten och anv\u00e4ndning av havsvatten.   <br>Projekten nedan \u00e4r exempel p\u00e5 hur SPIG har levererat branschledande kylsysteml\u00f6sningar till kunder \u00f6ver hela v\u00e4rlden.<\/p><\/div><\/div>\n<\/div>\n<\/div><\/div>\n\n\n\n<div class=\"wp-block-uagb-container uagb-block-2b88301c alignfull uagb-is-root-container\"><div class=\"uagb-container-inner-blocks-wrap\">\n<div class=\"wp-block-uagb-container uagb-block-e3e9fcd8\">\n<div class=\"wp-block-uagb-info-box uagb-block-890485e5 uagb-infobox__content-wrap  uagb-infobox-icon-above-title uagb-infobox-image-valign-top\"><div class=\"uagb-ifb-content\"><div class=\"uagb-ifb-title-wrap\"><h2 class=\"uagb-ifb-title\"><strong>GMAB<\/strong><\/h2><\/div><p class=\"uagb-ifb-desc\">G\u00f6taverken grundades 1841 och tillverkade fartyg, pannor, dieselmotorer och till och med flygplan. G\u00f6taverken Milj\u00f6 AB (GMAB) grundades 1988 som en avknoppning fr\u00e5n G\u00f6taverken Energy Systems. De f\u00f6rsta st\u00f6rre projekten var kompressionsv\u00e4rmepumpar p\u00e5 GRYAB och tre linjer med v\u00e5t r\u00f6kgasrening med r\u00f6kgaskondensering 1988 p\u00e5 GRAAB, b\u00e5da i G\u00f6teborg. Detta var v\u00e4rldens f\u00f6rsta r\u00f6kgaskondenseringsanl\u00e4ggning i en Waste-to-Energy-anl\u00e4ggning. GMAB f\u00f6rv\u00e4rvades av Sj\u00e4tte AP-fonden 1998. \u00c5r 2010 f\u00f6rv\u00e4rvade Babcock &amp; Wilcox V\u00f8lund A\/S GMAB och integrerade det i sin portf\u00f6lj av milj\u00f6teknikl\u00f6sningar. \u00c5r 2024 f\u00f6rv\u00e4rvades GMAB av AUCTUS Capital Partners AG och samarbetar sedan dess med SPIG SpA. GMAB \u00e4r k\u00e4nt f\u00f6r sina avancerade system och tekniker f\u00f6r r\u00f6kgasrening och har ett starkt fokus p\u00e5 att utveckla och kommersialisera nya tekniker och har arbetat med flera universitet och forskningsinstitut i str\u00e4van att st\u00e4ndigt minska utsl\u00e4pp och milj\u00f6p\u00e5verkan. Samarbetet har resulterat i en l\u00e5ng rad innovativa teknologier.        <\/p><\/div><\/div>\n<\/div>\n\n\n\n<div class=\"wp-block-uagb-image alignright uagb-block-a2add538 wp-block-uagb-image--layout-default wp-block-uagb-image--effect-static wp-block-uagb-image--align-right alignleft\"><figure class=\"wp-block-uagb-image__figure\"><img decoding=\"async\" srcset=\"https:\/\/www.spig-gmab.com\/wp-content\/uploads\/2024\/09\/Gotaverken-ad-1934.jpg ,https:\/\/www.spig-gmab.com\/wp-content\/uploads\/2024\/09\/Gotaverken-ad-1934.jpg 780w, https:\/\/www.spig-gmab.com\/wp-content\/uploads\/2024\/09\/Gotaverken-ad-1934.jpg 360w\" sizes=\"auto, (max-width: 480px) 150px\" src=\"https:\/\/www.spig-gmab.com\/wp-content\/uploads\/2024\/09\/Gotaverken-ad-1934.jpg\" alt=\"\" class=\"uag-image-1693\" width=\"350\" height=\"423\" title=\"Gotaverken-ad-1934\" loading=\"lazy\" role=\"img\"\/><figcaption class=\"uagb-image-caption\">G\u00f6taverkenaffisch fr\u00e5n 1934<\/figcaption><\/figure><\/div>\n<\/div><\/div>\n","protected":false},"excerpt":{"rendered":"","protected":false},"author":1,"featured_media":0,"parent":0,"menu_order":0,"comment_status":"closed","ping_status":"closed","template":"","meta":{"_uag_custom_page_level_css":"","_monsterinsights_skip_tracking":false,"_monsterinsights_sitenote_active":false,"_monsterinsights_sitenote_note":"","_monsterinsights_sitenote_category":0,"site-sidebar-layout":"default","site-content-layout":"","ast-site-content-layout":"","site-content-style":"default","site-sidebar-style":"default","ast-global-header-display":"","ast-banner-title-visibility":"","ast-main-header-display":"","ast-hfb-above-header-display":"","ast-hfb-below-header-display":"","ast-hfb-mobile-header-display":"","site-post-title":"disabled","ast-breadcrumbs-content":"","ast-featured-img":"","footer-sml-layout":"","ast-disable-related-posts":"","theme-transparent-header-meta":"","adv-header-id-meta":"","stick-header-meta":"","header-above-stick-meta":"","header-main-stick-meta":"","header-below-stick-meta":"","astra-migrate-meta-layouts":"default","ast-page-background-enabled":"default","ast-page-background-meta":{"desktop":{"background-color":"var(--ast-global-color-4)","background-image":"","background-repeat":"repeat","background-position":"center center","background-size":"auto","background-attachment":"scroll","background-type":"","background-media":"","overlay-type":"","overlay-color":"","overlay-opacity":"","overlay-gradient":""},"tablet":{"background-color":"","background-image":"","background-repeat":"repeat","background-position":"center center","background-size":"auto","background-attachment":"scroll","background-type":"","background-media":"","overlay-type":"","overlay-color":"","overlay-opacity":"","overlay-gradient":""},"mobile":{"background-color":"","background-image":"","background-repeat":"repeat","background-position":"center center","background-size":"auto","background-attachment":"scroll","background-type":"","background-media":"","overlay-type":"","overlay-color":"","overlay-opacity":"","overlay-gradient":""}},"ast-content-background-meta":{"desktop":{"background-color":"var(--ast-global-color-5)","background-image":"","background-repeat":"repeat","background-position":"center center","background-size":"auto","background-attachment":"scroll","background-type":"","background-media":"","overlay-type":"","overlay-color":"","overlay-opacity":"","overlay-gradient":""},"tablet":{"background-color":"var(--ast-global-color-5)","background-image":"","background-repeat":"repeat","background-position":"center center","background-size":"auto","background-attachment":"scroll","background-type":"","background-media":"","overlay-type":"","overlay-color":"","overlay-opacity":"","overlay-gradient":""},"mobile":{"background-color":"var(--ast-global-color-5)","background-image":"","background-repeat":"repeat","background-position":"center center","background-size":"auto","background-attachment":"scroll","background-type":"","background-media":"","overlay-type":"","overlay-color":"","overlay-opacity":"","overlay-gradient":""}},"footnotes":""},"class_list":["post-5973","page","type-page","status-publish","hentry"],"aioseo_notices":[],"uagb_featured_image_src":{"full":false,"thumbnail":false,"medium":false,"medium_large":false,"large":false,"1536x1536":false,"2048x2048":false},"uagb_author_info":{"display_name":"multimedia@studiokey.it","author_link":"https:\/\/www.spig-gmab.com\/sv\/author\/multimediastudiokey-it\/"},"uagb_comment_info":0,"uagb_excerpt":null,"_links":{"self":[{"href":"https:\/\/www.spig-gmab.com\/sv\/wp-json\/wp\/v2\/pages\/5973","targetHints":{"allow":["GET"]}}],"collection":[{"href":"https:\/\/www.spig-gmab.com\/sv\/wp-json\/wp\/v2\/pages"}],"about":[{"href":"https:\/\/www.spig-gmab.com\/sv\/wp-json\/wp\/v2\/types\/page"}],"author":[{"embeddable":true,"href":"https:\/\/www.spig-gmab.com\/sv\/wp-json\/wp\/v2\/users\/1"}],"replies":[{"embeddable":true,"href":"https:\/\/www.spig-gmab.com\/sv\/wp-json\/wp\/v2\/comments?post=5973"}],"version-history":[{"count":3,"href":"https:\/\/www.spig-gmab.com\/sv\/wp-json\/wp\/v2\/pages\/5973\/revisions"}],"predecessor-version":[{"id":7852,"href":"https:\/\/www.spig-gmab.com\/sv\/wp-json\/wp\/v2\/pages\/5973\/revisions\/7852"}],"wp:attachment":[{"href":"https:\/\/www.spig-gmab.com\/sv\/wp-json\/wp\/v2\/media?parent=5973"}],"curies":[{"name":"wp","href":"https:\/\/api.w.org\/{rel}","templated":true}]}}