{"id":5969,"date":"2024-10-31T10:54:09","date_gmt":"2024-10-31T10:54:09","guid":{"rendered":"https:\/\/spig-gmab.com\/vision-uppdrag\/"},"modified":"2024-11-12T15:16:15","modified_gmt":"2024-11-12T15:16:15","slug":"vision-uppdrag","status":"publish","type":"page","link":"https:\/\/www.spig-gmab.com\/sv\/vision-uppdrag\/","title":{"rendered":"Vision &amp; uppdrag"},"content":{"rendered":"\n<div class=\"wp-block-uagb-container uagb-block-zgbhmcgz alignfull uagb-is-root-container\"><div class=\"uagb-container-inner-blocks-wrap\">\n<div class=\"wp-block-uagb-info-box uagb-block-ew04gv8n uagb-infobox__content-wrap  uagb-infobox-icon-above-title uagb-infobox-image-valign-top\"><div class=\"uagb-ifb-content\"><div class=\"uagb-ifb-title-wrap\"><h1 class=\"uagb-ifb-title\">Vision och uppdrag<\/h1><\/div><p class=\"uagb-ifb-desc\">En ren v\u00e4g fram\u00e5t<\/p><\/div><\/div>\n<\/div><\/div>\n\n<div class=\"wp-block-uagb-container uagb-block-4neen65n alignfull uagb-is-root-container\"><div class=\"uagb-container-inner-blocks-wrap\">\n<div class=\"wp-block-uagb-container uagb-block-9b8f2899\">\n<div class=\"wp-block-uagb-image alignright uagb-block-krkibjso wp-block-uagb-image--layout-default wp-block-uagb-image--effect-static wp-block-uagb-image--align-right figure-100\"><figure class=\"wp-block-uagb-image__figure\"><img decoding=\"async\" srcset=\"https:\/\/www.spig-gmab.com\/wp-content\/uploads\/2024\/10\/SPIG-GMAB_Vision-scaled.jpg ,https:\/\/www.spig-gmab.com\/wp-content\/uploads\/2024\/10\/SPIG-GMAB_Vision-scaled.jpg 780w, https:\/\/www.spig-gmab.com\/wp-content\/uploads\/2024\/10\/SPIG-GMAB_Vision-scaled.jpg 360w\" sizes=\"auto, (max-width: 480px) 150px\" src=\"https:\/\/www.spig-gmab.com\/wp-content\/uploads\/2024\/10\/SPIG-GMAB_Vision-scaled.jpg\" alt=\"\" class=\"uag-image-4254\" width=\"564\" height=\"423\" title=\"\" loading=\"lazy\" role=\"presentation\"><\/figure><\/div>\n<\/div>\n\n\n\n<div class=\"wp-block-uagb-container uagb-block-slvpzmfu\">\n<div class=\"wp-block-group is-layout-flow wp-block-group-is-layout-flow\" style=\"padding-right:0px\">\n<h2 class=\"wp-block-heading\" style=\"padding-right:0px;font-style:normal;font-weight:800\">V\u00e5r vision<\/h2>\n\n\n\n<p>Att bli f\u00f6rstahandsvalet f\u00f6r f\u00e4ltmonterade kyl- och utsl\u00e4ppskontrolltekniker som bevarar v\u00e5r planets resurser.<\/p>\n\n\n\n<p><strong>SPIG-GMAB v\u00e4rden:<\/strong><\/p>\n\n\n\n<ul class=\"wp-block-list\" start=\"1\">\n<li><strong>Alltid<\/strong> i tid<br\/>Agera snabbt, undvik uppskjutanden, var tillg\u00e4nglig och arbeta flitigt f\u00f6r att leverera v\u00e5ra projekt i tid och utan fel, f\u00f6rutse utmaningar, vara flexibel f\u00f6r att \u00f6vervinna ov\u00e4ntade h\u00e4ndelser, ber\u00e4tta sanningen f\u00f6r att bygga f\u00f6rtroende: dessa \u00e4r de principer som styr v\u00e5rt projektgenomf\u00f6rande.<\/li>\n\n\n\n<li><strong>F\u00f6rb\u00e4ttra varje dag<\/strong><br\/>Genom att fr\u00e4mja nyfikenhet, utmana v\u00e5ra f\u00e4rdigheter, f\u00f6rnya oss varje dag, f\u00f6renkla processer, samarbeta med partners och kunder kring nya id\u00e9er och tekniker, testa nya metoder utan r\u00e4dsla och bel\u00f6na mod och kalkylerade risker kommer vi alla att v\u00e4xa.<\/li>\n\n\n\n<li><strong>Uppmuntra och hj\u00e4lp<\/strong><br\/>Feedbackkultur, respekt, st\u00f6d till varandra, tala h\u00f6gt, dela information, ge energi till andra, se potentialen i v\u00e5ra kollegor, ge ber\u00f6m, fira sm\u00e5 och stora framg\u00e5ngar: det \u00e4r beteenden som k\u00e4nnetecknar v\u00e5r grupp.<\/li>\n<\/ul>\n<\/div>\n<\/div>\n<\/div><\/div>\n\n<div class=\"wp-block-uagb-container uagb-block-2b88301c alignfull uagb-is-root-container\"><div class=\"uagb-container-inner-blocks-wrap\">\n<div class=\"wp-block-uagb-container uagb-block-e3e9fcd8\">\n<div class=\"wp-block-group is-layout-flow wp-block-group-is-layout-flow\" style=\"padding-right:0px\">\n<h2 class=\"wp-block-heading\" style=\"padding-right:0px;font-style:normal;font-weight:800\">V\u00e5rt uppdrag<\/h2>\n\n\n\n<p>P\u00e5 SPIG-GMAB driver v\u00e5rt engagemang f\u00f6r global h\u00e5llbarhet oss att leverera innovativa l\u00f6sningar som bevarar vatten och f\u00f6rb\u00e4ttrar luftkvaliteten. Vi fokuserar p\u00e5 banbrytande teknik som minimerar milj\u00f6p\u00e5verkan och samtidigt f\u00f6rb\u00e4ttrar den industriella prestandan. <\/p>\n\n\n\n<p>SPIG \u00e4r specialiserat p\u00e5 design och konstruktion av avancerade v\u00e5t-, hybrid- och torrkylsystem. Dessa system utnyttjar slutna vattencykler och hybridteknik f\u00f6r att optimera kyleffektiviteten, vilket avsev\u00e4rt minskar vattenf\u00f6rbrukningen och fr\u00e4mjar resursbevarande. <\/p>\n\n\n\n<p>GMAB \u00e4r branschledande inom teknik f\u00f6r r\u00f6kgasrening och energi\u00e5tervinning f\u00f6r kraftverk som eldas med avfall och biomassa samt f\u00f6r olika industriella till\u00e4mpningar. V\u00e5ra toppmoderna system \u00e4r konstruerade f\u00f6r att kontrollera ett brett spektrum av f\u00f6roreningar, vilket ger renare luft och bidrar till en mer h\u00e5llbar och energieffektiv framtid. <\/p>\n<\/div>\n<\/div>\n\n\n\n<div class=\"wp-block-uagb-container uagb-block-316cd966\">\n<div class=\"wp-block-uagb-image aligncenter uagb-block-a2add538 wp-block-uagb-image--layout-default wp-block-uagb-image--effect-static wp-block-uagb-image--align-center figure-100\"><figure class=\"wp-block-uagb-image__figure\"><img decoding=\"async\" srcset=\"https:\/\/www.spig-gmab.com\/wp-content\/uploads\/2024\/09\/Landscape_01_pexels-eberhardgross-858115-edited-1024x576.jpg ,https:\/\/www.spig-gmab.com\/wp-content\/uploads\/2024\/09\/Landscape_01_pexels-eberhardgross-858115-edited-scaled.jpg 780w, https:\/\/www.spig-gmab.com\/wp-content\/uploads\/2024\/09\/Landscape_01_pexels-eberhardgross-858115-edited-scaled.jpg 360w\" sizes=\"auto, (max-width: 480px) 150px\" src=\"https:\/\/www.spig-gmab.com\/wp-content\/uploads\/2024\/09\/Landscape_01_pexels-eberhardgross-858115-edited-1024x576.jpg\" alt=\"\" class=\"uag-image-1807\" width=\"564\" height=\"423\" title=\"\" loading=\"lazy\" role=\"presentation\"><\/figure><\/div>\n<\/div>\n<\/div><\/div>\n\n<div class=\"wp-block-uagb-container uagb-block-4544867c alignfull uagb-is-root-container\"><\/div>\n","protected":false},"excerpt":{"rendered":"<p>V\u00e5r vision Att bli f\u00f6rstahandsvalet f\u00f6r f\u00e4ltmonterade kyl- och utsl\u00e4ppskontrolltekniker som bevarar v\u00e5r planets resurser. SPIG-GMAB v\u00e4rden: V\u00e5rt uppdrag P\u00e5 [&hellip;]<\/p>\n","protected":false},"author":1,"featured_media":0,"parent":0,"menu_order":0,"comment_status":"closed","ping_status":"closed","template":"","meta":{"_uag_custom_page_level_css":"","_monsterinsights_skip_tracking":false,"_monsterinsights_sitenote_active":false,"_monsterinsights_sitenote_note":"","_monsterinsights_sitenote_category":0,"site-sidebar-layout":"default","site-content-layout":"","ast-site-content-layout":"default","site-content-style":"default","site-sidebar-style":"default","ast-global-header-display":"","ast-banner-title-visibility":"","ast-main-header-display":"","ast-hfb-above-header-display":"","ast-hfb-below-header-display":"","ast-hfb-mobile-header-display":"","site-post-title":"disabled","ast-breadcrumbs-content":"","ast-featured-img":"","footer-sml-layout":"","ast-disable-related-posts":"","theme-transparent-header-meta":"","adv-header-id-meta":"","stick-header-meta":"","header-above-stick-meta":"","header-main-stick-meta":"","header-below-stick-meta":"","astra-migrate-meta-layouts":"default","ast-page-background-enabled":"default","ast-page-background-meta":{"desktop":{"background-color":"var(--ast-global-color-4)","background-image":"","background-repeat":"repeat","background-position":"center center","background-size":"auto","background-attachment":"scroll","background-type":"","background-media":"","overlay-type":"","overlay-color":"","overlay-opacity":"","overlay-gradient":""},"tablet":{"background-color":"","background-image":"","background-repeat":"repeat","background-position":"center center","background-size":"auto","background-attachment":"scroll","background-type":"","background-media":"","overlay-type":"","overlay-color":"","overlay-opacity":"","overlay-gradient":""},"mobile":{"background-color":"","background-image":"","background-repeat":"repeat","background-position":"center center","background-size":"auto","background-attachment":"scroll","background-type":"","background-media":"","overlay-type":"","overlay-color":"","overlay-opacity":"","overlay-gradient":""}},"ast-content-background-meta":{"desktop":{"background-color":"var(--ast-global-color-5)","background-image":"","background-repeat":"repeat","background-position":"center center","background-size":"auto","background-attachment":"scroll","background-type":"","background-media":"","overlay-type":"","overlay-color":"","overlay-opacity":"","overlay-gradient":""},"tablet":{"background-color":"var(--ast-global-color-5)","background-image":"","background-repeat":"repeat","background-position":"center center","background-size":"auto","background-attachment":"scroll","background-type":"","background-media":"","overlay-type":"","overlay-color":"","overlay-opacity":"","overlay-gradient":""},"mobile":{"background-color":"var(--ast-global-color-5)","background-image":"","background-repeat":"repeat","background-position":"center center","background-size":"auto","background-attachment":"scroll","background-type":"","background-media":"","overlay-type":"","overlay-color":"","overlay-opacity":"","overlay-gradient":""}},"footnotes":""},"class_list":["post-5969","page","type-page","status-publish","hentry"],"aioseo_notices":[],"uagb_featured_image_src":{"full":false,"thumbnail":false,"medium":false,"medium_large":false,"large":false,"1536x1536":false,"2048x2048":false},"uagb_author_info":{"display_name":"multimedia@studiokey.it","author_link":"https:\/\/www.spig-gmab.com\/sv\/author\/multimediastudiokey-it\/"},"uagb_comment_info":0,"uagb_excerpt":"V\u00e5r vision Att bli f\u00f6rstahandsvalet f\u00f6r f\u00e4ltmonterade kyl- och utsl\u00e4ppskontrolltekniker som bevarar v\u00e5r planets resurser. SPIG-GMAB v\u00e4rden: V\u00e5rt uppdrag P\u00e5 [&hellip;]","_links":{"self":[{"href":"https:\/\/www.spig-gmab.com\/sv\/wp-json\/wp\/v2\/pages\/5969","targetHints":{"allow":["GET"]}}],"collection":[{"href":"https:\/\/www.spig-gmab.com\/sv\/wp-json\/wp\/v2\/pages"}],"about":[{"href":"https:\/\/www.spig-gmab.com\/sv\/wp-json\/wp\/v2\/types\/page"}],"author":[{"embeddable":true,"href":"https:\/\/www.spig-gmab.com\/sv\/wp-json\/wp\/v2\/users\/1"}],"replies":[{"embeddable":true,"href":"https:\/\/www.spig-gmab.com\/sv\/wp-json\/wp\/v2\/comments?post=5969"}],"version-history":[{"count":2,"href":"https:\/\/www.spig-gmab.com\/sv\/wp-json\/wp\/v2\/pages\/5969\/revisions"}],"predecessor-version":[{"id":6398,"href":"https:\/\/www.spig-gmab.com\/sv\/wp-json\/wp\/v2\/pages\/5969\/revisions\/6398"}],"wp:attachment":[{"href":"https:\/\/www.spig-gmab.com\/sv\/wp-json\/wp\/v2\/media?parent=5969"}],"curies":[{"name":"wp","href":"https:\/\/api.w.org\/{rel}","templated":true}]}}