{"id":5935,"date":"2024-10-31T11:38:49","date_gmt":"2024-10-31T11:38:49","guid":{"rendered":"https:\/\/spig-gmab.com\/etik\/"},"modified":"2025-10-16T13:02:56","modified_gmt":"2025-10-16T13:02:56","slug":"etik","status":"publish","type":"page","link":"https:\/\/www.spig-gmab.com\/sv\/etik\/","title":{"rendered":"Etik"},"content":{"rendered":"\n<div class=\"wp-block-uagb-container uagb-block-zgbhmcgz alignfull uagb-is-root-container\"><div class=\"uagb-container-inner-blocks-wrap\">\n<div class=\"wp-block-uagb-info-box uagb-block-ew04gv8n uagb-infobox__content-wrap  uagb-infobox-icon-above-title uagb-infobox-image-valign-top\"><div class=\"uagb-ifb-content\"><div class=\"uagb-ifb-title-wrap\"><h1 class=\"uagb-ifb-title\">Etik<\/h1><\/div><p class=\"uagb-ifb-desc\">Integritet \u00e4r inte f\u00f6rhandlingsbart<\/p><\/div><\/div>\n<\/div><\/div>\n\n\n\n<div class=\"wp-block-uagb-container uagb-block-4neen65n alignfull uagb-is-root-container\"><div class=\"uagb-container-inner-blocks-wrap\">\n<div class=\"wp-block-uagb-container uagb-block-13ae45b9\">\n<div class=\"wp-block-uagb-image alignright uagb-block-krkibjso wp-block-uagb-image--layout-default wp-block-uagb-image--effect-static wp-block-uagb-image--align-right alignleft\"><figure class=\"wp-block-uagb-image__figure\"><img decoding=\"async\" srcset=\"https:\/\/www.spig-gmab.com\/wp-content\/uploads\/2024\/10\/Ethics_pexels-googledeepmind-17485631-scaled.jpg ,https:\/\/www.spig-gmab.com\/wp-content\/uploads\/2024\/10\/Ethics_pexels-googledeepmind-17485631-scaled.jpg 780w, https:\/\/www.spig-gmab.com\/wp-content\/uploads\/2024\/10\/Ethics_pexels-googledeepmind-17485631-scaled.jpg 360w\" sizes=\"auto, (max-width: 480px) 150px\" src=\"https:\/\/www.spig-gmab.com\/wp-content\/uploads\/2024\/10\/Ethics_pexels-googledeepmind-17485631-scaled.jpg\" alt=\"\" class=\"uag-image-4707\" width=\"564\" height=\"423\" title=\"Ethics_pexels-googledeepmind-17485631\" loading=\"lazy\" role=\"img\"\/><\/figure><\/div>\n<\/div>\n\n\n\n<div class=\"wp-block-uagb-container uagb-block-slvpzmfu\">\n<div class=\"wp-block-uagb-info-box uagb-block-sfoqfciu uagb-infobox__content-wrap  uagb-infobox-icon-above-title uagb-infobox-image-valign-top\"><div class=\"uagb-ifb-content\"><div class=\"uagb-ifb-title-wrap\"><h2 class=\"uagb-ifb-title\"><strong>F\u00f6rtydliganden och Anm\u00e4lan av Oegentligheter<\/strong><\/h2><\/div><p class=\"uagb-ifb-desc\"><br>Vi kr\u00e4ver strikt efterlevnad av v\u00e5ra etiska principer och uppf\u00f6randestandarder, samt fullst\u00e4ndig efterlevnad av v\u00e5r uppf\u00f6randekod och alla regler som g\u00e4ller f\u00f6r v\u00e5r verksamhet. D\u00e4rf\u00f6r, om n\u00e5gra \u00f6vertr\u00e4delser <strong>sker <\/strong>och\/eller om det <strong>r\u00e5der tveksamhet<\/strong>&nbsp;kring huruvida dessa standarder f\u00f6ljs, uppmuntrar vi dig att anv\u00e4nda det visselbl\u00e5sarf\u00f6rfarande som f\u00f6retaget har <strong>inf\u00f6rt<\/strong>&nbsp;och att l\u00e4mna en rapport via v\u00e5r visselbl\u00e5sarplattform (<a href=\"https:\/\/spiggmab.whistlelink.com\/\" target=\"_blank\" rel=\"noopener\" title=\"\"><strong>Whistleblowing Platform<\/strong><\/a>).<br><br>F\u00f6r eventuella <strong>f\u00f6rtydliganden<\/strong>&nbsp;kring v\u00e5ra etiska principer och uppf\u00f6randestandarder, v\u00e4nligen kontakta v\u00e5rt etik- och efterlevnadsteam p\u00e5 f\u00f6ljande e-postadress:<strong> <a href=\"mailto:ethics@spig-gmab.com\">ethics@spig-gmab.com<\/a><\/strong>.<br><br>Ladda ner v\u00e5r uppf\u00f6randekod:&nbsp;<a href=\"https:\/\/www.spig-gmab.com\/wp-content\/uploads\/2025\/08\/SPIG_Codice_etico_e_di_condotta_aziendale_R04_EN.pdf\" target=\"_blank\" rel=\"noopener\" title=\"\">EN Version<\/a> <br>Ladda ner v\u00e5r uppf\u00f6randekod f\u00f6r leverant\u00f6rer:&nbsp;<a href=\"https:\/\/www.spig-gmab.com\/wp-content\/uploads\/2025\/05\/SPIG_Codice_di_condotta_per_i_fornitori_R04_EN.pdf\" target=\"_blank\" rel=\"noopener\" title=\"\">EN version<\/a> <br>Ladda ner v\u00e5rt visselbl\u00e5sarf\u00f6rfarande: <a href=\"https:\/\/www.spig-gmab.com\/whistleblowing\/whistleblowing-procedure-ENG.pdf\" target=\"_blank\" rel=\"noopener\" title=\"\">EN Version<\/a><br><\/p><\/div><\/div>\n<\/div>\n<\/div><\/div>\n\n\n\n<div class=\"wp-block-uagb-container uagb-block-d8778889 alignfull uagb-is-root-container\"><div class=\"uagb-container-inner-blocks-wrap\">\n<div class=\"wp-block-uagb-container uagb-block-90f775dd\">\n<div class=\"wp-block-uagb-info-box uagb-block-e7496786 uagb-infobox__content-wrap  uagb-infobox-icon-above-title uagb-infobox-image-valign-top\"><div class=\"uagb-ifb-content\"><div class=\"uagb-ifb-title-wrap\"><\/div><\/div><\/div>\n<\/div>\n\n\n\n<div class=\"wp-block-uagb-container uagb-block-dc2bf124\"><\/div>\n<\/div><\/div>\n\n\n\n<div class=\"wp-block-uagb-container uagb-block-4544867c alignfull uagb-is-root-container\"><\/div>\n","protected":false},"excerpt":{"rendered":"","protected":false},"author":1,"featured_media":0,"parent":0,"menu_order":0,"comment_status":"closed","ping_status":"closed","template":"","meta":{"_uag_custom_page_level_css":"","_monsterinsights_skip_tracking":false,"_monsterinsights_sitenote_active":false,"_monsterinsights_sitenote_note":"","_monsterinsights_sitenote_category":0,"site-sidebar-layout":"default","site-content-layout":"","ast-site-content-layout":"","site-content-style":"default","site-sidebar-style":"default","ast-global-header-display":"","ast-banner-title-visibility":"","ast-main-header-display":"","ast-hfb-above-header-display":"","ast-hfb-below-header-display":"","ast-hfb-mobile-header-display":"","site-post-title":"disabled","ast-breadcrumbs-content":"","ast-featured-img":"","footer-sml-layout":"","theme-transparent-header-meta":"","adv-header-id-meta":"","stick-header-meta":"","header-above-stick-meta":"","header-main-stick-meta":"","header-below-stick-meta":"","astra-migrate-meta-layouts":"default","ast-page-background-enabled":"default","ast-page-background-meta":{"desktop":{"background-color":"var(--ast-global-color-4)","background-image":"","background-repeat":"repeat","background-position":"center center","background-size":"auto","background-attachment":"scroll","background-type":"","background-media":"","overlay-type":"","overlay-color":"","overlay-opacity":"","overlay-gradient":""},"tablet":{"background-color":"","background-image":"","background-repeat":"repeat","background-position":"center center","background-size":"auto","background-attachment":"scroll","background-type":"","background-media":"","overlay-type":"","overlay-color":"","overlay-opacity":"","overlay-gradient":""},"mobile":{"background-color":"","background-image":"","background-repeat":"repeat","background-position":"center center","background-size":"auto","background-attachment":"scroll","background-type":"","background-media":"","overlay-type":"","overlay-color":"","overlay-opacity":"","overlay-gradient":""}},"ast-content-background-meta":{"desktop":{"background-color":"var(--ast-global-color-5)","background-image":"","background-repeat":"repeat","background-position":"center center","background-size":"auto","background-attachment":"scroll","background-type":"","background-media":"","overlay-type":"","overlay-color":"","overlay-opacity":"","overlay-gradient":""},"tablet":{"background-color":"var(--ast-global-color-5)","background-image":"","background-repeat":"repeat","background-position":"center center","background-size":"auto","background-attachment":"scroll","background-type":"","background-media":"","overlay-type":"","overlay-color":"","overlay-opacity":"","overlay-gradient":""},"mobile":{"background-color":"var(--ast-global-color-5)","background-image":"","background-repeat":"repeat","background-position":"center center","background-size":"auto","background-attachment":"scroll","background-type":"","background-media":"","overlay-type":"","overlay-color":"","overlay-opacity":"","overlay-gradient":""}},"footnotes":""},"class_list":["post-5935","page","type-page","status-publish","hentry"],"aioseo_notices":[],"uagb_featured_image_src":{"full":false,"thumbnail":false,"medium":false,"medium_large":false,"large":false,"1536x1536":false,"2048x2048":false},"uagb_author_info":{"display_name":"multimedia@studiokey.it","author_link":"https:\/\/www.spig-gmab.com\/sv\/author\/multimediastudiokey-it\/"},"uagb_comment_info":0,"uagb_excerpt":null,"_links":{"self":[{"href":"https:\/\/www.spig-gmab.com\/sv\/wp-json\/wp\/v2\/pages\/5935","targetHints":{"allow":["GET"]}}],"collection":[{"href":"https:\/\/www.spig-gmab.com\/sv\/wp-json\/wp\/v2\/pages"}],"about":[{"href":"https:\/\/www.spig-gmab.com\/sv\/wp-json\/wp\/v2\/types\/page"}],"author":[{"embeddable":true,"href":"https:\/\/www.spig-gmab.com\/sv\/wp-json\/wp\/v2\/users\/1"}],"replies":[{"embeddable":true,"href":"https:\/\/www.spig-gmab.com\/sv\/wp-json\/wp\/v2\/comments?post=5935"}],"version-history":[{"count":9,"href":"https:\/\/www.spig-gmab.com\/sv\/wp-json\/wp\/v2\/pages\/5935\/revisions"}],"predecessor-version":[{"id":9245,"href":"https:\/\/www.spig-gmab.com\/sv\/wp-json\/wp\/v2\/pages\/5935\/revisions\/9245"}],"wp:attachment":[{"href":"https:\/\/www.spig-gmab.com\/sv\/wp-json\/wp\/v2\/media?parent=5935"}],"curies":[{"name":"wp","href":"https:\/\/api.w.org\/{rel}","templated":true}]}}