{"id":5720,"date":"2024-09-26T13:21:28","date_gmt":"2024-09-26T13:21:28","guid":{"rendered":"https:\/\/spig-gmab.com\/adiox-borttagning-av-dioxin\/"},"modified":"2025-05-06T13:45:29","modified_gmt":"2025-05-06T13:45:29","slug":"adiox-borttagning-av-dioxin","status":"publish","type":"page","link":"https:\/\/www.spig-gmab.com\/sv\/adiox-borttagning-av-dioxin\/","title":{"rendered":"ADIOX\u00ae dioxinavskiljning"},"content":{"rendered":"\n<div class=\"wp-block-uagb-container uagb-block-zgbhmcgz alignfull uagb-is-root-container\"><div class=\"uagb-container-inner-blocks-wrap\">\n<div class=\"wp-block-uagb-info-box uagb-block-ew04gv8n uagb-infobox__content-wrap  uagb-infobox-icon-above-title uagb-infobox-image-valign-top\"><div class=\"uagb-ifb-content\"><div class=\"uagb-ifb-title-wrap\"><h1 class=\"uagb-ifb-title\"><strong><strong>ADIOX<sup>\u00ae<\/sup> dioxin<\/strong><\/strong>avskiljning<\/h1><\/div><p class=\"uagb-ifb-desc\">Kan installeras i v\u00e5ta, m\u00e4ttade och torra applikationer<\/p><\/div><\/div>\n<\/div><\/div>\n\n\n\n<div class=\"wp-block-uagb-container uagb-block-4neen65n alignfull uagb-is-root-container\"><div class=\"uagb-container-inner-blocks-wrap\">\n<div class=\"wp-block-uagb-container uagb-block-0435a92b\">\n<div class=\"wp-block-uagb-image alignright uagb-block-krkibjso wp-block-uagb-image--layout-default wp-block-uagb-image--effect-static wp-block-uagb-image--align-right alignleft\"><figure class=\"wp-block-uagb-image__figure\"><img decoding=\"async\" srcset=\"https:\/\/www.spig-gmab.com\/wp-content\/uploads\/2024\/09\/5-crop.jpg ,https:\/\/www.spig-gmab.com\/wp-content\/uploads\/2024\/09\/5-crop.jpg 780w, https:\/\/www.spig-gmab.com\/wp-content\/uploads\/2024\/09\/5-crop.jpg 360w\" sizes=\"auto, (max-width: 480px) 150px\" src=\"https:\/\/www.spig-gmab.com\/wp-content\/uploads\/2024\/09\/5-crop.jpg\" alt=\"\" class=\"uag-image-1705\" width=\"350\" height=\"423\" title=\"5-crop\" loading=\"lazy\" role=\"img\"\/><\/figure><\/div>\n<\/div>\n\n\n\n<div class=\"wp-block-uagb-container uagb-block-slvpzmfu\">\n<div class=\"wp-block-uagb-info-box uagb-block-sfoqfciu uagb-infobox__content-wrap  uagb-infobox-icon-above-title uagb-infobox-image-valign-top\"><div class=\"uagb-ifb-content\"><div class=\"uagb-ifb-title-wrap\"><h2 class=\"uagb-ifb-title\">Dioxinavskiljning med <strong><strong>ADIOX<sup>\u00ae<\/sup><\/strong><\/strong><\/h2><\/div><p class=\"uagb-ifb-desc\">GMAB\u2122 har utvecklat ett antal unika tekniker som kan installeras i befintliga anl\u00e4ggningar och integreras i v\u00e5ra totala paketl\u00f6sningar.<br><br>ADIOX\u00ae dioxinavskiljningsprocessen utnyttjar den starka affinitet som dioxiner har f\u00f6r kol. Genom att integrera sm\u00e5 kolpartiklar i polypropylenplast (PP) skapar vi ett mycket effektivt material f\u00f6r dioxinavskiljning. Detta innovativa tillv\u00e4gag\u00e5ngss\u00e4tt utnyttjar kolets adsorptionsegenskaper och s\u00e4kerst\u00e4ller att kolpartiklarna i PP-plasterna effektivt f\u00e5ngar upp dioxinerna. Denna metod f\u00f6rb\u00e4ttrar inte bara materialets effektivitet utan bidrar ocks\u00e5 till ett renare ekosystem.   <br><br>Dioxinmolekylerna i r\u00f6kgasen absorberas f\u00f6rst av polypropylenmaterialet (PP). D\u00e4rifr\u00e5n migrerar den till en kolpartikel d\u00e4r den adsorberas, vilket inneb\u00e4r att den f\u00e4ster p\u00e5 kolets yta. PP-materialet fungerar som ett selektivt membran och har en preferens f\u00f6r att f\u00e5nga upp dioxiner och dioxinlika molekyler. N\u00e4r ADIOX-materialet har n\u00e5tt slutet av sin livsl\u00e4ngd f\u00f6rbr\u00e4nns det. Under denna process f\u00f6rst\u00f6rs dioxinerna, vilket effektivt tar bort dem fr\u00e5n den ekocykeln och s\u00e4kerst\u00e4ller att de inte kommer ut i milj\u00f6n igen.    <br><br>Fyllkroppar, mellanbottnar och droppavskiljare, tillverkade av ADIOX-material, kan installeras i v\u00e5ta, m\u00e4ttade och torra applikationer.<br><br>Discover more in our ADIOX brochure &#8211; <a href=\"https:\/\/www.spig-gmab.com\/wp-content\/uploads\/2025\/05\/GMAB_002_ADIOX_Dioxin_Removal.pdf\" target=\"_blank\" rel=\"noopener\" title=\"\">download now<\/a><\/p><\/div><\/div>\n\n\n\n<figure class=\"wp-block-video\"><video controls src=\"https:\/\/www.spig-gmab.com\/wp-content\/uploads\/2025\/04\/intervista_gmab_sven_clip-1_v4.1-720p.mp4\"><\/video><\/figure>\n<\/div>\n<\/div><\/div>\n\n\n\n<div class=\"wp-block-uagb-container uagb-block-67imbnbc alignfull uagb-is-root-container\"><div class=\"uagb-container-inner-blocks-wrap\">\n<div class=\"wp-block-uagb-info-box uagb-block-akrifalx uagb-infobox__content-wrap  uagb-infobox-icon-above-title uagb-infobox-image-valign-top wp-block-uagb-info-box--has-margin\"><div class=\"uagb-infobox-margin-wrapper\"><div class=\"uagb-ifb-content\"><div class=\"uagb-ifb-title-wrap\"><h2 class=\"uagb-ifb-title\">Uppn\u00e5 dina m\u00e5l nu<\/h2><\/div><p class=\"uagb-ifb-desc\">Kontakta oss redan idag &#8211; vi finns h\u00e4r f\u00f6r att hj\u00e4lpa dig med alla fr\u00e5gor och allt st\u00f6d du beh\u00f6ver!<\/p><\/div><\/div><\/div>\n\n\n\n<div class=\"wp-block-uagb-buttons uagb-buttons__outer-wrap uagb-btn__default-btn uagb-btn-tablet__default-btn uagb-btn-mobile__default-btn uagb-block-yuzskiwf\"><div class=\"uagb-buttons__wrap uagb-buttons-layout-wrap \">\n<div class=\"wp-block-uagb-buttons-child uagb-buttons__outer-wrap uagb-block-6m96fron wp-block-button\"><div class=\"uagb-button__wrapper\"><a class=\"uagb-buttons-repeater wp-block-button__link\" aria-label=\"\" href=\"https:\/\/www.spig-gmab.com\/contact\/\" rel=\"follow noopener\" target=\"_self\" role=\"button\"><div class=\"uagb-button__link\">Kontakta oss&#8230;<\/div><\/a><\/div><\/div>\n<\/div><\/div>\n<\/div><\/div>\n","protected":false},"excerpt":{"rendered":"","protected":false},"author":1,"featured_media":0,"parent":0,"menu_order":0,"comment_status":"closed","ping_status":"closed","template":"","meta":{"_uag_custom_page_level_css":"","_monsterinsights_skip_tracking":false,"_monsterinsights_sitenote_active":false,"_monsterinsights_sitenote_note":"","_monsterinsights_sitenote_category":0,"site-sidebar-layout":"default","site-content-layout":"","ast-site-content-layout":"","site-content-style":"default","site-sidebar-style":"default","ast-global-header-display":"","ast-banner-title-visibility":"","ast-main-header-display":"","ast-hfb-above-header-display":"","ast-hfb-below-header-display":"","ast-hfb-mobile-header-display":"","site-post-title":"disabled","ast-breadcrumbs-content":"","ast-featured-img":"","footer-sml-layout":"","ast-disable-related-posts":"","theme-transparent-header-meta":"","adv-header-id-meta":"","stick-header-meta":"","header-above-stick-meta":"","header-main-stick-meta":"","header-below-stick-meta":"","astra-migrate-meta-layouts":"default","ast-page-background-enabled":"default","ast-page-background-meta":{"desktop":{"background-color":"var(--ast-global-color-4)","background-image":"","background-repeat":"repeat","background-position":"center center","background-size":"auto","background-attachment":"scroll","background-type":"","background-media":"","overlay-type":"","overlay-color":"","overlay-opacity":"","overlay-gradient":""},"tablet":{"background-color":"","background-image":"","background-repeat":"repeat","background-position":"center center","background-size":"auto","background-attachment":"scroll","background-type":"","background-media":"","overlay-type":"","overlay-color":"","overlay-opacity":"","overlay-gradient":""},"mobile":{"background-color":"","background-image":"","background-repeat":"repeat","background-position":"center center","background-size":"auto","background-attachment":"scroll","background-type":"","background-media":"","overlay-type":"","overlay-color":"","overlay-opacity":"","overlay-gradient":""}},"ast-content-background-meta":{"desktop":{"background-color":"var(--ast-global-color-5)","background-image":"","background-repeat":"repeat","background-position":"center center","background-size":"auto","background-attachment":"scroll","background-type":"","background-media":"","overlay-type":"","overlay-color":"","overlay-opacity":"","overlay-gradient":""},"tablet":{"background-color":"var(--ast-global-color-5)","background-image":"","background-repeat":"repeat","background-position":"center center","background-size":"auto","background-attachment":"scroll","background-type":"","background-media":"","overlay-type":"","overlay-color":"","overlay-opacity":"","overlay-gradient":""},"mobile":{"background-color":"var(--ast-global-color-5)","background-image":"","background-repeat":"repeat","background-position":"center center","background-size":"auto","background-attachment":"scroll","background-type":"","background-media":"","overlay-type":"","overlay-color":"","overlay-opacity":"","overlay-gradient":""}},"footnotes":""},"class_list":["post-5720","page","type-page","status-publish","hentry"],"aioseo_notices":[],"uagb_featured_image_src":{"full":false,"thumbnail":false,"medium":false,"medium_large":false,"large":false,"1536x1536":false,"2048x2048":false},"uagb_author_info":{"display_name":"multimedia@studiokey.it","author_link":"https:\/\/www.spig-gmab.com\/sv\/author\/multimediastudiokey-it\/"},"uagb_comment_info":0,"uagb_excerpt":null,"_links":{"self":[{"href":"https:\/\/www.spig-gmab.com\/sv\/wp-json\/wp\/v2\/pages\/5720","targetHints":{"allow":["GET"]}}],"collection":[{"href":"https:\/\/www.spig-gmab.com\/sv\/wp-json\/wp\/v2\/pages"}],"about":[{"href":"https:\/\/www.spig-gmab.com\/sv\/wp-json\/wp\/v2\/types\/page"}],"author":[{"embeddable":true,"href":"https:\/\/www.spig-gmab.com\/sv\/wp-json\/wp\/v2\/users\/1"}],"replies":[{"embeddable":true,"href":"https:\/\/www.spig-gmab.com\/sv\/wp-json\/wp\/v2\/comments?post=5720"}],"version-history":[{"count":6,"href":"https:\/\/www.spig-gmab.com\/sv\/wp-json\/wp\/v2\/pages\/5720\/revisions"}],"predecessor-version":[{"id":8590,"href":"https:\/\/www.spig-gmab.com\/sv\/wp-json\/wp\/v2\/pages\/5720\/revisions\/8590"}],"wp:attachment":[{"href":"https:\/\/www.spig-gmab.com\/sv\/wp-json\/wp\/v2\/media?parent=5720"}],"curies":[{"name":"wp","href":"https:\/\/api.w.org\/{rel}","templated":true}]}}