{"id":5717,"date":"2024-09-26T13:25:30","date_gmt":"2024-09-26T13:25:30","guid":{"rendered":"https:\/\/spig-gmab.com\/varmeatervinning\/"},"modified":"2025-09-30T09:07:50","modified_gmt":"2025-09-30T09:07:50","slug":"varmeatervinning","status":"publish","type":"page","link":"https:\/\/www.spig-gmab.com\/sv\/varmeatervinning\/","title":{"rendered":"V\u00e4rme\u00e5tervinning"},"content":{"rendered":"\n<div class=\"wp-block-uagb-container uagb-block-zgbhmcgz alignfull uagb-is-root-container\"><div class=\"uagb-container-inner-blocks-wrap\">\n<div class=\"wp-block-uagb-info-box uagb-block-ew04gv8n uagb-infobox__content-wrap  uagb-infobox-icon-above-title uagb-infobox-image-valign-top\"><div class=\"uagb-ifb-content\"><div class=\"uagb-ifb-title-wrap\"><h1 class=\"uagb-ifb-title\"><strong><strong>V\u00e4rme\u00e5tervinning<\/strong><\/strong> och r\u00f6kgaskondensering<\/h1><\/div><p class=\"uagb-ifb-desc\">Vi har tagit energi\u00e5tervinningen ett steg l\u00e4ngre<\/p><\/div><\/div>\n<\/div><\/div>\n\n\n\n<div class=\"wp-block-uagb-container uagb-block-4neen65n alignfull uagb-is-root-container\"><div class=\"uagb-container-inner-blocks-wrap\">\n<div class=\"wp-block-uagb-image alignleft uagb-block-krkibjso wp-block-uagb-image--layout-default wp-block-uagb-image--effect-static wp-block-uagb-image--align-left\"><figure class=\"wp-block-uagb-image__figure\"><img decoding=\"async\" srcset=\"https:\/\/www.spig-gmab.com\/wp-content\/uploads\/2024\/09\/4.png ,https:\/\/www.spig-gmab.com\/wp-content\/uploads\/2024\/09\/4.png 780w, https:\/\/www.spig-gmab.com\/wp-content\/uploads\/2024\/09\/4.png 360w\" sizes=\"auto, (max-width: 480px) 150px\" src=\"https:\/\/www.spig-gmab.com\/wp-content\/uploads\/2024\/09\/4.png\" alt=\"\" class=\"uag-image-1728\" width=\"600\" height=\"317\" title=\"4\" loading=\"lazy\" role=\"img\"\/><figcaption class=\"uagb-image-caption\">Figure by Holmberg<\/figcaption><\/figure><\/div>\n\n\n\n<div class=\"wp-block-uagb-container uagb-block-slvpzmfu\">\n<div class=\"wp-block-uagb-info-box uagb-block-sfoqfciu uagb-infobox__content-wrap  uagb-infobox-icon-above-title uagb-infobox-image-valign-top\"><div class=\"uagb-ifb-content\"><div class=\"uagb-ifb-title-wrap\"><h2 class=\"uagb-ifb-title\"><strong><strong>V\u00e4rme\u00e5tervinning<\/strong><\/strong><\/h2><\/div><p class=\"uagb-ifb-desc\">Avfallskraftv\u00e4rmeverk \u00e4r tekniska underverk med avancerade pannsystem som omvandlar en betydande del av energin i r\u00f6kgaserna till \u00e5nga. Denna \u00e5nga utnyttjas sedan f\u00f6r att generera elektricitet genom turbingeneratorer. Dessutom producerar \u00e5ngan v\u00e4rme i turbinernas kondensorer, som sedan kanaliseras till ett fj\u00e4rrv\u00e4rmesystem och ger v\u00e4rme till det omgivande samh\u00e4llet. Den h\u00e4r effektiva processen genererar inte bara el utan s\u00e4kerst\u00e4ller ocks\u00e5 att den producerade v\u00e4rmen anv\u00e4nds p\u00e5 r\u00e4tt s\u00e4tt, vilket g\u00f6r dessa anl\u00e4ggningar till en h\u00f6rnsten i h\u00e5llbara energil\u00f6sningar   <\/p><\/div><\/div>\n<\/div>\n<\/div><\/div>\n\n\n\n<div class=\"wp-block-uagb-container uagb-block-8b123ae3 alignfull uagb-is-root-container\"><div class=\"uagb-container-inner-blocks-wrap\">\n<div class=\"wp-block-uagb-container uagb-block-43532781\">\n<div class=\"wp-block-uagb-advanced-heading uagb-block-e1b3295e\"><h3 class=\"uagb-heading-text\"><strong><strong><strong>R\u00f6kgaskondensering<\/strong><\/strong><\/strong><\/h3><\/div>\n\n\n\n<p>Vi har tagit energi\u00e5tervinningen ett steg l\u00e4ngre. Genom att kyla r\u00f6kgasen till under dess daggpunkt kan man \u00e5tervinna stora m\u00e4ngder latent v\u00e4rme. Om r\u00f6kgastemperaturen efter pannan \u00e4r ca 150\u00baC kan man med hj\u00e4lp av r\u00f6kgaskondensering \u00f6ka den \u00e5tervunna v\u00e4rmen med upp till 20%.<\/p>\n\n\n\n<p>Kondenseringen kan ske antingen som en direkt v\u00e4rmev\u00e4xling mellan gas och fj\u00e4rrv\u00e4rmevatten, i vissa fall med hj\u00e4lp av en mellanliggande kylvattenkrets, och\/eller med hj\u00e4lp av en mellanliggande v\u00e4rmepump. F\u00f6r optimal energieffektivitet anv\u00e4nds en kombination av dessa metoder. <\/p>\n\n\n\n<p>R\u00f6kgaskondenseringen kan kombineras med ADIOX\u00ae fyllkroppar i skrubberstegen f\u00f6r dioxinavskiljning och f\u00f6rebyggande av dioxinminneseffekten.<\/p>\n<\/div>\n\n\n\n<div class=\"wp-block-uagb-image uagb-block-1a4c0290 wp-block-uagb-image--layout-default wp-block-uagb-image--effect-static wp-block-uagb-image--align-none\"><figure class=\"wp-block-uagb-image__figure\"><img decoding=\"async\" srcset=\"https:\/\/www.spig-gmab.com\/wp-content\/uploads\/2024\/09\/2.jpg ,https:\/\/www.spig-gmab.com\/wp-content\/uploads\/2024\/09\/2.jpg 780w, https:\/\/www.spig-gmab.com\/wp-content\/uploads\/2024\/09\/2.jpg 360w\" sizes=\"auto, (max-width: 480px) 150px\" src=\"https:\/\/www.spig-gmab.com\/wp-content\/uploads\/2024\/09\/2.jpg\" alt=\"\" class=\"uag-image-1525\" width=\"667\" height=\"853\" title=\"2\" loading=\"lazy\" role=\"img\"\/><\/figure><\/div>\n<\/div><\/div>\n\n\n\n<div class=\"wp-block-uagb-container uagb-block-0ae58dde alignwide uagb-is-root-container\">\n<div class=\"wp-block-uagb-image uagb-block-c3906ee9 wp-block-uagb-image--layout-default wp-block-uagb-image--effect-static wp-block-uagb-image--align-none\"><figure class=\"wp-block-uagb-image__figure\"><img decoding=\"async\" srcset=\"https:\/\/www.spig-gmab.com\/wp-content\/uploads\/2024\/09\/1.jpg ,https:\/\/www.spig-gmab.com\/wp-content\/uploads\/2024\/09\/1.jpg 780w, https:\/\/www.spig-gmab.com\/wp-content\/uploads\/2024\/09\/1.jpg 360w\" sizes=\"auto, (max-width: 480px) 150px\" src=\"https:\/\/www.spig-gmab.com\/wp-content\/uploads\/2024\/09\/1.jpg\" alt=\"\" class=\"uag-image-1534\" width=\"573\" height=\"677\" title=\"1\" loading=\"lazy\" role=\"img\"\/><\/figure><\/div>\n\n\n\n<div class=\"wp-block-uagb-container uagb-block-7505c614\">\n<div class=\"wp-block-uagb-advanced-heading uagb-block-86598799\"><h3 class=\"uagb-heading-text\"><strong><strong><strong><strong>Absorptionsteknik<\/strong><\/strong><\/strong><\/strong><\/h3><\/div>\n\n\n\n<p>Vi levererar absorptionsv\u00e4rmepumpar f\u00f6r f\u00f6rb\u00e4ttrad energi\u00e5tervinning (enligt beskrivningen ovan) och absorptionskylmaskiner f\u00f6r att producera l\u00f6nsam komfortkyla p\u00e5 sommaren. Kylaggregaten placeras lokalt i fastigheter eller centralt i ett fj\u00e4rrkylsystem och anv\u00e4nder \u00f6verskottsv\u00e4rme fr\u00e5n fj\u00e4rrv\u00e4rmen\u00e4tet som energik\u00e4lla. Installationen kr\u00e4ver mycket lite underh\u00e5ll. F\u00f6rutom de ekonomiska vinsterna \u00e4r tekniken milj\u00f6v\u00e4nlig och bidrar till att minska CO<sub>2<\/sub>-utsl\u00e4ppen<\/p>\n<\/div>\n<\/div>\n\n\n\n<div class=\"wp-block-uagb-container uagb-block-bba50a79 alignfull uagb-is-root-container\"><div class=\"uagb-container-inner-blocks-wrap\">\n<div class=\"wp-block-uagb-container uagb-block-dfd75a0c\">\n<div class=\"wp-block-uagb-advanced-heading uagb-block-c99fff62\"><h3 class=\"uagb-heading-text\"><strong><strong><strong><strong>Vattenrening<\/strong><\/strong><\/strong><\/strong><\/h3><\/div>\n\n\n\n<p>V\u00e5r totala systemkompetens omfattar konstruktion och leverans av teknik f\u00f6r att behandla avloppsvatten fr\u00e5n skrubbrar f\u00f6r att minimera och eventuellt eliminera utsl\u00e4pp av skadliga \u00e4mnen till milj\u00f6n. Vi kan \u00e4ven erbjuda l\u00f6sningar f\u00f6r uppgradering av kondensatet fr\u00e5n v\u00e5ra r\u00f6kgasreningsanl\u00e4ggningar till interna f\u00f6rbrukare, som exempelvis fj\u00e4rrv\u00e4rmevatten och makeupvatten till \u00e5ngpannan.<\/p>\n<\/div>\n\n\n\n<div class=\"wp-block-uagb-image uagb-block-6c2c2328 wp-block-uagb-image--layout-default wp-block-uagb-image--effect-static wp-block-uagb-image--align-none\"><figure class=\"wp-block-uagb-image__figure\"><img decoding=\"async\" srcset=\"https:\/\/www.spig-gmab.com\/wp-content\/uploads\/2024\/09\/7.jpg ,https:\/\/www.spig-gmab.com\/wp-content\/uploads\/2024\/09\/7.jpg 780w, https:\/\/www.spig-gmab.com\/wp-content\/uploads\/2024\/09\/7.jpg 360w\" sizes=\"auto, (max-width: 480px) 150px\" src=\"https:\/\/www.spig-gmab.com\/wp-content\/uploads\/2024\/09\/7.jpg\" alt=\"\" class=\"uag-image-1738\" width=\"566\" height=\"425\" title=\"7\" loading=\"lazy\" role=\"img\"\/><\/figure><\/div>\n<\/div><\/div>\n\n\n\n<div class=\"wp-block-uagb-container uagb-block-67imbnbc alignfull uagb-is-root-container\"><div class=\"uagb-container-inner-blocks-wrap\">\n<div class=\"wp-block-uagb-info-box uagb-block-akrifalx uagb-infobox__content-wrap  uagb-infobox-icon-above-title uagb-infobox-image-valign-top wp-block-uagb-info-box--has-margin\"><div class=\"uagb-infobox-margin-wrapper\"><div class=\"uagb-ifb-content\"><div class=\"uagb-ifb-title-wrap\"><h2 class=\"uagb-ifb-title\">Uppn\u00e5 dina m\u00e5l nu<\/h2><\/div><p class=\"uagb-ifb-desc\">Kontakta oss redan idag &#8211; vi finns h\u00e4r f\u00f6r att hj\u00e4lpa dig med alla fr\u00e5gor och allt st\u00f6d du beh\u00f6ver!<\/p><\/div><\/div><\/div>\n\n\n\n<div class=\"wp-block-uagb-buttons uagb-buttons__outer-wrap uagb-btn__default-btn uagb-btn-tablet__default-btn uagb-btn-mobile__default-btn uagb-block-yuzskiwf\"><div class=\"uagb-buttons__wrap uagb-buttons-layout-wrap \">\n<div class=\"wp-block-uagb-buttons-child uagb-buttons__outer-wrap uagb-block-6m96fron wp-block-button\"><div class=\"uagb-button__wrapper\"><a class=\"uagb-buttons-repeater wp-block-button__link\" aria-label=\"\" href=\"https:\/\/www.spig-gmab.com\/contact\/\" rel=\"follow noopener\" target=\"_self\" role=\"button\"><div class=\"uagb-button__link\">Kontakta oss&#8230;<\/div><\/a><\/div><\/div>\n<\/div><\/div>\n<\/div><\/div>\n","protected":false},"excerpt":{"rendered":"<p>R\u00f6kgaskondensering Vi har tagit energi\u00e5tervinningen ett steg l\u00e4ngre. Genom att kyla r\u00f6kgasen till under dess daggpunkt kan man \u00e5tervinna stora [&hellip;]<\/p>\n","protected":false},"author":1,"featured_media":0,"parent":0,"menu_order":0,"comment_status":"closed","ping_status":"closed","template":"","meta":{"_uag_custom_page_level_css":"","_monsterinsights_skip_tracking":false,"_monsterinsights_sitenote_active":false,"_monsterinsights_sitenote_note":"","_monsterinsights_sitenote_category":0,"site-sidebar-layout":"default","site-content-layout":"","ast-site-content-layout":"","site-content-style":"default","site-sidebar-style":"default","ast-global-header-display":"","ast-banner-title-visibility":"","ast-main-header-display":"","ast-hfb-above-header-display":"","ast-hfb-below-header-display":"","ast-hfb-mobile-header-display":"","site-post-title":"disabled","ast-breadcrumbs-content":"","ast-featured-img":"","footer-sml-layout":"","theme-transparent-header-meta":"","adv-header-id-meta":"","stick-header-meta":"","header-above-stick-meta":"","header-main-stick-meta":"","header-below-stick-meta":"","astra-migrate-meta-layouts":"default","ast-page-background-enabled":"default","ast-page-background-meta":{"desktop":{"background-color":"var(--ast-global-color-4)","background-image":"","background-repeat":"repeat","background-position":"center center","background-size":"auto","background-attachment":"scroll","background-type":"","background-media":"","overlay-type":"","overlay-color":"","overlay-opacity":"","overlay-gradient":""},"tablet":{"background-color":"","background-image":"","background-repeat":"repeat","background-position":"center center","background-size":"auto","background-attachment":"scroll","background-type":"","background-media":"","overlay-type":"","overlay-color":"","overlay-opacity":"","overlay-gradient":""},"mobile":{"background-color":"","background-image":"","background-repeat":"repeat","background-position":"center center","background-size":"auto","background-attachment":"scroll","background-type":"","background-media":"","overlay-type":"","overlay-color":"","overlay-opacity":"","overlay-gradient":""}},"ast-content-background-meta":{"desktop":{"background-color":"var(--ast-global-color-5)","background-image":"","background-repeat":"repeat","background-position":"center center","background-size":"auto","background-attachment":"scroll","background-type":"","background-media":"","overlay-type":"","overlay-color":"","overlay-opacity":"","overlay-gradient":""},"tablet":{"background-color":"var(--ast-global-color-5)","background-image":"","background-repeat":"repeat","background-position":"center center","background-size":"auto","background-attachment":"scroll","background-type":"","background-media":"","overlay-type":"","overlay-color":"","overlay-opacity":"","overlay-gradient":""},"mobile":{"background-color":"var(--ast-global-color-5)","background-image":"","background-repeat":"repeat","background-position":"center center","background-size":"auto","background-attachment":"scroll","background-type":"","background-media":"","overlay-type":"","overlay-color":"","overlay-opacity":"","overlay-gradient":""}},"footnotes":""},"class_list":["post-5717","page","type-page","status-publish","hentry"],"aioseo_notices":[],"uagb_featured_image_src":{"full":false,"thumbnail":false,"medium":false,"medium_large":false,"large":false,"1536x1536":false,"2048x2048":false},"uagb_author_info":{"display_name":"multimedia@studiokey.it","author_link":"https:\/\/www.spig-gmab.com\/sv\/author\/multimediastudiokey-it\/"},"uagb_comment_info":0,"uagb_excerpt":"R\u00f6kgaskondensering Vi har tagit energi\u00e5tervinningen ett steg l\u00e4ngre. Genom att kyla r\u00f6kgasen till under dess daggpunkt kan man \u00e5tervinna stora [&hellip;]","_links":{"self":[{"href":"https:\/\/www.spig-gmab.com\/sv\/wp-json\/wp\/v2\/pages\/5717","targetHints":{"allow":["GET"]}}],"collection":[{"href":"https:\/\/www.spig-gmab.com\/sv\/wp-json\/wp\/v2\/pages"}],"about":[{"href":"https:\/\/www.spig-gmab.com\/sv\/wp-json\/wp\/v2\/types\/page"}],"author":[{"embeddable":true,"href":"https:\/\/www.spig-gmab.com\/sv\/wp-json\/wp\/v2\/users\/1"}],"replies":[{"embeddable":true,"href":"https:\/\/www.spig-gmab.com\/sv\/wp-json\/wp\/v2\/comments?post=5717"}],"version-history":[{"count":4,"href":"https:\/\/www.spig-gmab.com\/sv\/wp-json\/wp\/v2\/pages\/5717\/revisions"}],"predecessor-version":[{"id":9151,"href":"https:\/\/www.spig-gmab.com\/sv\/wp-json\/wp\/v2\/pages\/5717\/revisions\/9151"}],"wp:attachment":[{"href":"https:\/\/www.spig-gmab.com\/sv\/wp-json\/wp\/v2\/media?parent=5717"}],"curies":[{"name":"wp","href":"https:\/\/api.w.org\/{rel}","templated":true}]}}