{"id":7457,"date":"2024-09-26T13:27:23","date_gmt":"2024-09-26T13:27:23","guid":{"rendered":"https:\/\/www.spig-gmab.com\/lavador-de-polimento\/"},"modified":"2025-09-30T09:26:00","modified_gmt":"2025-09-30T09:26:00","slug":"lavador-de-polimento","status":"publish","type":"page","link":"https:\/\/www.spig-gmab.com\/pt-br\/lavador-de-polimento\/","title":{"rendered":"Polishing Scrubbers (Depuradores \u00famidos)"},"content":{"rendered":"\n<div class=\"wp-block-uagb-container uagb-block-zgbhmcgz alignfull uagb-is-root-container\"><div class=\"uagb-container-inner-blocks-wrap\">\n<div class=\"wp-block-uagb-info-box uagb-block-ew04gv8n uagb-infobox__content-wrap  uagb-infobox-icon-above-title uagb-infobox-image-valign-top\"><div class=\"uagb-ifb-content\"><div class=\"uagb-ifb-title-wrap\"><h1 class=\"uagb-ifb-title\"><strong><strong><em>Polishing Scrubbers<\/em><\/strong><\/strong> (Depuradores \u00famidos)<\/h1><\/div><p class=\"uagb-ifb-desc\">Solu\u00e7\u00f5es avan\u00e7adas de depuradores<\/p><\/div><\/div>\n<\/div><\/div>\n\n\n\n<div class=\"wp-block-uagb-container uagb-block-4neen65n alignfull uagb-is-root-container\"><div class=\"uagb-container-inner-blocks-wrap\">\n<div class=\"wp-block-uagb-container uagb-block-bd2c476f\">\n<div class=\"wp-block-uagb-image alignright uagb-block-krkibjso wp-block-uagb-image--layout-default wp-block-uagb-image--effect-static wp-block-uagb-image--align-right alignleft\"><figure class=\"wp-block-uagb-image__figure\"><img decoding=\"async\" srcset=\"https:\/\/www.spig-gmab.com\/wp-content\/uploads\/2024\/09\/6-680x1024.jpg ,https:\/\/www.spig-gmab.com\/wp-content\/uploads\/2024\/09\/6.jpg 780w, https:\/\/www.spig-gmab.com\/wp-content\/uploads\/2024\/09\/6.jpg 360w\" sizes=\"auto, (max-width: 480px) 150px\" src=\"https:\/\/www.spig-gmab.com\/wp-content\/uploads\/2024\/09\/6-680x1024.jpg\" alt=\"\" class=\"uag-image-1529\" width=\"394\" height=\"593\" title=\"6\" loading=\"lazy\" role=\"img\"\/><\/figure><\/div>\n<\/div>\n\n\n\n<div class=\"wp-block-uagb-container uagb-block-slvpzmfu\">\n<div class=\"wp-block-uagb-info-box uagb-block-sfoqfciu uagb-infobox__content-wrap  uagb-infobox-icon-above-title uagb-infobox-image-valign-top\"><div class=\"uagb-ifb-content\"><div class=\"uagb-ifb-title-wrap\"><h2 class=\"uagb-ifb-title\"><strong><strong><strong><em>Polishing Scrubbers<\/em><\/strong><\/strong><\/strong><br>(Depuradores \u00famidos)<\/h2><\/div><p class=\"uagb-ifb-desc\">Somos especializados na depura\u00e7\u00e3o \u00famida de gases de combust\u00e3o combinada com tecnologias avan\u00e7adas de tratamento de \u00e1gua. Nossos sistemas de depuradores \u00famidos proporcionam um tratamento confi\u00e1vel e eficiente de gases de combust\u00e3o, adaptados para atender aos rigorosos padr\u00f5es ambientais. <br><br>Nossos sistemas de depura\u00e7\u00e3o oferecem controle confi\u00e1vel de emiss\u00f5es, garantindo a remo\u00e7\u00e3o consistente e eficaz de poluentes dos gases de combust\u00e3o. Eles s\u00e3o projetados para opera\u00e7\u00e3o cont\u00ednua com alta disponibilidade, permitindo um desempenho ininterrupto. Com excepcional capacidade de reserva, eles se adaptam facilmente para lidar com varia\u00e7\u00f5es de pico no fluxo de g\u00e1s, garantindo uma opera\u00e7\u00e3o regular e eficiente, mesmo sob condi\u00e7\u00f5es vari\u00e1veis.  <br><br>Al\u00e9m disso, nossos sistemas minimizam o consumo de produtos qu\u00edmicos e geram muito pouco res\u00edduo, o que os torna uma op\u00e7\u00e3o ecologicamente correta para o tratamento de gases de combust\u00e3o. Eles tamb\u00e9m s\u00e3o perfeitos para a integra\u00e7\u00e3o com a condensa\u00e7\u00e3o de g\u00e1s de combust\u00e3o, permitindo uma melhor recupera\u00e7\u00e3o de energia e maior efici\u00eancia geral do sistema. <br><br>Nossos sistemas de depura\u00e7\u00e3o foram instalados com sucesso em toda a Europa, conseguindo excelentes resultados tanto no controle de emiss\u00f5es quanto na recupera\u00e7\u00e3o de energia.<\/p><\/div><\/div>\n<\/div>\n<\/div><\/div>\n\n\n\n<div class=\"wp-block-uagb-container uagb-block-8b123ae3 alignwide uagb-is-root-container\">\n<div class=\"wp-block-uagb-container uagb-block-43532781\">\n<div class=\"wp-block-uagb-advanced-heading uagb-block-e1b3295e\"><h3 class=\"uagb-heading-text\"><strong><strong><strong>Obtenha conformidade ambiental superior com nossos avan\u00e7ados sistemas de depura\u00e7\u00e3o \u00famida.<br><\/strong><\/strong><\/strong><\/h3><\/div>\n\n\n\n<p>Nossos vers\u00e1teis depuradores \u00famidos de est\u00e1gio \u00fanico ou de m\u00faltiplos est\u00e1gios s\u00e3o projetados para atingir emiss\u00f5es ultrabaixas, mesmo em plantas que foram originalmente constru\u00eddas para atender a padr\u00f5es de emiss\u00e3o mais velhos e menos rigorosos.<br><br>Ao incorporar a recupera\u00e7\u00e3o de energia no depurador \u00famido, podemos resfriar o g\u00e1s por meio da condensa\u00e7\u00e3o do g\u00e1s de combust\u00e3o. Esse processo n\u00e3o apenas reduz ainda mais as emiss\u00f5es, mas tamb\u00e9m aumenta a produ\u00e7\u00e3o de calor distrital e gera um condensado relativamente limpo. Esse condensado pode ser utilizado para v\u00e1rias aplica\u00e7\u00f5es, como \u00e1gua de reposi\u00e7\u00e3o da caldeira. <br><br>A combina\u00e7\u00e3o de baixas temperaturas operacionais e emiss\u00f5es extremamente baixas torna esses depuradores ideais para a integra\u00e7\u00e3o da tecnologia de captura de carbono a jusante. Como resultado, a instala\u00e7\u00e3o de um depurador \u00famido GMAB\u2122 n\u00e3o apenas melhora o desempenho atual, mas tamb\u00e9m garante que a planta esteja preparada para futuras regulamenta\u00e7\u00f5es ambientais e avan\u00e7os tecnol\u00f3gicos. <br><br>GMAB\u2122 oferece depuradores de tratamento de g\u00e1s padronizados com base em nossas diferentes tecnologias de tratamento de g\u00e1s, incluindo remo\u00e7\u00e3o de \u00e1cidos, condensa\u00e7\u00e3o de g\u00e1s, remo\u00e7\u00e3o de dioxinas ADIOX. As unidades s\u00e3o compactas e projetadas para um trabalho m\u00ednimo de montagem no local.<\/p>\n<\/div>\n\n\n\n<div class=\"wp-block-uagb-image uagb-block-1a4c0290 wp-block-uagb-image--layout-default wp-block-uagb-image--effect-static wp-block-uagb-image--align-none\"><figure class=\"wp-block-uagb-image__figure\"><img decoding=\"async\" srcset=\"https:\/\/www.spig-gmab.com\/wp-content\/uploads\/2024\/09\/18672012F-Holstebro-flowsheet-drop-shadow-676x1024.jpg ,https:\/\/www.spig-gmab.com\/wp-content\/uploads\/2024\/09\/18672012F-Holstebro-flowsheet-drop-shadow.jpg 780w, https:\/\/www.spig-gmab.com\/wp-content\/uploads\/2024\/09\/18672012F-Holstebro-flowsheet-drop-shadow.jpg 360w\" sizes=\"auto, (max-width: 480px) 150px\" src=\"https:\/\/www.spig-gmab.com\/wp-content\/uploads\/2024\/09\/18672012F-Holstebro-flowsheet-drop-shadow-676x1024.jpg\" alt=\"\" class=\"uag-image-1530\" width=\"538\" height=\"815\" title=\"P:ORDER1867 M\u00e5bjergvaerketTEKNIKDokument2 ProcessschemorP\" loading=\"lazy\" role=\"img\"\/><\/figure><\/div>\n<\/div>\n\n\n\n<div class=\"wp-block-uagb-container uagb-block-67imbnbc alignfull uagb-is-root-container\"><div class=\"uagb-container-inner-blocks-wrap\">\n<div class=\"wp-block-uagb-info-box uagb-block-akrifalx uagb-infobox__content-wrap  uagb-infobox-icon-above-title uagb-infobox-image-valign-top wp-block-uagb-info-box--has-margin\"><div class=\"uagb-infobox-margin-wrapper\"><div class=\"uagb-ifb-content\"><div class=\"uagb-ifb-title-wrap\"><h2 class=\"uagb-ifb-title\">Tome uma atitude agora<\/h2><\/div><p class=\"uagb-ifb-desc\">Entre em contato conosco hoje mesmo &#8211; estamos aqui para ajudar com qualquer d\u00favida ou suporte que o senhor precisar!<\/p><\/div><\/div><\/div>\n\n\n\n<div class=\"wp-block-uagb-buttons uagb-buttons__outer-wrap uagb-btn__default-btn uagb-btn-tablet__default-btn uagb-btn-mobile__default-btn uagb-block-yuzskiwf\"><div class=\"uagb-buttons__wrap uagb-buttons-layout-wrap \">\n<div class=\"wp-block-uagb-buttons-child uagb-buttons__outer-wrap uagb-block-6m96fron wp-block-button\"><div class=\"uagb-button__wrapper\"><a class=\"uagb-buttons-repeater wp-block-button__link\" aria-label=\"\" href=\"https:\/\/www.spig-gmab.com\/contact\/\" rel=\"follow noopener\" target=\"_self\" role=\"button\"><div class=\"uagb-button__link\">Contact us<\/div><\/a><\/div><\/div>\n<\/div><\/div>\n<\/div><\/div>\n","protected":false},"excerpt":{"rendered":"<p>Obtenha conformidade ambiental superior com nossos avan\u00e7ados sistemas de depura\u00e7\u00e3o \u00famida. Nossos vers\u00e1teis depuradores \u00famidos de est\u00e1gio \u00fanico ou de [&hellip;]<\/p>\n","protected":false},"author":1,"featured_media":0,"parent":0,"menu_order":0,"comment_status":"closed","ping_status":"closed","template":"","meta":{"_uag_custom_page_level_css":"","_monsterinsights_skip_tracking":false,"_monsterinsights_sitenote_active":false,"_monsterinsights_sitenote_note":"","_monsterinsights_sitenote_category":0,"site-sidebar-layout":"default","site-content-layout":"","ast-site-content-layout":"default","site-content-style":"default","site-sidebar-style":"default","ast-global-header-display":"","ast-banner-title-visibility":"","ast-main-header-display":"","ast-hfb-above-header-display":"","ast-hfb-below-header-display":"","ast-hfb-mobile-header-display":"","site-post-title":"disabled","ast-breadcrumbs-content":"","ast-featured-img":"","footer-sml-layout":"","ast-disable-related-posts":"","theme-transparent-header-meta":"","adv-header-id-meta":"","stick-header-meta":"","header-above-stick-meta":"","header-main-stick-meta":"","header-below-stick-meta":"","astra-migrate-meta-layouts":"default","ast-page-background-enabled":"default","ast-page-background-meta":{"desktop":{"background-color":"var(--ast-global-color-4)","background-image":"","background-repeat":"repeat","background-position":"center center","background-size":"auto","background-attachment":"scroll","background-type":"","background-media":"","overlay-type":"","overlay-color":"","overlay-opacity":"","overlay-gradient":""},"tablet":{"background-color":"","background-image":"","background-repeat":"repeat","background-position":"center center","background-size":"auto","background-attachment":"scroll","background-type":"","background-media":"","overlay-type":"","overlay-color":"","overlay-opacity":"","overlay-gradient":""},"mobile":{"background-color":"","background-image":"","background-repeat":"repeat","background-position":"center center","background-size":"auto","background-attachment":"scroll","background-type":"","background-media":"","overlay-type":"","overlay-color":"","overlay-opacity":"","overlay-gradient":""}},"ast-content-background-meta":{"desktop":{"background-color":"var(--ast-global-color-5)","background-image":"","background-repeat":"repeat","background-position":"center center","background-size":"auto","background-attachment":"scroll","background-type":"","background-media":"","overlay-type":"","overlay-color":"","overlay-opacity":"","overlay-gradient":""},"tablet":{"background-color":"var(--ast-global-color-5)","background-image":"","background-repeat":"repeat","background-position":"center center","background-size":"auto","background-attachment":"scroll","background-type":"","background-media":"","overlay-type":"","overlay-color":"","overlay-opacity":"","overlay-gradient":""},"mobile":{"background-color":"var(--ast-global-color-5)","background-image":"","background-repeat":"repeat","background-position":"center center","background-size":"auto","background-attachment":"scroll","background-type":"","background-media":"","overlay-type":"","overlay-color":"","overlay-opacity":"","overlay-gradient":""}},"footnotes":""},"class_list":["post-7457","page","type-page","status-publish","hentry"],"aioseo_notices":[],"uagb_featured_image_src":{"full":false,"thumbnail":false,"medium":false,"medium_large":false,"large":false,"1536x1536":false,"2048x2048":false},"uagb_author_info":{"display_name":"multimedia@studiokey.it","author_link":"https:\/\/www.spig-gmab.com\/pt-br\/author\/multimediastudiokey-it\/"},"uagb_comment_info":0,"uagb_excerpt":"Obtenha conformidade ambiental superior com nossos avan\u00e7ados sistemas de depura\u00e7\u00e3o \u00famida. Nossos vers\u00e1teis depuradores \u00famidos de est\u00e1gio \u00fanico ou de [&hellip;]","_links":{"self":[{"href":"https:\/\/www.spig-gmab.com\/pt-br\/wp-json\/wp\/v2\/pages\/7457","targetHints":{"allow":["GET"]}}],"collection":[{"href":"https:\/\/www.spig-gmab.com\/pt-br\/wp-json\/wp\/v2\/pages"}],"about":[{"href":"https:\/\/www.spig-gmab.com\/pt-br\/wp-json\/wp\/v2\/types\/page"}],"author":[{"embeddable":true,"href":"https:\/\/www.spig-gmab.com\/pt-br\/wp-json\/wp\/v2\/users\/1"}],"replies":[{"embeddable":true,"href":"https:\/\/www.spig-gmab.com\/pt-br\/wp-json\/wp\/v2\/comments?post=7457"}],"version-history":[{"count":12,"href":"https:\/\/www.spig-gmab.com\/pt-br\/wp-json\/wp\/v2\/pages\/7457\/revisions"}],"predecessor-version":[{"id":9173,"href":"https:\/\/www.spig-gmab.com\/pt-br\/wp-json\/wp\/v2\/pages\/7457\/revisions\/9173"}],"wp:attachment":[{"href":"https:\/\/www.spig-gmab.com\/pt-br\/wp-json\/wp\/v2\/media?parent=7457"}],"curies":[{"name":"wp","href":"https:\/\/api.w.org\/{rel}","templated":true}]}}