{"id":7399,"date":"2024-09-26T10:50:44","date_gmt":"2024-09-26T10:50:44","guid":{"rendered":"https:\/\/www.spig-gmab.com\/flue-gas-treatment\/"},"modified":"2025-09-30T09:22:41","modified_gmt":"2025-09-30T09:22:41","slug":"flue-gas-treatment","status":"publish","type":"page","link":"https:\/\/www.spig-gmab.com\/pt-br\/flue-gas-treatment\/","title":{"rendered":"Flue Gas Treatment"},"content":{"rendered":"\n<div class=\"wp-block-uagb-container uagb-block-zgbhmcgz alignfull uagb-is-root-container\"><div class=\"uagb-container-inner-blocks-wrap\">\n<div class=\"wp-block-uagb-info-box uagb-block-ew04gv8n uagb-infobox__content-wrap  uagb-infobox-icon-above-title uagb-infobox-image-valign-top\"><div class=\"uagb-ifb-content\"><div class=\"uagb-ifb-title-wrap\"><h1 class=\"uagb-ifb-title\"><strong>GMAB\u2122 Flue Gas Treatment<\/strong><\/h1><\/div><p class=\"uagb-ifb-desc\">Sistemas de limpeza de g\u00e1s de combust\u00e3o para usinas de gera\u00e7\u00e3o de energia a partir de res\u00edduos, usinas de energia alimentadas por biomassa e usinas de tratamento de res\u00edduos perigosos<\/p><\/div><\/div>\n<\/div><\/div>\n\n\n\n<div class=\"wp-block-uagb-container uagb-block-4neen65n alignfull uagb-is-root-container\"><div class=\"uagb-container-inner-blocks-wrap\">\n<div class=\"wp-block-uagb-image uagb-block-68d8c13b wp-block-uagb-image--layout-default wp-block-uagb-image--effect-static wp-block-uagb-image--align-none\"><figure class=\"wp-block-uagb-image__figure\"><img decoding=\"async\" srcset=\"https:\/\/www.spig-gmab.com\/wp-content\/uploads\/2024\/09\/4.png ,https:\/\/www.spig-gmab.com\/wp-content\/uploads\/2024\/09\/4.png 780w, https:\/\/www.spig-gmab.com\/wp-content\/uploads\/2024\/09\/4.png 360w\" sizes=\"auto, (max-width: 480px) 150px\" src=\"https:\/\/www.spig-gmab.com\/wp-content\/uploads\/2024\/09\/4.png\" alt=\"\" class=\"uag-image-1728\" width=\"600\" height=\"317\" title=\"4\" loading=\"lazy\" role=\"img\"\/><\/figure><\/div>\n\n\n\n<div class=\"wp-block-uagb-container uagb-block-slvpzmfu\">\n<div class=\"wp-block-uagb-info-box uagb-block-sfoqfciu uagb-infobox__content-wrap  uagb-infobox-icon-above-title uagb-infobox-image-valign-top\"><div class=\"uagb-ifb-content\"><div class=\"uagb-ifb-title-wrap\"><h2 class=\"uagb-ifb-title\"><strong>GMAB\u2122 Flue Gas Cleaning<\/strong><\/h2><\/div><p class=\"uagb-ifb-desc\">Temos orgulho de nossa longa tradi\u00e7\u00e3o e experi\u00eancia comprovada na cria\u00e7\u00e3o de sistemas abrangentes de tratamento de gases de combust\u00e3o para usinas de transforma\u00e7\u00e3o de res\u00edduos em energia. Nossa equipe de engenharia, com ampla experi\u00eancia em projetos confi\u00e1veis, garante que forne\u00e7amos tecnologias de ponta e de primeira linha. N\u00e3o importa se voc\u00ea precisa de um sistema seco, semi-\u00famido, \u00famido ou uma combina\u00e7\u00e3o dessas solu\u00e7\u00f5es, temos o que h\u00e1 de melhor no setor.  <\/p><\/div><\/div>\n<\/div>\n<\/div><\/div>\n\n\n\n<div class=\"wp-block-uagb-container uagb-block-8b123ae3 alignfull uagb-is-root-container\"><div class=\"uagb-container-inner-blocks-wrap\">\n<div class=\"wp-block-uagb-container uagb-block-43532781\">\n<div class=\"wp-block-uagb-advanced-heading uagb-block-e1b3295e\"><h3 class=\"uagb-heading-text\"><strong><strong>GMAB\u2122 <em>Wet<\/em> Flue Gas Cleaning<\/strong><\/strong><\/h3><\/div>\n\n\n\n<p>Somos especialistas em depura\u00e7\u00e3o \u00famida de gases de combust\u00e3o, juntamente com o tratamento de \u00e1gua associado. Nossos sistemas de depura\u00e7\u00e3o \u00famida proporcionam um tratamento de g\u00e1s de combust\u00e3o extremamente confi\u00e1vel e eficiente. Nossa principal compet\u00eancia abrange o processo completo, inclusive as tecnologias de tratamento de \u00e1gua.<\/p>\n\n\n\n<p class=\"has-ast-global-color-8-color has-text-color has-link-color wp-elements-0dd47c0112718625e1355ae4a8fbb98d\" style=\"margin-top:0px;margin-bottom:0px\"><strong><strong>Benef\u00edcios<\/strong><\/strong><\/p>\n\n\n\n<ul class=\"wp-block-list\">\n<li>Controle de emiss\u00f5es confi\u00e1vel e eficaz<\/li>\n\n\n\n<li>Opera\u00e7\u00e3o com alta disponibilidade<\/li>\n\n\n\n<li>Alta capacidade de reserva para lidar com varia\u00e7\u00f5es de pico<\/li>\n\n\n\n<li>Consumo m\u00ednimo de produtos qu\u00edmicos<\/li>\n\n\n\n<li>Baixa gera\u00e7\u00e3o de res\u00edduos<\/li>\n\n\n\n<li>Mais adequado para combinar com a condensa\u00e7\u00e3o de g\u00e1s de combust\u00e3o<\/li>\n<\/ul>\n<\/div>\n\n\n\n<div class=\"wp-block-uagb-container uagb-block-c874cad6\">\n<div class=\"wp-block-uagb-image alignleft uagb-block-krkibjso wp-block-uagb-image--layout-default wp-block-uagb-image--effect-static wp-block-uagb-image--align-left\"><figure class=\"wp-block-uagb-image__figure\"><img decoding=\"async\" srcset=\"https:\/\/www.spig-gmab.com\/wp-content\/uploads\/2024\/09\/Mec-2022-995x1024.jpg ,https:\/\/www.spig-gmab.com\/wp-content\/uploads\/2024\/09\/Mec-2022.jpg 780w, https:\/\/www.spig-gmab.com\/wp-content\/uploads\/2024\/09\/Mec-2022.jpg 360w\" sizes=\"auto, (max-width: 480px) 150px\" src=\"https:\/\/www.spig-gmab.com\/wp-content\/uploads\/2024\/09\/Mec-2022-995x1024.jpg\" alt=\"\" class=\"uag-image-1532\" width=\"400\" height=\"423\" title=\"Mec 2022\" loading=\"lazy\" role=\"img\"\/><\/figure><\/div>\n<\/div>\n<\/div><\/div>\n\n\n\n<div class=\"wp-block-uagb-container uagb-block-0ae58dde alignwide uagb-is-root-container\">\n<div class=\"wp-block-uagb-container uagb-block-d8912462\">\n<div class=\"wp-block-uagb-image uagb-block-69187750 wp-block-uagb-image--layout-default wp-block-uagb-image--effect-static wp-block-uagb-image--align-none\"><figure class=\"wp-block-uagb-image__figure\"><img decoding=\"async\" srcset=\"https:\/\/www.spig-gmab.com\/wp-content\/uploads\/2024\/09\/Picture3B-1024x521.jpg ,https:\/\/www.spig-gmab.com\/wp-content\/uploads\/2024\/09\/Picture3B.jpg 780w, https:\/\/www.spig-gmab.com\/wp-content\/uploads\/2024\/09\/Picture3B.jpg 360w\" sizes=\"auto, (max-width: 480px) 150px\" src=\"https:\/\/www.spig-gmab.com\/wp-content\/uploads\/2024\/09\/Picture3B-1024x521.jpg\" alt=\"\" class=\"uag-image-1713\" width=\"1024\" height=\"521\" title=\"Picture3B\" loading=\"lazy\" role=\"img\"\/><figcaption class=\"uagb-image-caption\">Figure by Holmberg<\/figcaption><\/figure><\/div>\n<\/div>\n\n\n\n<div class=\"wp-block-uagb-container uagb-block-7505c614\">\n<div class=\"wp-block-uagb-advanced-heading uagb-block-86598799\"><h3 class=\"uagb-heading-text\"><strong><strong><strong><strong><strong><strong>Combination <em>Dry\/Wet<\/em> <\/strong><\/strong><\/strong> Flue Gas Cleaning<\/strong><\/strong><\/strong><\/h3><\/div>\n\n\n\n<p>A depura\u00e7\u00e3o de g\u00e1s de combust\u00e3o seca ou semi\u00famida pode ser combinada com um depurador de condensa\u00e7\u00e3o para recupera\u00e7\u00e3o de energia e\/ou uma fun\u00e7\u00e3o de depura\u00e7\u00e3o integrada para atender aos mais rigorosos padr\u00f5es de desempenho.<\/p>\n\n\n\n<p class=\"has-ast-global-color-8-color has-text-color has-link-color wp-elements-0dd47c0112718625e1355ae4a8fbb98d\" style=\"margin-top:0px;margin-bottom:0px\"><strong><strong>Benef\u00edcios<\/strong><\/strong><\/p>\n\n\n\n<ul class=\"wp-block-list\">\n<li>Custos\/consumo ideais de produtos qu\u00edmicos<\/li>\n\n\n\n<li>Alta toler\u00e2ncia a picos de carga<\/li>\n\n\n\n<li>Opera\u00e7\u00e3o livre de \u00e1guas residuais<\/li>\n\n\n\n<li>Recupera\u00e7\u00e3o aprimorada de energia<\/li>\n<\/ul>\n<\/div>\n<\/div>\n\n\n\n<div class=\"wp-block-uagb-container uagb-block-a78879d0 alignfull uagb-is-root-container\"><div class=\"uagb-container-inner-blocks-wrap\">\n<div class=\"wp-block-uagb-container uagb-block-86882e8b\">\n<div class=\"wp-block-uagb-advanced-heading uagb-block-099a2b61\"><h3 class=\"uagb-heading-text\"><strong><strong><strong>Precipitadores eletrost\u00e1ticos<\/strong><\/strong><\/strong><\/h3><\/div>\n\n\n\n<p>Por mais de um s\u00e9culo, os Precipitadores Eletrost\u00e1ticos (ESPs) t\u00eam sido a tecnologia de controle de qualidade do ar preferida para a redu\u00e7\u00e3o de part\u00edculas em processos industriais e de gera\u00e7\u00e3o de energia em todo o mundo.<\/p>\n\n\n\n<p>Os ESPs podem ser projetados para atender aos rigorosos padr\u00f5es de emiss\u00e3o de part\u00edculas com perda m\u00ednima de press\u00e3o e alta confiabilidade do equipamento para opera\u00e7\u00e3o prolongada da planta. GMAB\u2122 fornece uma linha completa de equipamentos para precipitadores eletrost\u00e1ticos secos e \u00famidos, incluindo placas coletoras pr\u00e9-montadas e do tipo painel, eletrodos de descarga r\u00edgidos e dur\u00e1veis, martelos de batimento mec\u00e2nico ou dispositivos de batida eletromagn\u00e9tica e uma linha completa de controles de microprocessador<\/p>\n<\/div>\n\n\n\n<div class=\"wp-block-uagb-container uagb-block-35d7b3f4\">\n<div class=\"wp-block-uagb-image alignleft uagb-block-e2e91670 wp-block-uagb-image--layout-default wp-block-uagb-image--effect-static wp-block-uagb-image--align-left\"><figure class=\"wp-block-uagb-image__figure\"><img decoding=\"async\" srcset=\"https:\/\/www.spig-gmab.com\/wp-content\/uploads\/2024\/10\/Picture1.png ,https:\/\/www.spig-gmab.com\/wp-content\/uploads\/2024\/10\/Picture1.png 780w, https:\/\/www.spig-gmab.com\/wp-content\/uploads\/2024\/10\/Picture1.png 360w\" sizes=\"auto, (max-width: 480px) 150px\" src=\"https:\/\/www.spig-gmab.com\/wp-content\/uploads\/2024\/10\/Picture1.png\" alt=\"\" class=\"uag-image-4361\" width=\"450\" height=\"423\" title=\"Picture1\" loading=\"lazy\" role=\"img\"\/><\/figure><\/div>\n<\/div>\n<\/div><\/div>\n\n\n\n<div class=\"wp-block-uagb-container uagb-block-67imbnbc alignfull uagb-is-root-container\"><div class=\"uagb-container-inner-blocks-wrap\">\n<div class=\"wp-block-uagb-info-box uagb-block-akrifalx uagb-infobox__content-wrap  uagb-infobox-icon-above-title uagb-infobox-image-valign-top wp-block-uagb-info-box--has-margin\"><div class=\"uagb-infobox-margin-wrapper\"><div class=\"uagb-ifb-content\"><div class=\"uagb-ifb-title-wrap\"><h2 class=\"uagb-ifb-title\">Tome uma atitude agora<\/h2><\/div><p class=\"uagb-ifb-desc\">Entre em contato conosco hoje mesmo &#8211; estamos aqui para ajudar com qualquer d\u00favida ou suporte que o senhor precisar!<\/p><\/div><\/div><\/div>\n\n\n\n<div class=\"wp-block-uagb-buttons uagb-buttons__outer-wrap uagb-btn__default-btn uagb-btn-tablet__default-btn uagb-btn-mobile__default-btn uagb-block-yuzskiwf\"><div class=\"uagb-buttons__wrap uagb-buttons-layout-wrap \">\n<div class=\"wp-block-uagb-buttons-child uagb-buttons__outer-wrap uagb-block-6m96fron wp-block-button\"><div class=\"uagb-button__wrapper\"><a class=\"uagb-buttons-repeater wp-block-button__link\" aria-label=\"\" href=\"https:\/\/www.spig-gmab.com\/contact\/\" rel=\"follow noopener\" target=\"_self\" role=\"button\"><div class=\"uagb-button__link\">Contact us<\/div><\/a><\/div><\/div>\n<\/div><\/div>\n<\/div><\/div>\n","protected":false},"excerpt":{"rendered":"<p>GMAB\u2122 Wet Flue Gas Cleaning Somos especialistas em depura\u00e7\u00e3o \u00famida de gases de combust\u00e3o, juntamente com o tratamento de \u00e1gua [&hellip;]<\/p>\n","protected":false},"author":1,"featured_media":0,"parent":0,"menu_order":0,"comment_status":"closed","ping_status":"closed","template":"","meta":{"_uag_custom_page_level_css":"","_monsterinsights_skip_tracking":false,"_monsterinsights_sitenote_active":false,"_monsterinsights_sitenote_note":"","_monsterinsights_sitenote_category":0,"site-sidebar-layout":"default","site-content-layout":"","ast-site-content-layout":"default","site-content-style":"default","site-sidebar-style":"default","ast-global-header-display":"","ast-banner-title-visibility":"","ast-main-header-display":"","ast-hfb-above-header-display":"","ast-hfb-below-header-display":"","ast-hfb-mobile-header-display":"","site-post-title":"disabled","ast-breadcrumbs-content":"","ast-featured-img":"","footer-sml-layout":"","ast-disable-related-posts":"","theme-transparent-header-meta":"","adv-header-id-meta":"","stick-header-meta":"","header-above-stick-meta":"","header-main-stick-meta":"","header-below-stick-meta":"","astra-migrate-meta-layouts":"default","ast-page-background-enabled":"default","ast-page-background-meta":{"desktop":{"background-color":"var(--ast-global-color-4)","background-image":"","background-repeat":"repeat","background-position":"center center","background-size":"auto","background-attachment":"scroll","background-type":"","background-media":"","overlay-type":"","overlay-color":"","overlay-opacity":"","overlay-gradient":""},"tablet":{"background-color":"","background-image":"","background-repeat":"repeat","background-position":"center center","background-size":"auto","background-attachment":"scroll","background-type":"","background-media":"","overlay-type":"","overlay-color":"","overlay-opacity":"","overlay-gradient":""},"mobile":{"background-color":"","background-image":"","background-repeat":"repeat","background-position":"center center","background-size":"auto","background-attachment":"scroll","background-type":"","background-media":"","overlay-type":"","overlay-color":"","overlay-opacity":"","overlay-gradient":""}},"ast-content-background-meta":{"desktop":{"background-color":"var(--ast-global-color-5)","background-image":"","background-repeat":"repeat","background-position":"center center","background-size":"auto","background-attachment":"scroll","background-type":"","background-media":"","overlay-type":"","overlay-color":"","overlay-opacity":"","overlay-gradient":""},"tablet":{"background-color":"var(--ast-global-color-5)","background-image":"","background-repeat":"repeat","background-position":"center center","background-size":"auto","background-attachment":"scroll","background-type":"","background-media":"","overlay-type":"","overlay-color":"","overlay-opacity":"","overlay-gradient":""},"mobile":{"background-color":"var(--ast-global-color-5)","background-image":"","background-repeat":"repeat","background-position":"center center","background-size":"auto","background-attachment":"scroll","background-type":"","background-media":"","overlay-type":"","overlay-color":"","overlay-opacity":"","overlay-gradient":""}},"footnotes":""},"class_list":["post-7399","page","type-page","status-publish","hentry"],"aioseo_notices":[],"uagb_featured_image_src":{"full":false,"thumbnail":false,"medium":false,"medium_large":false,"large":false,"1536x1536":false,"2048x2048":false},"uagb_author_info":{"display_name":"multimedia@studiokey.it","author_link":"https:\/\/www.spig-gmab.com\/pt-br\/author\/multimediastudiokey-it\/"},"uagb_comment_info":0,"uagb_excerpt":"GMAB\u2122 Wet Flue Gas Cleaning Somos especialistas em depura\u00e7\u00e3o \u00famida de gases de combust\u00e3o, juntamente com o tratamento de \u00e1gua [&hellip;]","_links":{"self":[{"href":"https:\/\/www.spig-gmab.com\/pt-br\/wp-json\/wp\/v2\/pages\/7399","targetHints":{"allow":["GET"]}}],"collection":[{"href":"https:\/\/www.spig-gmab.com\/pt-br\/wp-json\/wp\/v2\/pages"}],"about":[{"href":"https:\/\/www.spig-gmab.com\/pt-br\/wp-json\/wp\/v2\/types\/page"}],"author":[{"embeddable":true,"href":"https:\/\/www.spig-gmab.com\/pt-br\/wp-json\/wp\/v2\/users\/1"}],"replies":[{"embeddable":true,"href":"https:\/\/www.spig-gmab.com\/pt-br\/wp-json\/wp\/v2\/comments?post=7399"}],"version-history":[{"count":5,"href":"https:\/\/www.spig-gmab.com\/pt-br\/wp-json\/wp\/v2\/pages\/7399\/revisions"}],"predecessor-version":[{"id":9171,"href":"https:\/\/www.spig-gmab.com\/pt-br\/wp-json\/wp\/v2\/pages\/7399\/revisions\/9171"}],"wp:attachment":[{"href":"https:\/\/www.spig-gmab.com\/pt-br\/wp-json\/wp\/v2\/media?parent=7399"}],"curies":[{"name":"wp","href":"https:\/\/api.w.org\/{rel}","templated":true}]}}