{"id":7397,"date":"2024-09-26T13:21:28","date_gmt":"2024-09-26T13:21:28","guid":{"rendered":"https:\/\/www.spig-gmab.com\/remocao-de-dioxina-adiox\/"},"modified":"2025-05-06T13:40:35","modified_gmt":"2025-05-06T13:40:35","slug":"remocao-de-dioxina-adiox","status":"publish","type":"page","link":"https:\/\/www.spig-gmab.com\/pt-br\/remocao-de-dioxina-adiox\/","title":{"rendered":"Remo\u00e7\u00e3o de Dioxina ADIOX"},"content":{"rendered":"\n<div class=\"wp-block-uagb-container uagb-block-zgbhmcgz alignfull uagb-is-root-container\"><div class=\"uagb-container-inner-blocks-wrap\">\n<div class=\"wp-block-uagb-info-box uagb-block-ew04gv8n uagb-infobox__content-wrap  uagb-infobox-icon-above-title uagb-infobox-image-valign-top\"><div class=\"uagb-ifb-content\"><div class=\"uagb-ifb-title-wrap\"><h1 class=\"uagb-ifb-title\"><strong><strong>Remo\u00e7\u00e3o de Dioxinas ADIOX\u00ae<\/strong><\/strong><\/h1><\/div><p class=\"uagb-ifb-desc\">Pode ser instalado em aplica\u00e7\u00f5es \u00famidas, saturadas e secas<\/p><\/div><\/div>\n<\/div><\/div>\n\n\n\n<div class=\"wp-block-uagb-container uagb-block-4neen65n alignfull uagb-is-root-container\"><div class=\"uagb-container-inner-blocks-wrap\">\n<div class=\"wp-block-uagb-container uagb-block-0435a92b\">\n<div class=\"wp-block-uagb-image alignright uagb-block-krkibjso wp-block-uagb-image--layout-default wp-block-uagb-image--effect-static wp-block-uagb-image--align-right alignleft\"><figure class=\"wp-block-uagb-image__figure\"><img decoding=\"async\" srcset=\"https:\/\/www.spig-gmab.com\/wp-content\/uploads\/2024\/09\/5-crop.jpg ,https:\/\/www.spig-gmab.com\/wp-content\/uploads\/2024\/09\/5-crop.jpg 780w, https:\/\/www.spig-gmab.com\/wp-content\/uploads\/2024\/09\/5-crop.jpg 360w\" sizes=\"auto, (max-width: 480px) 150px\" src=\"https:\/\/www.spig-gmab.com\/wp-content\/uploads\/2024\/09\/5-crop.jpg\" alt=\"\" class=\"uag-image-1705\" width=\"350\" height=\"423\" title=\"5-crop\" loading=\"lazy\" role=\"img\"\/><\/figure><\/div>\n<\/div>\n\n\n\n<div class=\"wp-block-uagb-container uagb-block-slvpzmfu\">\n<div class=\"wp-block-uagb-info-box uagb-block-sfoqfciu uagb-infobox__content-wrap  uagb-infobox-icon-above-title uagb-infobox-image-valign-top\"><div class=\"uagb-ifb-content\"><div class=\"uagb-ifb-title-wrap\"><h2 class=\"uagb-ifb-title\"><strong><strong>Remo\u00e7\u00e3o de Dioxinas ADIOX\u00ae<\/strong><\/strong><\/h2><\/div><p class=\"uagb-ifb-desc\">A GMAB\u2122 desenvolveu uma s\u00e9rie de tecnologias exclusivas que podem ser adaptadas \u00e0s plantas existentes e integradas \u00e0 nossa solu\u00e7\u00e3o completa.<br><br>O processo de remo\u00e7\u00e3o de dioxinas ADIOX\u00ae aproveita a forte afinidade que as dioxinas t\u00eam pelo carbono. Ao integrar min\u00fasculas part\u00edculas de carbono em pl\u00e1sticos de polipropileno (PP), criamos um material altamente eficaz para a redu\u00e7\u00e3o de dioxinas. Essa abordagem inovadora utiliza as propriedades de adsor\u00e7\u00e3o do carbono, garantindo que as part\u00edculas de carbono dispersas nos pl\u00e1sticos de PP capturem e eliminem com efici\u00eancia as dioxinas do meio ambiente do <em>polishing scrubber<\/em>  (depurador \u00famido). Esse m\u00e9todo n\u00e3o apenas aumenta a efic\u00e1cia do material, mas tamb\u00e9m contribui para um ecossistema mais limpo e seguro.   <br><br>Quando uma mol\u00e9cula de dioxina est\u00e1 presente no g\u00e1s de combust\u00e3o, ela \u00e9 primeiramente absorvida pelo material de polipropileno (PP). A partir da\u00ed, ela migra para uma part\u00edcula de carbono, onde \u00e9 fortemente adsorvida, ou seja, fixa-se firmemente na superf\u00edcie do carbono. O material de PP age como uma membrana seletiva, mostrando prefer\u00eancia pela captura de mol\u00e9culas como as dioxinas. Quando o material ADIOX atinge o fim de sua vida \u00fatil, ele \u00e9 incinerado. Durante esse processo, as dioxinas s\u00e3o destru\u00eddas, removendo-as efetivamente do ciclo ecol\u00f3gico e garantindo que n\u00e3o voltem a entrar no meio ambiente.    <br><br>O enchimento da torre e os separadores de got\u00edculas, produzidos com material ADIOX<strong><strong>\u00ae<\/strong><\/strong>, podem ser instalados em aplica\u00e7\u00f5es \u00famidas, saturadas e secas.<br><br>Descubra mais em nosso folheto ADIOX &#8211; <a href=\"https:\/\/www.spig-gmab.com\/wp-content\/uploads\/2025\/05\/GMAB_002_ADIOX_Dioxin_Removal.pdf\" target=\"_blank\" rel=\"noopener\" title=\"\">download now<\/a><\/p><\/div><\/div>\n\n\n\n<figure class=\"wp-block-video\"><video controls src=\"https:\/\/www.spig-gmab.com\/wp-content\/uploads\/2025\/04\/intervista_gmab_sven_clip-1_v4.1-720p.mp4\"><\/video><\/figure>\n<\/div>\n<\/div><\/div>\n\n\n\n<div class=\"wp-block-uagb-container uagb-block-67imbnbc alignfull uagb-is-root-container\"><div class=\"uagb-container-inner-blocks-wrap\">\n<div class=\"wp-block-uagb-info-box uagb-block-akrifalx uagb-infobox__content-wrap  uagb-infobox-icon-above-title uagb-infobox-image-valign-top wp-block-uagb-info-box--has-margin\"><div class=\"uagb-infobox-margin-wrapper\"><div class=\"uagb-ifb-content\"><div class=\"uagb-ifb-title-wrap\"><h2 class=\"uagb-ifb-title\">Tome uma atitude agora<\/h2><\/div><p class=\"uagb-ifb-desc\">Entre em contato conosco hoje mesmo &#8211; estamos aqui para ajudar com qualquer d\u00favida ou suporte que o senhor precisar!<\/p><\/div><\/div><\/div>\n\n\n\n<div class=\"wp-block-uagb-buttons uagb-buttons__outer-wrap uagb-btn__default-btn uagb-btn-tablet__default-btn uagb-btn-mobile__default-btn uagb-block-yuzskiwf\"><div class=\"uagb-buttons__wrap uagb-buttons-layout-wrap \">\n<div class=\"wp-block-uagb-buttons-child uagb-buttons__outer-wrap uagb-block-6m96fron wp-block-button\"><div class=\"uagb-button__wrapper\"><a class=\"uagb-buttons-repeater wp-block-button__link\" aria-label=\"\" href=\"https:\/\/www.spig-gmab.com\/contact\/\" rel=\"follow noopener\" target=\"_self\" role=\"button\"><div class=\"uagb-button__link\">Contact us<\/div><\/a><\/div><\/div>\n<\/div><\/div>\n<\/div><\/div>\n","protected":false},"excerpt":{"rendered":"","protected":false},"author":1,"featured_media":0,"parent":0,"menu_order":0,"comment_status":"closed","ping_status":"closed","template":"","meta":{"_uag_custom_page_level_css":"","_monsterinsights_skip_tracking":false,"_monsterinsights_sitenote_active":false,"_monsterinsights_sitenote_note":"","_monsterinsights_sitenote_category":0,"site-sidebar-layout":"default","site-content-layout":"","ast-site-content-layout":"","site-content-style":"default","site-sidebar-style":"default","ast-global-header-display":"","ast-banner-title-visibility":"","ast-main-header-display":"","ast-hfb-above-header-display":"","ast-hfb-below-header-display":"","ast-hfb-mobile-header-display":"","site-post-title":"disabled","ast-breadcrumbs-content":"","ast-featured-img":"","footer-sml-layout":"","ast-disable-related-posts":"","theme-transparent-header-meta":"","adv-header-id-meta":"","stick-header-meta":"","header-above-stick-meta":"","header-main-stick-meta":"","header-below-stick-meta":"","astra-migrate-meta-layouts":"default","ast-page-background-enabled":"default","ast-page-background-meta":{"desktop":{"background-color":"var(--ast-global-color-4)","background-image":"","background-repeat":"repeat","background-position":"center center","background-size":"auto","background-attachment":"scroll","background-type":"","background-media":"","overlay-type":"","overlay-color":"","overlay-opacity":"","overlay-gradient":""},"tablet":{"background-color":"","background-image":"","background-repeat":"repeat","background-position":"center center","background-size":"auto","background-attachment":"scroll","background-type":"","background-media":"","overlay-type":"","overlay-color":"","overlay-opacity":"","overlay-gradient":""},"mobile":{"background-color":"","background-image":"","background-repeat":"repeat","background-position":"center center","background-size":"auto","background-attachment":"scroll","background-type":"","background-media":"","overlay-type":"","overlay-color":"","overlay-opacity":"","overlay-gradient":""}},"ast-content-background-meta":{"desktop":{"background-color":"var(--ast-global-color-5)","background-image":"","background-repeat":"repeat","background-position":"center center","background-size":"auto","background-attachment":"scroll","background-type":"","background-media":"","overlay-type":"","overlay-color":"","overlay-opacity":"","overlay-gradient":""},"tablet":{"background-color":"var(--ast-global-color-5)","background-image":"","background-repeat":"repeat","background-position":"center center","background-size":"auto","background-attachment":"scroll","background-type":"","background-media":"","overlay-type":"","overlay-color":"","overlay-opacity":"","overlay-gradient":""},"mobile":{"background-color":"var(--ast-global-color-5)","background-image":"","background-repeat":"repeat","background-position":"center center","background-size":"auto","background-attachment":"scroll","background-type":"","background-media":"","overlay-type":"","overlay-color":"","overlay-opacity":"","overlay-gradient":""}},"footnotes":""},"class_list":["post-7397","page","type-page","status-publish","hentry"],"aioseo_notices":[],"uagb_featured_image_src":{"full":false,"thumbnail":false,"medium":false,"medium_large":false,"large":false,"1536x1536":false,"2048x2048":false},"uagb_author_info":{"display_name":"multimedia@studiokey.it","author_link":"https:\/\/www.spig-gmab.com\/pt-br\/author\/multimediastudiokey-it\/"},"uagb_comment_info":0,"uagb_excerpt":null,"_links":{"self":[{"href":"https:\/\/www.spig-gmab.com\/pt-br\/wp-json\/wp\/v2\/pages\/7397","targetHints":{"allow":["GET"]}}],"collection":[{"href":"https:\/\/www.spig-gmab.com\/pt-br\/wp-json\/wp\/v2\/pages"}],"about":[{"href":"https:\/\/www.spig-gmab.com\/pt-br\/wp-json\/wp\/v2\/types\/page"}],"author":[{"embeddable":true,"href":"https:\/\/www.spig-gmab.com\/pt-br\/wp-json\/wp\/v2\/users\/1"}],"replies":[{"embeddable":true,"href":"https:\/\/www.spig-gmab.com\/pt-br\/wp-json\/wp\/v2\/comments?post=7397"}],"version-history":[{"count":8,"href":"https:\/\/www.spig-gmab.com\/pt-br\/wp-json\/wp\/v2\/pages\/7397\/revisions"}],"predecessor-version":[{"id":8588,"href":"https:\/\/www.spig-gmab.com\/pt-br\/wp-json\/wp\/v2\/pages\/7397\/revisions\/8588"}],"wp:attachment":[{"href":"https:\/\/www.spig-gmab.com\/pt-br\/wp-json\/wp\/v2\/media?parent=7397"}],"curies":[{"name":"wp","href":"https:\/\/api.w.org\/{rel}","templated":true}]}}