{"id":7391,"date":"2024-09-26T13:25:30","date_gmt":"2024-09-26T13:25:30","guid":{"rendered":"https:\/\/www.spig-gmab.com\/recuperacao-de-calor\/"},"modified":"2025-09-30T09:23:54","modified_gmt":"2025-09-30T09:23:54","slug":"recuperacao-de-calor","status":"publish","type":"page","link":"https:\/\/www.spig-gmab.com\/pt-br\/recuperacao-de-calor\/","title":{"rendered":"Recupera\u00e7\u00e3o de calor"},"content":{"rendered":"\n<div class=\"wp-block-uagb-container uagb-block-zgbhmcgz alignfull uagb-is-root-container\"><div class=\"uagb-container-inner-blocks-wrap\">\n<div class=\"wp-block-uagb-info-box uagb-block-ew04gv8n uagb-infobox__content-wrap  uagb-infobox-icon-above-title uagb-infobox-image-valign-top\"><div class=\"uagb-ifb-content\"><div class=\"uagb-ifb-title-wrap\"><h1 class=\"uagb-ifb-title\"><strong><strong>Recupera<strong><strong>\u00e7\u00e3o<\/strong><\/strong> de calor<\/strong><\/strong> e condensa<strong><strong>\u00e7\u00e3o<\/strong><\/strong> de gases de combust<strong><strong>\u00e3o<\/strong><\/strong> <\/h1><\/div><p class=\"uagb-ifb-desc\">Levamos a recupera\u00e7\u00e3o de energia um passo adiante<\/p><\/div><\/div>\n<\/div><\/div>\n\n\n\n<div class=\"wp-block-uagb-container uagb-block-4neen65n alignfull uagb-is-root-container\"><div class=\"uagb-container-inner-blocks-wrap\">\n<div class=\"wp-block-uagb-image alignleft uagb-block-krkibjso wp-block-uagb-image--layout-default wp-block-uagb-image--effect-static wp-block-uagb-image--align-left\"><figure class=\"wp-block-uagb-image__figure\"><img decoding=\"async\" srcset=\"https:\/\/www.spig-gmab.com\/wp-content\/uploads\/2024\/09\/4.png ,https:\/\/www.spig-gmab.com\/wp-content\/uploads\/2024\/09\/4.png 780w, https:\/\/www.spig-gmab.com\/wp-content\/uploads\/2024\/09\/4.png 360w\" sizes=\"auto, (max-width: 480px) 150px\" src=\"https:\/\/www.spig-gmab.com\/wp-content\/uploads\/2024\/09\/4.png\" alt=\"\" class=\"uag-image-1728\" width=\"600\" height=\"317\" title=\"4\" loading=\"lazy\" role=\"img\"\/><figcaption class=\"uagb-image-caption\">Figure by Holmberg<\/figcaption><\/figure><\/div>\n\n\n\n<div class=\"wp-block-uagb-container uagb-block-slvpzmfu\">\n<div class=\"wp-block-uagb-info-box uagb-block-sfoqfciu uagb-infobox__content-wrap  uagb-infobox-icon-above-title uagb-infobox-image-valign-top\"><div class=\"uagb-ifb-content\"><div class=\"uagb-ifb-title-wrap\"><h2 class=\"uagb-ifb-title\"><strong><strong>Recupera\u00e7\u00e3o de calor<\/strong><\/strong><\/h2><\/div><p class=\"uagb-ifb-desc\">As usinas de gera\u00e7\u00e3o de energia a partir de res\u00edduos s\u00e3o maravilhas da engenharia, com sistemas avan\u00e7ados de caldeiras que convertem uma parte significativa da energia dos gases de combust\u00e3o em vapor. Esse vapor \u00e9 ent\u00e3o aproveitado para gerar eletricidade por meio de geradores de turbina. Al\u00e9m disso, o vapor produz calor nos condensadores da turbina, que \u00e9 posteriormente canalizado para um sistema de aquecimento urbano, fornecendo calor para a comunidade ao redor. Esse processo eficiente n\u00e3o apenas gera energia, mas tamb\u00e9m garante que o calor produzido seja bem aproveitado, tornando essas usinas uma pedra angular das solu\u00e7\u00f5es de energia sustent\u00e1vel   <\/p><\/div><\/div>\n<\/div>\n<\/div><\/div>\n\n\n\n<div class=\"wp-block-uagb-container uagb-block-8b123ae3 alignfull uagb-is-root-container\"><div class=\"uagb-container-inner-blocks-wrap\">\n<div class=\"wp-block-uagb-container uagb-block-43532781\">\n<div class=\"wp-block-uagb-advanced-heading uagb-block-e1b3295e\"><h3 class=\"uagb-heading-text\"><strong><strong><strong>Flue Gas Condensation<\/strong><\/strong><\/strong><\/h3><\/div>\n\n\n\n<p>Levamos a recupera\u00e7\u00e3o de energia um passo adiante. Ao resfriar o g\u00e1s de combust\u00e3o abaixo de seu ponto de orvalho, \u00e9 poss\u00edvel recuperar grandes quantidades de calor latente. Se a temperatura do g\u00e1s de combust\u00e3o ap\u00f3s a caldeira for de aproximadamente 150\u00baC, \u00e9 poss\u00edvel, por meio da condensa\u00e7\u00e3o do g\u00e1s de combust\u00e3o, aumentar o calor recuperado em at\u00e9 20%.  <\/p>\n\n\n\n<p>A condensa\u00e7\u00e3o pode ocorrer como uma troca direta de calor entre o g\u00e1s e a \u00e1gua de aquecimento urbano, em alguns casos utilizando um circuito intermedi\u00e1rio de \u00e1gua de resfriamento e\/ou usando uma bomba de calor intermedi\u00e1ria. Para otimizar a efici\u00eancia energ\u00e9tica, \u00e9 usada uma combina\u00e7\u00e3o desses m\u00e9todos. <\/p>\n\n\n\n<p>A condensa\u00e7\u00e3o do g\u00e1s de combust\u00e3o pode ser combinada com o ADIOX\u00ae tower packings nos est\u00e1gios do depurador para dioxin removal e preven\u00e7\u00e3o do efeito mem\u00f3ria.<\/p>\n<\/div>\n\n\n\n<div class=\"wp-block-uagb-image uagb-block-1a4c0290 wp-block-uagb-image--layout-default wp-block-uagb-image--effect-static wp-block-uagb-image--align-none\"><figure class=\"wp-block-uagb-image__figure\"><img decoding=\"async\" srcset=\"https:\/\/www.spig-gmab.com\/wp-content\/uploads\/2024\/09\/2.jpg ,https:\/\/www.spig-gmab.com\/wp-content\/uploads\/2024\/09\/2.jpg 780w, https:\/\/www.spig-gmab.com\/wp-content\/uploads\/2024\/09\/2.jpg 360w\" sizes=\"auto, (max-width: 480px) 150px\" src=\"https:\/\/www.spig-gmab.com\/wp-content\/uploads\/2024\/09\/2.jpg\" alt=\"\" class=\"uag-image-1525\" width=\"667\" height=\"853\" title=\"2\" loading=\"lazy\" role=\"img\"\/><\/figure><\/div>\n<\/div><\/div>\n\n\n\n<div class=\"wp-block-uagb-container uagb-block-0ae58dde alignwide uagb-is-root-container\">\n<div class=\"wp-block-uagb-image uagb-block-c3906ee9 wp-block-uagb-image--layout-default wp-block-uagb-image--effect-static wp-block-uagb-image--align-none\"><figure class=\"wp-block-uagb-image__figure\"><img decoding=\"async\" srcset=\"https:\/\/www.spig-gmab.com\/wp-content\/uploads\/2024\/09\/1.jpg ,https:\/\/www.spig-gmab.com\/wp-content\/uploads\/2024\/09\/1.jpg 780w, https:\/\/www.spig-gmab.com\/wp-content\/uploads\/2024\/09\/1.jpg 360w\" sizes=\"auto, (max-width: 480px) 150px\" src=\"https:\/\/www.spig-gmab.com\/wp-content\/uploads\/2024\/09\/1.jpg\" alt=\"\" class=\"uag-image-1534\" width=\"573\" height=\"677\" title=\"1\" loading=\"lazy\" role=\"img\"\/><\/figure><\/div>\n\n\n\n<div class=\"wp-block-uagb-container uagb-block-7505c614\">\n<div class=\"wp-block-uagb-advanced-heading uagb-block-86598799\"><h3 class=\"uagb-heading-text\"><strong><strong><strong><strong>Tecnologia de absor\u00e7\u00e3o<\/strong><\/strong><\/strong><\/strong><\/h3><\/div>\n\n\n\n<p>Fornecemos bombas de calor de absor\u00e7\u00e3o para recupera\u00e7\u00e3o aprimorada de energia (conforme descrito acima) e resfriadores de absor\u00e7\u00e3o para produzir resfriamento de conforto rent\u00e1vel no ver\u00e3o. Os chillers s\u00e3o instalados localmente em propriedades ou centralmente em um sistema de resfriamento urbano e usam o excesso de calor da rede de aquecimento urbano como fonte de energia. A instala\u00e7\u00e3o requer muito pouca manuten\u00e7\u00e3o. Al\u00e9m dos ganhos financeiros, a tecnologia \u00e9 ecologicamente correta e ajuda a reduzir as emiss\u00f5es de CO<sub>2<\/sub>.<\/p>\n<\/div>\n<\/div>\n\n\n\n<div class=\"wp-block-uagb-container uagb-block-bba50a79 alignfull uagb-is-root-container\"><div class=\"uagb-container-inner-blocks-wrap\">\n<div class=\"wp-block-uagb-container uagb-block-dfd75a0c\">\n<div class=\"wp-block-uagb-advanced-heading uagb-block-c99fff62\"><h3 class=\"uagb-heading-text\"><strong><strong><strong><strong>Tratamento de \u00e1gua<\/strong><\/strong><\/strong><\/strong><\/h3><\/div>\n\n\n\n<p>Nossa experi\u00eancia total em sistemas inclui o projeto e o fornecimento de tecnologias para tratar a \u00e1gua residual dos depuradores para minimizar e potencialmente eliminar a descarga de subst\u00e2ncias nocivas nos sistemas de tratamento de efluentes ou no meio ambiente.<\/p>\n<\/div>\n\n\n\n<div class=\"wp-block-uagb-image uagb-block-6c2c2328 wp-block-uagb-image--layout-default wp-block-uagb-image--effect-static wp-block-uagb-image--align-none\"><figure class=\"wp-block-uagb-image__figure\"><img decoding=\"async\" srcset=\"https:\/\/www.spig-gmab.com\/wp-content\/uploads\/2024\/09\/7.jpg ,https:\/\/www.spig-gmab.com\/wp-content\/uploads\/2024\/09\/7.jpg 780w, https:\/\/www.spig-gmab.com\/wp-content\/uploads\/2024\/09\/7.jpg 360w\" sizes=\"auto, (max-width: 480px) 150px\" src=\"https:\/\/www.spig-gmab.com\/wp-content\/uploads\/2024\/09\/7.jpg\" alt=\"\" class=\"uag-image-1738\" width=\"566\" height=\"425\" title=\"7\" loading=\"lazy\" role=\"img\"\/><\/figure><\/div>\n<\/div><\/div>\n\n\n\n<div class=\"wp-block-uagb-container uagb-block-67imbnbc alignfull uagb-is-root-container\"><div class=\"uagb-container-inner-blocks-wrap\">\n<div class=\"wp-block-uagb-info-box uagb-block-akrifalx uagb-infobox__content-wrap  uagb-infobox-icon-above-title uagb-infobox-image-valign-top wp-block-uagb-info-box--has-margin\"><div class=\"uagb-infobox-margin-wrapper\"><div class=\"uagb-ifb-content\"><div class=\"uagb-ifb-title-wrap\"><h2 class=\"uagb-ifb-title\">Tome uma atitude agora<\/h2><\/div><p class=\"uagb-ifb-desc\">Entre em contato conosco hoje mesmo &#8211; estamos aqui para ajudar com qualquer d\u00favida ou suporte que o senhor precisar!<\/p><\/div><\/div><\/div>\n\n\n\n<div class=\"wp-block-uagb-buttons uagb-buttons__outer-wrap uagb-btn__default-btn uagb-btn-tablet__default-btn uagb-btn-mobile__default-btn uagb-block-yuzskiwf\"><div class=\"uagb-buttons__wrap uagb-buttons-layout-wrap \">\n<div class=\"wp-block-uagb-buttons-child uagb-buttons__outer-wrap uagb-block-6m96fron wp-block-button\"><div class=\"uagb-button__wrapper\"><a class=\"uagb-buttons-repeater wp-block-button__link\" aria-label=\"\" href=\"https:\/\/www.spig-gmab.com\/contact\/\" rel=\"follow noopener\" target=\"_self\" role=\"button\"><div class=\"uagb-button__link\">Contact us<\/div><\/a><\/div><\/div>\n<\/div><\/div>\n<\/div><\/div>\n","protected":false},"excerpt":{"rendered":"<p>Flue Gas Condensation Levamos a recupera\u00e7\u00e3o de energia um passo adiante. Ao resfriar o g\u00e1s de combust\u00e3o abaixo de seu [&hellip;]<\/p>\n","protected":false},"author":1,"featured_media":0,"parent":0,"menu_order":0,"comment_status":"closed","ping_status":"closed","template":"","meta":{"_uag_custom_page_level_css":"","_monsterinsights_skip_tracking":false,"_monsterinsights_sitenote_active":false,"_monsterinsights_sitenote_note":"","_monsterinsights_sitenote_category":0,"site-sidebar-layout":"default","site-content-layout":"","ast-site-content-layout":"default","site-content-style":"default","site-sidebar-style":"default","ast-global-header-display":"","ast-banner-title-visibility":"","ast-main-header-display":"","ast-hfb-above-header-display":"","ast-hfb-below-header-display":"","ast-hfb-mobile-header-display":"","site-post-title":"disabled","ast-breadcrumbs-content":"","ast-featured-img":"","footer-sml-layout":"","ast-disable-related-posts":"","theme-transparent-header-meta":"","adv-header-id-meta":"","stick-header-meta":"","header-above-stick-meta":"","header-main-stick-meta":"","header-below-stick-meta":"","astra-migrate-meta-layouts":"default","ast-page-background-enabled":"default","ast-page-background-meta":{"desktop":{"background-color":"var(--ast-global-color-4)","background-image":"","background-repeat":"repeat","background-position":"center center","background-size":"auto","background-attachment":"scroll","background-type":"","background-media":"","overlay-type":"","overlay-color":"","overlay-opacity":"","overlay-gradient":""},"tablet":{"background-color":"","background-image":"","background-repeat":"repeat","background-position":"center center","background-size":"auto","background-attachment":"scroll","background-type":"","background-media":"","overlay-type":"","overlay-color":"","overlay-opacity":"","overlay-gradient":""},"mobile":{"background-color":"","background-image":"","background-repeat":"repeat","background-position":"center center","background-size":"auto","background-attachment":"scroll","background-type":"","background-media":"","overlay-type":"","overlay-color":"","overlay-opacity":"","overlay-gradient":""}},"ast-content-background-meta":{"desktop":{"background-color":"var(--ast-global-color-5)","background-image":"","background-repeat":"repeat","background-position":"center center","background-size":"auto","background-attachment":"scroll","background-type":"","background-media":"","overlay-type":"","overlay-color":"","overlay-opacity":"","overlay-gradient":""},"tablet":{"background-color":"var(--ast-global-color-5)","background-image":"","background-repeat":"repeat","background-position":"center center","background-size":"auto","background-attachment":"scroll","background-type":"","background-media":"","overlay-type":"","overlay-color":"","overlay-opacity":"","overlay-gradient":""},"mobile":{"background-color":"var(--ast-global-color-5)","background-image":"","background-repeat":"repeat","background-position":"center center","background-size":"auto","background-attachment":"scroll","background-type":"","background-media":"","overlay-type":"","overlay-color":"","overlay-opacity":"","overlay-gradient":""}},"footnotes":""},"class_list":["post-7391","page","type-page","status-publish","hentry"],"aioseo_notices":[],"uagb_featured_image_src":{"full":false,"thumbnail":false,"medium":false,"medium_large":false,"large":false,"1536x1536":false,"2048x2048":false},"uagb_author_info":{"display_name":"multimedia@studiokey.it","author_link":"https:\/\/www.spig-gmab.com\/pt-br\/author\/multimediastudiokey-it\/"},"uagb_comment_info":0,"uagb_excerpt":"Flue Gas Condensation Levamos a recupera\u00e7\u00e3o de energia um passo adiante. Ao resfriar o g\u00e1s de combust\u00e3o abaixo de seu [&hellip;]","_links":{"self":[{"href":"https:\/\/www.spig-gmab.com\/pt-br\/wp-json\/wp\/v2\/pages\/7391","targetHints":{"allow":["GET"]}}],"collection":[{"href":"https:\/\/www.spig-gmab.com\/pt-br\/wp-json\/wp\/v2\/pages"}],"about":[{"href":"https:\/\/www.spig-gmab.com\/pt-br\/wp-json\/wp\/v2\/types\/page"}],"author":[{"embeddable":true,"href":"https:\/\/www.spig-gmab.com\/pt-br\/wp-json\/wp\/v2\/users\/1"}],"replies":[{"embeddable":true,"href":"https:\/\/www.spig-gmab.com\/pt-br\/wp-json\/wp\/v2\/comments?post=7391"}],"version-history":[{"count":6,"href":"https:\/\/www.spig-gmab.com\/pt-br\/wp-json\/wp\/v2\/pages\/7391\/revisions"}],"predecessor-version":[{"id":9172,"href":"https:\/\/www.spig-gmab.com\/pt-br\/wp-json\/wp\/v2\/pages\/7391\/revisions\/9172"}],"wp:attachment":[{"href":"https:\/\/www.spig-gmab.com\/pt-br\/wp-json\/wp\/v2\/media?parent=7391"}],"curies":[{"name":"wp","href":"https:\/\/api.w.org\/{rel}","templated":true}]}}