{"id":6628,"date":"2024-10-31T11:38:49","date_gmt":"2024-10-31T11:38:49","guid":{"rendered":"https:\/\/www.spig-gmab.com\/etica\/"},"modified":"2026-04-20T09:15:03","modified_gmt":"2026-04-20T09:15:03","slug":"etica","status":"publish","type":"page","link":"https:\/\/www.spig-gmab.com\/pt-br\/etica\/","title":{"rendered":"\u00c9tica"},"content":{"rendered":"\n<div class=\"wp-block-uagb-container uagb-block-zgbhmcgz alignfull uagb-is-root-container\"><div class=\"uagb-container-inner-blocks-wrap\">\n<div class=\"wp-block-uagb-info-box uagb-block-ew04gv8n uagb-infobox__content-wrap  uagb-infobox-icon-above-title uagb-infobox-image-valign-top\"><div class=\"uagb-ifb-content\"><div class=\"uagb-ifb-title-wrap\"><h1 class=\"uagb-ifb-title\">\u00c9tica<\/h1><\/div><p class=\"uagb-ifb-desc\">A integridade \u00e9 inegoci\u00e1vel<\/p><\/div><\/div>\n<\/div><\/div>\n\n\n\n<div class=\"wp-block-uagb-container uagb-block-4neen65n alignfull uagb-is-root-container\"><div class=\"uagb-container-inner-blocks-wrap\">\n<div class=\"wp-block-uagb-container uagb-block-13ae45b9\">\n<div class=\"wp-block-uagb-image alignright uagb-block-krkibjso wp-block-uagb-image--layout-default wp-block-uagb-image--effect-static wp-block-uagb-image--align-right alignleft\"><figure class=\"wp-block-uagb-image__figure\"><img decoding=\"async\" srcset=\"https:\/\/www.spig-gmab.com\/wp-content\/uploads\/2024\/10\/Ethics_pexels-googledeepmind-17485631-scaled.jpg ,https:\/\/www.spig-gmab.com\/wp-content\/uploads\/2024\/10\/Ethics_pexels-googledeepmind-17485631-scaled.jpg 780w, https:\/\/www.spig-gmab.com\/wp-content\/uploads\/2024\/10\/Ethics_pexels-googledeepmind-17485631-scaled.jpg 360w\" sizes=\"auto, (max-width: 480px) 150px\" src=\"https:\/\/www.spig-gmab.com\/wp-content\/uploads\/2024\/10\/Ethics_pexels-googledeepmind-17485631-scaled.jpg\" alt=\"\" class=\"uag-image-4707\" width=\"564\" height=\"423\" title=\"Ethics_pexels-googledeepmind-17485631\" loading=\"lazy\" role=\"img\"\/><\/figure><\/div>\n<\/div>\n\n\n\n<div class=\"wp-block-uagb-container uagb-block-slvpzmfu\">\n<div class=\"wp-block-uagb-info-box uagb-block-sfoqfciu uagb-infobox__content-wrap  uagb-infobox-icon-above-title uagb-infobox-image-valign-top\"><div class=\"uagb-ifb-content\"><div class=\"uagb-ifb-title-wrap\"><h2 class=\"uagb-ifb-title\"><strong><strong>Esclarecimentos e Comunica\u00e7\u00e3o de Irregularidades<\/strong><\/strong><\/h2><\/div><p class=\"uagb-ifb-desc\">Exigimos o estrito cumprimento de nossos princ\u00edpios \u00e9ticos e padr\u00f5es de conduta, bem como total ades\u00e3o ao nosso C\u00f3digo de \u00c9tica e Conduta Empresarial e a todas as normas aplic\u00e1veis \u00e0s nossas atividades. Portanto, caso ocorram viola\u00e7\u00f5es e\/ou seja questionado o n\u00e3o cumprimento desses padr\u00f5es, incentivamos voc\u00ea a consultar o Procedimento de Den\u00fancia adotado pela Empresa e a registrar um relato por meio da nossa Plataforma de Den\u00fancias (<a href=\"https:\/\/spiggmab.whistlelink.com\/\" target=\"_blank\" rel=\"noopener\" title=\"\"><strong>Whistleblowing Platform<\/strong><\/a>).<br><br>Para qualquer esclarecimento sobre nossos princ\u00edpios \u00e9ticos e padr\u00f5es de conduta, entre em contato com nossa equipe de \u00c9tica e Compliance pelo seguinte e-mail:\u00a0<strong><a href=\"mailto:ethics@spig-gmab.com\">ethics@spig-gmab.com<\/a>.<\/strong><br><br>Baixe nosso <strong>C\u00f3digo de \u00c9tica<\/strong>: <a href=\"https:\/\/www.spig-gmab.com\/wp-content\/uploads\/2025\/08\/SPIG_Codice_etico_e_di_condotta_aziendale_R04_EN.pdf\" target=\"_blank\" rel=\"noopener\" title=\"\">Vers\u00e3o EN<\/a> <br>Baixe nosso <strong>C\u00f3digo de Conduta para Fornecedores<\/strong>: <a href=\"https:\/\/www.spig-gmab.com\/wp-content\/uploads\/2025\/05\/SPIG_Codice_di_condotta_per_i_fornitori_R04_EN.pdf\" target=\"_blank\" rel=\"noopener\" title=\"\">Vers\u00e3o EN<\/a><br>Baixe nossa <strong>Pol\u00edtica Anticorrup\u00e7\u00e3o<\/strong>: <a href=\"https:\/\/www.spig-gmab.com\/wp-content\/uploads\/2026\/04\/ANTI-CORRUPTION-POLICY_website.pdf\" target=\"_blank\" rel=\"noopener\" title=\"\">Vers\u00e3o EN<\/a><br>Baixe nosso <strong>Procedimento de Den\u00fancia<\/strong>: <a href=\"https:\/\/www.spig-gmab.com\/whistleblowing\/whistleblowing-procedure-ENG.pdf\" target=\"_blank\" rel=\"noopener\" title=\"\">Vers\u00e3o EN<\/a> <br><\/p><\/div><\/div>\n<\/div>\n<\/div><\/div>\n\n\n\n<div class=\"wp-block-uagb-container uagb-block-d8778889 alignfull uagb-is-root-container\"><div class=\"uagb-container-inner-blocks-wrap\">\n<div class=\"wp-block-uagb-container uagb-block-90f775dd\">\n<div class=\"wp-block-uagb-info-box uagb-block-e7496786 uagb-infobox__content-wrap  uagb-infobox-icon-above-title uagb-infobox-image-valign-top\"><div class=\"uagb-ifb-content\"><div class=\"uagb-ifb-title-wrap\"><\/div><\/div><\/div>\n<\/div>\n\n\n\n<div class=\"wp-block-uagb-container uagb-block-dc2bf124\"><\/div>\n<\/div><\/div>\n\n\n\n<div class=\"wp-block-uagb-container uagb-block-4544867c alignfull uagb-is-root-container\"><\/div>\n","protected":false},"excerpt":{"rendered":"","protected":false},"author":1,"featured_media":0,"parent":0,"menu_order":0,"comment_status":"closed","ping_status":"closed","template":"","meta":{"_uag_custom_page_level_css":"","_monsterinsights_skip_tracking":false,"_monsterinsights_sitenote_active":false,"_monsterinsights_sitenote_note":"","_monsterinsights_sitenote_category":0,"site-sidebar-layout":"default","site-content-layout":"","ast-site-content-layout":"default","site-content-style":"default","site-sidebar-style":"default","ast-global-header-display":"","ast-banner-title-visibility":"","ast-main-header-display":"","ast-hfb-above-header-display":"","ast-hfb-below-header-display":"","ast-hfb-mobile-header-display":"","site-post-title":"disabled","ast-breadcrumbs-content":"","ast-featured-img":"","footer-sml-layout":"","ast-disable-related-posts":"","theme-transparent-header-meta":"","adv-header-id-meta":"","stick-header-meta":"","header-above-stick-meta":"","header-main-stick-meta":"","header-below-stick-meta":"","astra-migrate-meta-layouts":"default","ast-page-background-enabled":"default","ast-page-background-meta":{"desktop":{"background-color":"var(--ast-global-color-4)","background-image":"","background-repeat":"repeat","background-position":"center center","background-size":"auto","background-attachment":"scroll","background-type":"","background-media":"","overlay-type":"","overlay-color":"","overlay-opacity":"","overlay-gradient":""},"tablet":{"background-color":"","background-image":"","background-repeat":"repeat","background-position":"center center","background-size":"auto","background-attachment":"scroll","background-type":"","background-media":"","overlay-type":"","overlay-color":"","overlay-opacity":"","overlay-gradient":""},"mobile":{"background-color":"","background-image":"","background-repeat":"repeat","background-position":"center center","background-size":"auto","background-attachment":"scroll","background-type":"","background-media":"","overlay-type":"","overlay-color":"","overlay-opacity":"","overlay-gradient":""}},"ast-content-background-meta":{"desktop":{"background-color":"var(--ast-global-color-5)","background-image":"","background-repeat":"repeat","background-position":"center center","background-size":"auto","background-attachment":"scroll","background-type":"","background-media":"","overlay-type":"","overlay-color":"","overlay-opacity":"","overlay-gradient":""},"tablet":{"background-color":"var(--ast-global-color-5)","background-image":"","background-repeat":"repeat","background-position":"center center","background-size":"auto","background-attachment":"scroll","background-type":"","background-media":"","overlay-type":"","overlay-color":"","overlay-opacity":"","overlay-gradient":""},"mobile":{"background-color":"var(--ast-global-color-5)","background-image":"","background-repeat":"repeat","background-position":"center center","background-size":"auto","background-attachment":"scroll","background-type":"","background-media":"","overlay-type":"","overlay-color":"","overlay-opacity":"","overlay-gradient":""}},"footnotes":""},"class_list":["post-6628","page","type-page","status-publish","hentry"],"aioseo_notices":[],"uagb_featured_image_src":{"full":false,"thumbnail":false,"medium":false,"medium_large":false,"large":false,"1536x1536":false,"2048x2048":false},"uagb_author_info":{"display_name":"multimedia@studiokey.it","author_link":"https:\/\/www.spig-gmab.com\/pt-br\/author\/multimediastudiokey-it\/"},"uagb_comment_info":0,"uagb_excerpt":null,"_links":{"self":[{"href":"https:\/\/www.spig-gmab.com\/pt-br\/wp-json\/wp\/v2\/pages\/6628","targetHints":{"allow":["GET"]}}],"collection":[{"href":"https:\/\/www.spig-gmab.com\/pt-br\/wp-json\/wp\/v2\/pages"}],"about":[{"href":"https:\/\/www.spig-gmab.com\/pt-br\/wp-json\/wp\/v2\/types\/page"}],"author":[{"embeddable":true,"href":"https:\/\/www.spig-gmab.com\/pt-br\/wp-json\/wp\/v2\/users\/1"}],"replies":[{"embeddable":true,"href":"https:\/\/www.spig-gmab.com\/pt-br\/wp-json\/wp\/v2\/comments?post=6628"}],"version-history":[{"count":13,"href":"https:\/\/www.spig-gmab.com\/pt-br\/wp-json\/wp\/v2\/pages\/6628\/revisions"}],"predecessor-version":[{"id":9959,"href":"https:\/\/www.spig-gmab.com\/pt-br\/wp-json\/wp\/v2\/pages\/6628\/revisions\/9959"}],"wp:attachment":[{"href":"https:\/\/www.spig-gmab.com\/pt-br\/wp-json\/wp\/v2\/media?parent=6628"}],"curies":[{"name":"wp","href":"https:\/\/api.w.org\/{rel}","templated":true}]}}