{"id":6622,"date":"2024-10-31T10:54:09","date_gmt":"2024-10-31T10:54:09","guid":{"rendered":"https:\/\/www.spig-gmab.com\/visao-e-missao\/"},"modified":"2025-03-13T02:21:12","modified_gmt":"2025-03-13T02:21:12","slug":"visao-e-missao","status":"publish","type":"page","link":"https:\/\/www.spig-gmab.com\/pt-br\/visao-e-missao\/","title":{"rendered":"Vis\u00e3o e miss\u00e3o"},"content":{"rendered":"\n<div class=\"wp-block-uagb-container uagb-block-zgbhmcgz alignfull uagb-is-root-container\"><div class=\"uagb-container__video-wrap\"><video autoplay loop muted playsinline><source src=\"https:\/\/www.spig-gmab.com\/wp-content\/uploads\/2025\/01\/Sand_V1_SPIG_GMAB_web.mp4\" type=\"video\/mp4\"\/><\/video><\/div><div class=\"uagb-container-inner-blocks-wrap\">\n<div class=\"wp-block-uagb-info-box uagb-block-ew04gv8n uagb-infobox__content-wrap  uagb-infobox-icon-above-title uagb-infobox-image-valign-top\"><div class=\"uagb-ifb-content\"><div class=\"uagb-ifb-title-wrap\"><h1 class=\"uagb-ifb-title\">Vis\u00e3o e miss\u00e3o<\/h1><\/div><p class=\"uagb-ifb-desc\">A clean path forward<\/p><\/div><\/div>\n<\/div><\/div>\n\n<div class=\"wp-block-uagb-container uagb-block-4neen65n alignfull uagb-is-root-container\"><div class=\"uagb-container-inner-blocks-wrap\">\n<div class=\"wp-block-uagb-container uagb-block-9b8f2899\">\n<div data-aos= \"fade-up\" data-aos-duration=\"400\" data-aos-delay=\"0\" data-aos-easing=\"ease\" data-aos-once=\"true\" class=\"wp-block-uagb-image alignright uagb-block-krkibjso wp-block-uagb-image--layout-default wp-block-uagb-image--effect-static wp-block-uagb-image--align-right figure-100\"><figure class=\"wp-block-uagb-image__figure\"><img decoding=\"async\" srcset=\"https:\/\/www.spig-gmab.com\/wp-content\/uploads\/2024\/10\/SPIG-GMAB_Vision-scaled.jpg ,https:\/\/www.spig-gmab.com\/wp-content\/uploads\/2024\/10\/SPIG-GMAB_Vision-scaled.jpg 780w, https:\/\/www.spig-gmab.com\/wp-content\/uploads\/2024\/10\/SPIG-GMAB_Vision-scaled.jpg 360w\" sizes=\"auto, (max-width: 480px) 150px\" src=\"https:\/\/www.spig-gmab.com\/wp-content\/uploads\/2024\/10\/SPIG-GMAB_Vision-scaled.jpg\" alt=\"\" class=\"uag-image-4254\" width=\"564\" height=\"423\" title=\"\" loading=\"lazy\" role=\"presentation\"><\/figure><\/div>\n<\/div>\n\n\n\n<div data-aos= \"fade-left\" data-aos-duration=\"400\" data-aos-delay=\"0\" data-aos-easing=\"ease\" data-aos-once=\"true\" class=\"wp-block-uagb-container uagb-block-slvpzmfu\">\n<div class=\"wp-block-group is-layout-flow wp-block-group-is-layout-flow\" style=\"padding-right:0px\">\n<h2 class=\"wp-block-heading\" style=\"padding-right:0px;font-style:normal;font-weight:800\">Nossa vis\u00e3o<\/h2>\n\n\n\n<p>Tornar-se a primeira op\u00e7\u00e3o para tecnologias ambientais e de resfriamento montadas em campo, preservando os recursos do nosso planeta.<\/p>\n\n\n\n<p><strong>Valores do SPIG-GMAB:<\/strong><\/p>\n\n\n\n<ul class=\"wp-block-list\" start=\"1\">\n<li><strong>Seja sempre pontual<\/strong><br\/>Aja prontamente, evite adiamentos, esteja dispon\u00edvel e trabalhe diligentemente para entregar nossos projetos no prazo e com zero defeitos, antecipe desafios, permane\u00e7a \u00e1gil para superar eventos inesperados, diga a verdade para construir confian\u00e7a: esses s\u00e3o os princ\u00edpios que orientam a execu\u00e7\u00e3o de nossos projetos.<\/li>\n\n\n\n<li><strong>Melhorar todos os dias<\/strong><br\/>Ao estimular a curiosidade, ampliar nossas habilidades, inovar diariamente, simplificar processos, colaborar com parceiros e clientes em novas ideias e tecnologias, testar novas abordagens sem medo e recompensar a coragem e os riscos calculados, todos n\u00f3s cresceremos.<\/li>\n\n\n\n<li><strong>Incentivar e ajudar<\/strong><br\/>Cultura de feedback, respeito, apoio m\u00fatuo, falar alto, compartilhar informa\u00e7\u00f5es, energizar os outros, ver o potencial de nossos colegas, dar cr\u00e9dito, comemorar pequenos e grandes sucessos: esses s\u00e3o os comportamentos de nosso grupo.<\/li>\n<\/ul>\n<\/div>\n<\/div>\n<\/div><\/div>\n\n<div class=\"wp-block-uagb-container uagb-block-2b88301c alignfull uagb-is-root-container\"><div class=\"uagb-container-inner-blocks-wrap\">\n<div data-aos= \"fade-right\" data-aos-duration=\"400\" data-aos-delay=\"0\" data-aos-easing=\"ease\" data-aos-once=\"true\" class=\"wp-block-uagb-container uagb-block-e3e9fcd8\">\n<div class=\"wp-block-group is-layout-flow wp-block-group-is-layout-flow\" style=\"padding-right:0px\">\n<h2 class=\"wp-block-heading\" style=\"padding-right:0px;font-style:normal;font-weight:800\">Nossa miss\u00e3o<\/h2>\n\n\n\n<p>Na SPIG-GMAB, nosso compromisso com a sustentabilidade global nos leva a fornecer solu\u00e7\u00f5es inovadoras que preservam a \u00e1gua e melhoram a qualidade do ar. Focamos em tecnologias de ponta que minimizam o impacto ambiental e melhoram o desempenho industrial. <\/p>\n\n\n\n<p>A SPIG \u00e9 especializada no projeto e na engenharia de sistemas avan\u00e7ados de resfriamento \u00famido, h\u00edbrido e seco. Esses sistemas utilizam ciclos de \u00e1gua em circuito fechado e tecnologias h\u00edbridas para otimizar a efici\u00eancia do resfriamento, reduzindo significativamente o consumo de \u00e1gua e promovendo a conserva\u00e7\u00e3o de recursos. <\/p>\n\n\n\n<p>A GMAB \u00e9 l\u00edder do setor no fornecimento de tecnologias de tratamento de gases de combust\u00e3o e de recupera\u00e7\u00e3o de energia para usinas el\u00e9tricas movidas a res\u00edduos e biomassa, bem como para v\u00e1rias aplica\u00e7\u00f5es industriais. Nossos sistemas de \u00faltima gera\u00e7\u00e3o s\u00e3o projetados para controlar uma ampla gama de poluentes, garantindo um ar mais limpo e contribuindo para um futuro mais sustent\u00e1vel e eficiente em termos de energia. <\/p>\n<\/div>\n<\/div>\n\n\n\n<div data-aos= \"fade-up\" data-aos-duration=\"400\" data-aos-delay=\"0\" data-aos-easing=\"ease\" data-aos-once=\"true\" class=\"wp-block-uagb-container uagb-block-316cd966\">\n<div class=\"wp-block-uagb-image aligncenter uagb-block-a2add538 wp-block-uagb-image--layout-default wp-block-uagb-image--effect-static wp-block-uagb-image--align-center figure-100\"><figure class=\"wp-block-uagb-image__figure\"><img decoding=\"async\" srcset=\"https:\/\/www.spig-gmab.com\/wp-content\/uploads\/2024\/09\/Landscape_01_pexels-eberhardgross-858115-edited-1024x576.jpg ,https:\/\/www.spig-gmab.com\/wp-content\/uploads\/2024\/09\/Landscape_01_pexels-eberhardgross-858115-edited-scaled.jpg 780w, https:\/\/www.spig-gmab.com\/wp-content\/uploads\/2024\/09\/Landscape_01_pexels-eberhardgross-858115-edited-scaled.jpg 360w\" sizes=\"auto, (max-width: 480px) 150px\" src=\"https:\/\/www.spig-gmab.com\/wp-content\/uploads\/2024\/09\/Landscape_01_pexels-eberhardgross-858115-edited-1024x576.jpg\" alt=\"\" class=\"uag-image-1807\" width=\"564\" height=\"423\" title=\"\" loading=\"lazy\" role=\"presentation\"><\/figure><\/div>\n<\/div>\n<\/div><\/div>\n\n<div class=\"wp-block-uagb-container uagb-block-4544867c alignfull uagb-is-root-container\"><\/div>\n","protected":false},"excerpt":{"rendered":"<p>Nossa vis\u00e3o Tornar-se a primeira op\u00e7\u00e3o para tecnologias ambientais e de resfriamento montadas em campo, preservando os recursos do nosso [&hellip;]<\/p>\n","protected":false},"author":1,"featured_media":0,"parent":0,"menu_order":0,"comment_status":"closed","ping_status":"closed","template":"","meta":{"_uag_custom_page_level_css":"","_monsterinsights_skip_tracking":false,"_monsterinsights_sitenote_active":false,"_monsterinsights_sitenote_note":"","_monsterinsights_sitenote_category":0,"site-sidebar-layout":"default","site-content-layout":"","ast-site-content-layout":"default","site-content-style":"default","site-sidebar-style":"default","ast-global-header-display":"","ast-banner-title-visibility":"","ast-main-header-display":"","ast-hfb-above-header-display":"","ast-hfb-below-header-display":"","ast-hfb-mobile-header-display":"","site-post-title":"disabled","ast-breadcrumbs-content":"","ast-featured-img":"","footer-sml-layout":"","ast-disable-related-posts":"","theme-transparent-header-meta":"","adv-header-id-meta":"","stick-header-meta":"","header-above-stick-meta":"","header-main-stick-meta":"","header-below-stick-meta":"","astra-migrate-meta-layouts":"default","ast-page-background-enabled":"default","ast-page-background-meta":{"desktop":{"background-color":"var(--ast-global-color-4)","background-image":"","background-repeat":"repeat","background-position":"center center","background-size":"auto","background-attachment":"scroll","background-type":"","background-media":"","overlay-type":"","overlay-color":"","overlay-opacity":"","overlay-gradient":""},"tablet":{"background-color":"","background-image":"","background-repeat":"repeat","background-position":"center center","background-size":"auto","background-attachment":"scroll","background-type":"","background-media":"","overlay-type":"","overlay-color":"","overlay-opacity":"","overlay-gradient":""},"mobile":{"background-color":"","background-image":"","background-repeat":"repeat","background-position":"center center","background-size":"auto","background-attachment":"scroll","background-type":"","background-media":"","overlay-type":"","overlay-color":"","overlay-opacity":"","overlay-gradient":""}},"ast-content-background-meta":{"desktop":{"background-color":"var(--ast-global-color-5)","background-image":"","background-repeat":"repeat","background-position":"center center","background-size":"auto","background-attachment":"scroll","background-type":"","background-media":"","overlay-type":"","overlay-color":"","overlay-opacity":"","overlay-gradient":""},"tablet":{"background-color":"var(--ast-global-color-5)","background-image":"","background-repeat":"repeat","background-position":"center center","background-size":"auto","background-attachment":"scroll","background-type":"","background-media":"","overlay-type":"","overlay-color":"","overlay-opacity":"","overlay-gradient":""},"mobile":{"background-color":"var(--ast-global-color-5)","background-image":"","background-repeat":"repeat","background-position":"center center","background-size":"auto","background-attachment":"scroll","background-type":"","background-media":"","overlay-type":"","overlay-color":"","overlay-opacity":"","overlay-gradient":""}},"footnotes":""},"class_list":["post-6622","page","type-page","status-publish","hentry"],"aioseo_notices":[],"uagb_featured_image_src":{"full":false,"thumbnail":false,"medium":false,"medium_large":false,"large":false,"1536x1536":false,"2048x2048":false},"uagb_author_info":{"display_name":"multimedia@studiokey.it","author_link":"https:\/\/www.spig-gmab.com\/pt-br\/author\/multimediastudiokey-it\/"},"uagb_comment_info":0,"uagb_excerpt":"Nossa vis\u00e3o Tornar-se a primeira op\u00e7\u00e3o para tecnologias ambientais e de resfriamento montadas em campo, preservando os recursos do nosso [&hellip;]","_links":{"self":[{"href":"https:\/\/www.spig-gmab.com\/pt-br\/wp-json\/wp\/v2\/pages\/6622","targetHints":{"allow":["GET"]}}],"collection":[{"href":"https:\/\/www.spig-gmab.com\/pt-br\/wp-json\/wp\/v2\/pages"}],"about":[{"href":"https:\/\/www.spig-gmab.com\/pt-br\/wp-json\/wp\/v2\/types\/page"}],"author":[{"embeddable":true,"href":"https:\/\/www.spig-gmab.com\/pt-br\/wp-json\/wp\/v2\/users\/1"}],"replies":[{"embeddable":true,"href":"https:\/\/www.spig-gmab.com\/pt-br\/wp-json\/wp\/v2\/comments?post=6622"}],"version-history":[{"count":7,"href":"https:\/\/www.spig-gmab.com\/pt-br\/wp-json\/wp\/v2\/pages\/6622\/revisions"}],"predecessor-version":[{"id":7649,"href":"https:\/\/www.spig-gmab.com\/pt-br\/wp-json\/wp\/v2\/pages\/6622\/revisions\/7649"}],"wp:attachment":[{"href":"https:\/\/www.spig-gmab.com\/pt-br\/wp-json\/wp\/v2\/media?parent=6622"}],"curies":[{"name":"wp","href":"https:\/\/api.w.org\/{rel}","templated":true}]}}