{"id":6580,"date":"2024-10-29T09:40:43","date_gmt":"2024-10-29T09:40:43","guid":{"rendered":"https:\/\/www.spig-gmab.com\/sobre-nos\/"},"modified":"2025-02-18T14:22:02","modified_gmt":"2025-02-18T14:22:02","slug":"sobre-nos","status":"publish","type":"page","link":"https:\/\/www.spig-gmab.com\/pt-br\/sobre-nos\/","title":{"rendered":"Sobre n\u00f3s"},"content":{"rendered":"\n<div class=\"wp-block-uagb-container uagb-block-zgbhmcgz alignfull uagb-is-root-container\"><div class=\"uagb-container-inner-blocks-wrap\">\n<div class=\"wp-block-uagb-info-box uagb-block-ew04gv8n uagb-infobox__content-wrap  uagb-infobox-icon-above-title uagb-infobox-image-valign-top\"><div class=\"uagb-ifb-content\"><div class=\"uagb-ifb-title-wrap\"><h1 class=\"uagb-ifb-title\">Sobre n\u00f3s<\/h1><\/div><p class=\"uagb-ifb-desc\">A SPIG e a GMAB fazem parte da AUCTUS Capital Partners AG<\/p><\/div><\/div>\n<\/div><\/div>\n\n<div class=\"wp-block-uagb-container uagb-block-4neen65n alignfull uagb-is-root-container\"><div class=\"uagb-container-inner-blocks-wrap\">\n<div class=\"wp-block-uagb-container uagb-block-slvpzmfu\">\n<div class=\"wp-block-uagb-info-box uagb-block-sfoqfciu uagb-infobox__content-wrap  uagb-infobox-icon-above-title uagb-infobox-image-valign-top\"><div class=\"uagb-ifb-content\"><div class=\"uagb-ifb-title-wrap\"><h2 class=\"uagb-ifb-title\"><strong>Conhe\u00e7a nossa hist\u00f3ria<\/strong><\/h2><\/div><p class=\"uagb-ifb-desc\">A SPIG e a GMAB fazem parte da AUCTUS Capital Partners AG. Fundada em 2001, a AUCTUS est\u00e1 entre as principais empresas de investimento focadas em empresas europ\u00e9ias de pequeno e m\u00e9dio porte. Por meio de nossas estrat\u00e9gias de buy-and-build, a AUCTUS criou mais l\u00edderes de mercado do que qualquer outro fundo na Europa. A AUCTUS \u00e9, de longe, a empresa de private equity mais ativa na Alemanha. A AUCTUS mant\u00e9m essa posi\u00e7\u00e3o de lideran\u00e7a mesmo em um ambiente de mercado desafiador para empresas de investimento e ao contr\u00e1rio da tend\u00eancia atual, em que o n\u00famero de investidores de private equity est\u00e1 diminuindo em favor de compradores estrat\u00e9gicos.    <\/p><\/div><\/div>\n<\/div>\n<\/div><\/div>\n\n<div class=\"wp-block-uagb-container uagb-block-536fa3a7 alignfull uagb-is-root-container\"><div class=\"uagb-container-inner-blocks-wrap\">\n<div class=\"wp-block-uagb-image alignright uagb-block-6699cf04 wp-block-uagb-image--layout-default wp-block-uagb-image--effect-static wp-block-uagb-image--align-right alignleft\"><figure class=\"wp-block-uagb-image__figure\"><img decoding=\"async\" srcset=\"https:\/\/www.spig-gmab.com\/wp-content\/uploads\/2024\/09\/SPIG_Eng_History_Forex_mod-768x1024.jpg ,https:\/\/www.spig-gmab.com\/wp-content\/uploads\/2024\/09\/SPIG_Eng_History_Forex_mod.jpg 780w, https:\/\/www.spig-gmab.com\/wp-content\/uploads\/2024\/09\/SPIG_Eng_History_Forex_mod.jpg 360w\" sizes=\"auto, (max-width: 480px) 150px\" src=\"https:\/\/www.spig-gmab.com\/wp-content\/uploads\/2024\/09\/SPIG_Eng_History_Forex_mod-768x1024.jpg\" alt=\"\" class=\"uag-image-1689\" width=\"564\" height=\"423\" title=\"SPIG_Eng_History_Forex_mod\" loading=\"lazy\" role=\"img\"><figcaption class=\"uagb-image-caption\">Fundadores da SPIG, 1923<\/figcaption><\/figure><\/div>\n\n\n\n<div class=\"wp-block-uagb-container uagb-block-0356e1e5\">\n<div class=\"wp-block-uagb-info-box uagb-block-366e9207 uagb-infobox__content-wrap  uagb-infobox-icon-above-title uagb-infobox-image-valign-top\"><div class=\"uagb-ifb-content\"><div class=\"uagb-ifb-title-wrap\"><h2 class=\"uagb-ifb-title\"><strong>SPIG<\/strong><\/h2><\/div><p class=\"uagb-ifb-desc\">A SPIG opera globalmente, fornecendo uma ampla gama de sistemas de resfriamento. Desde 1936, projetamos, concebemos e instalamos muitos projetos de sistemas de refrigera\u00e7\u00e3o de \u00faltima gera\u00e7\u00e3o para variados setores. A SPIG \u00e9 uma fornecedora global de sistemas e servi\u00e7os de resfriamento com engenharia personalizada.   <br\/>Fundada na It\u00e1lia em 1936, as solu\u00e7\u00f5es da SPIG s\u00e3o conhecidas em todo o mundo, baseadas em projetos e opera\u00e7\u00f5es em quase 50 pa\u00edses. Nosso centro de excel\u00eancia de sistemas de resfriamento de Paruzzaro emprega aproximadamente 150 pessoas em v\u00e1rios pa\u00edses.  <br\/>Nossa experi\u00eancia inclui solu\u00e7\u00f5es de resfriamento via \u00famida, seca e \u00famida\/seca (h\u00edbrida), conforme ditado pelos requisitos espec\u00edficos do local. Podemos fornecer sistemas de tiragem mec\u00e2nica e natural e projetar para uma ampla gama de especifica\u00e7\u00f5es de projeto, como cargas s\u00edsmicas elevadas, controle de vibra\u00e7\u00e3o, corros\u00e3o, controle de ru\u00eddo, opera\u00e7\u00e3o de subcongelamento e uso de \u00e1gua do mar.  <br\/>Os projetos destacados abaixo s\u00e3o exemplos de como a SPIG tem fornecido solu\u00e7\u00f5es de sistemas de resfriamento l\u00edderes do setor para clientes em todo o mundo.<\/p><\/div><\/div>\n<\/div>\n<\/div><\/div>\n\n<div class=\"wp-block-uagb-container uagb-block-2b88301c alignfull uagb-is-root-container\"><div class=\"uagb-container-inner-blocks-wrap\">\n<div class=\"wp-block-uagb-container uagb-block-e3e9fcd8\">\n<div class=\"wp-block-uagb-info-box uagb-block-890485e5 uagb-infobox__content-wrap  uagb-infobox-icon-above-title uagb-infobox-image-valign-top\"><div class=\"uagb-ifb-content\"><div class=\"uagb-ifb-title-wrap\"><h2 class=\"uagb-ifb-title\"><strong>GMAB<\/strong><\/h2><\/div><p class=\"uagb-ifb-desc\">A G\u00f6taverken foi fundada em 1841 e produziu navios, caldeiras, motores a diesel e at\u00e9 avi\u00f5es. A G\u00f6taverken Milj\u00f6 AB (GMAB) foi fundada em 1988 como um spin-off da G\u00f6taverken Energy Systems. O primeiro grande projeto foram as bombas de calor de compress\u00e3o na GRYAB e tr\u00eas linhas de tratamento de g\u00e1s de combust\u00e3o \u00famido com condensa\u00e7\u00e3o de g\u00e1s de combust\u00e3o em 1988 na GRAAB, ambas em Gotemburgo. Essa foi a primeira usina de condensa\u00e7\u00e3o de g\u00e1s de combust\u00e3o do mundo em uma usina de transforma\u00e7\u00e3o de res\u00edduos em energia. A GMAB foi adquirida pela Sj\u00e4tte AP-fonden em 1998. Em 2010, a Babcock &amp; Wilcox V\u00f8lund A\/S adquiriu a GMAB, integrando-a ao seu portf\u00f3lio de solu\u00e7\u00f5es ambientais. Em 2024, a GMAB foi adquirida pela AUCTUS Capital Partners AG e fez parceria com a SPIG SpA. A GMAB \u00e9 conhecida por seus avan\u00e7ados sistemas e tecnologias de limpeza de gases de combust\u00e3o e tem um forte foco no desenvolvimento e comercializa\u00e7\u00e3o de novas tecnologias, al\u00e9m de ter trabalhado com v\u00e1rias universidades e institutos de pesquisa na busca pela redu\u00e7\u00e3o constante das emiss\u00f5es e impacto ambiental. A colabora\u00e7\u00e3o resultou em uma longa gama de tecnologias inovadoras.        <\/p><\/div><\/div>\n<\/div>\n\n\n\n<div class=\"wp-block-uagb-image alignright uagb-block-a2add538 wp-block-uagb-image--layout-default wp-block-uagb-image--effect-static wp-block-uagb-image--align-right alignleft\"><figure class=\"wp-block-uagb-image__figure\"><img decoding=\"async\" srcset=\"https:\/\/www.spig-gmab.com\/wp-content\/uploads\/2024\/09\/Gotaverken-ad-1934.jpg ,https:\/\/www.spig-gmab.com\/wp-content\/uploads\/2024\/09\/Gotaverken-ad-1934.jpg 780w, https:\/\/www.spig-gmab.com\/wp-content\/uploads\/2024\/09\/Gotaverken-ad-1934.jpg 360w\" sizes=\"auto, (max-width: 480px) 150px\" src=\"https:\/\/www.spig-gmab.com\/wp-content\/uploads\/2024\/09\/Gotaverken-ad-1934.jpg\" alt=\"\" class=\"uag-image-1693\" width=\"350\" height=\"423\" title=\"Gotaverken-ad-1934\" loading=\"lazy\" role=\"img\"><figcaption class=\"uagb-image-caption\">G\u00f6taverken em 1934<\/figcaption><\/figure><\/div>\n<\/div><\/div>\n","protected":false},"excerpt":{"rendered":"","protected":false},"author":1,"featured_media":0,"parent":0,"menu_order":0,"comment_status":"closed","ping_status":"closed","template":"","meta":{"_uag_custom_page_level_css":"","_monsterinsights_skip_tracking":false,"_monsterinsights_sitenote_active":false,"_monsterinsights_sitenote_note":"","_monsterinsights_sitenote_category":0,"site-sidebar-layout":"default","site-content-layout":"","ast-site-content-layout":"","site-content-style":"default","site-sidebar-style":"default","ast-global-header-display":"","ast-banner-title-visibility":"","ast-main-header-display":"","ast-hfb-above-header-display":"","ast-hfb-below-header-display":"","ast-hfb-mobile-header-display":"","site-post-title":"disabled","ast-breadcrumbs-content":"","ast-featured-img":"","footer-sml-layout":"","theme-transparent-header-meta":"","adv-header-id-meta":"","stick-header-meta":"","header-above-stick-meta":"","header-main-stick-meta":"","header-below-stick-meta":"","astra-migrate-meta-layouts":"default","ast-page-background-enabled":"default","ast-page-background-meta":{"desktop":{"background-color":"var(--ast-global-color-4)","background-image":"","background-repeat":"repeat","background-position":"center center","background-size":"auto","background-attachment":"scroll","background-type":"","background-media":"","overlay-type":"","overlay-color":"","overlay-opacity":"","overlay-gradient":""},"tablet":{"background-color":"","background-image":"","background-repeat":"repeat","background-position":"center center","background-size":"auto","background-attachment":"scroll","background-type":"","background-media":"","overlay-type":"","overlay-color":"","overlay-opacity":"","overlay-gradient":""},"mobile":{"background-color":"","background-image":"","background-repeat":"repeat","background-position":"center center","background-size":"auto","background-attachment":"scroll","background-type":"","background-media":"","overlay-type":"","overlay-color":"","overlay-opacity":"","overlay-gradient":""}},"ast-content-background-meta":{"desktop":{"background-color":"var(--ast-global-color-5)","background-image":"","background-repeat":"repeat","background-position":"center center","background-size":"auto","background-attachment":"scroll","background-type":"","background-media":"","overlay-type":"","overlay-color":"","overlay-opacity":"","overlay-gradient":""},"tablet":{"background-color":"var(--ast-global-color-5)","background-image":"","background-repeat":"repeat","background-position":"center center","background-size":"auto","background-attachment":"scroll","background-type":"","background-media":"","overlay-type":"","overlay-color":"","overlay-opacity":"","overlay-gradient":""},"mobile":{"background-color":"var(--ast-global-color-5)","background-image":"","background-repeat":"repeat","background-position":"center center","background-size":"auto","background-attachment":"scroll","background-type":"","background-media":"","overlay-type":"","overlay-color":"","overlay-opacity":"","overlay-gradient":""}},"footnotes":""},"class_list":["post-6580","page","type-page","status-publish","hentry"],"aioseo_notices":[],"uagb_featured_image_src":{"full":false,"thumbnail":false,"medium":false,"medium_large":false,"large":false,"1536x1536":false,"2048x2048":false},"uagb_author_info":{"display_name":"multimedia@studiokey.it","author_link":"https:\/\/www.spig-gmab.com\/pt-br\/author\/multimediastudiokey-it\/"},"uagb_comment_info":0,"uagb_excerpt":null,"_links":{"self":[{"href":"https:\/\/www.spig-gmab.com\/pt-br\/wp-json\/wp\/v2\/pages\/6580","targetHints":{"allow":["GET"]}}],"collection":[{"href":"https:\/\/www.spig-gmab.com\/pt-br\/wp-json\/wp\/v2\/pages"}],"about":[{"href":"https:\/\/www.spig-gmab.com\/pt-br\/wp-json\/wp\/v2\/types\/page"}],"author":[{"embeddable":true,"href":"https:\/\/www.spig-gmab.com\/pt-br\/wp-json\/wp\/v2\/users\/1"}],"replies":[{"embeddable":true,"href":"https:\/\/www.spig-gmab.com\/pt-br\/wp-json\/wp\/v2\/comments?post=6580"}],"version-history":[{"count":9,"href":"https:\/\/www.spig-gmab.com\/pt-br\/wp-json\/wp\/v2\/pages\/6580\/revisions"}],"predecessor-version":[{"id":7395,"href":"https:\/\/www.spig-gmab.com\/pt-br\/wp-json\/wp\/v2\/pages\/6580\/revisions\/7395"}],"wp:attachment":[{"href":"https:\/\/www.spig-gmab.com\/pt-br\/wp-json\/wp\/v2\/media?parent=6580"}],"curies":[{"name":"wp","href":"https:\/\/api.w.org\/{rel}","templated":true}]}}