{"id":6576,"date":"2024-10-03T08:41:54","date_gmt":"2024-10-03T08:41:54","guid":{"rendered":"https:\/\/www.spig-gmab.com\/pecas\/"},"modified":"2025-03-13T01:08:33","modified_gmt":"2025-03-13T01:08:33","slug":"pecas","status":"publish","type":"page","link":"https:\/\/www.spig-gmab.com\/pt-br\/pecas\/","title":{"rendered":"Pe\u00e7as"},"content":{"rendered":"\n<div class=\"wp-block-uagb-container uagb-block-zgbhmcgz alignfull uagb-is-root-container\"><div class=\"uagb-container-inner-blocks-wrap\">\n<div class=\"wp-block-uagb-info-box uagb-block-ew04gv8n uagb-infobox__content-wrap  uagb-infobox-icon-above-title uagb-infobox-image-valign-top\"><div class=\"uagb-ifb-content\"><div class=\"uagb-ifb-title-wrap\"><h1 class=\"uagb-ifb-title\">Pe\u00e7as<\/h1><\/div><p class=\"uagb-ifb-desc\">Melhorar o desempenho, a efici\u00eancia e a confiabilidade do sistema de torre de resfriamento<\/p><\/div><\/div>\n<\/div><\/div>\n\n<div class=\"wp-block-uagb-container uagb-block-8b123ae3 alignfull uagb-is-root-container\"><div class=\"uagb-container-inner-blocks-wrap\">\n<div class=\"wp-block-group is-nowrap is-layout-flex wp-container-core-group-is-layout-1 wp-block-group-is-layout-flex\">\n<div class=\"wp-block-uagb-image uagb-block-6757cbc8 wp-block-uagb-image--layout-default wp-block-uagb-image--effect-static wp-block-uagb-image--align-none\"><figure class=\"wp-block-uagb-image__figure\"><img decoding=\"async\" srcset=\"https:\/\/www.spig-gmab.com\/wp-content\/uploads\/2024\/11\/SPIG-Wet-Cooling-Tower-Parts.jpg ,https:\/\/www.spig-gmab.com\/wp-content\/uploads\/2024\/11\/SPIG-Wet-Cooling-Tower-Parts.jpg 780w, https:\/\/www.spig-gmab.com\/wp-content\/uploads\/2024\/11\/SPIG-Wet-Cooling-Tower-Parts.jpg 360w\" sizes=\"auto, (max-width: 480px) 150px\" src=\"https:\/\/www.spig-gmab.com\/wp-content\/uploads\/2024\/11\/SPIG-Wet-Cooling-Tower-Parts.jpg\" alt=\"\" class=\"uag-image-6165\" width=\"600\" height=\"400\" title=\"Pe\u00e7as de torre de resfriamento \u00famido SPIG\" loading=\"lazy\" role=\"img\"><\/figure><\/div>\n<\/div>\n\n\n\n<div class=\"wp-block-uagb-container uagb-block-43532781\">\n<div class=\"wp-block-uagb-info-box uagb-block-39a9faf6 uagb-infobox__content-wrap  uagb-infobox-icon-above-title uagb-infobox-image-valign-top\"><div class=\"uagb-ifb-content\"><div class=\"uagb-ifb-title-wrap\"><h2 class=\"uagb-ifb-title\">Pe\u00e7as da torre de resfriamento \u00famido SPIG<\/h2><\/div><p class=\"uagb-ifb-desc\">Fornecemos servi\u00e7os de p\u00f3s-venda abrangentes, incluindo suporte operacional, manuten\u00e7\u00e3o, treinamento, atualiza\u00e7\u00f5es e pe\u00e7as de reposi\u00e7\u00e3o.<br\/>Nossas pe\u00e7as e componentes de reposi\u00e7\u00e3o para torres de resfriamento s\u00e3o confi\u00e1veis e comprovados para manter seu equipamento operando em n\u00edveis ideais de efici\u00eancia, independentemente do fabricante original. Os componentes de qualidade est\u00e3o dispon\u00edveis para entrega r\u00e1pida em uma rede mundial de fornecedores, proporcionando ao cliente uma opera\u00e7\u00e3o cont\u00ednua e segura da planta. <\/p><\/div><\/div>\n<\/div>\n<\/div><\/div>\n\n<div class=\"wp-block-uagb-container uagb-layout-grid uagb-block-fe82b7f7 alignfull uagb-is-root-container\"><div class=\"uagb-container-inner-blocks-wrap\">\n<div data-aos= \"flip-left\" data-aos-duration=\"400\" data-aos-delay=\"0\" data-aos-easing=\"ease\" data-aos-once=\"true\" class=\"wp-block-uagb-container uagb-block-26b63c1e\">\n<div class=\"wp-block-uagb-image uagb-block-00d8819f wp-block-uagb-image--layout-default wp-block-uagb-image--effect-static wp-block-uagb-image--align-none\"><figure class=\"wp-block-uagb-image__figure\"><img decoding=\"async\" srcset=\"https:\/\/www.spig-gmab.com\/wp-content\/uploads\/2024\/10\/Film_Fills_24-9_web-1024x384.jpg ,https:\/\/www.spig-gmab.com\/wp-content\/uploads\/2024\/10\/Film_Fills_24-9_web-scaled.jpg 780w, https:\/\/www.spig-gmab.com\/wp-content\/uploads\/2024\/10\/Film_Fills_24-9_web-scaled.jpg 360w\" sizes=\"auto, (max-width: 480px) 150px\" src=\"https:\/\/www.spig-gmab.com\/wp-content\/uploads\/2024\/10\/Film_Fills_24-9_web-1024x384.jpg\" alt=\"\" class=\"uag-image-1957\" width=\"528\" height=\"156\" title=\"Filme_Fills_24-9_web\" loading=\"lazy\" role=\"img\"><\/figure><\/div>\n\n\n\n<div class=\"wp-block-uagb-info-box uagb-block-c3326b63 uagb-infobox__content-wrap  uagb-infobox-icon-above-title uagb-infobox-image-valign-top\"><div class=\"uagb-ifb-content\"><div class=\"uagb-ifb-title-wrap\"><h3 class=\"uagb-ifb-title\">Enchimentos tipo filme<\/h3><\/div><p class=\"uagb-ifb-desc\">O sistema de resfriamento \u00famido SPIG transforma as got\u00edculas de \u00e1gua produzidas pelos bicos de distribui\u00e7\u00e3o em uma pel\u00edcula fina para um resfriamento altamente eficiente, produzindo uma grande \u00e1rea para a transfer\u00eancia e evapora\u00e7\u00e3o eficazes de calor.<\/p><\/div><\/div>\n<\/div>\n\n\n\n<div data-aos= \"flip-left\" data-aos-duration=\"400\" data-aos-delay=\"0\" data-aos-easing=\"ease\" data-aos-once=\"true\" class=\"wp-block-uagb-container uagb-block-cc23834f\">\n<div class=\"wp-block-uagb-image uagb-block-49c50d20 wp-block-uagb-image--layout-default wp-block-uagb-image--effect-static wp-block-uagb-image--align-none\"><figure class=\"wp-block-uagb-image__figure\"><img decoding=\"async\" srcset=\"https:\/\/www.spig-gmab.com\/wp-content\/uploads\/2024\/10\/StarX25_02_mod2-1024x384.jpg ,https:\/\/www.spig-gmab.com\/wp-content\/uploads\/2024\/10\/StarX25_02_mod2.jpg 780w, https:\/\/www.spig-gmab.com\/wp-content\/uploads\/2024\/10\/StarX25_02_mod2.jpg 360w\" sizes=\"auto, (max-width: 480px) 150px\" src=\"https:\/\/www.spig-gmab.com\/wp-content\/uploads\/2024\/10\/StarX25_02_mod2-1024x384.jpg\" alt=\"\" class=\"uag-image-2125\" width=\"528\" height=\"156\" title=\"StarX25_02_mod2\" loading=\"lazy\" role=\"img\"><\/figure><\/div>\n\n\n\n<div class=\"wp-block-uagb-info-box uagb-block-247ec641 uagb-infobox__content-wrap  uagb-infobox-icon-above-title uagb-infobox-image-valign-top\"><div class=\"uagb-ifb-content\"><div class=\"uagb-ifb-title-wrap\"><h3 class=\"uagb-ifb-title\">Enchimentos tipo respingos<\/h3><\/div><p class=\"uagb-ifb-desc\">Nossa ampla variedade de componentes de enchimento de respingos foi desenvolvida com base em ampla experi\u00eancia de campo, especialmente com \u00e1gua propensa a entupimento, como a \u00e1gua do mar,<br\/>efluentes industriais, e a \u00e1gua geot\u00e9rmica.<\/p><\/div><\/div>\n<\/div>\n\n\n\n<div data-aos= \"flip-left\" data-aos-duration=\"400\" data-aos-delay=\"0\" data-aos-easing=\"ease\" data-aos-once=\"true\" class=\"wp-block-uagb-container uagb-block-da2f0fcb\">\n<div class=\"wp-block-uagb-image uagb-block-eea2f783 wp-block-uagb-image--layout-default wp-block-uagb-image--effect-static wp-block-uagb-image--align-none\"><figure class=\"wp-block-uagb-image__figure\"><img decoding=\"async\" srcset=\"https:\/\/www.spig-gmab.com\/wp-content\/uploads\/2024\/10\/Distribution_Nozzles_24-9_web-1024x384.jpg ,https:\/\/www.spig-gmab.com\/wp-content\/uploads\/2024\/10\/Distribution_Nozzles_24-9_web-scaled.jpg 780w, https:\/\/www.spig-gmab.com\/wp-content\/uploads\/2024\/10\/Distribution_Nozzles_24-9_web-scaled.jpg 360w\" sizes=\"auto, (max-width: 480px) 150px\" src=\"https:\/\/www.spig-gmab.com\/wp-content\/uploads\/2024\/10\/Distribution_Nozzles_24-9_web-1024x384.jpg\" alt=\"\" class=\"uag-image-1955\" width=\"528\" height=\"156\" title=\"Distribui\u00e7\u00e3o_Nozzles_24-9_web\" loading=\"lazy\" role=\"img\"><\/figure><\/div>\n\n\n\n<div class=\"wp-block-uagb-info-box uagb-block-317df9e3 uagb-infobox__content-wrap  uagb-infobox-icon-above-title uagb-infobox-image-valign-top\"><div class=\"uagb-ifb-content\"><div class=\"uagb-ifb-title-wrap\"><h3 class=\"uagb-ifb-title\">Bicos de distribui\u00e7\u00e3o<\/h3><\/div><p class=\"uagb-ifb-desc\">Os bicos de distribui\u00e7\u00e3o s\u00e3o projetados de forma eficaz e garantem um fornecimento uniforme de \u00e1gua sobre o enchimento. Os bicos de distribui\u00e7\u00e3o da SPIG foram desenvolvidos ap\u00f3s extensos e bem-sucedidos resultados de testes de desempenho e s\u00e3o provados em muitas instala\u00e7\u00f5es.  <\/p><\/div><\/div>\n<\/div>\n\n\n\n<div data-aos= \"flip-left\" data-aos-duration=\"400\" data-aos-delay=\"0\" data-aos-easing=\"ease\" data-aos-once=\"true\" class=\"wp-block-uagb-container uagb-block-8aaec6d9\">\n<div class=\"wp-block-uagb-image uagb-block-3e3b7a92 wp-block-uagb-image--layout-default wp-block-uagb-image--effect-static wp-block-uagb-image--align-none\"><figure class=\"wp-block-uagb-image__figure\"><img decoding=\"async\" srcset=\"https:\/\/www.spig-gmab.com\/wp-content\/uploads\/2024\/10\/Drift_Eliminators_24-9_web-1024x384.jpg ,https:\/\/www.spig-gmab.com\/wp-content\/uploads\/2024\/10\/Drift_Eliminators_24-9_web-1024x384.jpg 780w, https:\/\/www.spig-gmab.com\/wp-content\/uploads\/2024\/10\/Drift_Eliminators_24-9_web-scaled.jpg 360w\" sizes=\"auto, (max-width: 480px) 150px\" src=\"https:\/\/www.spig-gmab.com\/wp-content\/uploads\/2024\/10\/Drift_Eliminators_24-9_web-1024x384.jpg\" alt=\"\" class=\"uag-image-1956\" width=\"1024\" height=\"384\" title=\"Drift_Eliminators_24-9_web\" loading=\"lazy\" role=\"img\"><\/figure><\/div>\n\n\n\n<div class=\"wp-block-uagb-info-box uagb-block-05815c42 uagb-infobox__content-wrap  uagb-infobox-icon-above-title uagb-infobox-image-valign-top\"><div class=\"uagb-ifb-content\"><div class=\"uagb-ifb-title-wrap\"><h3 class=\"uagb-ifb-title\">Eliminadores de gotas<\/h3><\/div><p class=\"uagb-ifb-desc\">Instalados acima do n\u00edvel de distribui\u00e7\u00e3o, os eliminadores de deriva SPIG desempenham um papel importante ao capturar got\u00edculas de \u00e1gua presas no fluxo de ar que, de outra forma, seriam perdidas para a atmosfera.<\/p><\/div><\/div>\n<\/div>\n\n\n\n<div data-aos= \"flip-left\" data-aos-duration=\"400\" data-aos-delay=\"0\" data-aos-easing=\"ease\" data-aos-once=\"true\" class=\"wp-block-uagb-container uagb-block-7d89a1bd\">\n<div class=\"wp-block-uagb-image uagb-block-55a4abd1 wp-block-uagb-image--layout-default wp-block-uagb-image--effect-static wp-block-uagb-image--align-none\"><figure class=\"wp-block-uagb-image__figure\"><img decoding=\"async\" srcset=\"https:\/\/www.spig-gmab.com\/wp-content\/uploads\/2024\/10\/fanstack-24-9b-1024x384.jpg ,https:\/\/www.spig-gmab.com\/wp-content\/uploads\/2024\/10\/fanstack-24-9b.jpg 780w, https:\/\/www.spig-gmab.com\/wp-content\/uploads\/2024\/10\/fanstack-24-9b.jpg 360w\" sizes=\"auto, (max-width: 480px) 150px\" src=\"https:\/\/www.spig-gmab.com\/wp-content\/uploads\/2024\/10\/fanstack-24-9b-1024x384.jpg\" alt=\"\" class=\"uag-image-2031\" width=\"1024\" height=\"384\" title=\"fanstack-24-9b\" loading=\"lazy\" role=\"img\"><\/figure><\/div>\n\n\n\n<div class=\"wp-block-uagb-info-box uagb-block-2cb765b6 uagb-infobox__content-wrap  uagb-infobox-icon-above-title uagb-infobox-image-valign-top\"><div class=\"uagb-ifb-content\"><div class=\"uagb-ifb-title-wrap\"><h3 class=\"uagb-ifb-title\"><strong>Difusores<\/strong><\/h3><\/div><p class=\"uagb-ifb-desc\">Uma ampla gama de di\u00e2metros e alturas de difusores pode ser fornecida por meio de parceiros confi\u00e1veis que utilizam os moldes de propriedade da SPIG.<\/p><\/div><\/div>\n<\/div>\n\n\n\n<div data-aos= \"flip-left\" data-aos-duration=\"400\" data-aos-delay=\"0\" data-aos-easing=\"ease\" data-aos-once=\"true\" class=\"wp-block-uagb-container uagb-block-ab78e847\">\n<div class=\"wp-block-uagb-image uagb-block-af0a7290 wp-block-uagb-image--layout-default wp-block-uagb-image--effect-static wp-block-uagb-image--align-none\"><figure class=\"wp-block-uagb-image__figure\"><img decoding=\"async\" srcset=\"https:\/\/www.spig-gmab.com\/wp-content\/uploads\/2024\/10\/accessori_mod2-1024x384.jpg ,https:\/\/www.spig-gmab.com\/wp-content\/uploads\/2024\/10\/accessori_mod2.jpg 780w, https:\/\/www.spig-gmab.com\/wp-content\/uploads\/2024\/10\/accessori_mod2.jpg 360w\" sizes=\"auto, (max-width: 480px) 150px\" src=\"https:\/\/www.spig-gmab.com\/wp-content\/uploads\/2024\/10\/accessori_mod2-1024x384.jpg\" alt=\"\" class=\"uag-image-2126\" width=\"1024\" height=\"384\" title=\"accessori_mod2\" loading=\"lazy\" role=\"img\"><\/figure><\/div>\n\n\n\n<div class=\"wp-block-uagb-info-box uagb-block-6c153c67 uagb-infobox__content-wrap  uagb-infobox-icon-above-title uagb-infobox-image-valign-top\"><div class=\"uagb-ifb-content\"><div class=\"uagb-ifb-title-wrap\"><h3 class=\"uagb-ifb-title\"><strong><strong>Outros acess\u00f3rios<\/strong><\/strong><\/h3><\/div><p class=\"uagb-ifb-desc\">A SPIG desenvolveu muitos outros componentes exclusivos, como sistemas de atenua\u00e7\u00e3o de ru\u00eddo, dispositivos de prote\u00e7\u00e3o de enchimento de filme ou grelhas de entrada de ar, al\u00e9m de itens projetados para facilitar a instala\u00e7\u00e3o ou reduzir os custos de transporte, como espa\u00e7adores para estruturas e luvas de FRP, suportes de coluna principal de FRP e cal\u00e7os de bacia. <\/p><\/div><\/div>\n<\/div>\n<\/div><\/div>\n","protected":false},"excerpt":{"rendered":"","protected":false},"author":1,"featured_media":0,"parent":0,"menu_order":0,"comment_status":"closed","ping_status":"closed","template":"","meta":{"_uag_custom_page_level_css":"","_monsterinsights_skip_tracking":false,"_monsterinsights_sitenote_active":false,"_monsterinsights_sitenote_note":"","_monsterinsights_sitenote_category":0,"site-sidebar-layout":"default","site-content-layout":"","ast-site-content-layout":"default","site-content-style":"default","site-sidebar-style":"default","ast-global-header-display":"","ast-banner-title-visibility":"","ast-main-header-display":"","ast-hfb-above-header-display":"","ast-hfb-below-header-display":"","ast-hfb-mobile-header-display":"","site-post-title":"disabled","ast-breadcrumbs-content":"","ast-featured-img":"","footer-sml-layout":"","ast-disable-related-posts":"","theme-transparent-header-meta":"","adv-header-id-meta":"","stick-header-meta":"","header-above-stick-meta":"","header-main-stick-meta":"","header-below-stick-meta":"","astra-migrate-meta-layouts":"default","ast-page-background-enabled":"default","ast-page-background-meta":{"desktop":{"background-color":"var(--ast-global-color-4)","background-image":"","background-repeat":"repeat","background-position":"center center","background-size":"auto","background-attachment":"scroll","background-type":"","background-media":"","overlay-type":"","overlay-color":"","overlay-opacity":"","overlay-gradient":""},"tablet":{"background-color":"","background-image":"","background-repeat":"repeat","background-position":"center center","background-size":"auto","background-attachment":"scroll","background-type":"","background-media":"","overlay-type":"","overlay-color":"","overlay-opacity":"","overlay-gradient":""},"mobile":{"background-color":"","background-image":"","background-repeat":"repeat","background-position":"center center","background-size":"auto","background-attachment":"scroll","background-type":"","background-media":"","overlay-type":"","overlay-color":"","overlay-opacity":"","overlay-gradient":""}},"ast-content-background-meta":{"desktop":{"background-color":"var(--ast-global-color-5)","background-image":"","background-repeat":"repeat","background-position":"center center","background-size":"auto","background-attachment":"scroll","background-type":"","background-media":"","overlay-type":"","overlay-color":"","overlay-opacity":"","overlay-gradient":""},"tablet":{"background-color":"var(--ast-global-color-5)","background-image":"","background-repeat":"repeat","background-position":"center center","background-size":"auto","background-attachment":"scroll","background-type":"","background-media":"","overlay-type":"","overlay-color":"","overlay-opacity":"","overlay-gradient":""},"mobile":{"background-color":"var(--ast-global-color-5)","background-image":"","background-repeat":"repeat","background-position":"center center","background-size":"auto","background-attachment":"scroll","background-type":"","background-media":"","overlay-type":"","overlay-color":"","overlay-opacity":"","overlay-gradient":""}},"footnotes":""},"class_list":["post-6576","page","type-page","status-publish","hentry"],"aioseo_notices":[],"uagb_featured_image_src":{"full":false,"thumbnail":false,"medium":false,"medium_large":false,"large":false,"1536x1536":false,"2048x2048":false},"uagb_author_info":{"display_name":"multimedia@studiokey.it","author_link":"https:\/\/www.spig-gmab.com\/pt-br\/author\/multimediastudiokey-it\/"},"uagb_comment_info":0,"uagb_excerpt":null,"_links":{"self":[{"href":"https:\/\/www.spig-gmab.com\/pt-br\/wp-json\/wp\/v2\/pages\/6576","targetHints":{"allow":["GET"]}}],"collection":[{"href":"https:\/\/www.spig-gmab.com\/pt-br\/wp-json\/wp\/v2\/pages"}],"about":[{"href":"https:\/\/www.spig-gmab.com\/pt-br\/wp-json\/wp\/v2\/types\/page"}],"author":[{"embeddable":true,"href":"https:\/\/www.spig-gmab.com\/pt-br\/wp-json\/wp\/v2\/users\/1"}],"replies":[{"embeddable":true,"href":"https:\/\/www.spig-gmab.com\/pt-br\/wp-json\/wp\/v2\/comments?post=6576"}],"version-history":[{"count":4,"href":"https:\/\/www.spig-gmab.com\/pt-br\/wp-json\/wp\/v2\/pages\/6576\/revisions"}],"predecessor-version":[{"id":7352,"href":"https:\/\/www.spig-gmab.com\/pt-br\/wp-json\/wp\/v2\/pages\/6576\/revisions\/7352"}],"wp:attachment":[{"href":"https:\/\/www.spig-gmab.com\/pt-br\/wp-json\/wp\/v2\/media?parent=6576"}],"curies":[{"name":"wp","href":"https:\/\/api.w.org\/{rel}","templated":true}]}}