{"id":6538,"date":"2024-09-26T13:36:16","date_gmt":"2024-09-26T13:36:16","guid":{"rendered":"https:\/\/www.spig-gmab.com\/servicos\/"},"modified":"2025-02-28T10:41:16","modified_gmt":"2025-02-28T10:41:16","slug":"servicos","status":"publish","type":"page","link":"https:\/\/www.spig-gmab.com\/pt-br\/servicos\/","title":{"rendered":"Servi\u00e7os"},"content":{"rendered":"\n<div class=\"wp-block-uagb-container uagb-block-zgbhmcgz alignfull uagb-is-root-container\"><div class=\"uagb-container-inner-blocks-wrap\">\n<div class=\"wp-block-uagb-info-box uagb-block-ew04gv8n uagb-infobox__content-wrap  uagb-infobox-icon-above-title uagb-infobox-image-valign-top\"><div class=\"uagb-ifb-content\"><div class=\"uagb-ifb-title-wrap\"><h1 class=\"uagb-ifb-title\"><strong><strong><strong><strong><strong><strong>Servi\u00e7o<\/strong><\/strong><\/strong><\/strong><\/strong><\/strong>s<\/h1><\/div><p class=\"uagb-ifb-desc\">Nosso extenso programa de servi\u00e7os abrange todos os aspectos, desde a entrega r\u00e1pida de pe\u00e7as sobressalentes at\u00e9 a manuten\u00e7\u00e3o abrangente de plantas inteiras de tratamento de gases de combust\u00e3o.<\/p><\/div><\/div>\n<\/div><\/div>\n\n\n\n<div class=\"wp-block-uagb-container uagb-block-4neen65n alignfull uagb-is-root-container\"><div class=\"uagb-container-inner-blocks-wrap\">\n<div class=\"wp-block-uagb-image alignleft uagb-block-1cb9d430 wp-block-uagb-image--layout-default wp-block-uagb-image--effect-static wp-block-uagb-image--align-left\"><figure class=\"wp-block-uagb-image__figure\"><img decoding=\"async\" srcset=\"https:\/\/www.spig-gmab.com\/wp-content\/uploads\/2024\/09\/Varmepump-inst-edited-1024x1024.jpg ,https:\/\/www.spig-gmab.com\/wp-content\/uploads\/2024\/09\/Varmepump-inst-edited-scaled.jpg 780w, https:\/\/www.spig-gmab.com\/wp-content\/uploads\/2024\/09\/Varmepump-inst-edited-scaled.jpg 360w\" sizes=\"auto, (max-width: 480px) 150px\" src=\"https:\/\/www.spig-gmab.com\/wp-content\/uploads\/2024\/09\/Varmepump-inst-edited-1024x1024.jpg\" alt=\"\" class=\"uag-image-1819\" width=\"550\" height=\"423\" title=\"V\u00e4rmepump inst\" loading=\"lazy\" role=\"img\"\/><\/figure><\/div>\n\n\n\n<div class=\"wp-block-uagb-container uagb-block-slvpzmfu\">\n<div class=\"wp-block-uagb-info-box uagb-block-sfoqfciu uagb-infobox__content-wrap  uagb-infobox-icon-above-title uagb-infobox-image-valign-top\"><div class=\"uagb-ifb-content\"><div class=\"uagb-ifb-title-wrap\"><h2 class=\"uagb-ifb-title\"><strong><strong><strong><strong>Servi\u00e7os FGT<\/strong><\/strong><\/strong><\/strong><\/h2><\/div><p class=\"uagb-ifb-desc\">Com d\u00e9cadas de experi\u00eancia especializada em servi\u00e7os e manuten\u00e7\u00e3o de sistemas de depura\u00e7\u00e3o de gases de combust\u00e3o, compressores e bombas de calor de absor\u00e7\u00e3o, oferecemos um n\u00edvel incompar\u00e1vel de conhecimento especializado, adaptado \u00e0s necessidades exclusivas de suas opera\u00e7\u00f5es.<\/p><\/div><\/div>\n\n\n\n<p style=\"margin-top:var(--wp--preset--spacing--60);margin-bottom:var(--wp--preset--spacing--30)\"><strong><span style=\"color: var(--ast-global-color-3);\" class=\"stk-highlight\">Solu\u00e7\u00f5es de manuten\u00e7\u00e3o e servi\u00e7os especializados<\/span><\/strong><\/p>\n\n\n\n<ul class=\"wp-block-list\">\n<li>D\u00e9cadas de experi\u00eancia especializada em sistemas de depura\u00e7\u00e3o de gases de combust\u00e3o, compressores e bombas de calor de absor\u00e7\u00e3o<\/li>\n\n\n\n<li>Programa de servi\u00e7o abrangente que cobre a entrega r\u00e1pida de pe\u00e7as sobressalentes e a manuten\u00e7\u00e3o completa da planta para garantir a confiabilidade a longo prazo e o bom desempenho<\/li>\n\n\n\n<li>Amplo conhecimento e experi\u00eancia adaptados para atender \u00e0s necessidades operacionais espec\u00edficas de suas instala\u00e7\u00f5es<\/li>\n<\/ul>\n\n\n\n<p style=\"margin-top:var(--wp--preset--spacing--60);margin-bottom:var(--wp--preset--spacing--30)\"><strong><span style=\"color: var(--ast-global-color-3);\" class=\"stk-highlight\">Upgrades otimizados e suporte proativo<\/span><\/strong><\/p>\n\n\n\n<ul class=\"wp-block-list\">\n<li>GMAB\u2122 oferece convers\u00f5es avan\u00e7adas, upgrades e otimiza\u00e7\u00f5es de sistemas, garantindo a ades\u00e3o aos mais recentes padr\u00f5es ambientais e ganhos de efici\u00eancia<\/li>\n\n\n\n<li>Instala\u00e7\u00e3o, comissionamento e manuten\u00e7\u00e3o especializados para <em>chillers<\/em> de absor\u00e7\u00e3o, aumentando a longevidade do sistema e minimizando poss\u00edveis problemas<\/li>\n\n\n\n<li>Contratos de manuten\u00e7\u00e3o preventiva para interven\u00e7\u00f5es proativas, projetados para reduzir as paradas n\u00e3o planejadas e garantir opera\u00e7\u00f5es sustent\u00e1veis e de longo prazo<\/li>\n<\/ul>\n<\/div>\n<\/div><\/div>\n\n\n\n<div class=\"wp-block-uagb-container uagb-block-722d9aaa alignfull uagb-is-root-container\"><div class=\"uagb-container-inner-blocks-wrap\">\n<div class=\"wp-block-uagb-container uagb-block-01360a54\">\n<div class=\"wp-block-uagb-info-box uagb-block-2da7f3ca uagb-infobox__content-wrap  uagb-infobox-icon-above-title uagb-infobox-image-valign-top\"><div class=\"uagb-ifb-content\"><div class=\"uagb-ifb-title-wrap\"><h2 class=\"uagb-ifb-title\"><strong><strong><strong><strong>Servi\u00e7os ESP<\/strong><\/strong><\/strong><\/strong><\/h2><\/div><p class=\"uagb-ifb-desc\">Nosso Servi\u00e7o de Precipitador Eletrost\u00e1tico (ESP) foi estrategicamente projetado para atender \u00e0s necessidades dos setores que buscam solu\u00e7\u00f5es eficazes e confi\u00e1veis para o controle da qualidade do ar e a redu\u00e7\u00e3o de part\u00edculas. Com o aumento das regulamenta\u00e7\u00f5es, o envelhecimento dos equipamentos e as maiores demandas de manuten\u00e7\u00e3o, as opera\u00e7\u00f5es industriais exigem uma abordagem proativa para garantir a efici\u00eancia e a conformidade do ESP. Nossa oferta de servi\u00e7os ESP concentra-se em padr\u00f5es de alto desempenho com resultados econ\u00f4micos e de longo prazo.  <\/p><\/div><\/div>\n\n\n\n<p style=\"margin-top:var(--wp--preset--spacing--60);margin-bottom:var(--wp--preset--spacing--30)\"><strong><span style=\"color: var(--ast-global-color-3);\" class=\"stk-highlight\"><strong>Atualiza\u00e7\u00f5es e retrofits orientados para o desempenho<\/strong><\/span><\/strong><br>Fornecemos retrofits personalizados de ESP, convers\u00f5es para sistemas de filtro de tecido (FF) e otimiza\u00e7\u00e3o el\u00e9trica avan\u00e7ada, incluindo controles de retificador-reator (T-R). Isso permite que as plantas atendam aos rigorosos limites de emiss\u00e3o com perda m\u00ednima de press\u00e3o e maior confiabilidade do sistema.<\/p>\n\n\n\n<p style=\"margin-top:var(--wp--preset--spacing--60);margin-bottom:var(--wp--preset--spacing--30)\"><strong>Sele\u00e7\u00e3o abrangente de pe\u00e7as<\/strong><br>Nosso invent\u00e1rio inclui componentes rigorosamente testados, como eletrodos de descarga, placas coletoras e sistemas de controle avan\u00e7ados para garantir a estabilidade operacional. Selecionamos cuidadosamente cada pe\u00e7a quanto \u00e0 qualidade, alinhamento de desempenho e efici\u00eancia de custo, atendendo \u00e0s necessidades de rotina e de emerg\u00eancia.<\/p>\n\n\n\n<p style=\"margin-top:var(--wp--preset--spacing--60);margin-bottom:var(--wp--preset--spacing--30)\"><strong>Solu\u00e7\u00f5es estrat\u00e9gicas de manuten\u00e7\u00e3o<\/strong><br>Nossos servi\u00e7os de manuten\u00e7\u00e3o oferecem uma gama de op\u00e7\u00f5es adaptadas para otimizar a longevidade da planta e reduzir o tempo de inatividade inesperado.<\/p>\n\n\n\n<p style=\"margin-top:var(--wp--preset--spacing--60);margin-bottom:var(--wp--preset--spacing--30)\"><strong><span style=\"color: var(--ast-global-color-3);\" class=\"stk-highlight\">N\u00f3s fornecemos:  <\/span><\/strong><\/p>\n\n\n\n<ul class=\"wp-block-list\">\n<li><strong>Inspe\u00e7\u00e3o e solu\u00e7\u00e3o de problemas:<\/strong> Para detectar e corrigir problemas em est\u00e1gio inicial, garantindo uma opera\u00e7\u00e3o cont\u00ednua e em conformidade.<\/li>\n\n\n\n<li><strong>Treinamento e an\u00e1lise de extens\u00e3o de vida:<\/strong> Para equipes internas, assegurando que elas estejam capacitadas para o cuidado cont\u00ednuo com o ESP e a avalia\u00e7\u00e3o de desempenho.<\/li>\n\n\n\n<li><strong>Reparos supervisionados e suporte de emerg\u00eancia:<\/strong> Assist\u00eancia confi\u00e1vel durante interrup\u00e7\u00f5es ou avarias, minimizando atrasos operacionais<\/li>\n<\/ul>\n\n\n\n<p>Nosso programa de servi\u00e7os ESP foi desenvolvido com base nas mais recentes demandas do setor, oferecendo suporte de ponta a ponta que maximiza a efici\u00eancia, reduz o tempo de inatividade e apoia a sustentabilidade. Com nossa abordagem s\u00f3lida e abrangente, os setores podem enfrentar com confian\u00e7a os desafios operacionais e regulat\u00f3rios atuais e futuros.<\/p>\n<\/div>\n\n\n\n<div class=\"wp-block-uagb-image alignleft uagb-block-krkibjso wp-block-uagb-image--layout-default wp-block-uagb-image--effect-static wp-block-uagb-image--align-left\"><figure class=\"wp-block-uagb-image__figure\"><img decoding=\"async\" srcset=\"https:\/\/www.spig-gmab.com\/wp-content\/uploads\/2024\/10\/Service_FGT.jpg ,https:\/\/www.spig-gmab.com\/wp-content\/uploads\/2024\/10\/Service_FGT.jpg 780w, https:\/\/www.spig-gmab.com\/wp-content\/uploads\/2024\/10\/Service_FGT.jpg 360w\" sizes=\"auto, (max-width: 480px) 150px\" src=\"https:\/\/www.spig-gmab.com\/wp-content\/uploads\/2024\/10\/Service_FGT.jpg\" alt=\"\" class=\"uag-image-4370\" width=\"550\" height=\"423\" title=\"Service_FGT\" loading=\"lazy\" role=\"img\"\/><\/figure><\/div>\n<\/div><\/div>\n\n\n\n<div class=\"wp-block-uagb-container uagb-block-67imbnbc alignfull uagb-is-root-container\"><div class=\"uagb-container-inner-blocks-wrap\">\n<div class=\"wp-block-uagb-info-box uagb-block-akrifalx uagb-infobox__content-wrap  uagb-infobox-icon-above-title uagb-infobox-image-valign-top wp-block-uagb-info-box--has-margin\"><div class=\"uagb-infobox-margin-wrapper\"><div class=\"uagb-ifb-content\"><div class=\"uagb-ifb-title-wrap\"><h2 class=\"uagb-ifb-title\">Tome uma atitude agora<\/h2><\/div><p class=\"uagb-ifb-desc\">Entre em contato conosco hoje mesmo &#8211; estamos aqui para ajudar com qualquer d\u00favida ou suporte que o senhor precisar!<\/p><\/div><\/div><\/div>\n\n\n\n<div class=\"wp-block-uagb-buttons uagb-buttons__outer-wrap uagb-btn__default-btn uagb-btn-tablet__default-btn uagb-btn-mobile__default-btn uagb-block-yuzskiwf\"><div class=\"uagb-buttons__wrap uagb-buttons-layout-wrap \">\n<div class=\"wp-block-uagb-buttons-child uagb-buttons__outer-wrap uagb-block-6m96fron wp-block-button\"><div class=\"uagb-button__wrapper\"><a class=\"uagb-buttons-repeater wp-block-button__link\" aria-label=\"\" href=\"https:\/\/www.spig-gmab.com\/contact\/\" rel=\"follow noopener\" target=\"_self\" role=\"button\"><div class=\"uagb-button__link\">Contact us<\/div><\/a><\/div><\/div>\n<\/div><\/div>\n<\/div><\/div>\n","protected":false},"excerpt":{"rendered":"<p>Solu\u00e7\u00f5es de manuten\u00e7\u00e3o e servi\u00e7os especializados Upgrades otimizados e suporte proativo Atualiza\u00e7\u00f5es e retrofits orientados para o desempenhoFornecemos retrofits personalizados [&hellip;]<\/p>\n","protected":false},"author":1,"featured_media":0,"parent":0,"menu_order":0,"comment_status":"closed","ping_status":"closed","template":"","meta":{"_uag_custom_page_level_css":"","_monsterinsights_skip_tracking":false,"_monsterinsights_sitenote_active":false,"_monsterinsights_sitenote_note":"","_monsterinsights_sitenote_category":0,"site-sidebar-layout":"default","site-content-layout":"","ast-site-content-layout":"default","site-content-style":"default","site-sidebar-style":"default","ast-global-header-display":"","ast-banner-title-visibility":"","ast-main-header-display":"","ast-hfb-above-header-display":"","ast-hfb-below-header-display":"","ast-hfb-mobile-header-display":"","site-post-title":"disabled","ast-breadcrumbs-content":"","ast-featured-img":"","footer-sml-layout":"","ast-disable-related-posts":"","theme-transparent-header-meta":"","adv-header-id-meta":"","stick-header-meta":"","header-above-stick-meta":"","header-main-stick-meta":"","header-below-stick-meta":"","astra-migrate-meta-layouts":"default","ast-page-background-enabled":"default","ast-page-background-meta":{"desktop":{"background-color":"var(--ast-global-color-4)","background-image":"","background-repeat":"repeat","background-position":"center center","background-size":"auto","background-attachment":"scroll","background-type":"","background-media":"","overlay-type":"","overlay-color":"","overlay-opacity":"","overlay-gradient":""},"tablet":{"background-color":"","background-image":"","background-repeat":"repeat","background-position":"center center","background-size":"auto","background-attachment":"scroll","background-type":"","background-media":"","overlay-type":"","overlay-color":"","overlay-opacity":"","overlay-gradient":""},"mobile":{"background-color":"","background-image":"","background-repeat":"repeat","background-position":"center center","background-size":"auto","background-attachment":"scroll","background-type":"","background-media":"","overlay-type":"","overlay-color":"","overlay-opacity":"","overlay-gradient":""}},"ast-content-background-meta":{"desktop":{"background-color":"var(--ast-global-color-5)","background-image":"","background-repeat":"repeat","background-position":"center center","background-size":"auto","background-attachment":"scroll","background-type":"","background-media":"","overlay-type":"","overlay-color":"","overlay-opacity":"","overlay-gradient":""},"tablet":{"background-color":"var(--ast-global-color-5)","background-image":"","background-repeat":"repeat","background-position":"center center","background-size":"auto","background-attachment":"scroll","background-type":"","background-media":"","overlay-type":"","overlay-color":"","overlay-opacity":"","overlay-gradient":""},"mobile":{"background-color":"var(--ast-global-color-5)","background-image":"","background-repeat":"repeat","background-position":"center center","background-size":"auto","background-attachment":"scroll","background-type":"","background-media":"","overlay-type":"","overlay-color":"","overlay-opacity":"","overlay-gradient":""}},"footnotes":""},"class_list":["post-6538","page","type-page","status-publish","hentry"],"aioseo_notices":[],"uagb_featured_image_src":{"full":false,"thumbnail":false,"medium":false,"medium_large":false,"large":false,"1536x1536":false,"2048x2048":false},"uagb_author_info":{"display_name":"multimedia@studiokey.it","author_link":"https:\/\/www.spig-gmab.com\/pt-br\/author\/multimediastudiokey-it\/"},"uagb_comment_info":0,"uagb_excerpt":"Solu\u00e7\u00f5es de manuten\u00e7\u00e3o e servi\u00e7os especializados Upgrades otimizados e suporte proativo Atualiza\u00e7\u00f5es e retrofits orientados para o desempenhoFornecemos retrofits personalizados [&hellip;]","_links":{"self":[{"href":"https:\/\/www.spig-gmab.com\/pt-br\/wp-json\/wp\/v2\/pages\/6538","targetHints":{"allow":["GET"]}}],"collection":[{"href":"https:\/\/www.spig-gmab.com\/pt-br\/wp-json\/wp\/v2\/pages"}],"about":[{"href":"https:\/\/www.spig-gmab.com\/pt-br\/wp-json\/wp\/v2\/types\/page"}],"author":[{"embeddable":true,"href":"https:\/\/www.spig-gmab.com\/pt-br\/wp-json\/wp\/v2\/users\/1"}],"replies":[{"embeddable":true,"href":"https:\/\/www.spig-gmab.com\/pt-br\/wp-json\/wp\/v2\/comments?post=6538"}],"version-history":[{"count":7,"href":"https:\/\/www.spig-gmab.com\/pt-br\/wp-json\/wp\/v2\/pages\/6538\/revisions"}],"predecessor-version":[{"id":7502,"href":"https:\/\/www.spig-gmab.com\/pt-br\/wp-json\/wp\/v2\/pages\/6538\/revisions\/7502"}],"wp:attachment":[{"href":"https:\/\/www.spig-gmab.com\/pt-br\/wp-json\/wp\/v2\/media?parent=6538"}],"curies":[{"name":"wp","href":"https:\/\/api.w.org\/{rel}","templated":true}]}}