{"id":4949,"date":"2024-10-29T10:45:10","date_gmt":"2024-10-29T10:45:10","guid":{"rendered":"https:\/\/spig-gmab.com\/team-di-gestione\/"},"modified":"2025-02-14T09:39:06","modified_gmt":"2025-02-14T09:39:06","slug":"team-di-gestione","status":"publish","type":"page","link":"https:\/\/www.spig-gmab.com\/it\/team-di-gestione\/","title":{"rendered":"Team di gestione"},"content":{"rendered":"\n<div class=\"wp-block-uagb-container uagb-block-zgbhmcgz alignfull uagb-is-root-container\"><div class=\"uagb-container-inner-blocks-wrap\">\n<div class=\"wp-block-uagb-info-box uagb-block-ew04gv8n uagb-infobox__content-wrap  uagb-infobox-icon-above-title uagb-infobox-image-valign-top\"><div class=\"uagb-ifb-content\"><div class=\"uagb-ifb-title-wrap\"><h1 class=\"uagb-ifb-title\"><em>Management Team<\/em><\/h1><\/div><p class=\"uagb-ifb-desc\">SPIG e GMAB fanno parte di AUCTUS Capital Partners AG<\/p><\/div><\/div>\n<\/div><\/div>\n\n\n\n<div class=\"wp-block-uagb-container uagb-block-4neen65n alignfull uagb-is-root-container\"><div class=\"uagb-container-inner-blocks-wrap\">\n<div class=\"wp-block-uagb-image alignright uagb-block-krkibjso wp-block-uagb-image--layout-default wp-block-uagb-image--effect-static wp-block-uagb-image--align-right alignleft\"><figure class=\"wp-block-uagb-image__figure\"><img decoding=\"async\" srcset=\"https:\/\/www.spig-gmab.com\/wp-content\/uploads\/2024\/10\/Auctus-edited.jpg ,https:\/\/www.spig-gmab.com\/wp-content\/uploads\/2024\/10\/Auctus.jpg 780w, https:\/\/www.spig-gmab.com\/wp-content\/uploads\/2024\/10\/Auctus.jpg 360w\" sizes=\"auto, (max-width: 480px) 150px\" src=\"https:\/\/www.spig-gmab.com\/wp-content\/uploads\/2024\/10\/Auctus-edited.jpg\" alt=\"\" class=\"uag-image-4293\" width=\"564\" height=\"423\" title=\"Auctus\" loading=\"lazy\" role=\"img\"\/><\/figure><\/div>\n\n\n\n<div class=\"wp-block-uagb-container uagb-block-slvpzmfu\">\n<div class=\"wp-block-uagb-info-box uagb-block-sfoqfciu uagb-infobox__content-wrap  uagb-infobox-icon-above-title uagb-infobox-image-valign-top\"><div class=\"uagb-ifb-content\"><div class=\"uagb-ifb-title-wrap\"><h2 class=\"uagb-ifb-title\"><strong>Scopri il nostro team<\/strong><\/h2><\/div><p class=\"uagb-ifb-desc\">Lorem ipsum dolor sit amet, consectetur adipiscing elit. Aliquam elementum porta quam vel sagittis. Nam ut hendrerit neque. Aenean id risus efficitur sapien efficitur lobortis. Nam malesuada malesuada lorem et mollis. Duis ultricies erat enim, at porttitor lectus ultrices sit amet. Nullam in mauris porttitor, tincidunt risus eu, malesuada justo. Curabitur sit amet felis malesuada, interdum diam sed, porta nulla. Maecenas nec elit est.<br>In sodales sed purus a lobortis. Sospenda temporalmente la legula e faciliti il dapibus. In hac habitasse platea dictumst. Cras quis diam dolor. Donec blandit velit at mi pulvinar, et vulputate arcu accumsan. Maecenas vel dui sollicitudin, commodo felis ut, hendrerit justo. Aenean sodales tempus pellentesque.              <\/p><\/div><\/div>\n<\/div>\n<\/div><\/div>\n\n\n\n<div class=\"wp-block-uagb-container uagb-block-536fa3a7 alignfull uagb-is-root-container\"><div class=\"uagb-container-inner-blocks-wrap\">\n<div class=\"wp-block-uagb-container uagb-block-eec11b53\">\n<div class=\"wp-block-uagb-image alignright uagb-block-6699cf04 wp-block-uagb-image--layout-default wp-block-uagb-image--effect-static wp-block-uagb-image--align-right alignleft\"><figure class=\"wp-block-uagb-image__figure\"><img decoding=\"async\" srcset=\"https:\/\/www.spig-gmab.com\/wp-content\/uploads\/2024\/10\/galantini-1.jpg ,https:\/\/www.spig-gmab.com\/wp-content\/uploads\/2024\/10\/galantini-1.jpg 780w, https:\/\/www.spig-gmab.com\/wp-content\/uploads\/2024\/10\/galantini-1.jpg 360w\" sizes=\"auto, (max-width: 480px) 150px\" src=\"https:\/\/www.spig-gmab.com\/wp-content\/uploads\/2024\/10\/galantini-1.jpg\" alt=\"\" class=\"uag-image-4429\" width=\"564\" height=\"423\" title=\"galantini\" loading=\"lazy\" role=\"img\"\/><\/figure><\/div>\n<\/div>\n\n\n\n<div class=\"wp-block-uagb-container uagb-block-0356e1e5\">\n<div class=\"wp-block-uagb-info-box uagb-block-366e9207 uagb-infobox__content-wrap  uagb-infobox-icon-above-title uagb-infobox-image-valign-top\"><div class=\"uagb-ifb-content\"><div class=\"uagb-ifb-title-wrap\"><p class=\"uagb-ifb-title-prefix\"><em>Presidente e CEO<\/em><\/p><h2 class=\"uagb-ifb-title\"><strong><strong>Alberto Galantini<\/strong><\/strong><\/h2><\/div><p class=\"uagb-ifb-desc\">Alberto Galantini \u00e8 Presidente e Amministratore Delegato di SPIG SpA e Presidente di GMAB Sweden. \u00c8 stato nominato in questa posizione nell&#8217;ottobre 2024. <br><br>In precedenza, dal 2018 al 2024, Galantini \u00e8 stato Senior Vice President per il Segmento Ambientale all&#8217;interno di Babcock and Wilcox. In precedenza, dal 2016 al 2018, \u00e8 stato Presidente e Amministratore Delegato di GE Grid Solutions, Italia, dopo aver ricoperto il ruolo di Presidente e Amministratore Delegato di Alstom Grid Italia, dal 2010. <br><br>Dal 2002 al 2010, Galantini \u00e8 stato prima Regional Manager Asia-Pacifico e poi Direttore Vendite e Marketing di SIPA-Zoppas Industries. In precedenza, ha ricoperto posizioni di crescente responsabilit\u00e0 presso ABB Power Group e Danieli &amp; C Buttrio.<br>Ha conseguito un Executive Certificate in International Business Strategy presso la University of Iowa &#8211; CIMBA Italia e un master in economia. <\/p><\/div><\/div>\n<\/div>\n<\/div><\/div>\n","protected":false},"excerpt":{"rendered":"","protected":false},"author":1,"featured_media":0,"parent":0,"menu_order":0,"comment_status":"closed","ping_status":"closed","template":"","meta":{"_uag_custom_page_level_css":"","_monsterinsights_skip_tracking":false,"_monsterinsights_sitenote_active":false,"_monsterinsights_sitenote_note":"","_monsterinsights_sitenote_category":0,"site-sidebar-layout":"default","site-content-layout":"","ast-site-content-layout":"","site-content-style":"default","site-sidebar-style":"default","ast-global-header-display":"","ast-banner-title-visibility":"","ast-main-header-display":"","ast-hfb-above-header-display":"","ast-hfb-below-header-display":"","ast-hfb-mobile-header-display":"","site-post-title":"disabled","ast-breadcrumbs-content":"","ast-featured-img":"","footer-sml-layout":"","theme-transparent-header-meta":"","adv-header-id-meta":"","stick-header-meta":"","header-above-stick-meta":"","header-main-stick-meta":"","header-below-stick-meta":"","astra-migrate-meta-layouts":"default","ast-page-background-enabled":"default","ast-page-background-meta":{"desktop":{"background-color":"var(--ast-global-color-4)","background-image":"","background-repeat":"repeat","background-position":"center center","background-size":"auto","background-attachment":"scroll","background-type":"","background-media":"","overlay-type":"","overlay-color":"","overlay-opacity":"","overlay-gradient":""},"tablet":{"background-color":"","background-image":"","background-repeat":"repeat","background-position":"center center","background-size":"auto","background-attachment":"scroll","background-type":"","background-media":"","overlay-type":"","overlay-color":"","overlay-opacity":"","overlay-gradient":""},"mobile":{"background-color":"","background-image":"","background-repeat":"repeat","background-position":"center center","background-size":"auto","background-attachment":"scroll","background-type":"","background-media":"","overlay-type":"","overlay-color":"","overlay-opacity":"","overlay-gradient":""}},"ast-content-background-meta":{"desktop":{"background-color":"var(--ast-global-color-5)","background-image":"","background-repeat":"repeat","background-position":"center center","background-size":"auto","background-attachment":"scroll","background-type":"","background-media":"","overlay-type":"","overlay-color":"","overlay-opacity":"","overlay-gradient":""},"tablet":{"background-color":"var(--ast-global-color-5)","background-image":"","background-repeat":"repeat","background-position":"center center","background-size":"auto","background-attachment":"scroll","background-type":"","background-media":"","overlay-type":"","overlay-color":"","overlay-opacity":"","overlay-gradient":""},"mobile":{"background-color":"var(--ast-global-color-5)","background-image":"","background-repeat":"repeat","background-position":"center center","background-size":"auto","background-attachment":"scroll","background-type":"","background-media":"","overlay-type":"","overlay-color":"","overlay-opacity":"","overlay-gradient":""}},"footnotes":""},"class_list":["post-4949","page","type-page","status-publish","hentry"],"aioseo_notices":[],"uagb_featured_image_src":{"full":false,"thumbnail":false,"medium":false,"medium_large":false,"large":false,"1536x1536":false,"2048x2048":false},"uagb_author_info":{"display_name":"multimedia@studiokey.it","author_link":"https:\/\/www.spig-gmab.com\/it\/author\/multimediastudiokey-it\/"},"uagb_comment_info":0,"uagb_excerpt":null,"_links":{"self":[{"href":"https:\/\/www.spig-gmab.com\/it\/wp-json\/wp\/v2\/pages\/4949","targetHints":{"allow":["GET"]}}],"collection":[{"href":"https:\/\/www.spig-gmab.com\/it\/wp-json\/wp\/v2\/pages"}],"about":[{"href":"https:\/\/www.spig-gmab.com\/it\/wp-json\/wp\/v2\/types\/page"}],"author":[{"embeddable":true,"href":"https:\/\/www.spig-gmab.com\/it\/wp-json\/wp\/v2\/users\/1"}],"replies":[{"embeddable":true,"href":"https:\/\/www.spig-gmab.com\/it\/wp-json\/wp\/v2\/comments?post=4949"}],"version-history":[{"count":3,"href":"https:\/\/www.spig-gmab.com\/it\/wp-json\/wp\/v2\/pages\/4949\/revisions"}],"predecessor-version":[{"id":7260,"href":"https:\/\/www.spig-gmab.com\/it\/wp-json\/wp\/v2\/pages\/4949\/revisions\/7260"}],"wp:attachment":[{"href":"https:\/\/www.spig-gmab.com\/it\/wp-json\/wp\/v2\/media?parent=4949"}],"curies":[{"name":"wp","href":"https:\/\/api.w.org\/{rel}","templated":true}]}}