{"id":3335,"date":"2024-09-26T13:35:59","date_gmt":"2024-09-26T13:35:59","guid":{"rendered":"https:\/\/spig-gmab.com\/tecnologie-innovative\/"},"modified":"2025-09-30T08:56:54","modified_gmt":"2025-09-30T08:56:54","slug":"tecnologie-innovative","status":"publish","type":"page","link":"https:\/\/www.spig-gmab.com\/it\/tecnologie-innovative\/","title":{"rendered":"Tecnologie innovative"},"content":{"rendered":"\n<div class=\"wp-block-uagb-container uagb-block-zgbhmcgz alignfull uagb-is-root-container\"><div class=\"uagb-container-inner-blocks-wrap\">\n<div class=\"wp-block-uagb-info-box uagb-block-ew04gv8n uagb-infobox__content-wrap  uagb-infobox-icon-above-title uagb-infobox-image-valign-top\"><div class=\"uagb-ifb-content\"><div class=\"uagb-ifb-title-wrap\"><h1 class=\"uagb-ifb-title\"><strong><strong>Tecnologie innovative<\/strong><\/strong><\/h1><\/div><p class=\"uagb-ifb-desc\">All&#8217;avanguardia nell&#8217;innovazione e nello sviluppo dei prodotti.<\/p><\/div><\/div>\n<\/div><\/div>\n\n\n\n<div class=\"wp-block-uagb-container uagb-block-4neen65n alignfull uagb-is-root-container\"><div class=\"uagb-container-inner-blocks-wrap\">\n<div class=\"wp-block-uagb-container uagb-block-076714a4\">\n<div class=\"wp-block-uagb-image alignright uagb-block-krkibjso wp-block-uagb-image--layout-default wp-block-uagb-image--effect-static wp-block-uagb-image--align-right alignleft\"><figure class=\"wp-block-uagb-image__figure\"><img decoding=\"async\" srcset=\"https:\/\/www.spig-gmab.com\/wp-content\/uploads\/2024\/09\/Sakab2.jpg ,https:\/\/www.spig-gmab.com\/wp-content\/uploads\/2024\/09\/Sakab2.jpg 780w, https:\/\/www.spig-gmab.com\/wp-content\/uploads\/2024\/09\/Sakab2.jpg 360w\" sizes=\"auto, (max-width: 480px) 150px\" src=\"https:\/\/www.spig-gmab.com\/wp-content\/uploads\/2024\/09\/Sakab2.jpg\" alt=\"\" class=\"uag-image-1533\" width=\"728\" height=\"909\" title=\"Sakab2\" loading=\"lazy\" role=\"img\"\/><\/figure><\/div>\n<\/div>\n\n\n\n<div class=\"wp-block-uagb-container uagb-block-slvpzmfu\">\n<div class=\"wp-block-uagb-info-box uagb-block-sfoqfciu uagb-infobox__content-wrap  uagb-infobox-icon-above-title uagb-infobox-image-valign-top\"><div class=\"uagb-ifb-content\"><div class=\"uagb-ifb-title-wrap\"><h2 class=\"uagb-ifb-title\"><strong><strong><strong><strong>Tecnologie innovative<\/strong><\/strong><\/strong><\/strong><\/h2><\/div><p class=\"uagb-ifb-desc\">Sin dalla sua nascita, GMAB\u2122 \u00e8 stata all&#8217;avanguardia nell&#8217;innovazione e nello sviluppo dei prodotti. Alla fine degli anni &#8217;80, GMAB \u00e8 stato il pioniere nell&#8217;implementazione della condensazione dei gas di scarico negli impianti Waste-to-Energy. Questo passo rivoluzionario ha posto le basi per numerosi progressi nel settore. Una delle loro innovazioni degne di nota \u00e8 ADIOX, una tecnologia per la rimozione della diossina sviluppata in collaborazione con l&#8217;Istituto di Tecnologia di Karlsruhe. Questa tecnologia \u00e8 stata installata con successo in oltre 140 linee di incenerimento, dimostrando la sua efficacia e affidabilit\u00e0.<br>Per saperne di pi\u00f9 su GMAB ADIOX, <a href=\"https:\/\/www.spig-gmab.com\/wp-content\/uploads\/2025\/05\/GMAB_002_ADIOX_Dioxin_Removal.pdf\" target=\"_blank\" rel=\"noopener\" title=\"\">scarica qui<\/a> la nostra brochure.    <br><br>Un altro sviluppo significativo di GMAB \u00e8 MercOx\u2122, una tecnologia di scrubber a umido progettata per la cattura del mercurio, compreso il mercurio elementare (Hg\u00b0), utilizzando il perossido di idrogeno. Questa tecnologia garantisce un&#8217;efficiente rimozione del mercurio, contribuendo a emissioni pi\u00f9 pulite.<br>Per saperne di pi\u00f9 su GMAB MercOx\u2122, <a href=\"https:\/\/www.spig-gmab.com\/wp-content\/uploads\/2024\/11\/GMAB_003_MERCOX_Mercury_Removal.pdf\" target=\"_blank\" rel=\"noopener\" title=\"\">scarica qui<\/a> la nostra brochure. <br><\/p><\/div><\/div>\n<\/div>\n<\/div><\/div>\n\n\n\n<div class=\"wp-block-uagb-container uagb-block-75d6c714 alignfull uagb-is-root-container\"><div class=\"uagb-container-inner-blocks-wrap\">\n<div class=\"wp-block-uagb-container uagb-block-a0390875\">\n<div class=\"wp-block-uagb-info-box uagb-block-a83c7b3d uagb-infobox__content-wrap  uagb-infobox-icon-above-title uagb-infobox-image-valign-top\"><div class=\"uagb-ifb-content\"><div class=\"uagb-ifb-title-wrap\"><\/div><p class=\"uagb-ifb-desc\">GMAB ha anche introdotto il ricircolo dello zolfo, una tecnologia volta a ridurre la corrosione ad alta temperatura e la formazione di diossina negli impianti Waste-to-Energy. Questa innovazione aumenta la longevit\u00e0 e l&#8217;efficienza degli impianti. <br><br>Per la riduzione degli NOx nei forni a griglia, GMAB ha sviluppato CUTNOX\u00ae, una misura primaria che prevede l&#8217;iniezione di un getto di aria e acqua nel forno. Questo metodo riduce efficacemente le emissioni di NOx, rendendo il processo pi\u00f9 ecologico. <br><br>Il processo ReZinc\u00ae \u00e8 stato sviluppato congiuntamente da GMAB in collaborazione con Renova. Utilizza gli effluenti dello scrubber per lisciviare le ceneri volanti. Il percolato viene precipitato e disidratato, producendo un prodotto ricco di zinco che pu\u00f2 essere utilizzato per produrre zinco riciclato. La maggior parte delle ceneri volanti lisciviate viene poi ricircolata nel processo di incenerimento, distruggendo le diossine e detossificando le ceneri volanti.   <\/p><\/div><\/div>\n<\/div>\n\n\n\n<div class=\"wp-block-uagb-image alignleft uagb-block-296994f0 wp-block-uagb-image--layout-default wp-block-uagb-image--effect-static wp-block-uagb-image--align-left\"><figure class=\"wp-block-uagb-image__figure\"><img decoding=\"async\" srcset=\"https:\/\/www.spig-gmab.com\/wp-content\/uploads\/2024\/09\/Sulfur-Recirculation-1024x601.jpg ,https:\/\/www.spig-gmab.com\/wp-content\/uploads\/2024\/09\/Sulfur-Recirculation-scaled.jpg 780w, https:\/\/www.spig-gmab.com\/wp-content\/uploads\/2024\/09\/Sulfur-Recirculation-scaled.jpg 360w\" sizes=\"auto, (max-width: 480px) 150px\" src=\"https:\/\/www.spig-gmab.com\/wp-content\/uploads\/2024\/09\/Sulfur-Recirculation-1024x601.jpg\" alt=\"\" class=\"uag-image-1748\" width=\"564\" height=\"423\" title=\"Sulfur Recirculation\" loading=\"lazy\" role=\"img\"\/><\/figure><\/div>\n<\/div><\/div>\n\n\n\n<div class=\"wp-block-uagb-container uagb-block-67imbnbc alignfull uagb-is-root-container\"><div class=\"uagb-container-inner-blocks-wrap\">\n<div class=\"wp-block-uagb-info-box uagb-block-akrifalx uagb-infobox__content-wrap  uagb-infobox-icon-above-title uagb-infobox-image-valign-top wp-block-uagb-info-box--has-margin\"><div class=\"uagb-infobox-margin-wrapper\"><div class=\"uagb-ifb-content\"><div class=\"uagb-ifb-title-wrap\"><h2 class=\"uagb-ifb-title\">Realizza i tuoi obiettivi<\/h2><\/div><p class=\"uagb-ifb-desc\"><br\/>Affidati a SPIG e GMAB per trasformare le tue ambizioni in realt\u00e0.<\/p><\/div><\/div><\/div>\n\n\n\n<div class=\"wp-block-uagb-buttons uagb-buttons__outer-wrap uagb-btn__default-btn uagb-btn-tablet__default-btn uagb-btn-mobile__default-btn uagb-block-yuzskiwf\"><div class=\"uagb-buttons__wrap uagb-buttons-layout-wrap \">\n<div class=\"wp-block-uagb-buttons-child uagb-buttons__outer-wrap uagb-block-6m96fron wp-block-button\"><div class=\"uagb-button__wrapper\"><a class=\"uagb-buttons-repeater wp-block-button__link\" aria-label=\"\" href=\"https:\/\/www.spig-gmab.com\/contact\/\" rel=\"follow noopener\" target=\"_self\" role=\"button\"><div class=\"uagb-button__link\">Contatti <\/div><\/a><\/div><\/div>\n<\/div><\/div>\n<\/div><\/div>\n","protected":false},"excerpt":{"rendered":"","protected":false},"author":1,"featured_media":0,"parent":0,"menu_order":0,"comment_status":"closed","ping_status":"closed","template":"","meta":{"_uag_custom_page_level_css":"","_monsterinsights_skip_tracking":false,"_monsterinsights_sitenote_active":false,"_monsterinsights_sitenote_note":"","_monsterinsights_sitenote_category":0,"site-sidebar-layout":"default","site-content-layout":"","ast-site-content-layout":"default","site-content-style":"default","site-sidebar-style":"default","ast-global-header-display":"","ast-banner-title-visibility":"","ast-main-header-display":"","ast-hfb-above-header-display":"","ast-hfb-below-header-display":"","ast-hfb-mobile-header-display":"","site-post-title":"disabled","ast-breadcrumbs-content":"","ast-featured-img":"","footer-sml-layout":"","ast-disable-related-posts":"","theme-transparent-header-meta":"","adv-header-id-meta":"","stick-header-meta":"","header-above-stick-meta":"","header-main-stick-meta":"","header-below-stick-meta":"","astra-migrate-meta-layouts":"default","ast-page-background-enabled":"default","ast-page-background-meta":{"desktop":{"background-color":"var(--ast-global-color-4)","background-image":"","background-repeat":"repeat","background-position":"center center","background-size":"auto","background-attachment":"scroll","background-type":"","background-media":"","overlay-type":"","overlay-color":"","overlay-opacity":"","overlay-gradient":""},"tablet":{"background-color":"","background-image":"","background-repeat":"repeat","background-position":"center center","background-size":"auto","background-attachment":"scroll","background-type":"","background-media":"","overlay-type":"","overlay-color":"","overlay-opacity":"","overlay-gradient":""},"mobile":{"background-color":"","background-image":"","background-repeat":"repeat","background-position":"center center","background-size":"auto","background-attachment":"scroll","background-type":"","background-media":"","overlay-type":"","overlay-color":"","overlay-opacity":"","overlay-gradient":""}},"ast-content-background-meta":{"desktop":{"background-color":"var(--ast-global-color-5)","background-image":"","background-repeat":"repeat","background-position":"center center","background-size":"auto","background-attachment":"scroll","background-type":"","background-media":"","overlay-type":"","overlay-color":"","overlay-opacity":"","overlay-gradient":""},"tablet":{"background-color":"var(--ast-global-color-5)","background-image":"","background-repeat":"repeat","background-position":"center center","background-size":"auto","background-attachment":"scroll","background-type":"","background-media":"","overlay-type":"","overlay-color":"","overlay-opacity":"","overlay-gradient":""},"mobile":{"background-color":"var(--ast-global-color-5)","background-image":"","background-repeat":"repeat","background-position":"center center","background-size":"auto","background-attachment":"scroll","background-type":"","background-media":"","overlay-type":"","overlay-color":"","overlay-opacity":"","overlay-gradient":""}},"footnotes":""},"class_list":["post-3335","page","type-page","status-publish","hentry"],"aioseo_notices":[],"uagb_featured_image_src":{"full":false,"thumbnail":false,"medium":false,"medium_large":false,"large":false,"1536x1536":false,"2048x2048":false},"uagb_author_info":{"display_name":"multimedia@studiokey.it","author_link":"https:\/\/www.spig-gmab.com\/it\/author\/multimediastudiokey-it\/"},"uagb_comment_info":0,"uagb_excerpt":null,"_links":{"self":[{"href":"https:\/\/www.spig-gmab.com\/it\/wp-json\/wp\/v2\/pages\/3335","targetHints":{"allow":["GET"]}}],"collection":[{"href":"https:\/\/www.spig-gmab.com\/it\/wp-json\/wp\/v2\/pages"}],"about":[{"href":"https:\/\/www.spig-gmab.com\/it\/wp-json\/wp\/v2\/types\/page"}],"author":[{"embeddable":true,"href":"https:\/\/www.spig-gmab.com\/it\/wp-json\/wp\/v2\/users\/1"}],"replies":[{"embeddable":true,"href":"https:\/\/www.spig-gmab.com\/it\/wp-json\/wp\/v2\/comments?post=3335"}],"version-history":[{"count":10,"href":"https:\/\/www.spig-gmab.com\/it\/wp-json\/wp\/v2\/pages\/3335\/revisions"}],"predecessor-version":[{"id":9140,"href":"https:\/\/www.spig-gmab.com\/it\/wp-json\/wp\/v2\/pages\/3335\/revisions\/9140"}],"wp:attachment":[{"href":"https:\/\/www.spig-gmab.com\/it\/wp-json\/wp\/v2\/media?parent=3335"}],"curies":[{"name":"wp","href":"https:\/\/api.w.org\/{rel}","templated":true}]}}