{"id":3333,"date":"2024-09-26T13:25:30","date_gmt":"2024-09-26T13:25:30","guid":{"rendered":"https:\/\/spig-gmab.com\/recupero-di-calore\/"},"modified":"2025-09-30T08:48:14","modified_gmt":"2025-09-30T08:48:14","slug":"recupero-di-calore","status":"publish","type":"page","link":"https:\/\/www.spig-gmab.com\/it\/recupero-di-calore\/","title":{"rendered":"Recupero di calore"},"content":{"rendered":"\n<div class=\"wp-block-uagb-container uagb-block-zgbhmcgz alignfull uagb-is-root-container\"><div class=\"uagb-container-inner-blocks-wrap\">\n<div class=\"wp-block-uagb-info-box uagb-block-ew04gv8n uagb-infobox__content-wrap  uagb-infobox-icon-above-title uagb-infobox-image-valign-top\"><div class=\"uagb-ifb-content\"><div class=\"uagb-ifb-title-wrap\"><h1 class=\"uagb-ifb-title\"><strong><strong>Recupero di calore<\/strong><\/strong> e condensazione dei gas di scarico<\/h1><\/div><p class=\"uagb-ifb-desc\">Abbiamo fatto un ulteriore passo avanti nel recupero dell&#8217;energia.<\/p><\/div><\/div>\n<\/div><\/div>\n\n<div class=\"wp-block-uagb-container uagb-block-4neen65n alignfull uagb-is-root-container\"><div class=\"uagb-container-inner-blocks-wrap\">\n<div class=\"wp-block-uagb-container uagb-block-5aed6376\">\n<div class=\"wp-block-uagb-image alignleft uagb-block-krkibjso wp-block-uagb-image--layout-default wp-block-uagb-image--effect-static wp-block-uagb-image--align-left\"><figure class=\"wp-block-uagb-image__figure\"><img decoding=\"async\" srcset=\"https:\/\/www.spig-gmab.com\/wp-content\/uploads\/2024\/09\/4.png ,https:\/\/www.spig-gmab.com\/wp-content\/uploads\/2024\/09\/4.png 780w, https:\/\/www.spig-gmab.com\/wp-content\/uploads\/2024\/09\/4.png 360w\" sizes=\"auto, (max-width: 480px) 150px\" src=\"https:\/\/www.spig-gmab.com\/wp-content\/uploads\/2024\/09\/4.png\" alt=\"\" class=\"uag-image-1728\" width=\"600\" height=\"317\" title=\"4\" loading=\"lazy\" role=\"img\"><figcaption class=\"uagb-image-caption\">Schema Tipico<\/figcaption><\/figure><\/div>\n<\/div>\n\n\n\n<div class=\"wp-block-uagb-container uagb-block-slvpzmfu\">\n<div class=\"wp-block-uagb-info-box uagb-block-sfoqfciu uagb-infobox__content-wrap  uagb-infobox-icon-above-title uagb-infobox-image-valign-top\"><div class=\"uagb-ifb-content\"><div class=\"uagb-ifb-title-wrap\"><h2 class=\"uagb-ifb-title\"><strong><strong>Recupero di calore<\/strong><\/strong><\/h2><\/div><p class=\"uagb-ifb-desc\">Gli impianti di termovalorizzazione sono meraviglie di ingegneria, con sistemi di caldaie avanzate che convertono una parte significativa dell&#8217;energia nei gas di scarico in vapore. Questo vapore viene poi sfruttato per generare elettricit\u00e0 attraverso i generatori a turbina. Inoltre, il vapore produce calore nei condensatori delle turbine, che viene poi convogliato in un sistema di teleriscaldamento, fornendo calore alla comunit\u00e0 circostante. Questo processo efficiente non solo genera energia, ma assicura anche che il calore prodotto sia utilizzato in modo corretto, rendendo questi impianti una pietra miliare delle soluzioni energetiche sostenibili.   <\/p><\/div><\/div>\n<\/div>\n<\/div><\/div>\n\n<div class=\"wp-block-uagb-container uagb-block-8b123ae3 alignfull uagb-is-root-container\"><div class=\"uagb-container-inner-blocks-wrap\">\n<div class=\"wp-block-uagb-container uagb-block-43532781\">\n<div class=\"wp-block-uagb-advanced-heading uagb-block-e1b3295e\"><h3 class=\"uagb-heading-text\"><strong><strong><strong>Condensazione dei gas di scarico<\/strong><\/strong><\/strong><\/h3><\/div>\n\n\n\n<p>Abbiamo fatto un ulteriore passo avanti nel recupero dell&#8217;energia. Raffreddando i gas di scarico al di sotto del loro punto di rugiada, \u00e8 possibile recuperare grandi quantit\u00e0 di calore latente. Se la temperatura dei gas di scarico dopo la caldaia \u00e8 di circa 150\u00baC, \u00e8 possibile, attraverso la condensazione dei gas di scarico, aumentare il calore recuperato fino al 20%.<\/p>\n\n\n\n<p>La condensazione pu\u00f2 avvenire come scambio diretto di calore tra il gas e l&#8217;acqua di teleriscaldamento, in alcuni casi utilizzando un circuito intermedio di acqua di raffreddamento, e\/o utilizzando una pompa di calore intermedia. Per un&#8217;efficienza energetica ottimale, viene utilizzata una combinazione di questi metodi. <\/p>\n\n\n\n<p>La condensazione dei gas di scarico pu\u00f2 essere combinata con gli imballaggi della torre ADIOX\u00ae negli stadi dello scrubber per la rimozione della diossina e la prevenzione dell&#8217;effetto memoria.<\/p>\n<\/div>\n\n\n\n<div class=\"wp-block-uagb-container uagb-block-a510eb58\">\n<div class=\"wp-block-uagb-image uagb-block-1a4c0290 wp-block-uagb-image--layout-default wp-block-uagb-image--effect-static wp-block-uagb-image--align-none\"><figure class=\"wp-block-uagb-image__figure\"><img decoding=\"async\" srcset=\"https:\/\/www.spig-gmab.com\/wp-content\/uploads\/2024\/09\/2.jpg ,https:\/\/www.spig-gmab.com\/wp-content\/uploads\/2024\/09\/2.jpg 780w, https:\/\/www.spig-gmab.com\/wp-content\/uploads\/2024\/09\/2.jpg 360w\" sizes=\"auto, (max-width: 480px) 150px\" src=\"https:\/\/www.spig-gmab.com\/wp-content\/uploads\/2024\/09\/2.jpg\" alt=\"\" class=\"uag-image-1525\" width=\"667\" height=\"853\" title=\"2\" loading=\"lazy\" role=\"img\"><\/figure><\/div>\n<\/div>\n<\/div><\/div>\n\n<div class=\"wp-block-uagb-container uagb-block-0ae58dde alignwide uagb-is-root-container\">\n<div class=\"wp-block-uagb-image uagb-block-c3906ee9 wp-block-uagb-image--layout-default wp-block-uagb-image--effect-static wp-block-uagb-image--align-none\"><figure class=\"wp-block-uagb-image__figure\"><img decoding=\"async\" srcset=\"https:\/\/www.spig-gmab.com\/wp-content\/uploads\/2024\/09\/1.jpg ,https:\/\/www.spig-gmab.com\/wp-content\/uploads\/2024\/09\/1.jpg 780w, https:\/\/www.spig-gmab.com\/wp-content\/uploads\/2024\/09\/1.jpg 360w\" sizes=\"auto, (max-width: 480px) 150px\" src=\"https:\/\/www.spig-gmab.com\/wp-content\/uploads\/2024\/09\/1.jpg\" alt=\"\" class=\"uag-image-1534\" width=\"573\" height=\"677\" title=\"1\" loading=\"lazy\" role=\"img\"><\/figure><\/div>\n\n\n\n<div class=\"wp-block-uagb-container uagb-block-7505c614\">\n<div class=\"wp-block-uagb-advanced-heading uagb-block-86598799\"><h3 class=\"uagb-heading-text\"><strong><strong><strong><strong>Tecnologia di assorbimento<\/strong><\/strong><\/strong><\/strong><\/h3><\/div>\n\n\n\n<p>Forniamo pompe di calore ad assorbimento per un recupero energetico potenziato (come descritto sopra) e refrigeratori ad assorbimento per produrre un comfort cooling redditizio in estate. I refrigeratori sono collocati localmente nelle propriet\u00e0 o centralmente in un sistema di teleraffrescamento e utilizzano il calore in eccesso della rete di teleriscaldamento come fonte di energia. L&#8217;installazione richiede pochissima manutenzione. Oltre ai guadagni finanziari, la tecnologia \u00e8 ecologica e contribuisce a ridurre le emissioni di<sub>CO2<\/sub>.   <\/p>\n<\/div>\n<\/div>\n\n<div class=\"wp-block-uagb-container uagb-block-bba50a79 alignfull uagb-is-root-container\"><div class=\"uagb-container-inner-blocks-wrap\">\n<div class=\"wp-block-uagb-container uagb-block-dfd75a0c\">\n<div class=\"wp-block-uagb-advanced-heading uagb-block-c99fff62\"><h3 class=\"uagb-heading-text\"><strong><strong><strong><strong>Trattamento dell&#8217;acqua<\/strong><\/strong><\/strong><\/strong><\/h3><\/div>\n\n\n\n<p>La nostra esperienza nel sistema totale comprende la progettazione e la fornitura di tecnologie per il trattamento delle acque reflue delle colonnine di lavaggio, per ridurre al minimo e potenzialmente eliminare lo scarico di sostanze nocive nei sistemi di trattamento delle acque reflue o nell&#8217;ambiente.<\/p>\n<\/div>\n\n\n\n<div class=\"wp-block-uagb-image uagb-block-6c2c2328 wp-block-uagb-image--layout-default wp-block-uagb-image--effect-static wp-block-uagb-image--align-none\"><figure class=\"wp-block-uagb-image__figure\"><img decoding=\"async\" srcset=\"https:\/\/www.spig-gmab.com\/wp-content\/uploads\/2024\/09\/7.jpg ,https:\/\/www.spig-gmab.com\/wp-content\/uploads\/2024\/09\/7.jpg 780w, https:\/\/www.spig-gmab.com\/wp-content\/uploads\/2024\/09\/7.jpg 360w\" sizes=\"auto, (max-width: 480px) 150px\" src=\"https:\/\/www.spig-gmab.com\/wp-content\/uploads\/2024\/09\/7.jpg\" alt=\"\" class=\"uag-image-1738\" width=\"566\" height=\"425\" title=\"7\" loading=\"lazy\" role=\"img\"><\/figure><\/div>\n<\/div><\/div>\n\n<div class=\"wp-block-uagb-container uagb-block-67imbnbc alignfull uagb-is-root-container\"><div class=\"uagb-container-inner-blocks-wrap\">\n<div class=\"wp-block-uagb-info-box uagb-block-akrifalx uagb-infobox__content-wrap  uagb-infobox-icon-above-title uagb-infobox-image-valign-top wp-block-uagb-info-box--has-margin\"><div class=\"uagb-infobox-margin-wrapper\"><div class=\"uagb-ifb-content\"><div class=\"uagb-ifb-title-wrap\"><h2 class=\"uagb-ifb-title\">Realizza i tuoi obiettivi<\/h2><\/div><p class=\"uagb-ifb-desc\"><br\/>Affidati a SPIG e GMAB per trasformare le tue ambizioni in realt\u00e0.<\/p><\/div><\/div><\/div>\n\n\n\n<div class=\"wp-block-uagb-buttons uagb-buttons__outer-wrap uagb-btn__default-btn uagb-btn-tablet__default-btn uagb-btn-mobile__default-btn uagb-block-yuzskiwf\"><div class=\"uagb-buttons__wrap uagb-buttons-layout-wrap \">\n<div class=\"wp-block-uagb-buttons-child uagb-buttons__outer-wrap uagb-block-6m96fron wp-block-button\"><div class=\"uagb-button__wrapper\"><a class=\"uagb-buttons-repeater wp-block-button__link\" aria-label=\"\" href=\"https:\/\/www.spig-gmab.com\/contact\/\" rel=\"follow noopener\" target=\"_self\" role=\"button\"><div class=\"uagb-button__link\">Contatti <\/div><\/a><\/div><\/div>\n<\/div><\/div>\n<\/div><\/div>\n","protected":false},"excerpt":{"rendered":"<p>Condensazione dei gas di scarico Abbiamo fatto un ulteriore passo avanti nel recupero dell&#8217;energia. Raffreddando i gas di scarico al [&hellip;]<\/p>\n","protected":false},"author":1,"featured_media":0,"parent":0,"menu_order":0,"comment_status":"closed","ping_status":"closed","template":"","meta":{"_uag_custom_page_level_css":"","_monsterinsights_skip_tracking":false,"_monsterinsights_sitenote_active":false,"_monsterinsights_sitenote_note":"","_monsterinsights_sitenote_category":0,"site-sidebar-layout":"default","site-content-layout":"","ast-site-content-layout":"default","site-content-style":"default","site-sidebar-style":"default","ast-global-header-display":"","ast-banner-title-visibility":"","ast-main-header-display":"","ast-hfb-above-header-display":"","ast-hfb-below-header-display":"","ast-hfb-mobile-header-display":"","site-post-title":"disabled","ast-breadcrumbs-content":"","ast-featured-img":"","footer-sml-layout":"","ast-disable-related-posts":"","theme-transparent-header-meta":"","adv-header-id-meta":"","stick-header-meta":"","header-above-stick-meta":"","header-main-stick-meta":"","header-below-stick-meta":"","astra-migrate-meta-layouts":"default","ast-page-background-enabled":"default","ast-page-background-meta":{"desktop":{"background-color":"var(--ast-global-color-4)","background-image":"","background-repeat":"repeat","background-position":"center center","background-size":"auto","background-attachment":"scroll","background-type":"","background-media":"","overlay-type":"","overlay-color":"","overlay-opacity":"","overlay-gradient":""},"tablet":{"background-color":"","background-image":"","background-repeat":"repeat","background-position":"center center","background-size":"auto","background-attachment":"scroll","background-type":"","background-media":"","overlay-type":"","overlay-color":"","overlay-opacity":"","overlay-gradient":""},"mobile":{"background-color":"","background-image":"","background-repeat":"repeat","background-position":"center center","background-size":"auto","background-attachment":"scroll","background-type":"","background-media":"","overlay-type":"","overlay-color":"","overlay-opacity":"","overlay-gradient":""}},"ast-content-background-meta":{"desktop":{"background-color":"var(--ast-global-color-5)","background-image":"","background-repeat":"repeat","background-position":"center center","background-size":"auto","background-attachment":"scroll","background-type":"","background-media":"","overlay-type":"","overlay-color":"","overlay-opacity":"","overlay-gradient":""},"tablet":{"background-color":"var(--ast-global-color-5)","background-image":"","background-repeat":"repeat","background-position":"center center","background-size":"auto","background-attachment":"scroll","background-type":"","background-media":"","overlay-type":"","overlay-color":"","overlay-opacity":"","overlay-gradient":""},"mobile":{"background-color":"var(--ast-global-color-5)","background-image":"","background-repeat":"repeat","background-position":"center center","background-size":"auto","background-attachment":"scroll","background-type":"","background-media":"","overlay-type":"","overlay-color":"","overlay-opacity":"","overlay-gradient":""}},"footnotes":""},"class_list":["post-3333","page","type-page","status-publish","hentry"],"aioseo_notices":[],"uagb_featured_image_src":{"full":false,"thumbnail":false,"medium":false,"medium_large":false,"large":false,"1536x1536":false,"2048x2048":false},"uagb_author_info":{"display_name":"multimedia@studiokey.it","author_link":"https:\/\/www.spig-gmab.com\/it\/author\/multimediastudiokey-it\/"},"uagb_comment_info":0,"uagb_excerpt":"Condensazione dei gas di scarico Abbiamo fatto un ulteriore passo avanti nel recupero dell&#8217;energia. Raffreddando i gas di scarico al [&hellip;]","_links":{"self":[{"href":"https:\/\/www.spig-gmab.com\/it\/wp-json\/wp\/v2\/pages\/3333","targetHints":{"allow":["GET"]}}],"collection":[{"href":"https:\/\/www.spig-gmab.com\/it\/wp-json\/wp\/v2\/pages"}],"about":[{"href":"https:\/\/www.spig-gmab.com\/it\/wp-json\/wp\/v2\/types\/page"}],"author":[{"embeddable":true,"href":"https:\/\/www.spig-gmab.com\/it\/wp-json\/wp\/v2\/users\/1"}],"replies":[{"embeddable":true,"href":"https:\/\/www.spig-gmab.com\/it\/wp-json\/wp\/v2\/comments?post=3333"}],"version-history":[{"count":3,"href":"https:\/\/www.spig-gmab.com\/it\/wp-json\/wp\/v2\/pages\/3333\/revisions"}],"predecessor-version":[{"id":9127,"href":"https:\/\/www.spig-gmab.com\/it\/wp-json\/wp\/v2\/pages\/3333\/revisions\/9127"}],"wp:attachment":[{"href":"https:\/\/www.spig-gmab.com\/it\/wp-json\/wp\/v2\/media?parent=3333"}],"curies":[{"name":"wp","href":"https:\/\/api.w.org\/{rel}","templated":true}]}}