{"id":3319,"date":"2024-09-26T13:21:28","date_gmt":"2024-09-26T13:21:28","guid":{"rendered":"https:\/\/spig-gmab.com\/rimozione-della-diossina-adiox\/"},"modified":"2025-05-06T13:38:55","modified_gmt":"2025-05-06T13:38:55","slug":"rimozione-della-diossina-adiox","status":"publish","type":"page","link":"https:\/\/www.spig-gmab.com\/it\/rimozione-della-diossina-adiox\/","title":{"rendered":"ADIOX\u00ae per la rimozione delle diossine"},"content":{"rendered":"\n<div class=\"wp-block-uagb-container uagb-block-zgbhmcgz alignfull uagb-is-root-container\"><div class=\"uagb-container-inner-blocks-wrap\">\n<div class=\"wp-block-uagb-info-box uagb-block-ew04gv8n uagb-infobox__content-wrap  uagb-infobox-icon-above-title uagb-infobox-image-valign-top\"><div class=\"uagb-ifb-content\"><div class=\"uagb-ifb-title-wrap\"><h1 class=\"uagb-ifb-title\"><strong><strong>ADIOX\u00ae per la rimozione delle diossine<\/strong><\/strong><\/h1><\/div><p class=\"uagb-ifb-desc\">Pu\u00f2 essere installato in applicazioni Wet, sature e Dry.<\/p><\/div><\/div>\n<\/div><\/div>\n\n\n\n<div class=\"wp-block-uagb-container uagb-block-4neen65n alignfull uagb-is-root-container\"><div class=\"uagb-container-inner-blocks-wrap\">\n<div class=\"wp-block-uagb-container uagb-block-0435a92b\">\n<div class=\"wp-block-uagb-image alignright uagb-block-krkibjso wp-block-uagb-image--layout-default wp-block-uagb-image--effect-static wp-block-uagb-image--align-right alignleft\"><figure class=\"wp-block-uagb-image__figure\"><img decoding=\"async\" srcset=\"https:\/\/www.spig-gmab.com\/wp-content\/uploads\/2024\/09\/5-crop.jpg ,https:\/\/www.spig-gmab.com\/wp-content\/uploads\/2024\/09\/5-crop.jpg 780w, https:\/\/www.spig-gmab.com\/wp-content\/uploads\/2024\/09\/5-crop.jpg 360w\" sizes=\"auto, (max-width: 480px) 150px\" src=\"https:\/\/www.spig-gmab.com\/wp-content\/uploads\/2024\/09\/5-crop.jpg\" alt=\"\" class=\"uag-image-1705\" width=\"350\" height=\"423\" title=\"5-crop\" loading=\"lazy\" role=\"img\"\/><\/figure><\/div>\n<\/div>\n\n\n\n<div class=\"wp-block-uagb-container uagb-block-slvpzmfu\">\n<div class=\"wp-block-uagb-info-box uagb-block-sfoqfciu uagb-infobox__content-wrap  uagb-infobox-icon-above-title uagb-infobox-image-valign-top\"><div class=\"uagb-ifb-content\"><div class=\"uagb-ifb-title-wrap\"><h2 class=\"uagb-ifb-title\"><strong><strong>ADIOX\u00ae per la rimozione delle diossine<\/strong><\/strong><\/h2><\/div><p class=\"uagb-ifb-desc\">GMAB\u2122 ha sviluppato una serie di tecnologie uniche che possono essere adattate agli impianti esistenti e integrate nella nostra proposta completa.<br><br>Il processo di rimozione delle diossine con ADIOX\u00ae sfrutta la forte affinit\u00e0 che le diossine hanno con il carbone attivo. Integrando minuscole particelle di carbone attivo nelle plastiche in polipropilene (PP), creiamo un materiale altamente efficace per l&#8217;abbattimento delle diossine. Questo approccio innovativo utilizza le propriet\u00e0 adsorbenti del carbone attivo, assicurando che le particelle di tale sostanza disperse nella plastica PP catturino ed eliminino efficacemente le diossine dall&#8217;ambiente dello scrubber. Questo metodo non solo aumenta l&#8217;efficacia del materiale, ma contribuisce anche a un ecosistema pi\u00f9 pulito e sicuro.   <br><br>Quando una molecola di diossina \u00e8 presente nei fumi di combustione, viene dapprima assorbita dal materiale in polipropilene (PP). Da l\u00ec, migra verso una particella di carbone attivo dove viene fortemente adsorbita, ossia si attacca saldamente alla superficie del carbone attivo. Il materiale PP agisce come una membrana selettiva, mostrando una preferenza per la cattura di molecole come le diossine. Una volta che il materiale ADIOX ha raggiunto la fine della sua vita utile, viene incenerito. Durante questo processo, le diossine vengono distrutte, eliminandole di fatto dal ciclo ecologico e garantendo che non rientrino nell&#8217;ambiente.    <br><br>I riempimenti degli scrubber e i separatori di gocce, prodotti con materiale ADIOX, possono essere installati in applicazioni Wet, sature e Dry.<br><br>Scopri di pi\u00f9 nella nostra brochure ADIOX &#8211; <a href=\"https:\/\/www.spig-gmab.com\/wp-content\/uploads\/2025\/05\/GMAB_002_ADIOX_Dioxin_Removal.pdf\" target=\"_blank\" rel=\"noopener\" title=\"\">download qui<\/a><\/p><\/div><\/div>\n\n\n\n<figure class=\"wp-block-video\"><video controls src=\"https:\/\/www.spig-gmab.com\/wp-content\/uploads\/2025\/04\/intervista_gmab_sven_clip-1_v4.1-720p.mp4\"><\/video><\/figure>\n<\/div>\n<\/div><\/div>\n\n\n\n<div class=\"wp-block-uagb-container uagb-block-67imbnbc alignfull uagb-is-root-container\"><div class=\"uagb-container-inner-blocks-wrap\">\n<div class=\"wp-block-uagb-info-box uagb-block-akrifalx uagb-infobox__content-wrap  uagb-infobox-icon-above-title uagb-infobox-image-valign-top wp-block-uagb-info-box--has-margin\"><div class=\"uagb-infobox-margin-wrapper\"><div class=\"uagb-ifb-content\"><div class=\"uagb-ifb-title-wrap\"><h2 class=\"uagb-ifb-title\">Realizza i tuoi obiettivi<\/h2><\/div><p class=\"uagb-ifb-desc\"><br\/>Affidati a SPIG e GMAB per trasformare le tue ambizioni in realt\u00e0.<\/p><\/div><\/div><\/div>\n\n\n\n<div class=\"wp-block-uagb-buttons uagb-buttons__outer-wrap uagb-btn__default-btn uagb-btn-tablet__default-btn uagb-btn-mobile__default-btn uagb-block-yuzskiwf\"><div class=\"uagb-buttons__wrap uagb-buttons-layout-wrap \">\n<div class=\"wp-block-uagb-buttons-child uagb-buttons__outer-wrap uagb-block-6m96fron wp-block-button\"><div class=\"uagb-button__wrapper\"><a class=\"uagb-buttons-repeater wp-block-button__link\" aria-label=\"\" href=\"https:\/\/www.spig-gmab.com\/contact\/\" rel=\"follow noopener\" target=\"_self\" role=\"button\"><div class=\"uagb-button__link\">Contatti <\/div><\/a><\/div><\/div>\n<\/div><\/div>\n<\/div><\/div>\n","protected":false},"excerpt":{"rendered":"","protected":false},"author":1,"featured_media":0,"parent":0,"menu_order":0,"comment_status":"closed","ping_status":"closed","template":"","meta":{"_uag_custom_page_level_css":"","_monsterinsights_skip_tracking":false,"_monsterinsights_sitenote_active":false,"_monsterinsights_sitenote_note":"","_monsterinsights_sitenote_category":0,"site-sidebar-layout":"default","site-content-layout":"","ast-site-content-layout":"","site-content-style":"default","site-sidebar-style":"default","ast-global-header-display":"","ast-banner-title-visibility":"","ast-main-header-display":"","ast-hfb-above-header-display":"","ast-hfb-below-header-display":"","ast-hfb-mobile-header-display":"","site-post-title":"disabled","ast-breadcrumbs-content":"","ast-featured-img":"","footer-sml-layout":"","ast-disable-related-posts":"","theme-transparent-header-meta":"","adv-header-id-meta":"","stick-header-meta":"","header-above-stick-meta":"","header-main-stick-meta":"","header-below-stick-meta":"","astra-migrate-meta-layouts":"default","ast-page-background-enabled":"default","ast-page-background-meta":{"desktop":{"background-color":"var(--ast-global-color-4)","background-image":"","background-repeat":"repeat","background-position":"center center","background-size":"auto","background-attachment":"scroll","background-type":"","background-media":"","overlay-type":"","overlay-color":"","overlay-opacity":"","overlay-gradient":""},"tablet":{"background-color":"","background-image":"","background-repeat":"repeat","background-position":"center center","background-size":"auto","background-attachment":"scroll","background-type":"","background-media":"","overlay-type":"","overlay-color":"","overlay-opacity":"","overlay-gradient":""},"mobile":{"background-color":"","background-image":"","background-repeat":"repeat","background-position":"center center","background-size":"auto","background-attachment":"scroll","background-type":"","background-media":"","overlay-type":"","overlay-color":"","overlay-opacity":"","overlay-gradient":""}},"ast-content-background-meta":{"desktop":{"background-color":"var(--ast-global-color-5)","background-image":"","background-repeat":"repeat","background-position":"center center","background-size":"auto","background-attachment":"scroll","background-type":"","background-media":"","overlay-type":"","overlay-color":"","overlay-opacity":"","overlay-gradient":""},"tablet":{"background-color":"var(--ast-global-color-5)","background-image":"","background-repeat":"repeat","background-position":"center center","background-size":"auto","background-attachment":"scroll","background-type":"","background-media":"","overlay-type":"","overlay-color":"","overlay-opacity":"","overlay-gradient":""},"mobile":{"background-color":"var(--ast-global-color-5)","background-image":"","background-repeat":"repeat","background-position":"center center","background-size":"auto","background-attachment":"scroll","background-type":"","background-media":"","overlay-type":"","overlay-color":"","overlay-opacity":"","overlay-gradient":""}},"footnotes":""},"class_list":["post-3319","page","type-page","status-publish","hentry"],"aioseo_notices":[],"uagb_featured_image_src":{"full":false,"thumbnail":false,"medium":false,"medium_large":false,"large":false,"1536x1536":false,"2048x2048":false},"uagb_author_info":{"display_name":"multimedia@studiokey.it","author_link":"https:\/\/www.spig-gmab.com\/it\/author\/multimediastudiokey-it\/"},"uagb_comment_info":0,"uagb_excerpt":null,"_links":{"self":[{"href":"https:\/\/www.spig-gmab.com\/it\/wp-json\/wp\/v2\/pages\/3319","targetHints":{"allow":["GET"]}}],"collection":[{"href":"https:\/\/www.spig-gmab.com\/it\/wp-json\/wp\/v2\/pages"}],"about":[{"href":"https:\/\/www.spig-gmab.com\/it\/wp-json\/wp\/v2\/types\/page"}],"author":[{"embeddable":true,"href":"https:\/\/www.spig-gmab.com\/it\/wp-json\/wp\/v2\/users\/1"}],"replies":[{"embeddable":true,"href":"https:\/\/www.spig-gmab.com\/it\/wp-json\/wp\/v2\/comments?post=3319"}],"version-history":[{"count":14,"href":"https:\/\/www.spig-gmab.com\/it\/wp-json\/wp\/v2\/pages\/3319\/revisions"}],"predecessor-version":[{"id":8586,"href":"https:\/\/www.spig-gmab.com\/it\/wp-json\/wp\/v2\/pages\/3319\/revisions\/8586"}],"wp:attachment":[{"href":"https:\/\/www.spig-gmab.com\/it\/wp-json\/wp\/v2\/media?parent=3319"}],"curies":[{"name":"wp","href":"https:\/\/api.w.org\/{rel}","templated":true}]}}