{"id":5134,"date":"2024-10-31T10:54:09","date_gmt":"2024-10-31T10:54:09","guid":{"rendered":"https:\/\/spig-gmab.com\/vision-y-mision\/"},"modified":"2025-03-05T15:17:32","modified_gmt":"2025-03-05T15:17:32","slug":"vision-y-mision","status":"publish","type":"page","link":"https:\/\/www.spig-gmab.com\/es\/vision-y-mision\/","title":{"rendered":"Visi\u00f3n y misi\u00f3n"},"content":{"rendered":"\n<div class=\"wp-block-uagb-container uagb-block-zgbhmcgz alignfull uagb-is-root-container\"><div class=\"uagb-container-inner-blocks-wrap\">\n<div class=\"wp-block-uagb-info-box uagb-block-ew04gv8n uagb-infobox__content-wrap  uagb-infobox-icon-above-title uagb-infobox-image-valign-top\"><div class=\"uagb-ifb-content\"><div class=\"uagb-ifb-title-wrap\"><h1 class=\"uagb-ifb-title\">Visi\u00f3n y misi\u00f3n<\/h1><\/div><p class=\"uagb-ifb-desc\">Un camino limpio hacia adelante<\/p><\/div><\/div>\n<\/div><\/div>\n\n\n\n<div class=\"wp-block-uagb-container uagb-block-4neen65n alignfull uagb-is-root-container\"><div class=\"uagb-container-inner-blocks-wrap\">\n<div class=\"wp-block-uagb-container uagb-block-9b8f2899\">\n<div class=\"wp-block-uagb-image alignright uagb-block-krkibjso wp-block-uagb-image--layout-default wp-block-uagb-image--effect-static wp-block-uagb-image--align-right figure-100\"><figure class=\"wp-block-uagb-image__figure\"><img decoding=\"async\" srcset=\"https:\/\/www.spig-gmab.com\/wp-content\/uploads\/2024\/10\/SPIG-GMAB_Vision-scaled.jpg ,https:\/\/www.spig-gmab.com\/wp-content\/uploads\/2024\/10\/SPIG-GMAB_Vision-scaled.jpg 780w, https:\/\/www.spig-gmab.com\/wp-content\/uploads\/2024\/10\/SPIG-GMAB_Vision-scaled.jpg 360w\" sizes=\"auto, (max-width: 480px) 150px\" src=\"https:\/\/www.spig-gmab.com\/wp-content\/uploads\/2024\/10\/SPIG-GMAB_Vision-scaled.jpg\" alt=\"\" class=\"uag-image-4254\" width=\"564\" height=\"423\" title=\"\" loading=\"lazy\" role=\"presentation\"\/><\/figure><\/div>\n<\/div>\n\n\n\n<div class=\"wp-block-uagb-container uagb-block-slvpzmfu\">\n<div class=\"wp-block-group is-layout-flow wp-block-group-is-layout-flow\" style=\"padding-right:0px\">\n<h2 class=\"wp-block-heading\" style=\"padding-right:0px;font-style:normal;font-weight:800\">Nuestra visi\u00f3n<\/h2>\n\n\n\n<p>Convertirnos en la primera opci\u00f3n en tecnolog\u00edas de refrigeraci\u00f3n y control de emisiones sobre el terreno, preservando los recursos de nuestro planeta.<\/p>\n\n\n\n<p><strong>Valores SPIG-GMAB:<\/strong><\/p>\n\n\n\n<ul class=\"wp-block-list\" start=\"1\">\n<li><strong>Puntualidad<\/strong><br>Actuar con prontitud, evitar aplazamientos, estar disponible y trabajar con diligencia para entregar nuestros proyectos a tiempo y con cero defectos, anticiparnos a los retos, permanecer \u00e1giles para superar imprevistos, decir la verdad para generar confianza: estos son los principios que gu\u00edan la ejecuci\u00f3n de nuestros proyectos.<\/li>\n\n\n\n<li><strong>Mejorar cada d\u00eda<\/strong><br>Fomentando la curiosidad, ampliando nuestras capacidades, innovando cada d\u00eda, simplificando los procesos, colaborando con socios y clientes en nuevas ideas y tecnolog\u00edas, probando nuevos enfoques sin miedo y recompensando la valent\u00eda y los riesgos calculados, todos creceremos.<\/li>\n\n\n\n<li><strong>Alentar y ayudar<\/strong><br>Cultura de retroalimentaci\u00f3n, respeto, apoyo mutuo, hablar alto, compartir informaci\u00f3n, dar energ\u00eda a los dem\u00e1s, ver el potencial de nuestros colegas, dar cr\u00e9dito, celebrar los peque\u00f1os y grandes \u00e9xitos: estos son los comportamientos de nuestro grupo.<\/li>\n<\/ul>\n<\/div>\n<\/div>\n<\/div><\/div>\n\n\n\n<div class=\"wp-block-uagb-container uagb-block-2b88301c alignfull uagb-is-root-container\"><div class=\"uagb-container-inner-blocks-wrap\">\n<div class=\"wp-block-uagb-container uagb-block-e3e9fcd8\">\n<div class=\"wp-block-group is-layout-flow wp-block-group-is-layout-flow\" style=\"padding-right:0px\">\n<h2 class=\"wp-block-heading\" style=\"padding-right:0px;font-style:normal;font-weight:800\">Nuestra misi\u00f3n<\/h2>\n\n\n\n<p>En SPIG-GMAB, nuestro compromiso con la sostenibilidad global nos impulsa a ofrecer soluciones innovadoras que preserven el agua y mejoren la calidad del aire. Nos centramos en tecnolog\u00edas de vanguardia que minimizan el impacto medioambiental a la vez que mejoran el rendimiento industrial. <\/p>\n\n\n\n<p>SPIG est\u00e1 especializada en el dise\u00f1o y la ingenier\u00eda de sistemas avanzados de refrigeraci\u00f3n h\u00fameda, h\u00edbrida y seca. Estos sistemas utilizan ciclos de agua de circuito cerrado y tecnolog\u00edas h\u00edbridas para optimizar la eficiencia de la refrigeraci\u00f3n, reduciendo significativamente el consumo de agua y fomentando la conservaci\u00f3n de los recursos. <\/p>\n\n\n\n<p>GMAB es l\u00edder industrial en el suministro de tecnolog\u00edas de tratamiento de gases de combusti\u00f3n y recuperaci\u00f3n de energ\u00eda para centrales el\u00e9ctricas alimentadas con residuos y biomasa, as\u00ed como para diversas aplicaciones industriales. Nuestros sistemas de \u00faltima generaci\u00f3n est\u00e1n dise\u00f1ados para controlar una amplia gama de contaminantes, garantizando un aire m\u00e1s limpio y contribuyendo a un futuro m\u00e1s sostenible y energ\u00e9ticamente eficiente. <\/p>\n<\/div>\n<\/div>\n\n\n\n<div class=\"wp-block-uagb-container uagb-block-316cd966\">\n<div class=\"wp-block-uagb-image aligncenter uagb-block-a2add538 wp-block-uagb-image--layout-default wp-block-uagb-image--effect-static wp-block-uagb-image--align-center figure-100\"><figure class=\"wp-block-uagb-image__figure\"><img decoding=\"async\" srcset=\"https:\/\/www.spig-gmab.com\/wp-content\/uploads\/2024\/09\/Landscape_01_pexels-eberhardgross-858115-edited-1024x576.jpg ,https:\/\/www.spig-gmab.com\/wp-content\/uploads\/2024\/09\/Landscape_01_pexels-eberhardgross-858115-edited-scaled.jpg 780w, https:\/\/www.spig-gmab.com\/wp-content\/uploads\/2024\/09\/Landscape_01_pexels-eberhardgross-858115-edited-scaled.jpg 360w\" sizes=\"auto, (max-width: 480px) 150px\" src=\"https:\/\/www.spig-gmab.com\/wp-content\/uploads\/2024\/09\/Landscape_01_pexels-eberhardgross-858115-edited-1024x576.jpg\" alt=\"\" class=\"uag-image-1807\" width=\"564\" height=\"423\" title=\"\" loading=\"lazy\" role=\"presentation\"\/><\/figure><\/div>\n<\/div>\n<\/div><\/div>\n\n\n\n<div class=\"wp-block-uagb-container uagb-block-4544867c alignfull uagb-is-root-container\"><\/div>\n","protected":false},"excerpt":{"rendered":"<p>Nuestra visi\u00f3n Convertirnos en la primera opci\u00f3n en tecnolog\u00edas de refrigeraci\u00f3n y control de emisiones sobre el terreno, preservando los [&hellip;]<\/p>\n","protected":false},"author":1,"featured_media":0,"parent":0,"menu_order":0,"comment_status":"closed","ping_status":"closed","template":"","meta":{"_uag_custom_page_level_css":"","_monsterinsights_skip_tracking":false,"_monsterinsights_sitenote_active":false,"_monsterinsights_sitenote_note":"","_monsterinsights_sitenote_category":0,"site-sidebar-layout":"default","site-content-layout":"","ast-site-content-layout":"default","site-content-style":"default","site-sidebar-style":"default","ast-global-header-display":"","ast-banner-title-visibility":"","ast-main-header-display":"","ast-hfb-above-header-display":"","ast-hfb-below-header-display":"","ast-hfb-mobile-header-display":"","site-post-title":"disabled","ast-breadcrumbs-content":"","ast-featured-img":"","footer-sml-layout":"","ast-disable-related-posts":"","theme-transparent-header-meta":"","adv-header-id-meta":"","stick-header-meta":"","header-above-stick-meta":"","header-main-stick-meta":"","header-below-stick-meta":"","astra-migrate-meta-layouts":"default","ast-page-background-enabled":"default","ast-page-background-meta":{"desktop":{"background-color":"var(--ast-global-color-4)","background-image":"","background-repeat":"repeat","background-position":"center center","background-size":"auto","background-attachment":"scroll","background-type":"","background-media":"","overlay-type":"","overlay-color":"","overlay-opacity":"","overlay-gradient":""},"tablet":{"background-color":"","background-image":"","background-repeat":"repeat","background-position":"center center","background-size":"auto","background-attachment":"scroll","background-type":"","background-media":"","overlay-type":"","overlay-color":"","overlay-opacity":"","overlay-gradient":""},"mobile":{"background-color":"","background-image":"","background-repeat":"repeat","background-position":"center center","background-size":"auto","background-attachment":"scroll","background-type":"","background-media":"","overlay-type":"","overlay-color":"","overlay-opacity":"","overlay-gradient":""}},"ast-content-background-meta":{"desktop":{"background-color":"var(--ast-global-color-5)","background-image":"","background-repeat":"repeat","background-position":"center center","background-size":"auto","background-attachment":"scroll","background-type":"","background-media":"","overlay-type":"","overlay-color":"","overlay-opacity":"","overlay-gradient":""},"tablet":{"background-color":"var(--ast-global-color-5)","background-image":"","background-repeat":"repeat","background-position":"center center","background-size":"auto","background-attachment":"scroll","background-type":"","background-media":"","overlay-type":"","overlay-color":"","overlay-opacity":"","overlay-gradient":""},"mobile":{"background-color":"var(--ast-global-color-5)","background-image":"","background-repeat":"repeat","background-position":"center center","background-size":"auto","background-attachment":"scroll","background-type":"","background-media":"","overlay-type":"","overlay-color":"","overlay-opacity":"","overlay-gradient":""}},"footnotes":""},"class_list":["post-5134","page","type-page","status-publish","hentry"],"aioseo_notices":[],"uagb_featured_image_src":{"full":false,"thumbnail":false,"medium":false,"medium_large":false,"large":false,"1536x1536":false,"2048x2048":false},"uagb_author_info":{"display_name":"multimedia@studiokey.it","author_link":"https:\/\/www.spig-gmab.com\/es\/author\/multimediastudiokey-it\/"},"uagb_comment_info":0,"uagb_excerpt":"Nuestra visi\u00f3n Convertirnos en la primera opci\u00f3n en tecnolog\u00edas de refrigeraci\u00f3n y control de emisiones sobre el terreno, preservando los [&hellip;]","_links":{"self":[{"href":"https:\/\/www.spig-gmab.com\/es\/wp-json\/wp\/v2\/pages\/5134","targetHints":{"allow":["GET"]}}],"collection":[{"href":"https:\/\/www.spig-gmab.com\/es\/wp-json\/wp\/v2\/pages"}],"about":[{"href":"https:\/\/www.spig-gmab.com\/es\/wp-json\/wp\/v2\/types\/page"}],"author":[{"embeddable":true,"href":"https:\/\/www.spig-gmab.com\/es\/wp-json\/wp\/v2\/users\/1"}],"replies":[{"embeddable":true,"href":"https:\/\/www.spig-gmab.com\/es\/wp-json\/wp\/v2\/comments?post=5134"}],"version-history":[{"count":2,"href":"https:\/\/www.spig-gmab.com\/es\/wp-json\/wp\/v2\/pages\/5134\/revisions"}],"predecessor-version":[{"id":7517,"href":"https:\/\/www.spig-gmab.com\/es\/wp-json\/wp\/v2\/pages\/5134\/revisions\/7517"}],"wp:attachment":[{"href":"https:\/\/www.spig-gmab.com\/es\/wp-json\/wp\/v2\/media?parent=5134"}],"curies":[{"name":"wp","href":"https:\/\/api.w.org\/{rel}","templated":true}]}}