{"id":5094,"date":"2024-10-29T09:40:43","date_gmt":"2024-10-29T09:40:43","guid":{"rendered":"https:\/\/spig-gmab.com\/sobre-nosotros\/"},"modified":"2025-03-05T15:27:10","modified_gmt":"2025-03-05T15:27:10","slug":"sobre-nosotros","status":"publish","type":"page","link":"https:\/\/www.spig-gmab.com\/es\/sobre-nosotros\/","title":{"rendered":"Sobre nosotros"},"content":{"rendered":"\n<div class=\"wp-block-uagb-container uagb-block-zgbhmcgz alignfull uagb-is-root-container\"><div class=\"uagb-container-inner-blocks-wrap\">\n<div class=\"wp-block-uagb-info-box uagb-block-ew04gv8n uagb-infobox__content-wrap  uagb-infobox-icon-above-title uagb-infobox-image-valign-top\"><div class=\"uagb-ifb-content\"><div class=\"uagb-ifb-title-wrap\"><h1 class=\"uagb-ifb-title\">Sobre nosotros<\/h1><\/div><p class=\"uagb-ifb-desc\">SPIG y GMAB forman parte de AUCTUS Capital Partners AG<\/p><\/div><\/div>\n<\/div><\/div>\n\n\n\n<div class=\"wp-block-uagb-container uagb-block-4neen65n alignfull uagb-is-root-container\"><div class=\"uagb-container-inner-blocks-wrap\">\n<div class=\"wp-block-uagb-container uagb-block-slvpzmfu\">\n<div class=\"wp-block-uagb-info-box uagb-block-sfoqfciu uagb-infobox__content-wrap  uagb-infobox-icon-above-title uagb-infobox-image-valign-top\"><div class=\"uagb-ifb-content\"><div class=\"uagb-ifb-title-wrap\"><h2 class=\"uagb-ifb-title\"><strong>Nuestra historia<\/strong><\/h2><\/div><p class=\"uagb-ifb-desc\">SPIG y GMAB forman parte de AUCTUS Capital Partners AG. Fundada en 2001, AUCTUS es una de las principales firmas de inversi\u00f3n centradas en las peque\u00f1as y medianas empresas europeas. A trav\u00e9s de nuestras estrategias de <em>buy-and-build<\/em>, AUCTUS ha creado m\u00e1s l\u00edderes de mercado que ning\u00fan otro fondo en Europa. AUCTUS es, con diferencia, la firma de <em>private equity<\/em> m\u00e1s activa de Alemania. AUCTUS mantiene esta posici\u00f3n de liderazgo a pesar del dif\u00edcil entorno de mercado para las empresas de inversi\u00f3n y en contra de la tendencia actual, en la que el n\u00famero de inversores est\u00e1 disminuyendo en favor de los compradores estrat\u00e9gicos.    <\/p><\/div><\/div>\n<\/div>\n<\/div><\/div>\n\n\n\n<div class=\"wp-block-uagb-container uagb-block-536fa3a7 alignfull uagb-is-root-container\"><div class=\"uagb-container-inner-blocks-wrap\">\n<div class=\"wp-block-uagb-image alignright uagb-block-6699cf04 wp-block-uagb-image--layout-default wp-block-uagb-image--effect-static wp-block-uagb-image--align-right alignleft\"><figure class=\"wp-block-uagb-image__figure\"><img decoding=\"async\" srcset=\"https:\/\/www.spig-gmab.com\/wp-content\/uploads\/2024\/09\/SPIG_Eng_History_Forex_mod-768x1024.jpg ,https:\/\/www.spig-gmab.com\/wp-content\/uploads\/2024\/09\/SPIG_Eng_History_Forex_mod.jpg 780w, https:\/\/www.spig-gmab.com\/wp-content\/uploads\/2024\/09\/SPIG_Eng_History_Forex_mod.jpg 360w\" sizes=\"auto, (max-width: 480px) 150px\" src=\"https:\/\/www.spig-gmab.com\/wp-content\/uploads\/2024\/09\/SPIG_Eng_History_Forex_mod-768x1024.jpg\" alt=\"\" class=\"uag-image-1689\" width=\"564\" height=\"423\" title=\"SPIG_Eng_History_Forex_mod\" loading=\"lazy\" role=\"img\"\/><figcaption class=\"uagb-image-caption\">SPIG founders, 1923<\/figcaption><\/figure><\/div>\n\n\n\n<div class=\"wp-block-uagb-container uagb-block-0356e1e5\">\n<div class=\"wp-block-uagb-info-box uagb-block-366e9207 uagb-infobox__content-wrap  uagb-infobox-icon-above-title uagb-infobox-image-valign-top\"><div class=\"uagb-ifb-content\"><div class=\"uagb-ifb-title-wrap\"><h2 class=\"uagb-ifb-title\"><strong>SPIG<\/strong><\/h2><\/div><p class=\"uagb-ifb-desc\">SPIG opera en todo el mundo suministrando una amplia gama de sistemas de refrigeraci\u00f3n llave en mano. Desde 1936, hemos dise\u00f1ado, ideado e instalado numerosos proyectos de sistemas de refrigeraci\u00f3n de \u00faltima generaci\u00f3n para una amplia gama de industrias. SPIG es un proveedor mundial de sistemas y servicios de refrigeraci\u00f3n dise\u00f1ados a medida.    <br>Fundada en Italia en 1936, las soluciones SPIG son conocidas en todo el mundo, con soluciones basadas en proyectos y operaciones en casi 50 pa\u00edses. Nuestro centro de excelencia de sistemas de refrigeraci\u00f3n de Paruzzaro emplea aproximadamente a 150 personas en ubicaciones de todo el mundo.   <br>Nuestra experiencia incluye soluciones de refrigeraci\u00f3n h\u00famedas, secas e h\u00edbridas, seg\u00fan dicten los requisitos espec\u00edficos del proyecto. Podemos suministrar sistemas tanto mec\u00e1nicos como de tiro natural y dise\u00f1ar para una amplia gama de especificaciones de proyecto, como cargas s\u00edsmicas elevadas, control de vibraciones, corrosi\u00f3n, control de ruidos, funcionamiento por debajo del punto de congelaci\u00f3n y uso de agua de mar.   <br>Los proyectos destacados a continuaci\u00f3n son ejemplos de c\u00f3mo SPIG ha proporcionado soluciones de sistemas de refrigeraci\u00f3n l\u00edderes en la industria a clientes de todo el mundo.<\/p><\/div><\/div>\n<\/div>\n<\/div><\/div>\n\n\n\n<div class=\"wp-block-uagb-container uagb-block-2b88301c alignfull uagb-is-root-container\"><div class=\"uagb-container-inner-blocks-wrap\">\n<div class=\"wp-block-uagb-container uagb-block-e3e9fcd8\">\n<div class=\"wp-block-uagb-info-box uagb-block-890485e5 uagb-infobox__content-wrap  uagb-infobox-icon-above-title uagb-infobox-image-valign-top\"><div class=\"uagb-ifb-content\"><div class=\"uagb-ifb-title-wrap\"><h2 class=\"uagb-ifb-title\"><strong>GMAB<\/strong><\/h2><\/div><p class=\"uagb-ifb-desc\">G\u00f6taverken se fund\u00f3 en 1841 y produjo barcos, calderas, motores diesel e incluso aviones. G\u00f6taverken Milj\u00f6 AB (GMAB) se fund\u00f3 en 1988 como escisi\u00f3n de G\u00f6taverken Energy Systems. El primer gran proyecto fueron las bombas de calor de compresi\u00f3n en GRYAB y tres l\u00edneas de tratamiento h\u00famedo de gases de combusti\u00f3n con condensaci\u00f3n de gases de combusti\u00f3n en 1988 en GRAAB, ambas en Gotemburgo. \u00c9sta fue la primera planta de condensaci\u00f3n de gases de combusti\u00f3n del mundo en una planta de conversi\u00f3n de residuos en energ\u00eda. GMAB fue adquirida por Sj\u00e4tte AP-fonden en 1998. En 2010, Babcock &amp; Wilcox V\u00f8lund A\/S adquiri\u00f3 GMAB, integr\u00e1ndola en gama de soluciones medioambientales. En 2024, GMAB fue adquirida por AUCTUS Capital Partners AG y se asoci\u00f3 con SPIG SpA. GMAB es conocida por sus avanzados sistemas y tecnolog\u00edas de limpieza de gases de combusti\u00f3n y tiene un fuerte enfoque en el desarrollo y comercializaci\u00f3n de nuevas tecnolog\u00edas, y ha trabajado con varias Universidades e Institutos de Investigaci\u00f3n en la b\u00fasqueda de la reducci\u00f3n constante de las emisiones y la huella medioambiental. Esta colaboraci\u00f3n ha dado como resultado una larga gama de tecnolog\u00edas innovadoras.        <\/p><\/div><\/div>\n<\/div>\n\n\n\n<div class=\"wp-block-uagb-image alignright uagb-block-a2add538 wp-block-uagb-image--layout-default wp-block-uagb-image--effect-static wp-block-uagb-image--align-right alignleft\"><figure class=\"wp-block-uagb-image__figure\"><img decoding=\"async\" srcset=\"https:\/\/www.spig-gmab.com\/wp-content\/uploads\/2024\/09\/Gotaverken-ad-1934.jpg ,https:\/\/www.spig-gmab.com\/wp-content\/uploads\/2024\/09\/Gotaverken-ad-1934.jpg 780w, https:\/\/www.spig-gmab.com\/wp-content\/uploads\/2024\/09\/Gotaverken-ad-1934.jpg 360w\" sizes=\"auto, (max-width: 480px) 150px\" src=\"https:\/\/www.spig-gmab.com\/wp-content\/uploads\/2024\/09\/Gotaverken-ad-1934.jpg\" alt=\"\" class=\"uag-image-1693\" width=\"350\" height=\"423\" title=\"Gotaverken-ad-1934\" loading=\"lazy\" role=\"img\"\/><figcaption class=\"uagb-image-caption\">G\u00f6taverken ad 1934<\/figcaption><\/figure><\/div>\n<\/div><\/div>\n","protected":false},"excerpt":{"rendered":"","protected":false},"author":1,"featured_media":0,"parent":0,"menu_order":0,"comment_status":"closed","ping_status":"closed","template":"","meta":{"_uag_custom_page_level_css":"","_monsterinsights_skip_tracking":false,"_monsterinsights_sitenote_active":false,"_monsterinsights_sitenote_note":"","_monsterinsights_sitenote_category":0,"site-sidebar-layout":"default","site-content-layout":"","ast-site-content-layout":"","site-content-style":"default","site-sidebar-style":"default","ast-global-header-display":"","ast-banner-title-visibility":"","ast-main-header-display":"","ast-hfb-above-header-display":"","ast-hfb-below-header-display":"","ast-hfb-mobile-header-display":"","site-post-title":"disabled","ast-breadcrumbs-content":"","ast-featured-img":"","footer-sml-layout":"","ast-disable-related-posts":"","theme-transparent-header-meta":"","adv-header-id-meta":"","stick-header-meta":"","header-above-stick-meta":"","header-main-stick-meta":"","header-below-stick-meta":"","astra-migrate-meta-layouts":"default","ast-page-background-enabled":"default","ast-page-background-meta":{"desktop":{"background-color":"var(--ast-global-color-4)","background-image":"","background-repeat":"repeat","background-position":"center center","background-size":"auto","background-attachment":"scroll","background-type":"","background-media":"","overlay-type":"","overlay-color":"","overlay-opacity":"","overlay-gradient":""},"tablet":{"background-color":"","background-image":"","background-repeat":"repeat","background-position":"center center","background-size":"auto","background-attachment":"scroll","background-type":"","background-media":"","overlay-type":"","overlay-color":"","overlay-opacity":"","overlay-gradient":""},"mobile":{"background-color":"","background-image":"","background-repeat":"repeat","background-position":"center center","background-size":"auto","background-attachment":"scroll","background-type":"","background-media":"","overlay-type":"","overlay-color":"","overlay-opacity":"","overlay-gradient":""}},"ast-content-background-meta":{"desktop":{"background-color":"var(--ast-global-color-5)","background-image":"","background-repeat":"repeat","background-position":"center center","background-size":"auto","background-attachment":"scroll","background-type":"","background-media":"","overlay-type":"","overlay-color":"","overlay-opacity":"","overlay-gradient":""},"tablet":{"background-color":"var(--ast-global-color-5)","background-image":"","background-repeat":"repeat","background-position":"center center","background-size":"auto","background-attachment":"scroll","background-type":"","background-media":"","overlay-type":"","overlay-color":"","overlay-opacity":"","overlay-gradient":""},"mobile":{"background-color":"var(--ast-global-color-5)","background-image":"","background-repeat":"repeat","background-position":"center center","background-size":"auto","background-attachment":"scroll","background-type":"","background-media":"","overlay-type":"","overlay-color":"","overlay-opacity":"","overlay-gradient":""}},"footnotes":""},"class_list":["post-5094","page","type-page","status-publish","hentry"],"aioseo_notices":[],"uagb_featured_image_src":{"full":false,"thumbnail":false,"medium":false,"medium_large":false,"large":false,"1536x1536":false,"2048x2048":false},"uagb_author_info":{"display_name":"multimedia@studiokey.it","author_link":"https:\/\/www.spig-gmab.com\/es\/author\/multimediastudiokey-it\/"},"uagb_comment_info":0,"uagb_excerpt":null,"_links":{"self":[{"href":"https:\/\/www.spig-gmab.com\/es\/wp-json\/wp\/v2\/pages\/5094","targetHints":{"allow":["GET"]}}],"collection":[{"href":"https:\/\/www.spig-gmab.com\/es\/wp-json\/wp\/v2\/pages"}],"about":[{"href":"https:\/\/www.spig-gmab.com\/es\/wp-json\/wp\/v2\/types\/page"}],"author":[{"embeddable":true,"href":"https:\/\/www.spig-gmab.com\/es\/wp-json\/wp\/v2\/users\/1"}],"replies":[{"embeddable":true,"href":"https:\/\/www.spig-gmab.com\/es\/wp-json\/wp\/v2\/comments?post=5094"}],"version-history":[{"count":2,"href":"https:\/\/www.spig-gmab.com\/es\/wp-json\/wp\/v2\/pages\/5094\/revisions"}],"predecessor-version":[{"id":7264,"href":"https:\/\/www.spig-gmab.com\/es\/wp-json\/wp\/v2\/pages\/5094\/revisions\/7264"}],"wp:attachment":[{"href":"https:\/\/www.spig-gmab.com\/es\/wp-json\/wp\/v2\/media?parent=5094"}],"curies":[{"name":"wp","href":"https:\/\/api.w.org\/{rel}","templated":true}]}}