{"id":4145,"date":"2024-09-26T13:36:16","date_gmt":"2024-09-26T13:36:16","guid":{"rendered":"https:\/\/spig-gmab.com\/servicios\/"},"modified":"2025-02-17T15:39:11","modified_gmt":"2025-02-17T15:39:11","slug":"servicios","status":"publish","type":"page","link":"https:\/\/www.spig-gmab.com\/es\/servicios\/","title":{"rendered":"Servicios"},"content":{"rendered":"\n<div class=\"wp-block-uagb-container uagb-block-zgbhmcgz alignfull uagb-is-root-container\"><div class=\"uagb-container-inner-blocks-wrap\">\n<div class=\"wp-block-uagb-info-box uagb-block-ew04gv8n uagb-infobox__content-wrap  uagb-infobox-icon-above-title uagb-infobox-image-valign-top\"><div class=\"uagb-ifb-content\"><div class=\"uagb-ifb-title-wrap\"><h1 class=\"uagb-ifb-title\"><strong><strong><strong><strong><strong><strong>Servicio<\/strong><\/strong><\/strong><\/strong><\/strong><\/strong>s<\/h1><\/div><p class=\"uagb-ifb-desc\">Nuestro amplio programa de servicios cubre todos los aspectos, desde la entrega r\u00e1pida de piezas de repuesto hasta el mantenimiento integral de plantas completas de tratamiento de gases de combusti\u00f3n.<\/p><\/div><\/div>\n<\/div><\/div>\n\n\n\n<div class=\"wp-block-uagb-container uagb-block-4neen65n alignfull uagb-is-root-container\"><div class=\"uagb-container-inner-blocks-wrap\">\n<div class=\"wp-block-uagb-image alignleft uagb-block-1cb9d430 wp-block-uagb-image--layout-default wp-block-uagb-image--effect-static wp-block-uagb-image--align-left\"><figure class=\"wp-block-uagb-image__figure\"><img decoding=\"async\" srcset=\"https:\/\/www.spig-gmab.com\/wp-content\/uploads\/2024\/09\/Varmepump-inst-edited-1024x1024.jpg ,https:\/\/www.spig-gmab.com\/wp-content\/uploads\/2024\/09\/Varmepump-inst-edited-scaled.jpg 780w, https:\/\/www.spig-gmab.com\/wp-content\/uploads\/2024\/09\/Varmepump-inst-edited-scaled.jpg 360w\" sizes=\"auto, (max-width: 480px) 150px\" src=\"https:\/\/www.spig-gmab.com\/wp-content\/uploads\/2024\/09\/Varmepump-inst-edited-1024x1024.jpg\" alt=\"\" class=\"uag-image-1819\" width=\"550\" height=\"423\" title=\"V\u00e4rmepump inst\" loading=\"lazy\" role=\"img\"\/><\/figure><\/div>\n\n\n\n<div class=\"wp-block-uagb-container uagb-block-slvpzmfu\">\n<div class=\"wp-block-uagb-info-box uagb-block-sfoqfciu uagb-infobox__content-wrap  uagb-infobox-icon-above-title uagb-infobox-image-valign-top\"><div class=\"uagb-ifb-content\"><div class=\"uagb-ifb-title-wrap\"><h2 class=\"uagb-ifb-title\"><strong><strong><strong><strong>Servicio FGT<\/strong><\/strong><\/strong><\/strong><\/h2><\/div><p class=\"uagb-ifb-desc\">Con d\u00e9cadas de experiencia especializada en el servicio y mantenimiento de sistemas de limpieza de gases de combusti\u00f3n, compresores y bombas de calor de absorci\u00f3n, proporcionamos un nivel de experiencia sin igual adaptado a las necesidades \u00fanicas de sus operaciones.<\/p><\/div><\/div>\n\n\n\n<p style=\"margin-top:var(--wp--preset--spacing--60);margin-bottom:var(--wp--preset--spacing--30)\"><strong><span style=\"color: var(--ast-global-color-3);\" class=\"stk-highlight\">Soluciones expertas de mantenimiento y servicio<\/span><\/strong><\/p>\n\n\n\n<ul class=\"wp-block-list\">\n<li>D\u00e9cadas de experiencia especializada en sistemas de limpieza de gases de combusti\u00f3n, compresores y bombas de calor de absorci\u00f3n<\/li>\n\n\n\n<li>Amplio programa de servicio que cubre la entrega r\u00e1pida de piezas de repuesto y el mantenimiento completo de la planta para una fiabilidad a largo plazo y un rendimiento sin problemas.<\/li>\n\n\n\n<li>Amplios conocimientos y experiencia adaptados a las necesidades operativas espec\u00edficas de su instalaci\u00f3n<\/li>\n<\/ul>\n\n\n\n<p style=\"margin-top:var(--wp--preset--spacing--60);margin-bottom:var(--wp--preset--spacing--30)\"><strong><span style=\"color: var(--ast-global-color-3);\" class=\"stk-highlight\">Mejoras y asistencia proactiva<\/span><\/strong><\/p>\n\n\n\n<ul class=\"wp-block-list\">\n<li>GMAB\u2122 ofrece conversiones avanzadas, actualizaciones y optimizaciones del sistema, garantizando el cumplimiento de las \u00faltimas normas medioambientales y el aumento de la eficiencia<\/li>\n\n\n\n<li>Instalaci\u00f3n, puesta en marcha y mantenimiento expertos para enfriadoras de absorci\u00f3n, que mejoran la longevidad del sistema y minimizan los posibles problemas.<\/li>\n\n\n\n<li>Acuerdos de mantenimiento preventivo para intervenciones proactivas, dise\u00f1ados para reducir los tiempos de inactividad imprevistos y garantizar operaciones sostenibles a largo plazo.<\/li>\n<\/ul>\n<\/div>\n<\/div><\/div>\n\n\n\n<div class=\"wp-block-uagb-container uagb-block-722d9aaa alignfull uagb-is-root-container\"><div class=\"uagb-container-inner-blocks-wrap\">\n<div class=\"wp-block-uagb-container uagb-block-01360a54\">\n<div class=\"wp-block-uagb-info-box uagb-block-2da7f3ca uagb-infobox__content-wrap  uagb-infobox-icon-above-title uagb-infobox-image-valign-top\"><div class=\"uagb-ifb-content\"><div class=\"uagb-ifb-title-wrap\"><h2 class=\"uagb-ifb-title\"><strong><strong><strong><strong>Servicio ESP<\/strong><\/strong><\/strong><\/strong><\/h2><\/div><p class=\"uagb-ifb-desc\">Nuestro servicio de precipitadores electrost\u00e1ticos (ESP) est\u00e1 estrat\u00e9gicamente dise\u00f1ado para satisfacer las necesidades de las industrias que buscan soluciones eficaces y fiables para el control de la calidad del aire y la reducci\u00f3n de part\u00edculas. Con el aumento de las normativas, el envejecimiento de los equipos y las mayores exigencias de mantenimiento, las operaciones industriales requieren un enfoque proactivo para garantizar la eficacia y el cumplimiento de los ESP. Nuestra oferta de servicios ESP se centra en est\u00e1ndares de alto rendimiento con resultados rentables y a largo plazo.  <\/p><\/div><\/div>\n\n\n\n<p style=\"margin-top:var(--wp--preset--spacing--60);margin-bottom:var(--wp--preset--spacing--30)\"><strong><span style=\"color: var(--ast-global-color-3);\" class=\"stk-highlight\"><strong>Mejoras y modernizaciones en funci\u00f3n del rendimiento<\/strong><\/span><\/strong><br>Proporcionamos modernizaciones personalizadas de ESP, conversiones a sistemas de filtro textil (FF) y optimizaci\u00f3n el\u00e9ctrica avanzada, incluidos los controles del transformador rectificador (T-R). Esto permite a las plantas cumplir los estrictos l\u00edmites de emisiones con una p\u00e9rdida de presi\u00f3n m\u00ednima y una mayor fiabilidad del sistema. <\/p>\n\n\n\n<p style=\"margin-top:var(--wp--preset--spacing--60);margin-bottom:var(--wp--preset--spacing--30)\"><strong>Amplia selecci\u00f3n de piezas<\/strong><br>Nuestro inventario incluye componentes rigurosamente probados como electrodos de descarga, placas colectoras y sistemas de control avanzados para garantizar la estabilidad operativa. Seleccionamos manualmente cada pieza por su calidad, alineaci\u00f3n de rendimiento y rentabilidad, atendiendo tanto a las necesidades rutinarias como a las de emergencia. <\/p>\n\n\n\n<p style=\"margin-top:var(--wp--preset--spacing--60);margin-bottom:var(--wp--preset--spacing--30)\"><strong>Soluciones estrat\u00e9gicas de mantenimiento<\/strong><br>Nuestros servicios de mantenimiento ofrecen una gama de opciones adaptadas para optimizar la longevidad de las plantas y reducir los tiempos de inactividad imprevistos.<\/p>\n\n\n\n<p style=\"margin-top:var(--wp--preset--spacing--60);margin-bottom:var(--wp--preset--spacing--30)\"><strong><span style=\"color: var(--ast-global-color-3);\" class=\"stk-highlight\">Proporcionamos:  <\/span><\/strong><\/p>\n\n\n\n<ul class=\"wp-block-list\">\n<li><strong>Inspecci\u00f3n y resoluci\u00f3n de problemas:<\/strong> Para detectar y rectificar los problemas en su fase inicial, garantizando un funcionamiento continuo y conforme a las normas.<\/li>\n\n\n\n<li><strong>Formaci\u00f3n y an\u00e1lisis de vida \u00fatil:<\/strong> Para los equipos internos, garantizar que est\u00e1n capacitados para el cuidado continuo de los ESP y la evaluaci\u00f3n de su rendimiento.<\/li>\n\n\n\n<li><strong>Reparaciones supervisadas y asistencia de emergencia:<\/strong> Asistencia fiable durante cortes o aver\u00edas, minimizando los retrasos operativos<\/li>\n<\/ul>\n\n\n\n<p>Nuestro programa de servicio ESP est\u00e1 construido en torno a las \u00faltimas demandas de la industria, proporcionando un apoyo integral que maximiza la eficiencia, mitiga el tiempo de inactividad y apoya la sostenibilidad. Con nuestro s\u00f3lido enfoque, las industrias pueden abordar con confianza los retos normativos y operativos actuales y futuros. <\/p>\n<\/div>\n\n\n\n<div class=\"wp-block-uagb-image alignleft uagb-block-krkibjso wp-block-uagb-image--layout-default wp-block-uagb-image--effect-static wp-block-uagb-image--align-left\"><figure class=\"wp-block-uagb-image__figure\"><img decoding=\"async\" srcset=\"https:\/\/www.spig-gmab.com\/wp-content\/uploads\/2024\/10\/Service_FGT.jpg ,https:\/\/www.spig-gmab.com\/wp-content\/uploads\/2024\/10\/Service_FGT.jpg 780w, https:\/\/www.spig-gmab.com\/wp-content\/uploads\/2024\/10\/Service_FGT.jpg 360w\" sizes=\"auto, (max-width: 480px) 150px\" src=\"https:\/\/www.spig-gmab.com\/wp-content\/uploads\/2024\/10\/Service_FGT.jpg\" alt=\"\" class=\"uag-image-4370\" width=\"550\" height=\"423\" title=\"Service_FGT\" loading=\"lazy\" role=\"img\"\/><\/figure><\/div>\n<\/div><\/div>\n\n\n\n<div class=\"wp-block-uagb-container uagb-block-67imbnbc alignfull uagb-is-root-container\"><div class=\"uagb-container-inner-blocks-wrap\">\n<div class=\"wp-block-uagb-info-box uagb-block-akrifalx uagb-infobox__content-wrap  uagb-infobox-icon-above-title uagb-infobox-image-valign-top wp-block-uagb-info-box--has-margin\"><div class=\"uagb-infobox-margin-wrapper\"><div class=\"uagb-ifb-content\"><div class=\"uagb-ifb-title-wrap\"><h2 class=\"uagb-ifb-title\">Act\u00fae ahora<\/h2><\/div><p class=\"uagb-ifb-desc\">P\u00f3ngase en contacto con nosotros hoy mismo: \u00a1estamos a su disposici\u00f3n para cualquier duda o ayuda que necesite!<\/p><\/div><\/div><\/div>\n\n\n\n<div class=\"wp-block-uagb-buttons uagb-buttons__outer-wrap uagb-btn__default-btn uagb-btn-tablet__default-btn uagb-btn-mobile__default-btn uagb-block-yuzskiwf\"><div class=\"uagb-buttons__wrap uagb-buttons-layout-wrap \">\n<div class=\"wp-block-uagb-buttons-child uagb-buttons__outer-wrap uagb-block-6m96fron wp-block-button\"><div class=\"uagb-button__wrapper\"><a class=\"uagb-buttons-repeater wp-block-button__link\" aria-label=\"\" href=\"https:\/\/www.spig-gmab.com\/es\/contacto\/\" rel=\"follow noopener\" target=\"_self\" role=\"button\"><div class=\"uagb-button__link\">Contacte con nosotros<\/div><\/a><\/div><\/div>\n<\/div><\/div>\n<\/div><\/div>\n","protected":false},"excerpt":{"rendered":"<p>Soluciones expertas de mantenimiento y servicio Mejoras y asistencia proactiva Mejoras y modernizaciones en funci\u00f3n del rendimientoProporcionamos modernizaciones personalizadas de [&hellip;]<\/p>\n","protected":false},"author":1,"featured_media":0,"parent":0,"menu_order":0,"comment_status":"closed","ping_status":"closed","template":"","meta":{"_uag_custom_page_level_css":"","_monsterinsights_skip_tracking":false,"_monsterinsights_sitenote_active":false,"_monsterinsights_sitenote_note":"","_monsterinsights_sitenote_category":0,"site-sidebar-layout":"default","site-content-layout":"","ast-site-content-layout":"default","site-content-style":"default","site-sidebar-style":"default","ast-global-header-display":"","ast-banner-title-visibility":"","ast-main-header-display":"","ast-hfb-above-header-display":"","ast-hfb-below-header-display":"","ast-hfb-mobile-header-display":"","site-post-title":"disabled","ast-breadcrumbs-content":"","ast-featured-img":"","footer-sml-layout":"","ast-disable-related-posts":"","theme-transparent-header-meta":"","adv-header-id-meta":"","stick-header-meta":"","header-above-stick-meta":"","header-main-stick-meta":"","header-below-stick-meta":"","astra-migrate-meta-layouts":"default","ast-page-background-enabled":"default","ast-page-background-meta":{"desktop":{"background-color":"var(--ast-global-color-4)","background-image":"","background-repeat":"repeat","background-position":"center center","background-size":"auto","background-attachment":"scroll","background-type":"","background-media":"","overlay-type":"","overlay-color":"","overlay-opacity":"","overlay-gradient":""},"tablet":{"background-color":"","background-image":"","background-repeat":"repeat","background-position":"center center","background-size":"auto","background-attachment":"scroll","background-type":"","background-media":"","overlay-type":"","overlay-color":"","overlay-opacity":"","overlay-gradient":""},"mobile":{"background-color":"","background-image":"","background-repeat":"repeat","background-position":"center center","background-size":"auto","background-attachment":"scroll","background-type":"","background-media":"","overlay-type":"","overlay-color":"","overlay-opacity":"","overlay-gradient":""}},"ast-content-background-meta":{"desktop":{"background-color":"var(--ast-global-color-5)","background-image":"","background-repeat":"repeat","background-position":"center center","background-size":"auto","background-attachment":"scroll","background-type":"","background-media":"","overlay-type":"","overlay-color":"","overlay-opacity":"","overlay-gradient":""},"tablet":{"background-color":"var(--ast-global-color-5)","background-image":"","background-repeat":"repeat","background-position":"center center","background-size":"auto","background-attachment":"scroll","background-type":"","background-media":"","overlay-type":"","overlay-color":"","overlay-opacity":"","overlay-gradient":""},"mobile":{"background-color":"var(--ast-global-color-5)","background-image":"","background-repeat":"repeat","background-position":"center center","background-size":"auto","background-attachment":"scroll","background-type":"","background-media":"","overlay-type":"","overlay-color":"","overlay-opacity":"","overlay-gradient":""}},"footnotes":""},"class_list":["post-4145","page","type-page","status-publish","hentry"],"aioseo_notices":[],"uagb_featured_image_src":{"full":false,"thumbnail":false,"medium":false,"medium_large":false,"large":false,"1536x1536":false,"2048x2048":false},"uagb_author_info":{"display_name":"multimedia@studiokey.it","author_link":"https:\/\/www.spig-gmab.com\/es\/author\/multimediastudiokey-it\/"},"uagb_comment_info":0,"uagb_excerpt":"Soluciones expertas de mantenimiento y servicio Mejoras y asistencia proactiva Mejoras y modernizaciones en funci\u00f3n del rendimientoProporcionamos modernizaciones personalizadas de [&hellip;]","_links":{"self":[{"href":"https:\/\/www.spig-gmab.com\/es\/wp-json\/wp\/v2\/pages\/4145","targetHints":{"allow":["GET"]}}],"collection":[{"href":"https:\/\/www.spig-gmab.com\/es\/wp-json\/wp\/v2\/pages"}],"about":[{"href":"https:\/\/www.spig-gmab.com\/es\/wp-json\/wp\/v2\/types\/page"}],"author":[{"embeddable":true,"href":"https:\/\/www.spig-gmab.com\/es\/wp-json\/wp\/v2\/users\/1"}],"replies":[{"embeddable":true,"href":"https:\/\/www.spig-gmab.com\/es\/wp-json\/wp\/v2\/comments?post=4145"}],"version-history":[{"count":3,"href":"https:\/\/www.spig-gmab.com\/es\/wp-json\/wp\/v2\/pages\/4145\/revisions"}],"predecessor-version":[{"id":7317,"href":"https:\/\/www.spig-gmab.com\/es\/wp-json\/wp\/v2\/pages\/4145\/revisions\/7317"}],"wp:attachment":[{"href":"https:\/\/www.spig-gmab.com\/es\/wp-json\/wp\/v2\/media?parent=4145"}],"curies":[{"name":"wp","href":"https:\/\/api.w.org\/{rel}","templated":true}]}}