{"id":4116,"date":"2024-09-26T13:27:23","date_gmt":"2024-09-26T13:27:23","guid":{"rendered":"https:\/\/spig-gmab.com\/depuradores-de-pulido\/"},"modified":"2025-09-30T10:12:08","modified_gmt":"2025-09-30T10:12:08","slug":"depuradores-de-pulido","status":"publish","type":"page","link":"https:\/\/www.spig-gmab.com\/es\/depuradores-de-pulido\/","title":{"rendered":"Fregadoras pulidoras"},"content":{"rendered":"\n<div class=\"wp-block-uagb-container uagb-block-zgbhmcgz alignfull uagb-is-root-container\"><div class=\"uagb-container-inner-blocks-wrap\">\n<div class=\"wp-block-uagb-info-box uagb-block-ew04gv8n uagb-infobox__content-wrap  uagb-infobox-icon-above-title uagb-infobox-image-valign-top\"><div class=\"uagb-ifb-content\"><div class=\"uagb-ifb-title-wrap\"><h1 class=\"uagb-ifb-title\"><strong><strong>Fregadoras pulidoras<\/strong><\/strong><\/h1><\/div><p class=\"uagb-ifb-desc\">Soluciones avanzadas de fregado<\/p><\/div><\/div>\n<\/div><\/div>\n\n\n\n<div class=\"wp-block-uagb-container uagb-block-4neen65n alignfull uagb-is-root-container\"><div class=\"uagb-container-inner-blocks-wrap\">\n<div class=\"wp-block-uagb-container uagb-block-bd2c476f\">\n<div class=\"wp-block-uagb-image alignright uagb-block-krkibjso wp-block-uagb-image--layout-default wp-block-uagb-image--effect-static wp-block-uagb-image--align-right alignleft\"><figure class=\"wp-block-uagb-image__figure\"><img decoding=\"async\" srcset=\"https:\/\/www.spig-gmab.com\/wp-content\/uploads\/2024\/09\/6-680x1024.jpg ,https:\/\/www.spig-gmab.com\/wp-content\/uploads\/2024\/09\/6.jpg 780w, https:\/\/www.spig-gmab.com\/wp-content\/uploads\/2024\/09\/6.jpg 360w\" sizes=\"auto, (max-width: 480px) 150px\" src=\"https:\/\/www.spig-gmab.com\/wp-content\/uploads\/2024\/09\/6-680x1024.jpg\" alt=\"\" class=\"uag-image-1529\" width=\"378\" height=\"569\" title=\"6\" loading=\"lazy\" role=\"img\"\/><\/figure><\/div>\n<\/div>\n\n\n\n<div class=\"wp-block-uagb-container uagb-block-slvpzmfu\">\n<div class=\"wp-block-uagb-info-box uagb-block-sfoqfciu uagb-infobox__content-wrap  uagb-infobox-icon-above-title uagb-infobox-image-valign-top\"><div class=\"uagb-ifb-content\"><div class=\"uagb-ifb-title-wrap\"><h2 class=\"uagb-ifb-title\"><strong><strong><strong>Fregadoras pulidoras<\/strong><\/strong><\/strong><\/h2><\/div><p class=\"uagb-ifb-desc\">Estamos especializados en la depuraci\u00f3n h\u00fameda de gases de combusti\u00f3n combinada con tecnolog\u00edas avanzadas de tratamiento del agua. Nuestros sistemas de depuraci\u00f3n h\u00fameda proporcionan un tratamiento fiable y eficaz de los gases de combusti\u00f3n, adaptado para cumplir las estrictas normas medioambientales. <br><br>Nuestros sistemas de depuraci\u00f3n ofrecen un control fiable de las emisiones, garantizando una eliminaci\u00f3n constante y eficaz de los contaminantes de los gases de combusti\u00f3n. Est\u00e1n dise\u00f1ados para un funcionamiento continuo con alta disponibilidad, lo que permite un rendimiento ininterrumpido. Gracias a su excepcional capacidad de amortiguaci\u00f3n, se adaptan f\u00e1cilmente a las variaciones m\u00e1ximas del caudal de gas, garantizando un funcionamiento suave y eficaz incluso en condiciones cambiantes.  <br><br>Adem\u00e1s, nuestros sistemas minimizan el consumo de productos qu\u00edmicos y generan muy pocos residuos, lo que los convierte en una opci\u00f3n ecol\u00f3gica para el tratamiento de los gases de combusti\u00f3n. Tambi\u00e9n son perfectos para su integraci\u00f3n con la condensaci\u00f3n de gases de combusti\u00f3n, lo que permite mejorar la recuperaci\u00f3n de energ\u00eda y aumentar la eficacia global del sistema. <br><br>Nuestros sistemas de depuraci\u00f3n se han instalado con \u00e9xito en toda Europa, ofreciendo excelentes resultados tanto en el control de emisiones como en la recuperaci\u00f3n de energ\u00eda.<\/p><\/div><\/div>\n<\/div>\n<\/div><\/div>\n\n\n\n<div class=\"wp-block-uagb-container uagb-block-8b123ae3 alignwide uagb-is-root-container\">\n<div class=\"wp-block-uagb-container uagb-block-43532781\">\n<div class=\"wp-block-uagb-advanced-heading uagb-block-e1b3295e\"><h3 class=\"uagb-heading-text\"><strong><strong><strong>Consiga un cumplimiento medioambiental superior con nuestros avanzados sistemas de depuraci\u00f3n h\u00fameda.<br><\/strong><\/strong><\/strong><\/h3><\/div>\n\n\n\n<p>Nuestros vers\u00e1tiles depuradores de pulido de una o varias etapas est\u00e1n dise\u00f1ados para lograr emisiones ultrabajas, incluso en plantas que se construyeron originalmente para cumplir normas de emisiones m\u00e1s antiguas y menos estrictas.<br><br>Al incorporar la recuperaci\u00f3n de energ\u00eda al depurador de pulido, podemos enfriar el gas mediante la condensaci\u00f3n de los gases de combusti\u00f3n. Este proceso no s\u00f3lo reduce a\u00fan m\u00e1s las emisiones, sino que tambi\u00e9n potencia la producci\u00f3n de calor urbano y genera un condensado relativamente limpio. Este condensado puede aprovecharse para diversos usos, como el agua de reposici\u00f3n de las calderas.  <br><br>La combinaci\u00f3n de bajas temperaturas de funcionamiento y emisiones extremadamente bajas hace que estos depuradores sean ideales para integrar la tecnolog\u00eda de captura de carbono aguas abajo. Como resultado, la instalaci\u00f3n de un lavador de pulido GMAB\u2122 no s\u00f3lo mejora el rendimiento actual, sino que tambi\u00e9n garantiza que la planta est\u00e9 preparada para futuras normativas medioambientales y avances tecnol\u00f3gicos. <br><br>GMAB\u2122 ofrece depuradores de tratamiento de gases estandarizados basados en nuestras diferentes tecnolog\u00edas de tratamiento de gases, incluyendo eliminaci\u00f3n de \u00e1cidos, condensaci\u00f3n de gases, eliminaci\u00f3n de dioxinas ADIOX. Las unidades son compactas y est\u00e1n dise\u00f1adas para un trabajo m\u00ednimo de montaje in situ. <\/p>\n<\/div>\n\n\n\n<div class=\"wp-block-uagb-image uagb-block-1a4c0290 wp-block-uagb-image--layout-default wp-block-uagb-image--effect-static wp-block-uagb-image--align-none\"><figure class=\"wp-block-uagb-image__figure\"><img decoding=\"async\" srcset=\"https:\/\/www.spig-gmab.com\/wp-content\/uploads\/2024\/09\/18672012F-Holstebro-flowsheet-drop-shadow-676x1024.jpg ,https:\/\/www.spig-gmab.com\/wp-content\/uploads\/2024\/09\/18672012F-Holstebro-flowsheet-drop-shadow.jpg 780w, https:\/\/www.spig-gmab.com\/wp-content\/uploads\/2024\/09\/18672012F-Holstebro-flowsheet-drop-shadow.jpg 360w\" sizes=\"auto, (max-width: 480px) 150px\" src=\"https:\/\/www.spig-gmab.com\/wp-content\/uploads\/2024\/09\/18672012F-Holstebro-flowsheet-drop-shadow-676x1024.jpg\" alt=\"\" class=\"uag-image-1530\" width=\"544\" height=\"824\" title=\"P:ORDER1867 M\u00e5bjergvaerketTEKNIKDokument2 ProcessschemorP\" loading=\"lazy\" role=\"img\"\/><\/figure><\/div>\n<\/div>\n\n\n\n<div class=\"wp-block-uagb-container uagb-block-67imbnbc alignfull uagb-is-root-container\"><div class=\"uagb-container-inner-blocks-wrap\">\n<div class=\"wp-block-uagb-info-box uagb-block-akrifalx uagb-infobox__content-wrap  uagb-infobox-icon-above-title uagb-infobox-image-valign-top wp-block-uagb-info-box--has-margin\"><div class=\"uagb-infobox-margin-wrapper\"><div class=\"uagb-ifb-content\"><div class=\"uagb-ifb-title-wrap\"><h2 class=\"uagb-ifb-title\">Act\u00fae ahora<\/h2><\/div><p class=\"uagb-ifb-desc\">P\u00f3ngase en contacto con nosotros hoy mismo: \u00a1estamos a su disposici\u00f3n para cualquier duda o ayuda que necesite!<\/p><\/div><\/div><\/div>\n\n\n\n<div class=\"wp-block-uagb-buttons uagb-buttons__outer-wrap uagb-btn__default-btn uagb-btn-tablet__default-btn uagb-btn-mobile__default-btn uagb-block-yuzskiwf\"><div class=\"uagb-buttons__wrap uagb-buttons-layout-wrap \">\n<div class=\"wp-block-uagb-buttons-child uagb-buttons__outer-wrap uagb-block-6m96fron wp-block-button\"><div class=\"uagb-button__wrapper\"><a class=\"uagb-buttons-repeater wp-block-button__link\" aria-label=\"\" href=\"https:\/\/www.spig-gmab.com\/es\/contacto\/\" rel=\"follow noopener\" target=\"_self\" role=\"button\"><div class=\"uagb-button__link\">Contacte con nosotros<\/div><\/a><\/div><\/div>\n<\/div><\/div>\n<\/div><\/div>\n","protected":false},"excerpt":{"rendered":"<p>Consiga un cumplimiento medioambiental superior con nuestros avanzados sistemas de depuraci\u00f3n h\u00fameda. Nuestros vers\u00e1tiles depuradores de pulido de una o [&hellip;]<\/p>\n","protected":false},"author":1,"featured_media":0,"parent":0,"menu_order":0,"comment_status":"closed","ping_status":"closed","template":"","meta":{"_uag_custom_page_level_css":"","_monsterinsights_skip_tracking":false,"_monsterinsights_sitenote_active":false,"_monsterinsights_sitenote_note":"","_monsterinsights_sitenote_category":0,"site-sidebar-layout":"default","site-content-layout":"","ast-site-content-layout":"default","site-content-style":"default","site-sidebar-style":"default","ast-global-header-display":"","ast-banner-title-visibility":"","ast-main-header-display":"","ast-hfb-above-header-display":"","ast-hfb-below-header-display":"","ast-hfb-mobile-header-display":"","site-post-title":"disabled","ast-breadcrumbs-content":"","ast-featured-img":"","footer-sml-layout":"","ast-disable-related-posts":"","theme-transparent-header-meta":"","adv-header-id-meta":"","stick-header-meta":"","header-above-stick-meta":"","header-main-stick-meta":"","header-below-stick-meta":"","astra-migrate-meta-layouts":"default","ast-page-background-enabled":"default","ast-page-background-meta":{"desktop":{"background-color":"var(--ast-global-color-4)","background-image":"","background-repeat":"repeat","background-position":"center center","background-size":"auto","background-attachment":"scroll","background-type":"","background-media":"","overlay-type":"","overlay-color":"","overlay-opacity":"","overlay-gradient":""},"tablet":{"background-color":"","background-image":"","background-repeat":"repeat","background-position":"center center","background-size":"auto","background-attachment":"scroll","background-type":"","background-media":"","overlay-type":"","overlay-color":"","overlay-opacity":"","overlay-gradient":""},"mobile":{"background-color":"","background-image":"","background-repeat":"repeat","background-position":"center center","background-size":"auto","background-attachment":"scroll","background-type":"","background-media":"","overlay-type":"","overlay-color":"","overlay-opacity":"","overlay-gradient":""}},"ast-content-background-meta":{"desktop":{"background-color":"var(--ast-global-color-5)","background-image":"","background-repeat":"repeat","background-position":"center center","background-size":"auto","background-attachment":"scroll","background-type":"","background-media":"","overlay-type":"","overlay-color":"","overlay-opacity":"","overlay-gradient":""},"tablet":{"background-color":"var(--ast-global-color-5)","background-image":"","background-repeat":"repeat","background-position":"center center","background-size":"auto","background-attachment":"scroll","background-type":"","background-media":"","overlay-type":"","overlay-color":"","overlay-opacity":"","overlay-gradient":""},"mobile":{"background-color":"var(--ast-global-color-5)","background-image":"","background-repeat":"repeat","background-position":"center center","background-size":"auto","background-attachment":"scroll","background-type":"","background-media":"","overlay-type":"","overlay-color":"","overlay-opacity":"","overlay-gradient":""}},"footnotes":""},"class_list":["post-4116","page","type-page","status-publish","hentry"],"aioseo_notices":[],"uagb_featured_image_src":{"full":false,"thumbnail":false,"medium":false,"medium_large":false,"large":false,"1536x1536":false,"2048x2048":false},"uagb_author_info":{"display_name":"multimedia@studiokey.it","author_link":"https:\/\/www.spig-gmab.com\/es\/author\/multimediastudiokey-it\/"},"uagb_comment_info":0,"uagb_excerpt":"Consiga un cumplimiento medioambiental superior con nuestros avanzados sistemas de depuraci\u00f3n h\u00fameda. Nuestros vers\u00e1tiles depuradores de pulido de una o [&hellip;]","_links":{"self":[{"href":"https:\/\/www.spig-gmab.com\/es\/wp-json\/wp\/v2\/pages\/4116","targetHints":{"allow":["GET"]}}],"collection":[{"href":"https:\/\/www.spig-gmab.com\/es\/wp-json\/wp\/v2\/pages"}],"about":[{"href":"https:\/\/www.spig-gmab.com\/es\/wp-json\/wp\/v2\/types\/page"}],"author":[{"embeddable":true,"href":"https:\/\/www.spig-gmab.com\/es\/wp-json\/wp\/v2\/users\/1"}],"replies":[{"embeddable":true,"href":"https:\/\/www.spig-gmab.com\/es\/wp-json\/wp\/v2\/comments?post=4116"}],"version-history":[{"count":4,"href":"https:\/\/www.spig-gmab.com\/es\/wp-json\/wp\/v2\/pages\/4116\/revisions"}],"predecessor-version":[{"id":9186,"href":"https:\/\/www.spig-gmab.com\/es\/wp-json\/wp\/v2\/pages\/4116\/revisions\/9186"}],"wp:attachment":[{"href":"https:\/\/www.spig-gmab.com\/es\/wp-json\/wp\/v2\/media?parent=4116"}],"curies":[{"name":"wp","href":"https:\/\/api.w.org\/{rel}","templated":true}]}}