{"id":4111,"date":"2024-10-03T08:41:54","date_gmt":"2024-10-03T08:41:54","guid":{"rendered":"https:\/\/spig-gmab.com\/partes\/"},"modified":"2025-02-17T14:53:05","modified_gmt":"2025-02-17T14:53:05","slug":"partes","status":"publish","type":"page","link":"https:\/\/www.spig-gmab.com\/es\/partes\/","title":{"rendered":"Piezas de Repuestos"},"content":{"rendered":"\n<div class=\"wp-block-uagb-container uagb-block-zgbhmcgz alignfull uagb-is-root-container\"><div class=\"uagb-container-inner-blocks-wrap\">\n<div class=\"wp-block-uagb-info-box uagb-block-ew04gv8n uagb-infobox__content-wrap  uagb-infobox-icon-above-title uagb-infobox-image-valign-top\"><div class=\"uagb-ifb-content\"><div class=\"uagb-ifb-title-wrap\"><h1 class=\"uagb-ifb-title\">Piezas de Repuestos<\/h1><\/div><p class=\"uagb-ifb-desc\">Mejorar el rendimiento, la eficiencia y la fiabilidad del sistema de torres de refrigeraci\u00f3n<\/p><\/div><\/div>\n<\/div><\/div>\n\n\n\n<div class=\"wp-block-uagb-container uagb-block-8b123ae3 alignfull uagb-is-root-container\"><div class=\"uagb-container-inner-blocks-wrap\">\n<div class=\"wp-block-group is-nowrap is-layout-flex wp-container-core-group-is-layout-1 wp-block-group-is-layout-flex\">\n<div class=\"wp-block-uagb-image uagb-block-6757cbc8 wp-block-uagb-image--layout-default wp-block-uagb-image--effect-static wp-block-uagb-image--align-none\"><figure class=\"wp-block-uagb-image__figure\"><img decoding=\"async\" srcset=\"https:\/\/www.spig-gmab.com\/wp-content\/uploads\/2024\/11\/SPIG-Wet-Cooling-Tower-Parts.jpg ,https:\/\/www.spig-gmab.com\/wp-content\/uploads\/2024\/11\/SPIG-Wet-Cooling-Tower-Parts.jpg 780w, https:\/\/www.spig-gmab.com\/wp-content\/uploads\/2024\/11\/SPIG-Wet-Cooling-Tower-Parts.jpg 360w\" sizes=\"auto, (max-width: 480px) 150px\" src=\"https:\/\/www.spig-gmab.com\/wp-content\/uploads\/2024\/11\/SPIG-Wet-Cooling-Tower-Parts.jpg\" alt=\"\" class=\"uag-image-6165\" width=\"600\" height=\"400\" title=\"SPIG-Wet-Cooling-Tower-Parts\" loading=\"lazy\" role=\"img\"\/><\/figure><\/div>\n<\/div>\n\n\n\n<div class=\"wp-block-uagb-container uagb-block-43532781\">\n<div class=\"wp-block-uagb-info-box uagb-block-39a9faf6 uagb-infobox__content-wrap  uagb-infobox-icon-above-title uagb-infobox-image-valign-top\"><div class=\"uagb-ifb-content\"><div class=\"uagb-ifb-title-wrap\"><h2 class=\"uagb-ifb-title\">Piezas de la torre de enfriamiento h\u00famedo SPIG<\/h2><\/div><p class=\"uagb-ifb-desc\">Brindamos servicios posventa integrales que incluyen soporte operativo, mantenimiento, capacitaci\u00f3n, actualizaciones y piezas de repuesto.<br>Nuestras piezas para torres de enfriamiento y componentes de repuesto son confiables y probados para mantener su equipo funcionando a niveles \u00f3ptimos de eficiencia, independientemente del fabricante original. Los componentes de calidad est\u00e1n disponibles para una entrega r\u00e1pida desde una red mundial de ubicaciones de servicio para brindarle un funcionamiento continuo y seguro de la planta. <\/p><\/div><\/div>\n<\/div>\n<\/div><\/div>\n\n\n\n<div class=\"wp-block-uagb-container uagb-layout-grid uagb-block-fe82b7f7 alignfull uagb-is-root-container\"><div class=\"uagb-container-inner-blocks-wrap\">\n<div data-aos= \"flip-left\" data-aos-duration=\"400\" data-aos-delay=\"0\" data-aos-easing=\"ease\" data-aos-once=\"true\" class=\"wp-block-uagb-container uagb-block-26b63c1e\">\n<div class=\"wp-block-uagb-image uagb-block-00d8819f wp-block-uagb-image--layout-default wp-block-uagb-image--effect-static wp-block-uagb-image--align-none\"><figure class=\"wp-block-uagb-image__figure\"><img decoding=\"async\" srcset=\"https:\/\/www.spig-gmab.com\/wp-content\/uploads\/2024\/10\/Film_Fills_24-9_web-1024x384.jpg ,https:\/\/www.spig-gmab.com\/wp-content\/uploads\/2024\/10\/Film_Fills_24-9_web-scaled.jpg 780w, https:\/\/www.spig-gmab.com\/wp-content\/uploads\/2024\/10\/Film_Fills_24-9_web-scaled.jpg 360w\" sizes=\"auto, (max-width: 480px) 150px\" src=\"https:\/\/www.spig-gmab.com\/wp-content\/uploads\/2024\/10\/Film_Fills_24-9_web-1024x384.jpg\" alt=\"\" class=\"uag-image-1957\" width=\"528\" height=\"156\" title=\"Film_Fills_24-9_web\" loading=\"lazy\" role=\"img\"\/><\/figure><\/div>\n\n\n\n<div class=\"wp-block-uagb-info-box uagb-block-c3326b63 uagb-infobox__content-wrap  uagb-infobox-icon-above-title uagb-infobox-image-valign-top\"><div class=\"uagb-ifb-content\"><div class=\"uagb-ifb-title-wrap\"><h3 class=\"uagb-ifb-title\">Rellenos de tipo Filme<\/h3><\/div><p class=\"uagb-ifb-desc\">El relleno de tipo filme del sistema de enfriamiento h\u00famedo SPIG convierte las gotas de agua producidas por las boquillas de distribuci\u00f3n en una pel\u00edcula delgada para un enfriamiento altamente eficiente al producir una gran \u00e1rea para una transferencia de calor y evaporaci\u00f3n efectivas.<\/p><\/div><\/div>\n<\/div>\n\n\n\n<div data-aos= \"flip-left\" data-aos-duration=\"400\" data-aos-delay=\"0\" data-aos-easing=\"ease\" data-aos-once=\"true\" class=\"wp-block-uagb-container uagb-block-cc23834f\">\n<div class=\"wp-block-uagb-image uagb-block-49c50d20 wp-block-uagb-image--layout-default wp-block-uagb-image--effect-static wp-block-uagb-image--align-none\"><figure class=\"wp-block-uagb-image__figure\"><img decoding=\"async\" srcset=\"https:\/\/www.spig-gmab.com\/wp-content\/uploads\/2024\/10\/StarX25_02_mod2-1024x384.jpg ,https:\/\/www.spig-gmab.com\/wp-content\/uploads\/2024\/10\/StarX25_02_mod2.jpg 780w, https:\/\/www.spig-gmab.com\/wp-content\/uploads\/2024\/10\/StarX25_02_mod2.jpg 360w\" sizes=\"auto, (max-width: 480px) 150px\" src=\"https:\/\/www.spig-gmab.com\/wp-content\/uploads\/2024\/10\/StarX25_02_mod2-1024x384.jpg\" alt=\"\" class=\"uag-image-2125\" width=\"528\" height=\"156\" title=\"StarX25_02_mod2\" loading=\"lazy\" role=\"img\"\/><\/figure><\/div>\n\n\n\n<div class=\"wp-block-uagb-info-box uagb-block-247ec641 uagb-infobox__content-wrap  uagb-infobox-icon-above-title uagb-infobox-image-valign-top\"><div class=\"uagb-ifb-content\"><div class=\"uagb-ifb-title-wrap\"><h3 class=\"uagb-ifb-title\">Rellenos de tipo Mixto (malla)<\/h3><\/div><p class=\"uagb-ifb-desc\">Nuestra amplia gama de componentes de relleno por salpicaduras se desarroll\u00f3 sobre la base de una amplia experiencia de campo, particularmente con agua propensa a obstrucciones, como el agua de mar y geot\u00e9rmica.<\/p><\/div><\/div>\n<\/div>\n\n\n\n<div data-aos= \"flip-left\" data-aos-duration=\"400\" data-aos-delay=\"0\" data-aos-easing=\"ease\" data-aos-once=\"true\" class=\"wp-block-uagb-container uagb-block-da2f0fcb\">\n<div class=\"wp-block-uagb-image uagb-block-eea2f783 wp-block-uagb-image--layout-default wp-block-uagb-image--effect-static wp-block-uagb-image--align-none\"><figure class=\"wp-block-uagb-image__figure\"><img decoding=\"async\" srcset=\"https:\/\/www.spig-gmab.com\/wp-content\/uploads\/2024\/10\/Distribution_Nozzles_24-9_web-1024x384.jpg ,https:\/\/www.spig-gmab.com\/wp-content\/uploads\/2024\/10\/Distribution_Nozzles_24-9_web-scaled.jpg 780w, https:\/\/www.spig-gmab.com\/wp-content\/uploads\/2024\/10\/Distribution_Nozzles_24-9_web-scaled.jpg 360w\" sizes=\"auto, (max-width: 480px) 150px\" src=\"https:\/\/www.spig-gmab.com\/wp-content\/uploads\/2024\/10\/Distribution_Nozzles_24-9_web-1024x384.jpg\" alt=\"\" class=\"uag-image-1955\" width=\"528\" height=\"156\" title=\"Distribution_Nozzles_24-9_web\" loading=\"lazy\" role=\"img\"\/><\/figure><\/div>\n\n\n\n<div class=\"wp-block-uagb-info-box uagb-block-317df9e3 uagb-infobox__content-wrap  uagb-infobox-icon-above-title uagb-infobox-image-valign-top\"><div class=\"uagb-ifb-content\"><div class=\"uagb-ifb-title-wrap\"><h3 class=\"uagb-ifb-title\">Boquillas de Distribuci\u00f3n<\/h3><\/div><p class=\"uagb-ifb-desc\">Las boquillas de distribuci\u00f3n dise\u00f1adas eficazmente ayudan a garantizar un suministro uniforme de agua sobre el relleno. Las boquillas de distribuci\u00f3n SPIG han sido desarrolladas tras exhaustivos y exitosos resultados de pruebas de rendimiento y est\u00e1n probadas en numerosas instalaciones.  <\/p><\/div><\/div>\n<\/div>\n\n\n\n<div data-aos= \"flip-left\" data-aos-duration=\"400\" data-aos-delay=\"0\" data-aos-easing=\"ease\" data-aos-once=\"true\" class=\"wp-block-uagb-container uagb-block-8aaec6d9\">\n<div class=\"wp-block-uagb-image uagb-block-3e3b7a92 wp-block-uagb-image--layout-default wp-block-uagb-image--effect-static wp-block-uagb-image--align-none\"><figure class=\"wp-block-uagb-image__figure\"><img decoding=\"async\" srcset=\"https:\/\/www.spig-gmab.com\/wp-content\/uploads\/2024\/10\/Drift_Eliminators_24-9_web-1024x384.jpg ,https:\/\/www.spig-gmab.com\/wp-content\/uploads\/2024\/10\/Drift_Eliminators_24-9_web-1024x384.jpg 780w, https:\/\/www.spig-gmab.com\/wp-content\/uploads\/2024\/10\/Drift_Eliminators_24-9_web-scaled.jpg 360w\" sizes=\"auto, (max-width: 480px) 150px\" src=\"https:\/\/www.spig-gmab.com\/wp-content\/uploads\/2024\/10\/Drift_Eliminators_24-9_web-1024x384.jpg\" alt=\"\" class=\"uag-image-1956\" width=\"1024\" height=\"384\" title=\"Drift_Eliminators_24-9_web\" loading=\"lazy\" role=\"img\"\/><\/figure><\/div>\n\n\n\n<div class=\"wp-block-uagb-info-box uagb-block-05815c42 uagb-infobox__content-wrap  uagb-infobox-icon-above-title uagb-infobox-image-valign-top\"><div class=\"uagb-ifb-content\"><div class=\"uagb-ifb-title-wrap\"><h3 class=\"uagb-ifb-title\">Eliminadores de Gotas<\/h3><\/div><p class=\"uagb-ifb-desc\">Instalados por encima del nivel de distribuci\u00f3n, los eliminadores de gotas SPIG desempe\u00f1an un papel importante al capturar las gotas de agua atrapadas en la corriente de aire que, de otro modo, se perder\u00edan en la atm\u00f3sfera.<\/p><\/div><\/div>\n<\/div>\n\n\n\n<div data-aos= \"flip-left\" data-aos-duration=\"400\" data-aos-delay=\"0\" data-aos-easing=\"ease\" data-aos-once=\"true\" class=\"wp-block-uagb-container uagb-block-7d89a1bd\">\n<div class=\"wp-block-uagb-image uagb-block-55a4abd1 wp-block-uagb-image--layout-default wp-block-uagb-image--effect-static wp-block-uagb-image--align-none\"><figure class=\"wp-block-uagb-image__figure\"><img decoding=\"async\" srcset=\"https:\/\/www.spig-gmab.com\/wp-content\/uploads\/2024\/10\/fanstack-24-9b-1024x384.jpg ,https:\/\/www.spig-gmab.com\/wp-content\/uploads\/2024\/10\/fanstack-24-9b.jpg 780w, https:\/\/www.spig-gmab.com\/wp-content\/uploads\/2024\/10\/fanstack-24-9b.jpg 360w\" sizes=\"auto, (max-width: 480px) 150px\" src=\"https:\/\/www.spig-gmab.com\/wp-content\/uploads\/2024\/10\/fanstack-24-9b-1024x384.jpg\" alt=\"\" class=\"uag-image-2031\" width=\"1024\" height=\"384\" title=\"fanstack-24-9b\" loading=\"lazy\" role=\"img\"\/><\/figure><\/div>\n\n\n\n<div class=\"wp-block-uagb-info-box uagb-block-2cb765b6 uagb-infobox__content-wrap  uagb-infobox-icon-above-title uagb-infobox-image-valign-top\"><div class=\"uagb-ifb-content\"><div class=\"uagb-ifb-title-wrap\"><h3 class=\"uagb-ifb-title\">Difusores<strong> <\/strong><\/h3><\/div><p class=\"uagb-ifb-desc\">Se puede suministrar una amplia gama de di\u00e1metros y alturas de difusores a trav\u00e9s de socios confiables que utilizan moldes patentados por SPIG.<\/p><\/div><\/div>\n<\/div>\n\n\n\n<div data-aos= \"flip-left\" data-aos-duration=\"400\" data-aos-delay=\"0\" data-aos-easing=\"ease\" data-aos-once=\"true\" class=\"wp-block-uagb-container uagb-block-ab78e847\">\n<div class=\"wp-block-uagb-image uagb-block-af0a7290 wp-block-uagb-image--layout-default wp-block-uagb-image--effect-static wp-block-uagb-image--align-none\"><figure class=\"wp-block-uagb-image__figure\"><img decoding=\"async\" srcset=\"https:\/\/www.spig-gmab.com\/wp-content\/uploads\/2024\/10\/accessori_mod2-1024x384.jpg ,https:\/\/www.spig-gmab.com\/wp-content\/uploads\/2024\/10\/accessori_mod2.jpg 780w, https:\/\/www.spig-gmab.com\/wp-content\/uploads\/2024\/10\/accessori_mod2.jpg 360w\" sizes=\"auto, (max-width: 480px) 150px\" src=\"https:\/\/www.spig-gmab.com\/wp-content\/uploads\/2024\/10\/accessori_mod2-1024x384.jpg\" alt=\"\" class=\"uag-image-2126\" width=\"1024\" height=\"384\" title=\"accessori_mod2\" loading=\"lazy\" role=\"img\"\/><\/figure><\/div>\n\n\n\n<div class=\"wp-block-uagb-info-box uagb-block-6c153c67 uagb-infobox__content-wrap  uagb-infobox-icon-above-title uagb-infobox-image-valign-top\"><div class=\"uagb-ifb-content\"><div class=\"uagb-ifb-title-wrap\"><h3 class=\"uagb-ifb-title\"><strong><strong>Otros Accesorios<\/strong><\/strong><\/h3><\/div><p class=\"uagb-ifb-desc\">SPIG desarroll\u00f3 muchos otros componentes exclusivos, como sistemas de atenuaci\u00f3n de ruido, dispositivos de protecci\u00f3n de relleno de pel\u00edcula o rejillas de entrada de aire, as\u00ed como elementos dise\u00f1ados para facilitar la instalaci\u00f3n o reducir los costos de transporte, como espaciadores para estructuras y manguitos de FRP, soportes de columnas principales de FRP y cu\u00f1as de lavabo.  <\/p><\/div><\/div>\n<\/div>\n<\/div><\/div>\n","protected":false},"excerpt":{"rendered":"","protected":false},"author":1,"featured_media":0,"parent":0,"menu_order":0,"comment_status":"closed","ping_status":"closed","template":"","meta":{"_uag_custom_page_level_css":"","_monsterinsights_skip_tracking":false,"_monsterinsights_sitenote_active":false,"_monsterinsights_sitenote_note":"","_monsterinsights_sitenote_category":0,"site-sidebar-layout":"default","site-content-layout":"","ast-site-content-layout":"default","site-content-style":"default","site-sidebar-style":"default","ast-global-header-display":"","ast-banner-title-visibility":"","ast-main-header-display":"","ast-hfb-above-header-display":"","ast-hfb-below-header-display":"","ast-hfb-mobile-header-display":"","site-post-title":"disabled","ast-breadcrumbs-content":"","ast-featured-img":"","footer-sml-layout":"","ast-disable-related-posts":"","theme-transparent-header-meta":"","adv-header-id-meta":"","stick-header-meta":"","header-above-stick-meta":"","header-main-stick-meta":"","header-below-stick-meta":"","astra-migrate-meta-layouts":"default","ast-page-background-enabled":"default","ast-page-background-meta":{"desktop":{"background-color":"var(--ast-global-color-4)","background-image":"","background-repeat":"repeat","background-position":"center center","background-size":"auto","background-attachment":"scroll","background-type":"","background-media":"","overlay-type":"","overlay-color":"","overlay-opacity":"","overlay-gradient":""},"tablet":{"background-color":"","background-image":"","background-repeat":"repeat","background-position":"center center","background-size":"auto","background-attachment":"scroll","background-type":"","background-media":"","overlay-type":"","overlay-color":"","overlay-opacity":"","overlay-gradient":""},"mobile":{"background-color":"","background-image":"","background-repeat":"repeat","background-position":"center center","background-size":"auto","background-attachment":"scroll","background-type":"","background-media":"","overlay-type":"","overlay-color":"","overlay-opacity":"","overlay-gradient":""}},"ast-content-background-meta":{"desktop":{"background-color":"var(--ast-global-color-5)","background-image":"","background-repeat":"repeat","background-position":"center center","background-size":"auto","background-attachment":"scroll","background-type":"","background-media":"","overlay-type":"","overlay-color":"","overlay-opacity":"","overlay-gradient":""},"tablet":{"background-color":"var(--ast-global-color-5)","background-image":"","background-repeat":"repeat","background-position":"center center","background-size":"auto","background-attachment":"scroll","background-type":"","background-media":"","overlay-type":"","overlay-color":"","overlay-opacity":"","overlay-gradient":""},"mobile":{"background-color":"var(--ast-global-color-5)","background-image":"","background-repeat":"repeat","background-position":"center center","background-size":"auto","background-attachment":"scroll","background-type":"","background-media":"","overlay-type":"","overlay-color":"","overlay-opacity":"","overlay-gradient":""}},"footnotes":""},"class_list":["post-4111","page","type-page","status-publish","hentry"],"aioseo_notices":[],"uagb_featured_image_src":{"full":false,"thumbnail":false,"medium":false,"medium_large":false,"large":false,"1536x1536":false,"2048x2048":false},"uagb_author_info":{"display_name":"multimedia@studiokey.it","author_link":"https:\/\/www.spig-gmab.com\/es\/author\/multimediastudiokey-it\/"},"uagb_comment_info":0,"uagb_excerpt":null,"_links":{"self":[{"href":"https:\/\/www.spig-gmab.com\/es\/wp-json\/wp\/v2\/pages\/4111","targetHints":{"allow":["GET"]}}],"collection":[{"href":"https:\/\/www.spig-gmab.com\/es\/wp-json\/wp\/v2\/pages"}],"about":[{"href":"https:\/\/www.spig-gmab.com\/es\/wp-json\/wp\/v2\/types\/page"}],"author":[{"embeddable":true,"href":"https:\/\/www.spig-gmab.com\/es\/wp-json\/wp\/v2\/users\/1"}],"replies":[{"embeddable":true,"href":"https:\/\/www.spig-gmab.com\/es\/wp-json\/wp\/v2\/comments?post=4111"}],"version-history":[{"count":7,"href":"https:\/\/www.spig-gmab.com\/es\/wp-json\/wp\/v2\/pages\/4111\/revisions"}],"predecessor-version":[{"id":7292,"href":"https:\/\/www.spig-gmab.com\/es\/wp-json\/wp\/v2\/pages\/4111\/revisions\/7292"}],"wp:attachment":[{"href":"https:\/\/www.spig-gmab.com\/es\/wp-json\/wp\/v2\/media?parent=4111"}],"curies":[{"name":"wp","href":"https:\/\/api.w.org\/{rel}","templated":true}]}}