{"id":4058,"date":"2024-09-26T13:25:30","date_gmt":"2024-09-26T13:25:30","guid":{"rendered":"https:\/\/spig-gmab.com\/recuperacion-de-calor\/"},"modified":"2025-09-30T10:10:52","modified_gmt":"2025-09-30T10:10:52","slug":"recuperacion-de-calor","status":"publish","type":"page","link":"https:\/\/www.spig-gmab.com\/es\/recuperacion-de-calor\/","title":{"rendered":"Recuperaci\u00f3n de calor"},"content":{"rendered":"\n<div class=\"wp-block-uagb-container uagb-block-zgbhmcgz alignfull uagb-is-root-container\"><div class=\"uagb-container-inner-blocks-wrap\">\n<div class=\"wp-block-uagb-info-box uagb-block-ew04gv8n uagb-infobox__content-wrap  uagb-infobox-icon-above-title uagb-infobox-image-valign-top\"><div class=\"uagb-ifb-content\"><div class=\"uagb-ifb-title-wrap\"><h1 class=\"uagb-ifb-title\"><strong><strong>Recuperaci\u00f3n de calor<\/strong><\/strong> y condensaci\u00f3n de gases de combusti\u00f3n<\/h1><\/div><p class=\"uagb-ifb-desc\">Hemos llevado la recuperaci\u00f3n de energ\u00eda un paso m\u00e1s all\u00e1<\/p><\/div><\/div>\n<\/div><\/div>\n\n\n\n<div class=\"wp-block-uagb-container uagb-block-4neen65n alignfull uagb-is-root-container\"><div class=\"uagb-container-inner-blocks-wrap\">\n<div class=\"wp-block-uagb-image alignleft uagb-block-krkibjso wp-block-uagb-image--layout-default wp-block-uagb-image--effect-static wp-block-uagb-image--align-left\"><figure class=\"wp-block-uagb-image__figure\"><img decoding=\"async\" srcset=\"https:\/\/www.spig-gmab.com\/wp-content\/uploads\/2024\/09\/4.png ,https:\/\/www.spig-gmab.com\/wp-content\/uploads\/2024\/09\/4.png 780w, https:\/\/www.spig-gmab.com\/wp-content\/uploads\/2024\/09\/4.png 360w\" sizes=\"auto, (max-width: 480px) 150px\" src=\"https:\/\/www.spig-gmab.com\/wp-content\/uploads\/2024\/09\/4.png\" alt=\"\" class=\"uag-image-1728\" width=\"600\" height=\"317\" title=\"4\" loading=\"lazy\" role=\"img\"\/><figcaption class=\"uagb-image-caption\">Figure by Holmberg<\/figcaption><\/figure><\/div>\n\n\n\n<div class=\"wp-block-uagb-container uagb-block-slvpzmfu\">\n<div class=\"wp-block-uagb-info-box uagb-block-sfoqfciu uagb-infobox__content-wrap  uagb-infobox-icon-above-title uagb-infobox-image-valign-top\"><div class=\"uagb-ifb-content\"><div class=\"uagb-ifb-title-wrap\"><h2 class=\"uagb-ifb-title\"><strong><strong>Recuperaci\u00f3n de calor<\/strong><\/strong><\/h2><\/div><p class=\"uagb-ifb-desc\">Las plantas de conversi\u00f3n de residuos en energ\u00eda son maravillas de la ingenier\u00eda, que cuentan con avanzados sistemas de calderas que convierten una parte importante de la energ\u00eda de los gases de combusti\u00f3n en vapor. A continuaci\u00f3n, este vapor se aprovecha para generar electricidad mediante turbogeneradores. Adem\u00e1s, el vapor produce calor en los condensadores de las turbinas, que posteriormente se canaliza hacia un sistema de calefacci\u00f3n urbana, proporcionando calor a la comunidad circundante. Este eficaz proceso no s\u00f3lo genera energ\u00eda, sino que tambi\u00e9n garantiza que el calor producido se aproveche, lo que convierte a estas centrales en una piedra angular de las soluciones energ\u00e9ticas sostenibles.   <\/p><\/div><\/div>\n<\/div>\n<\/div><\/div>\n\n\n\n<div class=\"wp-block-uagb-container uagb-block-8b123ae3 alignfull uagb-is-root-container\"><div class=\"uagb-container-inner-blocks-wrap\">\n<div class=\"wp-block-uagb-container uagb-block-43532781\">\n<div class=\"wp-block-uagb-advanced-heading uagb-block-e1b3295e\"><h3 class=\"uagb-heading-text\"><strong><strong><strong>Condensaci\u00f3n de gases de combusti\u00f3n<\/strong><\/strong><\/strong><\/h3><\/div>\n\n\n\n<p>Hemos llevado la recuperaci\u00f3n de energ\u00eda un paso m\u00e1s all\u00e1. Enfriando los gases de combusti\u00f3n por debajo de su punto de roc\u00edo, es posible recuperar grandes cantidades de calor latente. Si la temperatura de los gases de combusti\u00f3n despu\u00e9s de la caldera es de aproximadamente 150\u00baC es posible, mediante la condensaci\u00f3n de los gases de combusti\u00f3n, aumentar el calor recuperado hasta un 20%.<\/p>\n\n\n\n<p>La condensaci\u00f3n puede tener lugar como un intercambio de calor directo entre el gas y el agua de calefacci\u00f3n urbana, en algunos casos utilizando un circuito intermedio de agua de refrigeraci\u00f3n, y\/o utilizando una bomba de calor intermedia. Para una eficiencia energ\u00e9tica \u00f3ptima, se utiliza una combinaci\u00f3n de estos m\u00e9todos. <\/p>\n\n\n\n<p>La condensaci\u00f3n de los gases de combusti\u00f3n puede combinarse con empaquetaduras de torre ADIOX\u00ae en las etapas de depuraci\u00f3n para la eliminaci\u00f3n de dioxinas y la prevenci\u00f3n del efecto memoria.<\/p>\n<\/div>\n\n\n\n<div class=\"wp-block-uagb-image uagb-block-1a4c0290 wp-block-uagb-image--layout-default wp-block-uagb-image--effect-static wp-block-uagb-image--align-none\"><figure class=\"wp-block-uagb-image__figure\"><img decoding=\"async\" srcset=\"https:\/\/www.spig-gmab.com\/wp-content\/uploads\/2024\/09\/2.jpg ,https:\/\/www.spig-gmab.com\/wp-content\/uploads\/2024\/09\/2.jpg 780w, https:\/\/www.spig-gmab.com\/wp-content\/uploads\/2024\/09\/2.jpg 360w\" sizes=\"auto, (max-width: 480px) 150px\" src=\"https:\/\/www.spig-gmab.com\/wp-content\/uploads\/2024\/09\/2.jpg\" alt=\"\" class=\"uag-image-1525\" width=\"667\" height=\"853\" title=\"2\" loading=\"lazy\" role=\"img\"\/><\/figure><\/div>\n<\/div><\/div>\n\n\n\n<div class=\"wp-block-uagb-container uagb-block-0ae58dde alignwide uagb-is-root-container\">\n<div class=\"wp-block-uagb-image uagb-block-c3906ee9 wp-block-uagb-image--layout-default wp-block-uagb-image--effect-static wp-block-uagb-image--align-none\"><figure class=\"wp-block-uagb-image__figure\"><img decoding=\"async\" srcset=\"https:\/\/www.spig-gmab.com\/wp-content\/uploads\/2024\/09\/1.jpg ,https:\/\/www.spig-gmab.com\/wp-content\/uploads\/2024\/09\/1.jpg 780w, https:\/\/www.spig-gmab.com\/wp-content\/uploads\/2024\/09\/1.jpg 360w\" sizes=\"auto, (max-width: 480px) 150px\" src=\"https:\/\/www.spig-gmab.com\/wp-content\/uploads\/2024\/09\/1.jpg\" alt=\"\" class=\"uag-image-1534\" width=\"573\" height=\"677\" title=\"1\" loading=\"lazy\" role=\"img\"\/><\/figure><\/div>\n\n\n\n<div class=\"wp-block-uagb-container uagb-block-7505c614\">\n<div class=\"wp-block-uagb-advanced-heading uagb-block-86598799\"><h3 class=\"uagb-heading-text\"><strong><strong><strong><strong>Tecnolog\u00eda de absorci\u00f3n<\/strong><\/strong><\/strong><\/strong><\/h3><\/div>\n\n\n\n<p>Suministramos bombas de calor de absorci\u00f3n para mejorar la recuperaci\u00f3n de energ\u00eda (como se ha descrito anteriormente) y enfriadoras de absorci\u00f3n para producir una refrigeraci\u00f3n de confort rentable en verano. Los enfriadores se colocan localmente en las propiedades o de forma centralizada en un sistema de refrigeraci\u00f3n urbana y utilizan el exceso de calor de la red de calefacci\u00f3n urbana como fuente de energ\u00eda. La instalaci\u00f3n requiere muy poco mantenimiento. Adem\u00e1s de las ganancias econ\u00f3micas, la tecnolog\u00eda es respetuosa con el medio ambiente y contribuye a reducir las emisiones de<sub>CO2<\/sub>.   <\/p>\n<\/div>\n<\/div>\n\n\n\n<div class=\"wp-block-uagb-container uagb-block-bba50a79 alignfull uagb-is-root-container\"><div class=\"uagb-container-inner-blocks-wrap\">\n<div class=\"wp-block-uagb-container uagb-block-dfd75a0c\">\n<div class=\"wp-block-uagb-advanced-heading uagb-block-c99fff62\"><h3 class=\"uagb-heading-text\"><strong><strong><strong><strong>Tratamiento del agua<\/strong><\/strong><\/strong><\/strong><\/h3><\/div>\n\n\n\n<p>Nuestra experiencia total en sistemas incluye el dise\u00f1o y suministro de tecnolog\u00edas para tratar las aguas residuales de los depuradores con el fin de minimizar y potencialmente eliminar el vertido de sustancias nocivas a los sistemas de tratamiento de aguas residuales o al medio ambiente.<\/p>\n<\/div>\n\n\n\n<div class=\"wp-block-uagb-image uagb-block-6c2c2328 wp-block-uagb-image--layout-default wp-block-uagb-image--effect-static wp-block-uagb-image--align-none\"><figure class=\"wp-block-uagb-image__figure\"><img decoding=\"async\" srcset=\"https:\/\/www.spig-gmab.com\/wp-content\/uploads\/2024\/09\/7.jpg ,https:\/\/www.spig-gmab.com\/wp-content\/uploads\/2024\/09\/7.jpg 780w, https:\/\/www.spig-gmab.com\/wp-content\/uploads\/2024\/09\/7.jpg 360w\" sizes=\"auto, (max-width: 480px) 150px\" src=\"https:\/\/www.spig-gmab.com\/wp-content\/uploads\/2024\/09\/7.jpg\" alt=\"\" class=\"uag-image-1738\" width=\"566\" height=\"425\" title=\"7\" loading=\"lazy\" role=\"img\"\/><\/figure><\/div>\n<\/div><\/div>\n\n\n\n<div class=\"wp-block-uagb-container uagb-block-67imbnbc alignfull uagb-is-root-container\"><div class=\"uagb-container-inner-blocks-wrap\">\n<div class=\"wp-block-uagb-info-box uagb-block-akrifalx uagb-infobox__content-wrap  uagb-infobox-icon-above-title uagb-infobox-image-valign-top wp-block-uagb-info-box--has-margin\"><div class=\"uagb-infobox-margin-wrapper\"><div class=\"uagb-ifb-content\"><div class=\"uagb-ifb-title-wrap\"><h2 class=\"uagb-ifb-title\">Act\u00fae ahora<\/h2><\/div><p class=\"uagb-ifb-desc\">P\u00f3ngase en contacto con nosotros hoy mismo: \u00a1estamos a su disposici\u00f3n para cualquier duda o ayuda que necesite!<\/p><\/div><\/div><\/div>\n\n\n\n<div class=\"wp-block-uagb-buttons uagb-buttons__outer-wrap uagb-btn__default-btn uagb-btn-tablet__default-btn uagb-btn-mobile__default-btn uagb-block-yuzskiwf\"><div class=\"uagb-buttons__wrap uagb-buttons-layout-wrap \">\n<div class=\"wp-block-uagb-buttons-child uagb-buttons__outer-wrap uagb-block-6m96fron wp-block-button\"><div class=\"uagb-button__wrapper\"><a class=\"uagb-buttons-repeater wp-block-button__link\" aria-label=\"\" href=\"https:\/\/www.spig-gmab.com\/es\/contacto\/\" rel=\"follow noopener\" target=\"_self\" role=\"button\"><div class=\"uagb-button__link\">Contacte con nosotros<\/div><\/a><\/div><\/div>\n<\/div><\/div>\n<\/div><\/div>\n","protected":false},"excerpt":{"rendered":"<p>Condensaci\u00f3n de gases de combusti\u00f3n Hemos llevado la recuperaci\u00f3n de energ\u00eda un paso m\u00e1s all\u00e1. Enfriando los gases de combusti\u00f3n [&hellip;]<\/p>\n","protected":false},"author":1,"featured_media":0,"parent":0,"menu_order":0,"comment_status":"closed","ping_status":"closed","template":"","meta":{"_uag_custom_page_level_css":"","_monsterinsights_skip_tracking":false,"_monsterinsights_sitenote_active":false,"_monsterinsights_sitenote_note":"","_monsterinsights_sitenote_category":0,"site-sidebar-layout":"default","site-content-layout":"","ast-site-content-layout":"default","site-content-style":"default","site-sidebar-style":"default","ast-global-header-display":"","ast-banner-title-visibility":"","ast-main-header-display":"","ast-hfb-above-header-display":"","ast-hfb-below-header-display":"","ast-hfb-mobile-header-display":"","site-post-title":"disabled","ast-breadcrumbs-content":"","ast-featured-img":"","footer-sml-layout":"","ast-disable-related-posts":"","theme-transparent-header-meta":"","adv-header-id-meta":"","stick-header-meta":"","header-above-stick-meta":"","header-main-stick-meta":"","header-below-stick-meta":"","astra-migrate-meta-layouts":"default","ast-page-background-enabled":"default","ast-page-background-meta":{"desktop":{"background-color":"var(--ast-global-color-4)","background-image":"","background-repeat":"repeat","background-position":"center center","background-size":"auto","background-attachment":"scroll","background-type":"","background-media":"","overlay-type":"","overlay-color":"","overlay-opacity":"","overlay-gradient":""},"tablet":{"background-color":"","background-image":"","background-repeat":"repeat","background-position":"center center","background-size":"auto","background-attachment":"scroll","background-type":"","background-media":"","overlay-type":"","overlay-color":"","overlay-opacity":"","overlay-gradient":""},"mobile":{"background-color":"","background-image":"","background-repeat":"repeat","background-position":"center center","background-size":"auto","background-attachment":"scroll","background-type":"","background-media":"","overlay-type":"","overlay-color":"","overlay-opacity":"","overlay-gradient":""}},"ast-content-background-meta":{"desktop":{"background-color":"var(--ast-global-color-5)","background-image":"","background-repeat":"repeat","background-position":"center center","background-size":"auto","background-attachment":"scroll","background-type":"","background-media":"","overlay-type":"","overlay-color":"","overlay-opacity":"","overlay-gradient":""},"tablet":{"background-color":"var(--ast-global-color-5)","background-image":"","background-repeat":"repeat","background-position":"center center","background-size":"auto","background-attachment":"scroll","background-type":"","background-media":"","overlay-type":"","overlay-color":"","overlay-opacity":"","overlay-gradient":""},"mobile":{"background-color":"var(--ast-global-color-5)","background-image":"","background-repeat":"repeat","background-position":"center center","background-size":"auto","background-attachment":"scroll","background-type":"","background-media":"","overlay-type":"","overlay-color":"","overlay-opacity":"","overlay-gradient":""}},"footnotes":""},"class_list":["post-4058","page","type-page","status-publish","hentry"],"aioseo_notices":[],"uagb_featured_image_src":{"full":false,"thumbnail":false,"medium":false,"medium_large":false,"large":false,"1536x1536":false,"2048x2048":false},"uagb_author_info":{"display_name":"multimedia@studiokey.it","author_link":"https:\/\/www.spig-gmab.com\/es\/author\/multimediastudiokey-it\/"},"uagb_comment_info":0,"uagb_excerpt":"Condensaci\u00f3n de gases de combusti\u00f3n Hemos llevado la recuperaci\u00f3n de energ\u00eda un paso m\u00e1s all\u00e1. Enfriando los gases de combusti\u00f3n [&hellip;]","_links":{"self":[{"href":"https:\/\/www.spig-gmab.com\/es\/wp-json\/wp\/v2\/pages\/4058","targetHints":{"allow":["GET"]}}],"collection":[{"href":"https:\/\/www.spig-gmab.com\/es\/wp-json\/wp\/v2\/pages"}],"about":[{"href":"https:\/\/www.spig-gmab.com\/es\/wp-json\/wp\/v2\/types\/page"}],"author":[{"embeddable":true,"href":"https:\/\/www.spig-gmab.com\/es\/wp-json\/wp\/v2\/users\/1"}],"replies":[{"embeddable":true,"href":"https:\/\/www.spig-gmab.com\/es\/wp-json\/wp\/v2\/comments?post=4058"}],"version-history":[{"count":3,"href":"https:\/\/www.spig-gmab.com\/es\/wp-json\/wp\/v2\/pages\/4058\/revisions"}],"predecessor-version":[{"id":9185,"href":"https:\/\/www.spig-gmab.com\/es\/wp-json\/wp\/v2\/pages\/4058\/revisions\/9185"}],"wp:attachment":[{"href":"https:\/\/www.spig-gmab.com\/es\/wp-json\/wp\/v2\/media?parent=4058"}],"curies":[{"name":"wp","href":"https:\/\/api.w.org\/{rel}","templated":true}]}}