{"id":4014,"date":"2024-09-26T10:50:44","date_gmt":"2024-09-26T10:50:44","guid":{"rendered":"https:\/\/spig-gmab.com\/tratamiento-de-gases-de-combustion\/"},"modified":"2025-09-30T13:04:28","modified_gmt":"2025-09-30T13:04:28","slug":"tratamiento-de-gases-de-combustion","status":"publish","type":"page","link":"https:\/\/www.spig-gmab.com\/es\/tratamiento-de-gases-de-combustion\/","title":{"rendered":"Tratamiento de gases de combusti\u00f3n"},"content":{"rendered":"\n<div class=\"wp-block-uagb-container uagb-block-zgbhmcgz alignfull uagb-is-root-container\"><div class=\"uagb-container-inner-blocks-wrap\">\n<div class=\"wp-block-uagb-info-box uagb-block-ew04gv8n uagb-infobox__content-wrap  uagb-infobox-icon-above-title uagb-infobox-image-valign-top\"><div class=\"uagb-ifb-content\"><div class=\"uagb-ifb-title-wrap\"><h1 class=\"uagb-ifb-title\"><strong>Tratamiento de gases de combusti\u00f3n GMAB\u2122<\/strong><\/h1><\/div><p class=\"uagb-ifb-desc\">Sistema de limpieza de gases de combusti\u00f3n para la conversi\u00f3n de residuos en energ\u00eda, centrales el\u00e9ctricas alimentadas con biomasa y plantas de tratamiento de residuos peligrosos<\/p><\/div><\/div>\n<\/div><\/div>\n\n\n\n<div class=\"wp-block-uagb-container uagb-block-4neen65n alignfull uagb-is-root-container\"><div class=\"uagb-container-inner-blocks-wrap\">\n<div class=\"wp-block-uagb-image uagb-block-68d8c13b wp-block-uagb-image--layout-default wp-block-uagb-image--effect-static wp-block-uagb-image--align-none\"><figure class=\"wp-block-uagb-image__figure\"><img decoding=\"async\" srcset=\"https:\/\/www.spig-gmab.com\/wp-content\/uploads\/2024\/09\/4.png ,https:\/\/www.spig-gmab.com\/wp-content\/uploads\/2024\/09\/4.png 780w, https:\/\/www.spig-gmab.com\/wp-content\/uploads\/2024\/09\/4.png 360w\" sizes=\"auto, (max-width: 480px) 150px\" src=\"https:\/\/www.spig-gmab.com\/wp-content\/uploads\/2024\/09\/4.png\" alt=\"\" class=\"uag-image-1728\" width=\"600\" height=\"317\" title=\"4\" loading=\"lazy\" role=\"img\"\/><figcaption class=\"uagb-image-caption\">Figure by Holmberg<\/figcaption><\/figure><\/div>\n\n\n\n<div class=\"wp-block-uagb-container uagb-block-slvpzmfu\">\n<div class=\"wp-block-uagb-info-box uagb-block-sfoqfciu uagb-infobox__content-wrap  uagb-infobox-icon-above-title uagb-infobox-image-valign-top\"><div class=\"uagb-ifb-content\"><div class=\"uagb-ifb-title-wrap\"><h2 class=\"uagb-ifb-title\"><strong>Limpieza de gases de combusti\u00f3n GMAB\u2122<\/strong><\/h2><\/div><p class=\"uagb-ifb-desc\">Nos enorgullecemos de nuestra larga tradici\u00f3n y experiencia comprobada en la elaboraci\u00f3n de sistemas integrales de tratamiento de gases de combusti\u00f3n para plantas de conversi\u00f3n de residuos en energ\u00eda. Nuestro experimentado equipo de ingenier\u00eda, junto con nuestra amplia experiencia en proyectos y dise\u00f1os confiables, garantiza que ofrezcamos tecnolog\u00edas de vanguardia de primer nivel. Ya sea que necesite soluciones secas, semih\u00famedas, h\u00famedas o una mezcla de estas soluciones, lo tenemos cubierto con lo mejor de la industria.  <\/p><\/div><\/div>\n<\/div>\n<\/div><\/div>\n\n\n\n<div class=\"wp-block-uagb-container uagb-block-8b123ae3 alignfull uagb-is-root-container\"><div class=\"uagb-container-inner-blocks-wrap\">\n<div class=\"wp-block-uagb-container uagb-block-43532781\">\n<div class=\"wp-block-uagb-advanced-heading uagb-block-e1b3295e\"><h3 class=\"uagb-heading-text\"><strong><strong>GMAB\u2122 Limpieza h\u00fameda de gases de combusti\u00f3n<\/strong><\/strong><\/h3><\/div>\n\n\n\n<p>Somos especialistas en la limpieza h\u00fameda de gases de combusti\u00f3n junto con el tratamiento de aguas asociadas. Nuestros sistemas de depuraci\u00f3n h\u00fameda proporcionan un tratamiento de gases de combusti\u00f3n extremadamente fiable y eficiente. Nuestra competencia principal cubre el proceso completo, incluidas las tecnolog\u00edas de tratamiento de agua.  <\/p>\n\n\n\n<p class=\"has-ast-global-color-8-color has-text-color has-link-color wp-elements-178576df68bde9a48cd5a62cd6412a15\" style=\"margin-top:0px;margin-bottom:0px\"><strong><strong>Beneficios<\/strong><\/strong><\/p>\n\n\n\n<ul class=\"wp-block-list\">\n<li>Control de emisiones fiable y eficaz<\/li>\n\n\n\n<li>Operaci\u00f3n con alta disponibilidad<\/li>\n\n\n\n<li>Alta capacidad de b\u00fafer para manejar variaciones de picos<\/li>\n\n\n\n<li>Consumo m\u00ednimo de productos qu\u00edmicos<\/li>\n\n\n\n<li>Baja generaci\u00f3n de residuos<\/li>\n\n\n\n<li>M\u00e1s adecuado para combinar con la condensaci\u00f3n de gases de combusti\u00f3n<\/li>\n<\/ul>\n<\/div>\n\n\n\n<div class=\"wp-block-uagb-container uagb-block-c874cad6\">\n<div class=\"wp-block-uagb-image alignleft uagb-block-krkibjso wp-block-uagb-image--layout-default wp-block-uagb-image--effect-static wp-block-uagb-image--align-left\"><figure class=\"wp-block-uagb-image__figure\"><img decoding=\"async\" srcset=\"https:\/\/www.spig-gmab.com\/wp-content\/uploads\/2024\/09\/Mec-2022-995x1024.jpg ,https:\/\/www.spig-gmab.com\/wp-content\/uploads\/2024\/09\/Mec-2022.jpg 780w, https:\/\/www.spig-gmab.com\/wp-content\/uploads\/2024\/09\/Mec-2022.jpg 360w\" sizes=\"auto, (max-width: 480px) 150px\" src=\"https:\/\/www.spig-gmab.com\/wp-content\/uploads\/2024\/09\/Mec-2022-995x1024.jpg\" alt=\"\" class=\"uag-image-1532\" width=\"995\" height=\"1024\" title=\"Mec 2022\" loading=\"lazy\" role=\"img\"\/><\/figure><\/div>\n<\/div>\n<\/div><\/div>\n\n\n\n<div class=\"wp-block-uagb-container uagb-block-0ae58dde alignwide uagb-is-root-container\">\n<div class=\"wp-block-uagb-container uagb-block-d8912462\">\n<div class=\"wp-block-uagb-image uagb-block-69187750 wp-block-uagb-image--layout-default wp-block-uagb-image--effect-static wp-block-uagb-image--align-none\"><figure class=\"wp-block-uagb-image__figure\"><img decoding=\"async\" srcset=\"https:\/\/www.spig-gmab.com\/wp-content\/uploads\/2024\/09\/Picture3B-1024x521.jpg ,https:\/\/www.spig-gmab.com\/wp-content\/uploads\/2024\/09\/Picture3B.jpg 780w, https:\/\/www.spig-gmab.com\/wp-content\/uploads\/2024\/09\/Picture3B.jpg 360w\" sizes=\"auto, (max-width: 480px) 150px\" src=\"https:\/\/www.spig-gmab.com\/wp-content\/uploads\/2024\/09\/Picture3B-1024x521.jpg\" alt=\"\" class=\"uag-image-1713\" width=\"1024\" height=\"521\" title=\"Picture3B\" loading=\"lazy\" role=\"img\"\/><figcaption class=\"uagb-image-caption\">Figure by Holmberg<\/figcaption><\/figure><\/div>\n<\/div>\n\n\n\n<div class=\"wp-block-uagb-container uagb-block-7505c614\">\n<div class=\"wp-block-uagb-advanced-heading uagb-block-86598799\"><h3 class=\"uagb-heading-text\"><strong><strong><strong>Limpieza combinada de gases de combusti\u00f3n secos\/h\u00famedos<\/strong><\/strong><\/strong><\/h3><\/div>\n\n\n\n<p>La limpieza de gases de combusti\u00f3n en seco o semih\u00famedo a menudo se puede combinar con un depurador de condensaci\u00f3n para la recuperaci\u00f3n de energ\u00eda y\/o una funci\u00f3n de pulido integrada para cumplir con los est\u00e1ndares de rendimiento m\u00e1s estrictos.<\/p>\n\n\n\n<p class=\"has-ast-global-color-8-color has-text-color has-link-color wp-elements-178576df68bde9a48cd5a62cd6412a15\" style=\"margin-top:0px;margin-bottom:0px\"><strong><strong>Beneficios<\/strong><\/strong><\/p>\n\n\n\n<ul class=\"wp-block-list\">\n<li>Costes\/consumo \u00f3ptimos de productos qu\u00edmicos<\/li>\n\n\n\n<li>Alta tolerancia a los picos de carga<\/li>\n\n\n\n<li>Funcionamiento sin aguas residuales<\/li>\n\n\n\n<li>Recuperaci\u00f3n de energ\u00eda mejorada<\/li>\n<\/ul>\n<\/div>\n<\/div>\n\n\n\n<div class=\"wp-block-uagb-container uagb-block-a78879d0 alignfull uagb-is-root-container\"><div class=\"uagb-container-inner-blocks-wrap\">\n<div class=\"wp-block-uagb-container uagb-block-86882e8b\">\n<div class=\"wp-block-uagb-advanced-heading uagb-block-099a2b61\"><h3 class=\"uagb-heading-text\"><strong><strong><strong>Precipitadores electrost\u00e1ticos<\/strong><\/strong><\/strong><\/h3><\/div>\n\n\n\n<p>Durante m\u00e1s de un siglo, los precipitadores electrost\u00e1ticos (ESP) han sido la tecnolog\u00eda de control de la calidad del aire preferida para la reducci\u00f3n de part\u00edculas en la generaci\u00f3n de energ\u00eda y los procesos industriales en todo el mundo.<\/p>\n\n\n\n<p>Los precipitadores electrost\u00e1ticos pueden dise\u00f1arse para cumplir las estrictas normas de emisi\u00f3n de part\u00edculas con una p\u00e9rdida de presi\u00f3n m\u00ednima y una alta fiabilidad del equipo para un funcionamiento prolongado de la planta. GMAB\u2122 proporciona una gama completa de equipos para precipitadores electrost\u00e1ticos secos y h\u00famedos, incluyendo placas colectoras premontadas y de tipo panel, electrodos de descarga r\u00edgidos y duraderos, martillos mec\u00e1nicos de volteo o dispositivos electromagn\u00e9ticos de golpeo y una gama completa de controles por microprocesador <\/p>\n<\/div>\n\n\n\n<div class=\"wp-block-uagb-container uagb-block-35d7b3f4\">\n<div class=\"wp-block-uagb-image alignleft uagb-block-e2e91670 wp-block-uagb-image--layout-default wp-block-uagb-image--effect-static wp-block-uagb-image--align-left\"><figure class=\"wp-block-uagb-image__figure\"><img decoding=\"async\" srcset=\"https:\/\/www.spig-gmab.com\/wp-content\/uploads\/2024\/10\/Picture1.png ,https:\/\/www.spig-gmab.com\/wp-content\/uploads\/2024\/10\/Picture1.png 780w, https:\/\/www.spig-gmab.com\/wp-content\/uploads\/2024\/10\/Picture1.png 360w\" sizes=\"auto, (max-width: 480px) 150px\" src=\"https:\/\/www.spig-gmab.com\/wp-content\/uploads\/2024\/10\/Picture1.png\" alt=\"\" class=\"uag-image-4361\" width=\"450\" height=\"423\" title=\"Picture1\" loading=\"lazy\" role=\"img\"\/><\/figure><\/div>\n<\/div>\n<\/div><\/div>\n\n\n\n<div class=\"wp-block-uagb-container uagb-block-67imbnbc alignfull uagb-is-root-container\"><div class=\"uagb-container-inner-blocks-wrap\">\n<div class=\"wp-block-uagb-info-box uagb-block-akrifalx uagb-infobox__content-wrap  uagb-infobox-icon-above-title uagb-infobox-image-valign-top wp-block-uagb-info-box--has-margin\"><div class=\"uagb-infobox-margin-wrapper\"><div class=\"uagb-ifb-content\"><div class=\"uagb-ifb-title-wrap\"><h2 class=\"uagb-ifb-title\">Act\u00fae ahora<\/h2><\/div><p class=\"uagb-ifb-desc\">P\u00f3ngase en contacto con nosotros hoy mismo: \u00a1estamos a su disposici\u00f3n para cualquier duda o ayuda que necesite!<\/p><\/div><\/div><\/div>\n\n\n\n<div class=\"wp-block-uagb-buttons uagb-buttons__outer-wrap uagb-btn__default-btn uagb-btn-tablet__default-btn uagb-btn-mobile__default-btn uagb-block-yuzskiwf\"><div class=\"uagb-buttons__wrap uagb-buttons-layout-wrap \">\n<div class=\"wp-block-uagb-buttons-child uagb-buttons__outer-wrap uagb-block-6m96fron wp-block-button\"><div class=\"uagb-button__wrapper\"><a class=\"uagb-buttons-repeater wp-block-button__link\" aria-label=\"\" href=\"https:\/\/www.spig-gmab.com\/es\/contacto\/\" rel=\"follow noopener\" target=\"_self\" role=\"button\"><div class=\"uagb-button__link\">Contacte con nosotros<\/div><\/a><\/div><\/div>\n<\/div><\/div>\n<\/div><\/div>\n","protected":false},"excerpt":{"rendered":"<p>GMAB\u2122 Limpieza h\u00fameda de gases de combusti\u00f3n Somos especialistas en la limpieza h\u00fameda de gases de combusti\u00f3n junto con el [&hellip;]<\/p>\n","protected":false},"author":1,"featured_media":0,"parent":0,"menu_order":0,"comment_status":"closed","ping_status":"closed","template":"","meta":{"_uag_custom_page_level_css":"","_monsterinsights_skip_tracking":false,"_monsterinsights_sitenote_active":false,"_monsterinsights_sitenote_note":"","_monsterinsights_sitenote_category":0,"site-sidebar-layout":"default","site-content-layout":"","ast-site-content-layout":"default","site-content-style":"default","site-sidebar-style":"default","ast-global-header-display":"","ast-banner-title-visibility":"","ast-main-header-display":"","ast-hfb-above-header-display":"","ast-hfb-below-header-display":"","ast-hfb-mobile-header-display":"","site-post-title":"disabled","ast-breadcrumbs-content":"","ast-featured-img":"","footer-sml-layout":"","ast-disable-related-posts":"","theme-transparent-header-meta":"","adv-header-id-meta":"","stick-header-meta":"","header-above-stick-meta":"","header-main-stick-meta":"","header-below-stick-meta":"","astra-migrate-meta-layouts":"default","ast-page-background-enabled":"default","ast-page-background-meta":{"desktop":{"background-color":"var(--ast-global-color-4)","background-image":"","background-repeat":"repeat","background-position":"center center","background-size":"auto","background-attachment":"scroll","background-type":"","background-media":"","overlay-type":"","overlay-color":"","overlay-opacity":"","overlay-gradient":""},"tablet":{"background-color":"","background-image":"","background-repeat":"repeat","background-position":"center center","background-size":"auto","background-attachment":"scroll","background-type":"","background-media":"","overlay-type":"","overlay-color":"","overlay-opacity":"","overlay-gradient":""},"mobile":{"background-color":"","background-image":"","background-repeat":"repeat","background-position":"center center","background-size":"auto","background-attachment":"scroll","background-type":"","background-media":"","overlay-type":"","overlay-color":"","overlay-opacity":"","overlay-gradient":""}},"ast-content-background-meta":{"desktop":{"background-color":"var(--ast-global-color-5)","background-image":"","background-repeat":"repeat","background-position":"center center","background-size":"auto","background-attachment":"scroll","background-type":"","background-media":"","overlay-type":"","overlay-color":"","overlay-opacity":"","overlay-gradient":""},"tablet":{"background-color":"var(--ast-global-color-5)","background-image":"","background-repeat":"repeat","background-position":"center center","background-size":"auto","background-attachment":"scroll","background-type":"","background-media":"","overlay-type":"","overlay-color":"","overlay-opacity":"","overlay-gradient":""},"mobile":{"background-color":"var(--ast-global-color-5)","background-image":"","background-repeat":"repeat","background-position":"center center","background-size":"auto","background-attachment":"scroll","background-type":"","background-media":"","overlay-type":"","overlay-color":"","overlay-opacity":"","overlay-gradient":""}},"footnotes":""},"class_list":["post-4014","page","type-page","status-publish","hentry"],"aioseo_notices":[],"uagb_featured_image_src":{"full":false,"thumbnail":false,"medium":false,"medium_large":false,"large":false,"1536x1536":false,"2048x2048":false},"uagb_author_info":{"display_name":"multimedia@studiokey.it","author_link":"https:\/\/www.spig-gmab.com\/es\/author\/multimediastudiokey-it\/"},"uagb_comment_info":0,"uagb_excerpt":"GMAB\u2122 Limpieza h\u00fameda de gases de combusti\u00f3n Somos especialistas en la limpieza h\u00fameda de gases de combusti\u00f3n junto con el [&hellip;]","_links":{"self":[{"href":"https:\/\/www.spig-gmab.com\/es\/wp-json\/wp\/v2\/pages\/4014","targetHints":{"allow":["GET"]}}],"collection":[{"href":"https:\/\/www.spig-gmab.com\/es\/wp-json\/wp\/v2\/pages"}],"about":[{"href":"https:\/\/www.spig-gmab.com\/es\/wp-json\/wp\/v2\/types\/page"}],"author":[{"embeddable":true,"href":"https:\/\/www.spig-gmab.com\/es\/wp-json\/wp\/v2\/users\/1"}],"replies":[{"embeddable":true,"href":"https:\/\/www.spig-gmab.com\/es\/wp-json\/wp\/v2\/comments?post=4014"}],"version-history":[{"count":4,"href":"https:\/\/www.spig-gmab.com\/es\/wp-json\/wp\/v2\/pages\/4014\/revisions"}],"predecessor-version":[{"id":9199,"href":"https:\/\/www.spig-gmab.com\/es\/wp-json\/wp\/v2\/pages\/4014\/revisions\/9199"}],"wp:attachment":[{"href":"https:\/\/www.spig-gmab.com\/es\/wp-json\/wp\/v2\/media?parent=4014"}],"curies":[{"name":"wp","href":"https:\/\/api.w.org\/{rel}","templated":true}]}}