{"id":3965,"date":"2024-09-26T13:21:28","date_gmt":"2024-09-26T13:21:28","guid":{"rendered":"https:\/\/spig-gmab.com\/eliminacion-de-dioxinas-adiox\/"},"modified":"2025-05-06T13:41:08","modified_gmt":"2025-05-06T13:41:08","slug":"eliminacion-de-dioxinas-adiox","status":"publish","type":"page","link":"https:\/\/www.spig-gmab.com\/es\/eliminacion-de-dioxinas-adiox\/","title":{"rendered":"Eliminaci\u00f3n de dioxinas ADIOX"},"content":{"rendered":"\n<div class=\"wp-block-uagb-container uagb-block-zgbhmcgz alignfull uagb-is-root-container\"><div class=\"uagb-container-inner-blocks-wrap\">\n<div class=\"wp-block-uagb-info-box uagb-block-ew04gv8n uagb-infobox__content-wrap  uagb-infobox-icon-above-title uagb-infobox-image-valign-top\"><div class=\"uagb-ifb-content\"><div class=\"uagb-ifb-title-wrap\"><h1 class=\"uagb-ifb-title\"><strong><strong>Eliminaci\u00f3n de dioxinas ADIOX<\/strong><\/strong><\/h1><\/div><p class=\"uagb-ifb-desc\">Puede instalarse en aplicaciones h\u00famedas, saturadas y secas<\/p><\/div><\/div>\n<\/div><\/div>\n\n\n\n<div class=\"wp-block-uagb-container uagb-block-4neen65n alignfull uagb-is-root-container\"><div class=\"uagb-container-inner-blocks-wrap\">\n<div class=\"wp-block-uagb-container uagb-block-0435a92b\">\n<div class=\"wp-block-uagb-image alignright uagb-block-krkibjso wp-block-uagb-image--layout-default wp-block-uagb-image--effect-static wp-block-uagb-image--align-right alignleft\"><figure class=\"wp-block-uagb-image__figure\"><img decoding=\"async\" srcset=\"https:\/\/www.spig-gmab.com\/wp-content\/uploads\/2024\/09\/5-crop.jpg ,https:\/\/www.spig-gmab.com\/wp-content\/uploads\/2024\/09\/5-crop.jpg 780w, https:\/\/www.spig-gmab.com\/wp-content\/uploads\/2024\/09\/5-crop.jpg 360w\" sizes=\"auto, (max-width: 480px) 150px\" src=\"https:\/\/www.spig-gmab.com\/wp-content\/uploads\/2024\/09\/5-crop.jpg\" alt=\"\" class=\"uag-image-1705\" width=\"350\" height=\"423\" title=\"5-crop\" loading=\"lazy\" role=\"img\"\/><\/figure><\/div>\n<\/div>\n\n\n\n<div class=\"wp-block-uagb-container uagb-block-slvpzmfu\">\n<div class=\"wp-block-uagb-info-box uagb-block-sfoqfciu uagb-infobox__content-wrap  uagb-infobox-icon-above-title uagb-infobox-image-valign-top\"><div class=\"uagb-ifb-content\"><div class=\"uagb-ifb-title-wrap\"><h2 class=\"uagb-ifb-title\"><strong><strong>Eliminaci\u00f3n de dioxinas ADIOX<\/strong><\/strong><\/h2><\/div><p class=\"uagb-ifb-desc\">GMAB\u2122 ha desarrollado una serie de tecnolog\u00edas \u00fanicas que pueden adaptarse a las plantas existentes e integrarse con nuestra soluci\u00f3n de paquete total.<br><br>El proceso ADIOX\u00ae de eliminaci\u00f3n de dioxinas aprovecha la gran afinidad que tienen las dioxinas por el carbono. Al integrar diminutas part\u00edculas de carbono en los pl\u00e1sticos de polipropileno (PP), creamos un material altamente eficaz para la reducci\u00f3n de dioxinas. Este enfoque innovador utiliza las propiedades de adsorci\u00f3n del carbono, garantizando que las part\u00edculas de carbono dispersas dentro de los pl\u00e1sticos de PP capturen y eliminen eficazmente las dioxinas del medio ambiente. Este m\u00e9todo no s\u00f3lo mejora la eficacia del material, sino que tambi\u00e9n contribuye a un ecosistema m\u00e1s limpio y seguro.   <br><br>Cuando una mol\u00e9cula de dioxina est\u00e1 presente en los gases de combusti\u00f3n, primero es absorbida por el material de polipropileno (PP). Desde all\u00ed, migra a una part\u00edcula de carbono donde se adsorbe fuertemente, lo que significa que se adhiere con firmeza a la superficie del carbono. El material de PP act\u00faa como una membrana selectiva, mostrando preferencia por capturar mol\u00e9culas como las dioxinas. Una vez que el material ADIOX ha llegado al final de su vida \u00fatil, se incinera. Durante este proceso, las dioxinas se destruyen, elimin\u00e1ndolas eficazmente del ciclo ecol\u00f3gico y garantizando que no vuelvan a entrar en el medio ambiente.    <br><br>Las empaquetaduras de torre y los separadores de gotas, fabricados con material ADIOX, pueden instalarse en aplicaciones h\u00famedas, saturadas y secas.<br><br>Descubre m\u00e1s en nuestro folleto ADIOX &#8211; <a href=\"https:\/\/www.spig-gmab.com\/wp-content\/uploads\/2025\/05\/GMAB_002_ADIOX_Dioxin_Removal.pdf\" target=\"_blank\" rel=\"noopener\" title=\"\">download now<\/a><\/p><\/div><\/div>\n\n\n\n<figure class=\"wp-block-video\"><video controls src=\"https:\/\/www.spig-gmab.com\/wp-content\/uploads\/2025\/04\/intervista_gmab_sven_clip-1_v4.1-720p.mp4\"><\/video><\/figure>\n<\/div>\n<\/div><\/div>\n\n\n\n<div class=\"wp-block-uagb-container uagb-block-67imbnbc alignfull uagb-is-root-container\"><div class=\"uagb-container-inner-blocks-wrap\">\n<div class=\"wp-block-uagb-info-box uagb-block-akrifalx uagb-infobox__content-wrap  uagb-infobox-icon-above-title uagb-infobox-image-valign-top wp-block-uagb-info-box--has-margin\"><div class=\"uagb-infobox-margin-wrapper\"><div class=\"uagb-ifb-content\"><div class=\"uagb-ifb-title-wrap\"><h2 class=\"uagb-ifb-title\">Act\u00fae ahora<\/h2><\/div><p class=\"uagb-ifb-desc\">P\u00f3ngase en contacto con nosotros hoy mismo: \u00a1estamos a su disposici\u00f3n para cualquier duda o ayuda que necesite!<\/p><\/div><\/div><\/div>\n\n\n\n<div class=\"wp-block-uagb-buttons uagb-buttons__outer-wrap uagb-btn__default-btn uagb-btn-tablet__default-btn uagb-btn-mobile__default-btn uagb-block-yuzskiwf\"><div class=\"uagb-buttons__wrap uagb-buttons-layout-wrap \">\n<div class=\"wp-block-uagb-buttons-child uagb-buttons__outer-wrap uagb-block-6m96fron wp-block-button\"><div class=\"uagb-button__wrapper\"><a class=\"uagb-buttons-repeater wp-block-button__link\" aria-label=\"\" href=\"https:\/\/www.spig-gmab.com\/es\/contacto\/\" rel=\"follow noopener\" target=\"_self\" role=\"button\"><div class=\"uagb-button__link\">Contacte con nosotros<\/div><\/a><\/div><\/div>\n<\/div><\/div>\n<\/div><\/div>\n","protected":false},"excerpt":{"rendered":"","protected":false},"author":1,"featured_media":0,"parent":0,"menu_order":0,"comment_status":"closed","ping_status":"closed","template":"","meta":{"_uag_custom_page_level_css":"","_monsterinsights_skip_tracking":false,"_monsterinsights_sitenote_active":false,"_monsterinsights_sitenote_note":"","_monsterinsights_sitenote_category":0,"site-sidebar-layout":"default","site-content-layout":"","ast-site-content-layout":"","site-content-style":"default","site-sidebar-style":"default","ast-global-header-display":"","ast-banner-title-visibility":"","ast-main-header-display":"","ast-hfb-above-header-display":"","ast-hfb-below-header-display":"","ast-hfb-mobile-header-display":"","site-post-title":"disabled","ast-breadcrumbs-content":"","ast-featured-img":"","footer-sml-layout":"","ast-disable-related-posts":"","theme-transparent-header-meta":"","adv-header-id-meta":"","stick-header-meta":"","header-above-stick-meta":"","header-main-stick-meta":"","header-below-stick-meta":"","astra-migrate-meta-layouts":"default","ast-page-background-enabled":"default","ast-page-background-meta":{"desktop":{"background-color":"var(--ast-global-color-4)","background-image":"","background-repeat":"repeat","background-position":"center center","background-size":"auto","background-attachment":"scroll","background-type":"","background-media":"","overlay-type":"","overlay-color":"","overlay-opacity":"","overlay-gradient":""},"tablet":{"background-color":"","background-image":"","background-repeat":"repeat","background-position":"center center","background-size":"auto","background-attachment":"scroll","background-type":"","background-media":"","overlay-type":"","overlay-color":"","overlay-opacity":"","overlay-gradient":""},"mobile":{"background-color":"","background-image":"","background-repeat":"repeat","background-position":"center center","background-size":"auto","background-attachment":"scroll","background-type":"","background-media":"","overlay-type":"","overlay-color":"","overlay-opacity":"","overlay-gradient":""}},"ast-content-background-meta":{"desktop":{"background-color":"var(--ast-global-color-5)","background-image":"","background-repeat":"repeat","background-position":"center center","background-size":"auto","background-attachment":"scroll","background-type":"","background-media":"","overlay-type":"","overlay-color":"","overlay-opacity":"","overlay-gradient":""},"tablet":{"background-color":"var(--ast-global-color-5)","background-image":"","background-repeat":"repeat","background-position":"center center","background-size":"auto","background-attachment":"scroll","background-type":"","background-media":"","overlay-type":"","overlay-color":"","overlay-opacity":"","overlay-gradient":""},"mobile":{"background-color":"var(--ast-global-color-5)","background-image":"","background-repeat":"repeat","background-position":"center center","background-size":"auto","background-attachment":"scroll","background-type":"","background-media":"","overlay-type":"","overlay-color":"","overlay-opacity":"","overlay-gradient":""}},"footnotes":""},"class_list":["post-3965","page","type-page","status-publish","hentry"],"aioseo_notices":[],"uagb_featured_image_src":{"full":false,"thumbnail":false,"medium":false,"medium_large":false,"large":false,"1536x1536":false,"2048x2048":false},"uagb_author_info":{"display_name":"multimedia@studiokey.it","author_link":"https:\/\/www.spig-gmab.com\/es\/author\/multimediastudiokey-it\/"},"uagb_comment_info":0,"uagb_excerpt":null,"_links":{"self":[{"href":"https:\/\/www.spig-gmab.com\/es\/wp-json\/wp\/v2\/pages\/3965","targetHints":{"allow":["GET"]}}],"collection":[{"href":"https:\/\/www.spig-gmab.com\/es\/wp-json\/wp\/v2\/pages"}],"about":[{"href":"https:\/\/www.spig-gmab.com\/es\/wp-json\/wp\/v2\/types\/page"}],"author":[{"embeddable":true,"href":"https:\/\/www.spig-gmab.com\/es\/wp-json\/wp\/v2\/users\/1"}],"replies":[{"embeddable":true,"href":"https:\/\/www.spig-gmab.com\/es\/wp-json\/wp\/v2\/comments?post=3965"}],"version-history":[{"count":5,"href":"https:\/\/www.spig-gmab.com\/es\/wp-json\/wp\/v2\/pages\/3965\/revisions"}],"predecessor-version":[{"id":8589,"href":"https:\/\/www.spig-gmab.com\/es\/wp-json\/wp\/v2\/pages\/3965\/revisions\/8589"}],"wp:attachment":[{"href":"https:\/\/www.spig-gmab.com\/es\/wp-json\/wp\/v2\/media?parent=3965"}],"curies":[{"name":"wp","href":"https:\/\/api.w.org\/{rel}","templated":true}]}}