{"id":6067,"date":"2024-09-26T13:36:16","date_gmt":"2024-09-26T13:36:16","guid":{"rendered":"https:\/\/spig-gmab.com\/dienstleistungen\/"},"modified":"2025-05-12T08:29:57","modified_gmt":"2025-05-12T08:29:57","slug":"dienstleistungen","status":"publish","type":"page","link":"https:\/\/www.spig-gmab.com\/de\/dienstleistungen\/","title":{"rendered":"Servicedienstleistungen"},"content":{"rendered":"\n<div class=\"wp-block-uagb-container uagb-block-zgbhmcgz alignfull uagb-is-root-container\"><div class=\"uagb-container-inner-blocks-wrap\">\n<div class=\"wp-block-uagb-info-box uagb-block-ew04gv8n uagb-infobox__content-wrap  uagb-infobox-icon-above-title uagb-infobox-image-valign-top\"><div class=\"uagb-ifb-content\"><div class=\"uagb-ifb-title-wrap\"><h1 class=\"uagb-ifb-title\"><strong><strong><strong><strong><strong><strong>Service<\/strong><\/strong><\/strong><\/strong><\/strong><\/strong><\/h1><\/div><p class=\"uagb-ifb-desc\">Unser umfangreiches Programm an Servicedienstleistungen deckt jeden Aspekt ab, von der schnellen Lieferung von Ersatzteilen bis hin zur umfassenden Wartung ganzer Rauchgasreinigungsanlagen.<\/p><\/div><\/div>\n<\/div><\/div>\n\n\n\n<div class=\"wp-block-uagb-container uagb-block-4neen65n alignfull uagb-is-root-container\"><div class=\"uagb-container-inner-blocks-wrap\">\n<div class=\"wp-block-uagb-image alignleft uagb-block-1cb9d430 wp-block-uagb-image--layout-default wp-block-uagb-image--effect-static wp-block-uagb-image--align-left\"><figure class=\"wp-block-uagb-image__figure\"><img decoding=\"async\" srcset=\"https:\/\/www.spig-gmab.com\/wp-content\/uploads\/2024\/09\/Varmepump-inst-edited-1024x1024.jpg ,https:\/\/www.spig-gmab.com\/wp-content\/uploads\/2024\/09\/Varmepump-inst-edited-scaled.jpg 780w, https:\/\/www.spig-gmab.com\/wp-content\/uploads\/2024\/09\/Varmepump-inst-edited-scaled.jpg 360w\" sizes=\"auto, (max-width: 480px) 150px\" src=\"https:\/\/www.spig-gmab.com\/wp-content\/uploads\/2024\/09\/Varmepump-inst-edited-1024x1024.jpg\" alt=\"\" class=\"uag-image-1819\" width=\"550\" height=\"423\" title=\"V\u00e4rmepump inst\" loading=\"lazy\" role=\"img\"\/><\/figure><\/div>\n\n\n\n<div class=\"wp-block-uagb-container uagb-block-slvpzmfu\">\n<div class=\"wp-block-uagb-info-box uagb-block-sfoqfciu uagb-infobox__content-wrap  uagb-infobox-icon-above-title uagb-infobox-image-valign-top\"><div class=\"uagb-ifb-content\"><div class=\"uagb-ifb-title-wrap\"><h2 class=\"uagb-ifb-title\"><strong><strong><strong><strong>Servicedienstleistung<\/strong><\/strong><\/strong><\/strong>en in der Rauchgasreinigung<\/h2><\/div><p class=\"uagb-ifb-desc\">Dank jahrzehntelanger Erfahrung in der Wartung und Instandhaltung von Rauchgasreinigungssystemen, Kompressions- und Absorptionsw\u00e4rmepumpen, bieten wir ein unvergleichliches Ma\u00df an Fachwissen.<\/p><\/div><\/div>\n\n\n\n<p style=\"margin-top:var(--wp--preset--spacing--60);margin-bottom:var(--wp--preset--spacing--30)\"><strong><span style=\"color: var(--ast-global-color-3);\" class=\"stk-highlight\">Fachgerechte L\u00f6sungen f\u00fcr Wartung und Service<\/span><\/strong><\/p>\n\n\n\n<ul class=\"wp-block-list\">\n<li>Jahrzehntelange Erfahrung mit  spezialisierten Rauchgasreinigungssystemen, Kompressions- und Absorptionsw\u00e4rmepumpen<\/li>\n\n\n\n<li>Umfassendes Serviceprogramm mit Ersatzteillieferung und kompletter Anlagenwartung f\u00fcr langfristige Zuverl\u00e4ssigkeit und reibungslosem Anlagenbetrieb<\/li>\n\n\n\n<li>Umfassende Fachkenntnisse, die uns helfen den spezifischen betrieblichen Anforderungen Ihrer Einrichtung gerecht zu werden.<\/li>\n<\/ul>\n\n\n\n<p style=\"margin-top:var(--wp--preset--spacing--60);margin-bottom:var(--wp--preset--spacing--30)\"><strong><span style=\"color: var(--ast-global-color-3);\" class=\"stk-highlight\">Erweiterte Nachr\u00fcstungs- und Modernisierungspakete und proaktiver Support<\/span><\/strong><\/p>\n\n\n\n<ul class=\"wp-block-list\">\n<li>GMAB\u2122 bietet Nachr\u00fcstungen, Umbauten, Modernisierungen, und Betriebsoptimierungen an, welche Effizienzsteigerungen erm\u00f6glichen und die Einhaltung der neuesten Umweltstandards gew\u00e4hrleisten.<\/li>\n\n\n\n<li>Fachm\u00e4nnische Installation, Inbetriebnahme und Wartung von Absorptionsk\u00e4ltemaschinen, um die Langlebigkeit des Systems zu erh\u00f6hen und m\u00f6gliche Probleme zu minimieren<\/li>\n\n\n\n<li>Servicevertr\u00e4ge f\u00fcr vorbeugende Instandhaltung durch proaktive Ma\u00dfnahmen, die ungeplante Stillst\u00e4nde reduzieren und einen nachhaltigen, langfristigen Betrieb sicherstellen<\/li>\n<\/ul>\n<\/div>\n<\/div><\/div>\n\n\n\n<div class=\"wp-block-uagb-container uagb-block-722d9aaa alignfull uagb-is-root-container\"><div class=\"uagb-container-inner-blocks-wrap\">\n<div class=\"wp-block-uagb-container uagb-block-01360a54\">\n<div class=\"wp-block-uagb-info-box uagb-block-2da7f3ca uagb-infobox__content-wrap  uagb-infobox-icon-above-title uagb-infobox-image-valign-top\"><div class=\"uagb-ifb-content\"><div class=\"uagb-ifb-title-wrap\"><h2 class=\"uagb-ifb-title\"><strong><strong><strong><strong>Servicedienstleistung<\/strong><\/strong><\/strong><\/strong>en f\u00fcr Elektrofilter<\/h2><\/div><p class=\"uagb-ifb-desc\">Unsere Serviceleistungen f\u00fcr Elektrofilter (E-Filter; engl. ESP) sind strategisch auf die Bed\u00fcrfnisse von Industrieanwendern ausgerichtet, die nach effektiven und zuverl\u00e4ssigen L\u00f6sungen zur Partikelabscheidung suchen. Angesichts strengerer Vorschriften, alternden Anlagen und h\u00f6herer Wartungsanforderungen ben\u00f6tigen Industriebetriebe eine proaktive Herangehensweise, um die Effizienz des E-Filters und die Einhaltung der Anforderungen sicherzustellen. Unser ESP-Serviceangebot konzentriert sich auf Hochleistungsstandards mit kosteng\u00fcnstigen, langfristigen Ergebnissen.  <\/p><\/div><\/div>\n\n\n\n<p style=\"margin-top:var(--wp--preset--spacing--60);margin-bottom:var(--wp--preset--spacing--30)\"><strong><span style=\"color: var(--ast-global-color-3);\" class=\"stk-highlight\"><strong>Leistungsorientierte Modernisierungen und Nachr\u00fcstungen<\/strong><\/span><\/strong><br>Wir liefern kundenspezifische ESP-Nachr\u00fcstungen, Umr\u00fcstungen auf Gewebefiltersysteme (z.B. Schlauchfilter) und Optimierung der Spannungsumsetzanlage, einschlie\u00dflich der Filtersteuerung. Somit k\u00f6nnen bestehende Anlagen die strengen Emissionsgrenzwerte bei minimalem Druckverlust und erh\u00f6hter Systemzuverl\u00e4ssigkeit einhalten.<\/p>\n\n\n\n<p style=\"margin-top:var(--wp--preset--spacing--60);margin-bottom:var(--wp--preset--spacing--30)\"><strong>Umfassende Auswahl an Komponenten und Ersatzteilen<\/strong><br>Unser Bestand umfasst ausgiebig getestete Komponenten, wie Entladungselektroden, Sammelplatten und fortschrittliche Steuersysteme, um die Betriebsstabilit\u00e4t zu gew\u00e4hrleisten. Wir w\u00e4hlen jedes Teil nach Qualit\u00e4t, Leistungsanforderungen und Kosteneffizienz aus, um sowohl Routine- als auch Notfallanforderungen erf\u00fcllen zu k\u00f6nnen.<\/p>\n\n\n\n<p style=\"margin-top:var(--wp--preset--spacing--60);margin-bottom:var(--wp--preset--spacing--30)\"><strong>Strategische Instandhaltungsl\u00f6sungen<\/strong><br>Wir bieten eine Reihe von Optionen im Bereich Instandhaltung an, die darauf zugeschnitten sind, die Langlebigkeit von Anlagen zu optimieren und unerwarteten Stillstand zu reduzieren.<\/p>\n\n\n\n<p style=\"margin-top:var(--wp--preset--spacing--60);margin-bottom:var(--wp--preset--spacing--30)\"><strong><span style=\"color: var(--ast-global-color-3);\" class=\"stk-highlight\">Wir bieten folgende Instandhaltungsleistungen an:  <\/span><\/strong><\/p>\n\n\n\n<ul class=\"wp-block-list\">\n<li><strong>Inspektion und Fehlersuche:<\/strong> Zur Erkennung und Behebung von St\u00f6rf\u00e4llen im Fr\u00fchstadium, um einen kontinuierlichen, vorschriftsm\u00e4\u00dfigen Betrieb zu gew\u00e4hrleisten.<\/li>\n\n\n\n<li><strong>Schulung &amp; Analyse zur Lebensdauerverl\u00e4ngerung:<\/strong> stellen sicher, dass betriebseigenes Personal im Regelbetrieb der Anlage Instandhaltung  und  Leistungsbewertung von E-Filtern durchf\u00fchren k\u00f6nnen.<\/li>\n\n\n\n<li><strong>Beaufsichtigte Reparaturen &amp; Unterst\u00fctzung in Notf\u00e4llen:<\/strong> Um Verz\u00f6gerungen im laufenen Betrieb zu vermeiden, bieten wir Unterst\u00fctzung bei Anlagenst\u00f6rungen oder Pannen an.<\/li>\n<\/ul>\n\n\n\n<p>Unser ESP-Serviceprogramm orientiert sich an den neuesten Anforderungen der Branche und bietet einen ganzheitlichen Support, der die Effizienz maximiert, Ausfallzeiten verringert und die Nachhaltigkeit gew\u00e4hrleistet. Mit unserem bew\u00e4hrten Ansatz unterst\u00fctzen wir Industrieunternehmen dabei, aktuelle und zuk\u00fcnftige Herausforderungen in Regulierung und Betrieb zuverl\u00e4ssig zu meistern.<\/p>\n<\/div>\n\n\n\n<div class=\"wp-block-uagb-image alignleft uagb-block-krkibjso wp-block-uagb-image--layout-default wp-block-uagb-image--effect-static wp-block-uagb-image--align-left\"><figure class=\"wp-block-uagb-image__figure\"><img decoding=\"async\" srcset=\"https:\/\/www.spig-gmab.com\/wp-content\/uploads\/2024\/10\/Service_FGT.jpg ,https:\/\/www.spig-gmab.com\/wp-content\/uploads\/2024\/10\/Service_FGT.jpg 780w, https:\/\/www.spig-gmab.com\/wp-content\/uploads\/2024\/10\/Service_FGT.jpg 360w\" sizes=\"auto, (max-width: 480px) 150px\" src=\"https:\/\/www.spig-gmab.com\/wp-content\/uploads\/2024\/10\/Service_FGT.jpg\" alt=\"\" class=\"uag-image-4370\" width=\"550\" height=\"423\" title=\"Service_FGT\" loading=\"lazy\" role=\"img\"\/><\/figure><\/div>\n<\/div><\/div>\n\n\n\n<div class=\"wp-block-uagb-container uagb-block-67imbnbc alignfull uagb-is-root-container\"><div class=\"uagb-container-inner-blocks-wrap\">\n<div class=\"wp-block-uagb-info-box uagb-block-akrifalx uagb-infobox__content-wrap  uagb-infobox-icon-above-title uagb-infobox-image-valign-top wp-block-uagb-info-box--has-margin\"><div class=\"uagb-infobox-margin-wrapper\"><div class=\"uagb-ifb-content\"><div class=\"uagb-ifb-title-wrap\"><h2 class=\"uagb-ifb-title\">Erreichen Sie Ihre Ziele<\/h2><\/div><p class=\"uagb-ifb-desc\">Kontaktieren Sie jetzt SPIG und GMAB und verwirklichen Sie Ihre Ziele gemeinsam mit uns. <\/p><\/div><\/div><\/div>\n\n\n\n<div class=\"wp-block-uagb-buttons uagb-buttons__outer-wrap uagb-btn__default-btn uagb-btn-tablet__default-btn uagb-btn-mobile__default-btn uagb-block-yuzskiwf\"><div class=\"uagb-buttons__wrap uagb-buttons-layout-wrap \">\n<div class=\"wp-block-uagb-buttons-child uagb-buttons__outer-wrap uagb-block-6m96fron wp-block-button\"><div class=\"uagb-button__wrapper\"><a class=\"uagb-buttons-repeater wp-block-button__link\" aria-label=\"\" href=\"https:\/\/www.spig-gmab.com\/contact\/\" rel=\"follow noopener\" target=\"_self\" role=\"button\"><div class=\"uagb-button__link\">KONTAKT<\/div><\/a><\/div><\/div>\n<\/div><\/div>\n<\/div><\/div>\n","protected":false},"excerpt":{"rendered":"<p>Fachgerechte L\u00f6sungen f\u00fcr Wartung und Service Erweiterte Nachr\u00fcstungs- und Modernisierungspakete und proaktiver Support Leistungsorientierte Modernisierungen und Nachr\u00fcstungenWir liefern kundenspezifische ESP-Nachr\u00fcstungen, [&hellip;]<\/p>\n","protected":false},"author":1,"featured_media":0,"parent":0,"menu_order":0,"comment_status":"closed","ping_status":"closed","template":"","meta":{"_uag_custom_page_level_css":"","_monsterinsights_skip_tracking":false,"_monsterinsights_sitenote_active":false,"_monsterinsights_sitenote_note":"","_monsterinsights_sitenote_category":0,"site-sidebar-layout":"default","site-content-layout":"","ast-site-content-layout":"default","site-content-style":"default","site-sidebar-style":"default","ast-global-header-display":"","ast-banner-title-visibility":"","ast-main-header-display":"","ast-hfb-above-header-display":"","ast-hfb-below-header-display":"","ast-hfb-mobile-header-display":"","site-post-title":"disabled","ast-breadcrumbs-content":"","ast-featured-img":"","footer-sml-layout":"","ast-disable-related-posts":"","theme-transparent-header-meta":"","adv-header-id-meta":"","stick-header-meta":"","header-above-stick-meta":"","header-main-stick-meta":"","header-below-stick-meta":"","astra-migrate-meta-layouts":"default","ast-page-background-enabled":"default","ast-page-background-meta":{"desktop":{"background-color":"var(--ast-global-color-4)","background-image":"","background-repeat":"repeat","background-position":"center center","background-size":"auto","background-attachment":"scroll","background-type":"","background-media":"","overlay-type":"","overlay-color":"","overlay-opacity":"","overlay-gradient":""},"tablet":{"background-color":"","background-image":"","background-repeat":"repeat","background-position":"center center","background-size":"auto","background-attachment":"scroll","background-type":"","background-media":"","overlay-type":"","overlay-color":"","overlay-opacity":"","overlay-gradient":""},"mobile":{"background-color":"","background-image":"","background-repeat":"repeat","background-position":"center center","background-size":"auto","background-attachment":"scroll","background-type":"","background-media":"","overlay-type":"","overlay-color":"","overlay-opacity":"","overlay-gradient":""}},"ast-content-background-meta":{"desktop":{"background-color":"var(--ast-global-color-5)","background-image":"","background-repeat":"repeat","background-position":"center center","background-size":"auto","background-attachment":"scroll","background-type":"","background-media":"","overlay-type":"","overlay-color":"","overlay-opacity":"","overlay-gradient":""},"tablet":{"background-color":"var(--ast-global-color-5)","background-image":"","background-repeat":"repeat","background-position":"center center","background-size":"auto","background-attachment":"scroll","background-type":"","background-media":"","overlay-type":"","overlay-color":"","overlay-opacity":"","overlay-gradient":""},"mobile":{"background-color":"var(--ast-global-color-5)","background-image":"","background-repeat":"repeat","background-position":"center center","background-size":"auto","background-attachment":"scroll","background-type":"","background-media":"","overlay-type":"","overlay-color":"","overlay-opacity":"","overlay-gradient":""}},"footnotes":""},"class_list":["post-6067","page","type-page","status-publish","hentry"],"aioseo_notices":[],"uagb_featured_image_src":{"full":false,"thumbnail":false,"medium":false,"medium_large":false,"large":false,"1536x1536":false,"2048x2048":false},"uagb_author_info":{"display_name":"multimedia@studiokey.it","author_link":"https:\/\/www.spig-gmab.com\/de\/author\/multimediastudiokey-it\/"},"uagb_comment_info":0,"uagb_excerpt":"Fachgerechte L\u00f6sungen f\u00fcr Wartung und Service Erweiterte Nachr\u00fcstungs- und Modernisierungspakete und proaktiver Support Leistungsorientierte Modernisierungen und Nachr\u00fcstungenWir liefern kundenspezifische ESP-Nachr\u00fcstungen, [&hellip;]","_links":{"self":[{"href":"https:\/\/www.spig-gmab.com\/de\/wp-json\/wp\/v2\/pages\/6067","targetHints":{"allow":["GET"]}}],"collection":[{"href":"https:\/\/www.spig-gmab.com\/de\/wp-json\/wp\/v2\/pages"}],"about":[{"href":"https:\/\/www.spig-gmab.com\/de\/wp-json\/wp\/v2\/types\/page"}],"author":[{"embeddable":true,"href":"https:\/\/www.spig-gmab.com\/de\/wp-json\/wp\/v2\/users\/1"}],"replies":[{"embeddable":true,"href":"https:\/\/www.spig-gmab.com\/de\/wp-json\/wp\/v2\/comments?post=6067"}],"version-history":[{"count":8,"href":"https:\/\/www.spig-gmab.com\/de\/wp-json\/wp\/v2\/pages\/6067\/revisions"}],"predecessor-version":[{"id":8716,"href":"https:\/\/www.spig-gmab.com\/de\/wp-json\/wp\/v2\/pages\/6067\/revisions\/8716"}],"wp:attachment":[{"href":"https:\/\/www.spig-gmab.com\/de\/wp-json\/wp\/v2\/media?parent=6067"}],"curies":[{"name":"wp","href":"https:\/\/api.w.org\/{rel}","templated":true}]}}