{"id":6063,"date":"2024-09-26T13:27:23","date_gmt":"2024-09-26T13:27:23","guid":{"rendered":"https:\/\/spig-gmab.com\/polizeiwaescher\/"},"modified":"2025-09-30T13:51:39","modified_gmt":"2025-09-30T13:51:39","slug":"polizeiwaescher","status":"publish","type":"page","link":"https:\/\/www.spig-gmab.com\/de\/polizeiwaescher\/","title":{"rendered":"Feinw\u00e4scher"},"content":{"rendered":"\n<div class=\"wp-block-uagb-container uagb-block-zgbhmcgz alignfull uagb-is-root-container\"><div class=\"uagb-container-inner-blocks-wrap\">\n<div class=\"wp-block-uagb-info-box uagb-block-ew04gv8n uagb-infobox__content-wrap  uagb-infobox-icon-above-title uagb-infobox-image-valign-top\"><div class=\"uagb-ifb-content\"><div class=\"uagb-ifb-title-wrap\"><h1 class=\"uagb-ifb-title\"><strong><strong>Feinw\u00e4scher<\/strong><\/strong><\/h1><\/div><p class=\"uagb-ifb-desc\">Fortschrittliche L\u00f6sungen f\u00fcr Nassw\u00e4scher<\/p><\/div><\/div>\n<\/div><\/div>\n\n\n\n<div class=\"wp-block-uagb-container uagb-block-4neen65n alignfull uagb-is-root-container\"><div class=\"uagb-container-inner-blocks-wrap\">\n<div class=\"wp-block-uagb-container uagb-block-bd2c476f\">\n<div class=\"wp-block-uagb-image alignright uagb-block-krkibjso wp-block-uagb-image--layout-default wp-block-uagb-image--effect-static wp-block-uagb-image--align-right alignleft\"><figure class=\"wp-block-uagb-image__figure\"><img decoding=\"async\" srcset=\"https:\/\/www.spig-gmab.com\/wp-content\/uploads\/2024\/09\/6-680x1024.jpg ,https:\/\/www.spig-gmab.com\/wp-content\/uploads\/2024\/09\/6.jpg 780w, https:\/\/www.spig-gmab.com\/wp-content\/uploads\/2024\/09\/6.jpg 360w\" sizes=\"auto, (max-width: 480px) 150px\" src=\"https:\/\/www.spig-gmab.com\/wp-content\/uploads\/2024\/09\/6-680x1024.jpg\" alt=\"\" class=\"uag-image-1529\" width=\"417\" height=\"628\" title=\"6\" loading=\"lazy\" role=\"img\"\/><\/figure><\/div>\n<\/div>\n\n\n\n<div class=\"wp-block-uagb-container uagb-block-slvpzmfu\">\n<div class=\"wp-block-uagb-info-box uagb-block-sfoqfciu uagb-infobox__content-wrap  uagb-infobox-icon-above-title uagb-infobox-image-valign-top\"><div class=\"uagb-ifb-content\"><div class=\"uagb-ifb-title-wrap\"><h2 class=\"uagb-ifb-title\"><strong><strong><strong>Feinw\u00e4scher<\/strong><\/strong><\/strong><\/h2><\/div><p class=\"uagb-ifb-desc\">Wir sind spezialisiert auf die Nassreinigung von Rauchgasen in Kombination mit modernsten Technologien zur Wasseraufbereitung. Unsere Nassw\u00e4schersysteme bieten eine zuverl\u00e4ssige und effiziente Rauchgasreinigung, die auf die Einhaltung strenger Umweltauflagen ausgelegt ist. <br><br>Unsere Nassw\u00e4scher bieten eine zuverl\u00e4ssige Emissionsminderung und sorgen f\u00fcr eine konsistente und effektive Entfernung von Schadstoffen aus den Rauchgasen. Sie sind f\u00fcr den Dauerbetrieb mit hoher Verf\u00fcgbarkeit ausgelegt und erm\u00f6glichen so eine ununterbrochene Trennleistung. Dank ihrer au\u00dfergew\u00f6hnlichen Pufferkapazit\u00e4t passen sie sich problemlos an Spitzen im Gasvolumenstrom an und gew\u00e4hrleisten so auch unter wechselnden Betriebsbedingungen einen gleichm\u00e4\u00dfigen und effizienten Anlagenbetrieb.<br><br>Au\u00dferdem minimieren unsere Systeme den Chemikalienverbrauch und erzeugen nur sehr geringe Reststoffmengen, was sie zu einer umweltfreundlichen Wahl f\u00fcr die Rauchgasbehandlung macht. Sie eignen sich auch perfekt f\u00fcr die Integration mit der Rauchgaskondensation, was eine verbesserte Energier\u00fcckgewinnung und eine h\u00f6here Effizienz des Gesamtsystems erm\u00f6glicht. <br><br>Unsere Nassw\u00e4schersysteme wurden in ganz Europa erfolgreich installiert und liefern hervorragende Ergebnisse bei der Emissionsminderung und Energier\u00fcckgewinnung.<\/p><\/div><\/div>\n<\/div>\n<\/div><\/div>\n\n\n\n<div class=\"wp-block-uagb-container uagb-block-8b123ae3 alignwide uagb-is-root-container\">\n<div class=\"wp-block-uagb-container uagb-block-43532781\">\n<div class=\"wp-block-uagb-advanced-heading uagb-block-e1b3295e\"><h3 class=\"uagb-heading-text\"><strong><strong><strong>\u00dc<strong><strong><strong>berragende Umweltleistungen erzielen &#8211; <\/strong><\/strong><\/strong>mit unseren fortschrittlichen Nassw\u00e4schern<br><\/strong><\/strong><\/strong><\/h3><\/div>\n\n\n\n<p>Unsere vielseitigen ein- oder mehrstufigen Feinw\u00e4scher wurden entwickelt, um extrem niedrige Emissionen zu erreichen, selbst in Anlagen, die urspr\u00fcnglich f\u00fcr \u00e4ltere, weniger strikte Emissionsstandards gebaut wurden.<br><br>Durch die Integration der Energier\u00fcckgewinnung in den Feinw\u00e4scher k\u00f6nnen wir das Gas durch Rauchgaskondensation abk\u00fchlen. Dieser Prozess reduziert nicht nur die Emissionen weiter, sondern steigert auch die Produktion von Fernw\u00e4rme und erzeugt ein relativ sauberes Kondensat. Dieses Kondensat kann f\u00fcr verschiedene Zwecke aufbereitet werden, z.B. als Kesselzusatzwasser. <br><br>Die Kombination aus niedrigen Betriebstemperaturen und extrem niedrigen Emissionen macht diese W\u00e4scher ideal f\u00fcr die Integration einer nachgeschalteten Anlage f\u00fcr Carbon Capture . Daher verbessert die Installation eines GMAB\u2122 Feinw\u00e4schers nicht nur die aktuelle Leistung, sondern stellt auch sicher, dass die Anlage auf zuk\u00fcnftige Umweltvorschriften und technologische Fortschritte vorbereitet ist. <br><br>GMAB\u2122 bietet standardisierte Rauchgasw\u00e4scher, die auf unseren diversen modularen Gasreinigungsverfahren basieren, darunter Abscheidung von S\u00e4uren, Rauchgaskondensation, und ADIOX Dioxinabscheidung. Die Anlagen sind kompakt und f\u00fcr ein Minimum an Montagearbeiten vor Ort ausgelegt.<\/p>\n<\/div>\n\n\n\n<div class=\"wp-block-uagb-image uagb-block-1a4c0290 wp-block-uagb-image--layout-default wp-block-uagb-image--effect-static wp-block-uagb-image--align-none\"><figure class=\"wp-block-uagb-image__figure\"><img decoding=\"async\" srcset=\"https:\/\/www.spig-gmab.com\/wp-content\/uploads\/2024\/09\/18672012F-Holstebro-flowsheet-drop-shadow-676x1024.jpg ,https:\/\/www.spig-gmab.com\/wp-content\/uploads\/2024\/09\/18672012F-Holstebro-flowsheet-drop-shadow.jpg 780w, https:\/\/www.spig-gmab.com\/wp-content\/uploads\/2024\/09\/18672012F-Holstebro-flowsheet-drop-shadow.jpg 360w\" sizes=\"auto, (max-width: 480px) 150px\" src=\"https:\/\/www.spig-gmab.com\/wp-content\/uploads\/2024\/09\/18672012F-Holstebro-flowsheet-drop-shadow-676x1024.jpg\" alt=\"\" class=\"uag-image-1530\" width=\"596\" height=\"903\" title=\"P:ORDER1867 M\u00e5bjergvaerketTEKNIKDokument2 ProcessschemorP\" loading=\"lazy\" role=\"img\"\/><\/figure><\/div>\n<\/div>\n\n\n\n<div class=\"wp-block-uagb-container uagb-block-67imbnbc alignfull uagb-is-root-container\"><div class=\"uagb-container-inner-blocks-wrap\">\n<div class=\"wp-block-uagb-info-box uagb-block-akrifalx uagb-infobox__content-wrap  uagb-infobox-icon-above-title uagb-infobox-image-valign-top wp-block-uagb-info-box--has-margin\"><div class=\"uagb-infobox-margin-wrapper\"><div class=\"uagb-ifb-content\"><div class=\"uagb-ifb-title-wrap\"><h2 class=\"uagb-ifb-title\">Erreichen Sie Ihre Ziele<\/h2><\/div><p class=\"uagb-ifb-desc\">Kontaktieren Sie jetzt SPIG und GMAB und verwirklichen Sie Ihre Ziele gemeinsam mit uns. <\/p><\/div><\/div><\/div>\n\n\n\n<div class=\"wp-block-uagb-buttons uagb-buttons__outer-wrap uagb-btn__default-btn uagb-btn-tablet__default-btn uagb-btn-mobile__default-btn uagb-block-yuzskiwf\"><div class=\"uagb-buttons__wrap uagb-buttons-layout-wrap \">\n<div class=\"wp-block-uagb-buttons-child uagb-buttons__outer-wrap uagb-block-6m96fron wp-block-button\"><div class=\"uagb-button__wrapper\"><a class=\"uagb-buttons-repeater wp-block-button__link\" aria-label=\"\" href=\"https:\/\/www.spig-gmab.com\/contact\/\" rel=\"follow noopener\" target=\"_self\" role=\"button\"><div class=\"uagb-button__link\">KONTAKT<\/div><\/a><\/div><\/div>\n<\/div><\/div>\n<\/div><\/div>\n","protected":false},"excerpt":{"rendered":"<p>\u00dcberragende Umweltleistungen erzielen &#8211; mit unseren fortschrittlichen Nassw\u00e4schern Unsere vielseitigen ein- oder mehrstufigen Feinw\u00e4scher wurden entwickelt, um extrem niedrige Emissionen [&hellip;]<\/p>\n","protected":false},"author":1,"featured_media":0,"parent":0,"menu_order":0,"comment_status":"closed","ping_status":"closed","template":"","meta":{"_uag_custom_page_level_css":"","_monsterinsights_skip_tracking":false,"_monsterinsights_sitenote_active":false,"_monsterinsights_sitenote_note":"","_monsterinsights_sitenote_category":0,"site-sidebar-layout":"default","site-content-layout":"","ast-site-content-layout":"default","site-content-style":"default","site-sidebar-style":"default","ast-global-header-display":"","ast-banner-title-visibility":"","ast-main-header-display":"","ast-hfb-above-header-display":"","ast-hfb-below-header-display":"","ast-hfb-mobile-header-display":"","site-post-title":"disabled","ast-breadcrumbs-content":"","ast-featured-img":"","footer-sml-layout":"","ast-disable-related-posts":"","theme-transparent-header-meta":"","adv-header-id-meta":"","stick-header-meta":"","header-above-stick-meta":"","header-main-stick-meta":"","header-below-stick-meta":"","astra-migrate-meta-layouts":"default","ast-page-background-enabled":"default","ast-page-background-meta":{"desktop":{"background-color":"var(--ast-global-color-4)","background-image":"","background-repeat":"repeat","background-position":"center center","background-size":"auto","background-attachment":"scroll","background-type":"","background-media":"","overlay-type":"","overlay-color":"","overlay-opacity":"","overlay-gradient":""},"tablet":{"background-color":"","background-image":"","background-repeat":"repeat","background-position":"center center","background-size":"auto","background-attachment":"scroll","background-type":"","background-media":"","overlay-type":"","overlay-color":"","overlay-opacity":"","overlay-gradient":""},"mobile":{"background-color":"","background-image":"","background-repeat":"repeat","background-position":"center center","background-size":"auto","background-attachment":"scroll","background-type":"","background-media":"","overlay-type":"","overlay-color":"","overlay-opacity":"","overlay-gradient":""}},"ast-content-background-meta":{"desktop":{"background-color":"var(--ast-global-color-5)","background-image":"","background-repeat":"repeat","background-position":"center center","background-size":"auto","background-attachment":"scroll","background-type":"","background-media":"","overlay-type":"","overlay-color":"","overlay-opacity":"","overlay-gradient":""},"tablet":{"background-color":"var(--ast-global-color-5)","background-image":"","background-repeat":"repeat","background-position":"center center","background-size":"auto","background-attachment":"scroll","background-type":"","background-media":"","overlay-type":"","overlay-color":"","overlay-opacity":"","overlay-gradient":""},"mobile":{"background-color":"var(--ast-global-color-5)","background-image":"","background-repeat":"repeat","background-position":"center center","background-size":"auto","background-attachment":"scroll","background-type":"","background-media":"","overlay-type":"","overlay-color":"","overlay-opacity":"","overlay-gradient":""}},"footnotes":""},"class_list":["post-6063","page","type-page","status-publish","hentry"],"aioseo_notices":[],"uagb_featured_image_src":{"full":false,"thumbnail":false,"medium":false,"medium_large":false,"large":false,"1536x1536":false,"2048x2048":false},"uagb_author_info":{"display_name":"multimedia@studiokey.it","author_link":"https:\/\/www.spig-gmab.com\/de\/author\/multimediastudiokey-it\/"},"uagb_comment_info":0,"uagb_excerpt":"\u00dcberragende Umweltleistungen erzielen &#8211; mit unseren fortschrittlichen Nassw\u00e4schern Unsere vielseitigen ein- oder mehrstufigen Feinw\u00e4scher wurden entwickelt, um extrem niedrige Emissionen [&hellip;]","_links":{"self":[{"href":"https:\/\/www.spig-gmab.com\/de\/wp-json\/wp\/v2\/pages\/6063","targetHints":{"allow":["GET"]}}],"collection":[{"href":"https:\/\/www.spig-gmab.com\/de\/wp-json\/wp\/v2\/pages"}],"about":[{"href":"https:\/\/www.spig-gmab.com\/de\/wp-json\/wp\/v2\/types\/page"}],"author":[{"embeddable":true,"href":"https:\/\/www.spig-gmab.com\/de\/wp-json\/wp\/v2\/users\/1"}],"replies":[{"embeddable":true,"href":"https:\/\/www.spig-gmab.com\/de\/wp-json\/wp\/v2\/comments?post=6063"}],"version-history":[{"count":8,"href":"https:\/\/www.spig-gmab.com\/de\/wp-json\/wp\/v2\/pages\/6063\/revisions"}],"predecessor-version":[{"id":9224,"href":"https:\/\/www.spig-gmab.com\/de\/wp-json\/wp\/v2\/pages\/6063\/revisions\/9224"}],"wp:attachment":[{"href":"https:\/\/www.spig-gmab.com\/de\/wp-json\/wp\/v2\/media?parent=6063"}],"curies":[{"name":"wp","href":"https:\/\/api.w.org\/{rel}","templated":true}]}}