{"id":6061,"date":"2024-10-03T08:41:54","date_gmt":"2024-10-03T08:41:54","guid":{"rendered":"https:\/\/spig-gmab.com\/teile\/"},"modified":"2025-05-05T12:05:17","modified_gmt":"2025-05-05T12:05:17","slug":"teile","status":"publish","type":"page","link":"https:\/\/www.spig-gmab.com\/de\/teile\/","title":{"rendered":"Ersatzteile"},"content":{"rendered":"\n<div class=\"wp-block-uagb-container uagb-block-zgbhmcgz alignfull uagb-is-root-container\"><div class=\"uagb-container-inner-blocks-wrap\">\n<div class=\"wp-block-uagb-info-box uagb-block-ew04gv8n uagb-infobox__content-wrap  uagb-infobox-icon-above-title uagb-infobox-image-valign-top\"><div class=\"uagb-ifb-content\"><div class=\"uagb-ifb-title-wrap\"><h1 class=\"uagb-ifb-title\">Ersatz- und Austauschteile<\/h1><\/div><p class=\"uagb-ifb-desc\">Verbesserung der Leistung, Effizienz und Zuverl\u00e4ssigkeit von K\u00fchlturmsystemen<\/p><\/div><\/div>\n<\/div><\/div>\n\n\n\n<div class=\"wp-block-uagb-container uagb-block-8b123ae3 alignfull uagb-is-root-container\"><div class=\"uagb-container-inner-blocks-wrap\">\n<div class=\"wp-block-group is-nowrap is-layout-flex wp-container-core-group-is-layout-1 wp-block-group-is-layout-flex\">\n<div class=\"wp-block-uagb-image uagb-block-6757cbc8 wp-block-uagb-image--layout-default wp-block-uagb-image--effect-static wp-block-uagb-image--align-none\"><figure class=\"wp-block-uagb-image__figure\"><img decoding=\"async\" srcset=\"https:\/\/www.spig-gmab.com\/wp-content\/uploads\/2024\/11\/SPIG-Wet-Cooling-Tower-Parts.jpg ,https:\/\/www.spig-gmab.com\/wp-content\/uploads\/2024\/11\/SPIG-Wet-Cooling-Tower-Parts.jpg 780w, https:\/\/www.spig-gmab.com\/wp-content\/uploads\/2024\/11\/SPIG-Wet-Cooling-Tower-Parts.jpg 360w\" sizes=\"auto, (max-width: 480px) 150px\" src=\"https:\/\/www.spig-gmab.com\/wp-content\/uploads\/2024\/11\/SPIG-Wet-Cooling-Tower-Parts.jpg\" alt=\"\" class=\"uag-image-6165\" width=\"600\" height=\"400\" title=\"SPIG-Wet-Cooling-Tower-Parts\" loading=\"lazy\" role=\"img\"\/><\/figure><\/div>\n<\/div>\n\n\n\n<div class=\"wp-block-uagb-container uagb-block-43532781\">\n<div class=\"wp-block-uagb-info-box uagb-block-39a9faf6 uagb-infobox__content-wrap  uagb-infobox-icon-above-title uagb-infobox-image-valign-top\"><div class=\"uagb-ifb-content\"><div class=\"uagb-ifb-title-wrap\"><h2 class=\"uagb-ifb-title\">SPIG Ersatzteile f\u00fcr Nassk\u00fchlt\u00fcrme<\/h2><\/div><p class=\"uagb-ifb-desc\">Wir bieten einen umfassenden After-Sales-Service, einschlie\u00dflich technischem Support, Wartung, Schulung, Nachr\u00fcstung\/Modernisierung und Ersatzteile.<br>Unsere Ersatz- und Austauschteile f\u00fcr K\u00fchlt\u00fcrme sind zuverl\u00e4ssig und bew\u00e4hrt und erm\u00f6glichen den Weiterbetrieb Ihrer Anlagen mit optimaler Effizienz, unabh\u00e4ngig vom Originalhersteller. Qualit\u00e4tskomponenten sind \u00fcber ein weltweites Netzwerk von Servicestandorten schnell lieferbar, um Ihnen einen weitestgehenden kontinuierlichen und sicheren Anlagenbetrieb zu erm\u00f6glichen. <\/p><\/div><\/div>\n<\/div>\n<\/div><\/div>\n\n\n\n<div class=\"wp-block-uagb-container uagb-layout-grid uagb-block-fe82b7f7 alignfull uagb-is-root-container\"><div class=\"uagb-container-inner-blocks-wrap\">\n<div data-aos= \"flip-left\" data-aos-duration=\"400\" data-aos-delay=\"0\" data-aos-easing=\"ease\" data-aos-once=\"true\" class=\"wp-block-uagb-container uagb-block-26b63c1e\">\n<div class=\"wp-block-uagb-image uagb-block-00d8819f wp-block-uagb-image--layout-default wp-block-uagb-image--effect-static wp-block-uagb-image--align-none\"><figure class=\"wp-block-uagb-image__figure\"><img decoding=\"async\" srcset=\"https:\/\/www.spig-gmab.com\/wp-content\/uploads\/2024\/10\/Film_Fills_24-9_web-1024x384.jpg ,https:\/\/www.spig-gmab.com\/wp-content\/uploads\/2024\/10\/Film_Fills_24-9_web-scaled.jpg 780w, https:\/\/www.spig-gmab.com\/wp-content\/uploads\/2024\/10\/Film_Fills_24-9_web-scaled.jpg 360w\" sizes=\"auto, (max-width: 480px) 150px\" src=\"https:\/\/www.spig-gmab.com\/wp-content\/uploads\/2024\/10\/Film_Fills_24-9_web-1024x384.jpg\" alt=\"\" class=\"uag-image-1957\" width=\"528\" height=\"156\" title=\"Film_Fills_24-9_web\" loading=\"lazy\" role=\"img\"\/><\/figure><\/div>\n\n\n\n<div class=\"wp-block-uagb-info-box uagb-block-c3326b63 uagb-infobox__content-wrap  uagb-infobox-icon-above-title uagb-infobox-image-valign-top\"><div class=\"uagb-ifb-content\"><div class=\"uagb-ifb-title-wrap\"><h3 class=\"uagb-ifb-title\">Filmf\u00fcllung<\/h3><\/div><p class=\"uagb-ifb-desc\">Die Filmf\u00fcllung in SPIG Nassk\u00fchlsystemen verwandelt die von den Verteilungsd\u00fcsen erzeugten Wassertr\u00f6pfchen in einen d\u00fcnnen Film f\u00fcr eine hocheffiziente K\u00fchlung, indem es eine gro\u00dfe Fl\u00e4che f\u00fcr eine effektive W\u00e4rme\u00fcbertragung und Verdunstung erzeugt.<\/p><\/div><\/div>\n<\/div>\n\n\n\n<div data-aos= \"flip-left\" data-aos-duration=\"400\" data-aos-delay=\"0\" data-aos-easing=\"ease\" data-aos-once=\"true\" class=\"wp-block-uagb-container uagb-block-cc23834f\">\n<div class=\"wp-block-uagb-image uagb-block-49c50d20 wp-block-uagb-image--layout-default wp-block-uagb-image--effect-static wp-block-uagb-image--align-none\"><figure class=\"wp-block-uagb-image__figure\"><img decoding=\"async\" srcset=\"https:\/\/www.spig-gmab.com\/wp-content\/uploads\/2024\/10\/StarX25_02_mod2-1024x384.jpg ,https:\/\/www.spig-gmab.com\/wp-content\/uploads\/2024\/10\/StarX25_02_mod2.jpg 780w, https:\/\/www.spig-gmab.com\/wp-content\/uploads\/2024\/10\/StarX25_02_mod2.jpg 360w\" sizes=\"auto, (max-width: 480px) 150px\" src=\"https:\/\/www.spig-gmab.com\/wp-content\/uploads\/2024\/10\/StarX25_02_mod2-1024x384.jpg\" alt=\"\" class=\"uag-image-2125\" width=\"528\" height=\"156\" title=\"StarX25_02_mod2\" loading=\"lazy\" role=\"img\"\/><\/figure><\/div>\n\n\n\n<div class=\"wp-block-uagb-info-box uagb-block-247ec641 uagb-infobox__content-wrap  uagb-infobox-icon-above-title uagb-infobox-image-valign-top\"><div class=\"uagb-ifb-content\"><div class=\"uagb-ifb-title-wrap\"><h3 class=\"uagb-ifb-title\">Spritzwasserf\u00fcllung<\/h3><\/div><p class=\"uagb-ifb-desc\">Unsere breite Produktpalette an Spritzwasserf\u00fcllungen wurde auf der Grundlage umfangreicher Erfahrungen in der Praxis entwickelt, insbesondere bei K\u00fchlwassersystemen, welche zu Verstopfungen neigen, wie beispielsweise Salzwasser und Thermalwasser.<\/p><\/div><\/div>\n<\/div>\n\n\n\n<div data-aos= \"flip-left\" data-aos-duration=\"400\" data-aos-delay=\"0\" data-aos-easing=\"ease\" data-aos-once=\"true\" class=\"wp-block-uagb-container uagb-block-da2f0fcb\">\n<div class=\"wp-block-uagb-image uagb-block-eea2f783 wp-block-uagb-image--layout-default wp-block-uagb-image--effect-static wp-block-uagb-image--align-none\"><figure class=\"wp-block-uagb-image__figure\"><img decoding=\"async\" srcset=\"https:\/\/www.spig-gmab.com\/wp-content\/uploads\/2024\/10\/Distribution_Nozzles_24-9_web-1024x384.jpg ,https:\/\/www.spig-gmab.com\/wp-content\/uploads\/2024\/10\/Distribution_Nozzles_24-9_web-scaled.jpg 780w, https:\/\/www.spig-gmab.com\/wp-content\/uploads\/2024\/10\/Distribution_Nozzles_24-9_web-scaled.jpg 360w\" sizes=\"auto, (max-width: 480px) 150px\" src=\"https:\/\/www.spig-gmab.com\/wp-content\/uploads\/2024\/10\/Distribution_Nozzles_24-9_web-1024x384.jpg\" alt=\"\" class=\"uag-image-1955\" width=\"528\" height=\"156\" title=\"Distribution_Nozzles_24-9_web\" loading=\"lazy\" role=\"img\"\/><\/figure><\/div>\n\n\n\n<div class=\"wp-block-uagb-info-box uagb-block-317df9e3 uagb-infobox__content-wrap  uagb-infobox-icon-above-title uagb-infobox-image-valign-top\"><div class=\"uagb-ifb-content\"><div class=\"uagb-ifb-title-wrap\"><h3 class=\"uagb-ifb-title\">Verteild\u00fcsen<\/h3><\/div><p class=\"uagb-ifb-desc\">Unsere Verteild\u00fcsen verteilen das Wasser effektiv und gleichm\u00e4\u00dfig \u00fcber die F\u00fcllung im K\u00fchlturm. SPIG-Verteild\u00fcsen wurden nach umfangreichen und erfolgreichen Leistungstests entwickelt und haben sich in vielen Installationen bew\u00e4hrt.   <\/p><\/div><\/div>\n<\/div>\n\n\n\n<div data-aos= \"flip-left\" data-aos-duration=\"400\" data-aos-delay=\"0\" data-aos-easing=\"ease\" data-aos-once=\"true\" class=\"wp-block-uagb-container uagb-block-8aaec6d9\">\n<div class=\"wp-block-uagb-image uagb-block-3e3b7a92 wp-block-uagb-image--layout-default wp-block-uagb-image--effect-static wp-block-uagb-image--align-none\"><figure class=\"wp-block-uagb-image__figure\"><img decoding=\"async\" srcset=\"https:\/\/www.spig-gmab.com\/wp-content\/uploads\/2024\/10\/Drift_Eliminators_24-9_web-1024x384.jpg ,https:\/\/www.spig-gmab.com\/wp-content\/uploads\/2024\/10\/Drift_Eliminators_24-9_web-1024x384.jpg 780w, https:\/\/www.spig-gmab.com\/wp-content\/uploads\/2024\/10\/Drift_Eliminators_24-9_web-scaled.jpg 360w\" sizes=\"auto, (max-width: 480px) 150px\" src=\"https:\/\/www.spig-gmab.com\/wp-content\/uploads\/2024\/10\/Drift_Eliminators_24-9_web-1024x384.jpg\" alt=\"\" class=\"uag-image-1956\" width=\"1024\" height=\"384\" title=\"Drift_Eliminators_24-9_web\" loading=\"lazy\" role=\"img\"\/><\/figure><\/div>\n\n\n\n<div class=\"wp-block-uagb-info-box uagb-block-05815c42 uagb-infobox__content-wrap  uagb-infobox-icon-above-title uagb-infobox-image-valign-top\"><div class=\"uagb-ifb-content\"><div class=\"uagb-ifb-title-wrap\"><h3 class=\"uagb-ifb-title\">Tropfenabscheider<\/h3><\/div><p class=\"uagb-ifb-desc\">SPIG Tropfenabscheider sind oberhalb der Verteilebene installiert und spielen eine wichtige Rolle. Sie fangen vom Luftstrom mitgerissene Wassertr\u00f6pfchen auf, die andernfalls in die Atmosph\u00e4re entweichen w\u00fcrden.<\/p><\/div><\/div>\n<\/div>\n\n\n\n<div data-aos= \"flip-left\" data-aos-duration=\"400\" data-aos-delay=\"0\" data-aos-easing=\"ease\" data-aos-once=\"true\" class=\"wp-block-uagb-container uagb-block-7d89a1bd\">\n<div class=\"wp-block-uagb-image uagb-block-55a4abd1 wp-block-uagb-image--layout-default wp-block-uagb-image--effect-static wp-block-uagb-image--align-none\"><figure class=\"wp-block-uagb-image__figure\"><img decoding=\"async\" srcset=\"https:\/\/www.spig-gmab.com\/wp-content\/uploads\/2024\/10\/fanstack-24-9b-1024x384.jpg ,https:\/\/www.spig-gmab.com\/wp-content\/uploads\/2024\/10\/fanstack-24-9b.jpg 780w, https:\/\/www.spig-gmab.com\/wp-content\/uploads\/2024\/10\/fanstack-24-9b.jpg 360w\" sizes=\"auto, (max-width: 480px) 150px\" src=\"https:\/\/www.spig-gmab.com\/wp-content\/uploads\/2024\/10\/fanstack-24-9b-1024x384.jpg\" alt=\"\" class=\"uag-image-2031\" width=\"1024\" height=\"384\" title=\"fanstack-24-9b\" loading=\"lazy\" role=\"img\"\/><\/figure><\/div>\n\n\n\n<div class=\"wp-block-uagb-info-box uagb-block-2cb765b6 uagb-infobox__content-wrap  uagb-infobox-icon-above-title uagb-infobox-image-valign-top\"><div class=\"uagb-ifb-content\"><div class=\"uagb-ifb-title-wrap\"><h3 class=\"uagb-ifb-title\"><strong>Ventilatorzylinder<\/strong><\/h3><\/div><p class=\"uagb-ifb-desc\">Dank bew\u00e4hrter Partnerschaften k\u00f6nnen wir L\u00fcfterdome in unterschiedlichen Durchmessern und H\u00f6hen liefern &#8211; gefertigt mit firmeneigenen Gussformen\/Design von SPIG.<\/p><\/div><\/div>\n<\/div>\n\n\n\n<div data-aos= \"flip-left\" data-aos-duration=\"400\" data-aos-delay=\"0\" data-aos-easing=\"ease\" data-aos-once=\"true\" class=\"wp-block-uagb-container uagb-block-ab78e847\">\n<div class=\"wp-block-uagb-image uagb-block-af0a7290 wp-block-uagb-image--layout-default wp-block-uagb-image--effect-static wp-block-uagb-image--align-none\"><figure class=\"wp-block-uagb-image__figure\"><img decoding=\"async\" srcset=\"https:\/\/www.spig-gmab.com\/wp-content\/uploads\/2024\/10\/accessori_mod2-1024x384.jpg ,https:\/\/www.spig-gmab.com\/wp-content\/uploads\/2024\/10\/accessori_mod2.jpg 780w, https:\/\/www.spig-gmab.com\/wp-content\/uploads\/2024\/10\/accessori_mod2.jpg 360w\" sizes=\"auto, (max-width: 480px) 150px\" src=\"https:\/\/www.spig-gmab.com\/wp-content\/uploads\/2024\/10\/accessori_mod2-1024x384.jpg\" alt=\"\" class=\"uag-image-2126\" width=\"1024\" height=\"384\" title=\"accessori_mod2\" loading=\"lazy\" role=\"img\"\/><\/figure><\/div>\n\n\n\n<div class=\"wp-block-uagb-info-box uagb-block-6c153c67 uagb-infobox__content-wrap  uagb-infobox-icon-above-title uagb-infobox-image-valign-top\"><div class=\"uagb-ifb-content\"><div class=\"uagb-ifb-title-wrap\"><h3 class=\"uagb-ifb-title\"><strong><strong>Sonstiges Zubeh\u00f6r<\/strong><\/strong><\/h3><\/div><p class=\"uagb-ifb-desc\">SPIG hat viele weitere exklusive Komponenten entwickelt &#8211; darunter Ger\u00e4uschd\u00e4mpfungsssysteme,Schutzvorrichtungen f\u00fcr F\u00fcllk\u00f6rper sowie  Lufteinlassjalousien. F\u00fcr eine einfache Montage und reduzierte Transportkosten bietet SPIG zudem durchdachte Bauteile aus GFK wie z.B., Distanzst\u00fccke, H\u00fclsen, Tragwerksst\u00fctzen  und Ausgleichsplatten f\u00fcr Beckenzonen. <\/p><\/div><\/div>\n<\/div>\n<\/div><\/div>\n","protected":false},"excerpt":{"rendered":"","protected":false},"author":1,"featured_media":0,"parent":0,"menu_order":0,"comment_status":"closed","ping_status":"closed","template":"","meta":{"_uag_custom_page_level_css":"","_monsterinsights_skip_tracking":false,"_monsterinsights_sitenote_active":false,"_monsterinsights_sitenote_note":"","_monsterinsights_sitenote_category":0,"site-sidebar-layout":"default","site-content-layout":"","ast-site-content-layout":"default","site-content-style":"default","site-sidebar-style":"default","ast-global-header-display":"","ast-banner-title-visibility":"","ast-main-header-display":"","ast-hfb-above-header-display":"","ast-hfb-below-header-display":"","ast-hfb-mobile-header-display":"","site-post-title":"disabled","ast-breadcrumbs-content":"","ast-featured-img":"","footer-sml-layout":"","ast-disable-related-posts":"","theme-transparent-header-meta":"","adv-header-id-meta":"","stick-header-meta":"","header-above-stick-meta":"","header-main-stick-meta":"","header-below-stick-meta":"","astra-migrate-meta-layouts":"default","ast-page-background-enabled":"default","ast-page-background-meta":{"desktop":{"background-color":"var(--ast-global-color-4)","background-image":"","background-repeat":"repeat","background-position":"center center","background-size":"auto","background-attachment":"scroll","background-type":"","background-media":"","overlay-type":"","overlay-color":"","overlay-opacity":"","overlay-gradient":""},"tablet":{"background-color":"","background-image":"","background-repeat":"repeat","background-position":"center center","background-size":"auto","background-attachment":"scroll","background-type":"","background-media":"","overlay-type":"","overlay-color":"","overlay-opacity":"","overlay-gradient":""},"mobile":{"background-color":"","background-image":"","background-repeat":"repeat","background-position":"center center","background-size":"auto","background-attachment":"scroll","background-type":"","background-media":"","overlay-type":"","overlay-color":"","overlay-opacity":"","overlay-gradient":""}},"ast-content-background-meta":{"desktop":{"background-color":"var(--ast-global-color-5)","background-image":"","background-repeat":"repeat","background-position":"center center","background-size":"auto","background-attachment":"scroll","background-type":"","background-media":"","overlay-type":"","overlay-color":"","overlay-opacity":"","overlay-gradient":""},"tablet":{"background-color":"var(--ast-global-color-5)","background-image":"","background-repeat":"repeat","background-position":"center center","background-size":"auto","background-attachment":"scroll","background-type":"","background-media":"","overlay-type":"","overlay-color":"","overlay-opacity":"","overlay-gradient":""},"mobile":{"background-color":"var(--ast-global-color-5)","background-image":"","background-repeat":"repeat","background-position":"center center","background-size":"auto","background-attachment":"scroll","background-type":"","background-media":"","overlay-type":"","overlay-color":"","overlay-opacity":"","overlay-gradient":""}},"footnotes":""},"class_list":["post-6061","page","type-page","status-publish","hentry"],"aioseo_notices":[],"uagb_featured_image_src":{"full":false,"thumbnail":false,"medium":false,"medium_large":false,"large":false,"1536x1536":false,"2048x2048":false},"uagb_author_info":{"display_name":"multimedia@studiokey.it","author_link":"https:\/\/www.spig-gmab.com\/de\/author\/multimediastudiokey-it\/"},"uagb_comment_info":0,"uagb_excerpt":null,"_links":{"self":[{"href":"https:\/\/www.spig-gmab.com\/de\/wp-json\/wp\/v2\/pages\/6061","targetHints":{"allow":["GET"]}}],"collection":[{"href":"https:\/\/www.spig-gmab.com\/de\/wp-json\/wp\/v2\/pages"}],"about":[{"href":"https:\/\/www.spig-gmab.com\/de\/wp-json\/wp\/v2\/types\/page"}],"author":[{"embeddable":true,"href":"https:\/\/www.spig-gmab.com\/de\/wp-json\/wp\/v2\/users\/1"}],"replies":[{"embeddable":true,"href":"https:\/\/www.spig-gmab.com\/de\/wp-json\/wp\/v2\/comments?post=6061"}],"version-history":[{"count":9,"href":"https:\/\/www.spig-gmab.com\/de\/wp-json\/wp\/v2\/pages\/6061\/revisions"}],"predecessor-version":[{"id":8558,"href":"https:\/\/www.spig-gmab.com\/de\/wp-json\/wp\/v2\/pages\/6061\/revisions\/8558"}],"wp:attachment":[{"href":"https:\/\/www.spig-gmab.com\/de\/wp-json\/wp\/v2\/media?parent=6061"}],"curies":[{"name":"wp","href":"https:\/\/api.w.org\/{rel}","templated":true}]}}