{"id":6059,"date":"2024-10-01T13:13:15","date_gmt":"2024-10-01T13:13:15","guid":{"rendered":"https:\/\/spig-gmab.com\/literatur\/"},"modified":"2026-02-06T14:58:38","modified_gmt":"2026-02-06T14:58:38","slug":"literatur","status":"publish","type":"page","link":"https:\/\/www.spig-gmab.com\/de\/literatur\/","title":{"rendered":"Literatur"},"content":{"rendered":"\n<div class=\"wp-block-uagb-container uagb-block-zgbhmcgz alignfull uagb-is-root-container\"><div class=\"uagb-container-inner-blocks-wrap\">\n<div class=\"wp-block-uagb-info-box uagb-block-ew04gv8n uagb-infobox__content-wrap  uagb-infobox-icon-above-title uagb-infobox-image-valign-top\"><div class=\"uagb-ifb-content\"><div class=\"uagb-ifb-title-wrap\"><h1 class=\"uagb-ifb-title\">Literatur<\/h1><\/div><p class=\"uagb-ifb-desc\">Dokumente &amp; Brosch\u00fcren<\/p><\/div><\/div>\n<\/div><\/div>\n\n\n\n<div class=\"wp-block-uagb-container uagb-block-b26e510e alignfull uagb-is-root-container\"><div class=\"uagb-container-inner-blocks-wrap\">\n<div class=\"wp-block-uagb-image alignleft uagb-block-85b9806f wp-block-uagb-image--layout-default wp-block-uagb-image--effect-static wp-block-uagb-image--align-left\"><figure class=\"wp-block-uagb-image__figure\"><img decoding=\"async\" srcset=\"https:\/\/www.spig-gmab.com\/wp-content\/uploads\/2024\/07\/spig-2.png ,https:\/\/www.spig-gmab.com\/wp-content\/uploads\/2024\/07\/spig-2.png 780w, https:\/\/www.spig-gmab.com\/wp-content\/uploads\/2024\/07\/spig-2.png 360w\" sizes=\"auto, (max-width: 480px) 150px\" src=\"https:\/\/www.spig-gmab.com\/wp-content\/uploads\/2024\/07\/spig-2.png\" alt=\"\" class=\"uag-image-1048\" width=\"201\" height=\"70\" title=\"spig\" loading=\"lazy\" role=\"img\"\/><\/figure><\/div>\n<\/div><\/div>\n\n\n\n<div class=\"wp-block-uagb-container uagb-layout-grid uagb-block-8ebf2022 alignfull uagb-is-root-container\"><div class=\"uagb-container-inner-blocks-wrap\">\n<div class=\"wp-block-uagb-container uagb-block-d205d08b\">\n<div class=\"wp-block-uagb-container uagb-block-2f6e0605\">\n<div class=\"wp-block-uagb-image alignleft uagb-block-3c37f1e1 wp-block-uagb-image--layout-default wp-block-uagb-image--effect-static wp-block-uagb-image--align-left\"><figure class=\"wp-block-uagb-image__figure\"><img decoding=\"async\" srcset=\"https:\/\/www.spig-gmab.com\/wp-content\/uploads\/2024\/11\/ct.jpg ,https:\/\/www.spig-gmab.com\/wp-content\/uploads\/2024\/11\/ct.jpg 780w, https:\/\/www.spig-gmab.com\/wp-content\/uploads\/2024\/11\/ct.jpg 360w\" sizes=\"auto, (max-width: 480px) 150px\" src=\"https:\/\/www.spig-gmab.com\/wp-content\/uploads\/2024\/11\/ct.jpg\" alt=\"\" class=\"uag-image-5288\" width=\"637\" height=\"829\" title=\"ct\" loading=\"lazy\" role=\"img\"\/><\/figure><\/div>\n<a class=\"spectra-container-link-overlay\" rel=\"noopener\" href=\"https:\/\/www.spig-gmab.com\/wp-content\/uploads\/2024\/11\/SPIG_001_Cooling_Towers.pdf\"> <\/a><\/div>\n\n\n\n<div class=\"wp-block-uagb-container uagb-block-82b448ea\">\n<div class=\"wp-block-uagb-advanced-heading uagb-block-439a9ff1\"><h6 class=\"uagb-heading-text\">K\u00fchlt\u00fcrme<\/h6><\/div>\n\n\n\n<div class=\"wp-block-uagb-buttons uagb-buttons__outer-wrap uagb-btn__default-btn uagb-btn-tablet__default-btn uagb-btn-mobile__default-btn uagb-block-8c0a01b0\"><div class=\"uagb-buttons__wrap uagb-buttons-layout-wrap \">\n<div class=\"wp-block-uagb-buttons-child uagb-buttons__outer-wrap uagb-block-189ca4bf wp-block-button\"><div class=\"uagb-button__wrapper\"><a class=\"uagb-buttons-repeater wp-block-button__link\" aria-label=\"\" href=\"https:\/\/www.spig-gmab.com\/wp-content\/uploads\/2024\/11\/SPIG_001_Cooling_Towers.pdf\" rel=\"follow noopener\" target=\"_blank\" role=\"button\"><div class=\"uagb-button__link\">Download<\/div><\/a><\/div><\/div>\n<\/div><\/div>\n<\/div>\n<a class=\"spectra-container-link-overlay\" rel=\"noopener\" target=\"_blank\" href=\"https:\/\/www.spig-gmab.com\/wp-content\/uploads\/2024\/11\/SPIG_001_Cooling_Towers.pdf\"> <\/a><\/div>\n\n\n\n<div class=\"wp-block-uagb-container uagb-block-64c275c4\">\n<div class=\"wp-block-uagb-container uagb-block-aee4ffae\">\n<div class=\"wp-block-uagb-image alignleft uagb-block-47941d64 wp-block-uagb-image--layout-default wp-block-uagb-image--effect-static wp-block-uagb-image--align-left\"><figure class=\"wp-block-uagb-image__figure\"><img decoding=\"async\" srcset=\"https:\/\/www.spig-gmab.com\/wp-content\/uploads\/2024\/11\/acc.jpg ,https:\/\/www.spig-gmab.com\/wp-content\/uploads\/2024\/11\/acc.jpg 780w, https:\/\/www.spig-gmab.com\/wp-content\/uploads\/2024\/11\/acc.jpg 360w\" sizes=\"auto, (max-width: 480px) 150px\" src=\"https:\/\/www.spig-gmab.com\/wp-content\/uploads\/2024\/11\/acc.jpg\" alt=\"\" class=\"uag-image-5312\" width=\"180\" height=\"254\" title=\"acc\" loading=\"lazy\" role=\"img\"\/><\/figure><\/div>\n<a class=\"spectra-container-link-overlay\" rel=\"noopener\" href=\"https:\/\/www.spig-gmab.com\/wp-content\/uploads\/2024\/11\/SPIG_002_Air-Cooled-Condensers.pdf\"> <\/a><\/div>\n\n\n\n<div class=\"wp-block-uagb-container uagb-block-282aa14d\">\n<div class=\"wp-block-uagb-advanced-heading uagb-block-82b96a92\"><h6 class=\"uagb-heading-text\">Luftkondensator <\/h6><\/div>\n\n\n\n<div class=\"wp-block-uagb-buttons uagb-buttons__outer-wrap uagb-btn__default-btn uagb-btn-tablet__default-btn uagb-btn-mobile__default-btn uagb-block-4352a9d3\"><div class=\"uagb-buttons__wrap uagb-buttons-layout-wrap \">\n<div class=\"wp-block-uagb-buttons-child uagb-buttons__outer-wrap uagb-block-3231c28d wp-block-button\"><div class=\"uagb-button__wrapper\"><a class=\"uagb-buttons-repeater wp-block-button__link\" aria-label=\"\" href=\"https:\/\/www.spig-gmab.com\/wp-content\/uploads\/2024\/11\/SPIG_002_Air-Cooled-Condensers.pdf\" rel=\"follow noopener\" target=\"_blank\" role=\"button\"><div class=\"uagb-button__link\">Download<\/div><\/a><\/div><\/div>\n<\/div><\/div>\n<\/div>\n<a class=\"spectra-container-link-overlay\" rel=\"noopener\" target=\"_blank\" href=\"https:\/\/www.spig-gmab.com\/wp-content\/uploads\/2024\/11\/SPIG_002_Air-Cooled-Condensers.pdf\"> <\/a><\/div>\n\n\n\n<div class=\"wp-block-uagb-container uagb-block-71296c13\">\n<div class=\"wp-block-uagb-container uagb-block-1db1bd93\">\n<div class=\"wp-block-uagb-image alignleft uagb-block-dbdfcd79 wp-block-uagb-image--layout-default wp-block-uagb-image--effect-static wp-block-uagb-image--align-left\"><figure class=\"wp-block-uagb-image__figure\"><img decoding=\"async\" srcset=\"https:\/\/www.spig-gmab.com\/wp-content\/uploads\/2024\/11\/afc.jpg ,https:\/\/www.spig-gmab.com\/wp-content\/uploads\/2024\/11\/afc.jpg 780w, https:\/\/www.spig-gmab.com\/wp-content\/uploads\/2024\/11\/afc.jpg 360w\" sizes=\"auto, (max-width: 480px) 150px\" src=\"https:\/\/www.spig-gmab.com\/wp-content\/uploads\/2024\/11\/afc.jpg\" alt=\"\" class=\"uag-image-5280\" width=\"637\" height=\"829\" title=\"afc\" loading=\"lazy\" role=\"img\"\/><\/figure><\/div>\n<a class=\"spectra-container-link-overlay\" rel=\"noopener\" href=\"https:\/\/www.spig-gmab.com\/wp-content\/uploads\/2024\/11\/SPIG_003_Air_Fin_Coolers.pdf\"> <\/a><\/div>\n\n\n\n<div class=\"wp-block-uagb-container uagb-block-6efd5585\">\n<div class=\"wp-block-uagb-advanced-heading uagb-block-8874228d\"><h6 class=\"uagb-heading-text\">Luftk\u00fchler <\/h6><\/div>\n\n\n\n<div class=\"wp-block-uagb-buttons uagb-buttons__outer-wrap uagb-btn__default-btn uagb-btn-tablet__default-btn uagb-btn-mobile__default-btn uagb-block-d0f17837\"><div class=\"uagb-buttons__wrap uagb-buttons-layout-wrap \">\n<div class=\"wp-block-uagb-buttons-child uagb-buttons__outer-wrap uagb-block-352d4bc0 wp-block-button\"><div class=\"uagb-button__wrapper\"><a class=\"uagb-buttons-repeater wp-block-button__link\" aria-label=\"\" href=\"https:\/\/www.spig-gmab.com\/wp-content\/uploads\/2024\/11\/SPIG_003_Air_Fin_Coolers.pdf\" rel=\"follow noopener\" target=\"_blank\" role=\"button\"><div class=\"uagb-button__link\">Download<\/div><\/a><\/div><\/div>\n<\/div><\/div>\n<\/div>\n<a class=\"spectra-container-link-overlay\" rel=\"noopener\" target=\"_blank\" href=\"https:\/\/www.spig-gmab.com\/wp-content\/uploads\/2024\/11\/SPIG_003_Air_Fin_Coolers.pdf\"> <\/a><\/div>\n\n\n\n<div class=\"wp-block-uagb-container uagb-block-cf66c2d9\">\n<div class=\"wp-block-uagb-container uagb-block-d93e865e\">\n<div class=\"wp-block-uagb-image alignleft uagb-block-0485f7ee wp-block-uagb-image--layout-default wp-block-uagb-image--effect-static wp-block-uagb-image--align-left\"><figure class=\"wp-block-uagb-image__figure\"><a class=\"\" href=\"https:\/\/www.spig-gmab.com\/wp-content\/uploads\/2025\/11\/SPIG_SSCT_Brochure_web_EN.pdf\" target=\"_blank\" rel=\"noreferrer noopener\"><img decoding=\"async\" srcset=\"https:\/\/www.spig-gmab.com\/wp-content\/uploads\/2025\/11\/SPIG_Shanxi.jpg ,https:\/\/www.spig-gmab.com\/wp-content\/uploads\/2025\/11\/SPIG_Shanxi.jpg 780w, https:\/\/www.spig-gmab.com\/wp-content\/uploads\/2025\/11\/SPIG_Shanxi.jpg 360w\" sizes=\"auto, (max-width: 480px) 150px\" src=\"https:\/\/www.spig-gmab.com\/wp-content\/uploads\/2025\/11\/SPIG_Shanxi.jpg\" alt=\"\" class=\"uag-image-9373\" width=\"637\" height=\"829\" title=\"SPIG_Shanxi\" loading=\"lazy\" role=\"img\"\/><\/a><\/figure><\/div>\n<\/div>\n\n\n\n<div class=\"wp-block-uagb-container uagb-block-c6362f46\">\n<div class=\"wp-block-uagb-advanced-heading uagb-block-d03c6141\"><h6 class=\"uagb-heading-text\">SPIG Shanxi<\/h6><\/div>\n\n\n\n<div class=\"wp-block-uagb-buttons uagb-buttons__outer-wrap uagb-btn__default-btn uagb-btn-tablet__default-btn uagb-btn-mobile__default-btn uagb-block-4f14bfbb\"><div class=\"uagb-buttons__wrap uagb-buttons-layout-wrap \">\n<div class=\"wp-block-uagb-buttons-child uagb-buttons__outer-wrap uagb-block-c11f9cc5 wp-block-button\"><div class=\"uagb-button__wrapper\"><a class=\"uagb-buttons-repeater wp-block-button__link\" aria-label=\"\" href=\"https:\/\/www.spig-gmab.com\/wp-content\/uploads\/2025\/11\/SPIG_SSCT_Brochure_web_EN.pdf\" rel=\"follow noopener\" target=\"_blank\" role=\"button\"><div class=\"uagb-button__link\">Download<\/div><\/a><\/div><\/div>\n<\/div><\/div>\n<\/div>\n<a class=\"spectra-container-link-overlay\" rel=\"noopener\" target=\"_blank\" href=\"https:\/\/www.spig-gmab.com\/wp-content\/uploads\/2025\/11\/SPIG_SSCT_Brochure_web_EN.pdf\"> <\/a><\/div>\n\n\n\n<div class=\"wp-block-uagb-container uagb-block-ee5013b9\">\n<div class=\"wp-block-uagb-container uagb-block-22ac9e19\">\n<div class=\"wp-block-uagb-image alignleft uagb-block-4d110a38 wp-block-uagb-image--layout-default wp-block-uagb-image--effect-static wp-block-uagb-image--align-left\"><figure class=\"wp-block-uagb-image__figure\"><a class=\"\" href=\"https:\/\/www.spig-gmab.com\/wp-content\/uploads\/2025\/02\/SPIG_004_Systems_Services-2.pdf\" target=\"_blank\" rel=\"https:\/\/www.spig-gmab.com\/wp-content\/uploads\/2025\/02\/SPIG_004_Systems_Services.pdf noreferrer noopener\"><img decoding=\"async\" srcset=\"https:\/\/www.spig-gmab.com\/wp-content\/uploads\/2025\/02\/SPIG_004_Services.jpg ,https:\/\/www.spig-gmab.com\/wp-content\/uploads\/2025\/02\/SPIG_004_Services.jpg 780w, https:\/\/www.spig-gmab.com\/wp-content\/uploads\/2025\/02\/SPIG_004_Services.jpg 360w\" sizes=\"auto, (max-width: 480px) 150px\" src=\"https:\/\/www.spig-gmab.com\/wp-content\/uploads\/2025\/02\/SPIG_004_Services.jpg\" alt=\"\" class=\"uag-image-6755\" width=\"637\" height=\"829\" title=\"SPIG_004_Services\" loading=\"lazy\" role=\"img\"\/><\/a><\/figure><\/div>\n<\/div>\n\n\n\n<div class=\"wp-block-uagb-container uagb-block-b0fd0393\">\n<div class=\"wp-block-uagb-advanced-heading uagb-block-961107a9\"><h6 class=\"uagb-heading-text\">Wet and Dry Cooling Systems Services<\/h6><\/div>\n\n\n\n<div class=\"wp-block-uagb-buttons uagb-buttons__outer-wrap uagb-btn__default-btn uagb-btn-tablet__default-btn uagb-btn-mobile__default-btn uagb-block-cd62d56d\"><div class=\"uagb-buttons__wrap uagb-buttons-layout-wrap \">\n<div class=\"wp-block-uagb-buttons-child uagb-buttons__outer-wrap uagb-block-8f4ede9d wp-block-button\"><div class=\"uagb-button__wrapper\"><a class=\"uagb-buttons-repeater wp-block-button__link\" aria-label=\"\" href=\"https:\/\/www.spig-gmab.com\/wp-content\/uploads\/2025\/02\/SPIG_004_Systems_Services-2.pdf\" rel=\"follow noopener\" target=\"_blank\" role=\"button\"><div class=\"uagb-button__link\">Download<\/div><\/a><\/div><\/div>\n<\/div><\/div>\n<\/div>\n<a class=\"spectra-container-link-overlay\" rel=\"noopener\" target=\"_blank\" href=\"https:\/\/www.spig-gmab.com\/wp-content\/uploads\/2025\/02\/SPIG_004_Systems_Services-2.pdf\"> <\/a><\/div>\n\n\n\n<div class=\"wp-block-uagb-container uagb-block-61d2d6c8\">\n<div class=\"wp-block-uagb-container uagb-block-71bcc509\">\n<div class=\"wp-block-uagb-image alignleft uagb-block-79411d3b wp-block-uagb-image--layout-default wp-block-uagb-image--effect-static wp-block-uagb-image--align-left\"><figure class=\"wp-block-uagb-image__figure\"><a class=\"\" href=\"https:\/\/www.spig-gmab.com\/wp-content\/uploads\/2025\/02\/SPIG_005_Products_and_Replacement_Parts-2.pdf\" target=\"_blank\" rel=\"noreferrer noopener\"><img decoding=\"async\" srcset=\"https:\/\/www.spig-gmab.com\/wp-content\/uploads\/2025\/02\/SPIG_005_Parts.jpg ,https:\/\/www.spig-gmab.com\/wp-content\/uploads\/2025\/02\/SPIG_005_Parts.jpg 780w, https:\/\/www.spig-gmab.com\/wp-content\/uploads\/2025\/02\/SPIG_005_Parts.jpg 360w\" sizes=\"auto, (max-width: 480px) 150px\" src=\"https:\/\/www.spig-gmab.com\/wp-content\/uploads\/2025\/02\/SPIG_005_Parts.jpg\" alt=\"\" class=\"uag-image-6775\" width=\"637\" height=\"829\" title=\"SPIG_005_Parts\" loading=\"lazy\" role=\"img\"\/><\/a><\/figure><\/div>\n<\/div>\n\n\n\n<div class=\"wp-block-uagb-container uagb-block-e66e6cf6\">\n<div class=\"wp-block-uagb-advanced-heading uagb-block-05c8461b\"><h6 class=\"uagb-heading-text\">Products and Replacement Parts<\/h6><\/div>\n\n\n\n<div class=\"wp-block-uagb-buttons uagb-buttons__outer-wrap uagb-btn__default-btn uagb-btn-tablet__default-btn uagb-btn-mobile__default-btn uagb-block-753758a9\"><div class=\"uagb-buttons__wrap uagb-buttons-layout-wrap \">\n<div class=\"wp-block-uagb-buttons-child uagb-buttons__outer-wrap uagb-block-44c957ec wp-block-button\"><div class=\"uagb-button__wrapper\"><a class=\"uagb-buttons-repeater wp-block-button__link\" aria-label=\"\" href=\"https:\/\/www.spig-gmab.com\/wp-content\/uploads\/2025\/02\/SPIG_005_Products_and_Replacement_Parts-2.pdf\" rel=\"follow noopener\" target=\"_blank\" role=\"button\"><div class=\"uagb-button__link\">Download<\/div><\/a><\/div><\/div>\n<\/div><\/div>\n<\/div>\n<a class=\"spectra-container-link-overlay\" rel=\"noopener\" target=\"_blank\" href=\"https:\/\/www.spig-gmab.com\/wp-content\/uploads\/2025\/02\/SPIG_005_Products_and_Replacement_Parts-2.pdf\"> <\/a><\/div>\n<\/div><\/div>\n\n\n\n<div class=\"wp-block-uagb-container uagb-block-abb25109 alignfull uagb-is-root-container\"><div class=\"uagb-container-inner-blocks-wrap\">\n<div class=\"wp-block-uagb-image alignleft uagb-block-0520ac8e wp-block-uagb-image--layout-default wp-block-uagb-image--effect-static wp-block-uagb-image--align-left\"><figure class=\"wp-block-uagb-image__figure\"><img decoding=\"async\" srcset=\"https:\/\/www.spig-gmab.com\/wp-content\/uploads\/2024\/07\/gmab-2.png ,https:\/\/www.spig-gmab.com\/wp-content\/uploads\/2024\/07\/gmab-2.png 780w, https:\/\/www.spig-gmab.com\/wp-content\/uploads\/2024\/07\/gmab-2.png 360w\" sizes=\"auto, (max-width: 480px) 150px\" src=\"https:\/\/www.spig-gmab.com\/wp-content\/uploads\/2024\/07\/gmab-2.png\" alt=\"\" class=\"uag-image-1044\" width=\"203\" height=\"72\" title=\"gmab\" loading=\"lazy\" role=\"img\"\/><\/figure><\/div>\n<\/div><\/div>\n\n\n\n<div class=\"wp-block-uagb-container uagb-layout-grid uagb-block-9cfea4b5 alignfull uagb-is-root-container\"><div class=\"uagb-container-inner-blocks-wrap\">\n<div class=\"wp-block-uagb-container uagb-block-fd80fe3c\">\n<div class=\"wp-block-uagb-container uagb-block-06e551e4\">\n<div class=\"wp-block-uagb-image alignleft uagb-block-293cb1f4 wp-block-uagb-image--layout-default wp-block-uagb-image--effect-static wp-block-uagb-image--align-left\"><figure class=\"wp-block-uagb-image__figure\"><img decoding=\"async\" srcset=\"https:\/\/www.spig-gmab.com\/wp-content\/uploads\/2024\/11\/fluegas.jpg ,https:\/\/www.spig-gmab.com\/wp-content\/uploads\/2024\/11\/fluegas.jpg 780w, https:\/\/www.spig-gmab.com\/wp-content\/uploads\/2024\/11\/fluegas.jpg 360w\" sizes=\"auto, (max-width: 480px) 150px\" src=\"https:\/\/www.spig-gmab.com\/wp-content\/uploads\/2024\/11\/fluegas.jpg\" alt=\"\" class=\"uag-image-5296\" width=\"637\" height=\"829\" title=\"fluegas\" loading=\"lazy\" role=\"img\"\/><\/figure><\/div>\n<a class=\"spectra-container-link-overlay\" rel=\"noopener\" href=\"https:\/\/www.spig-gmab.com\/wp-content\/uploads\/2024\/11\/GMAB_001_Product_Summary.pdf\"> <\/a><\/div>\n\n\n\n<div class=\"wp-block-uagb-container uagb-block-dcf3549f\">\n<div class=\"wp-block-uagb-advanced-heading uagb-block-94d19145\"><h6 class=\"uagb-heading-text\">Rauchgasreinigung<\/h6><\/div>\n\n\n\n<div class=\"wp-block-uagb-buttons uagb-buttons__outer-wrap uagb-btn__default-btn uagb-btn-tablet__default-btn uagb-btn-mobile__default-btn uagb-block-a5ed29ad\"><div class=\"uagb-buttons__wrap uagb-buttons-layout-wrap \">\n<div class=\"wp-block-uagb-buttons-child uagb-buttons__outer-wrap uagb-block-bad75758 wp-block-button\"><div class=\"uagb-button__wrapper\"><a class=\"uagb-buttons-repeater wp-block-button__link\" aria-label=\"\" href=\"https:\/\/www.spig-gmab.com\/wp-content\/uploads\/2024\/11\/GMAB_001_Product_Summary.pdf\" rel=\"follow noopener\" target=\"_blank\" role=\"button\"><div class=\"uagb-button__link\">Download<\/div><\/a><\/div><\/div>\n<\/div><\/div>\n<\/div>\n<\/div>\n\n\n\n<div class=\"wp-block-uagb-container uagb-block-41f279a0\">\n<div class=\"wp-block-uagb-container uagb-block-3bf2ece3\">\n<div class=\"wp-block-uagb-image alignleft uagb-block-17d4f534 wp-block-uagb-image--layout-default wp-block-uagb-image--effect-static wp-block-uagb-image--align-left\"><figure class=\"wp-block-uagb-image__figure\"><img decoding=\"async\" srcset=\"https:\/\/www.spig-gmab.com\/wp-content\/uploads\/2024\/11\/adiox.jpg ,https:\/\/www.spig-gmab.com\/wp-content\/uploads\/2024\/11\/adiox.jpg 780w, https:\/\/www.spig-gmab.com\/wp-content\/uploads\/2024\/11\/adiox.jpg 360w\" sizes=\"auto, (max-width: 480px) 150px\" src=\"https:\/\/www.spig-gmab.com\/wp-content\/uploads\/2024\/11\/adiox.jpg\" alt=\"\" class=\"uag-image-5272\" width=\"637\" height=\"829\" title=\"adiox\" loading=\"lazy\" role=\"img\"\/><\/figure><\/div>\n<a class=\"spectra-container-link-overlay\" rel=\"noopener\" href=\"https:\/\/www.spig-gmab.com\/wp-content\/uploads\/2024\/11\/GMAB_002_ADIOX_Dioxin_Removal.pdf\"> <\/a><\/div>\n\n\n\n<div class=\"wp-block-uagb-container uagb-block-83572641\">\n<div class=\"wp-block-uagb-advanced-heading uagb-block-09077b25\"><h6 class=\"uagb-heading-text\">ADIOX Technologie zur Dioxinabscheidung<\/h6><\/div>\n\n\n\n<div class=\"wp-block-uagb-buttons uagb-buttons__outer-wrap uagb-btn__default-btn uagb-btn-tablet__default-btn uagb-btn-mobile__default-btn uagb-block-25d66645\"><div class=\"uagb-buttons__wrap uagb-buttons-layout-wrap \">\n<div class=\"wp-block-uagb-buttons-child uagb-buttons__outer-wrap uagb-block-502380bb wp-block-button\"><div class=\"uagb-button__wrapper\"><a class=\"uagb-buttons-repeater wp-block-button__link\" aria-label=\"\" href=\"https:\/\/www.spig-gmab.com\/wp-content\/uploads\/2024\/11\/GMAB_002_ADIOX_Dioxin_Removal.pdf\" rel=\"follow noopener\" target=\"_blank\" role=\"button\"><div class=\"uagb-button__link\">Download<\/div><\/a><\/div><\/div>\n<\/div><\/div>\n<\/div>\n<\/div>\n\n\n\n<div class=\"wp-block-uagb-container uagb-block-82954d57\">\n<div class=\"wp-block-uagb-container uagb-block-45fcb637\">\n<div class=\"wp-block-uagb-image alignleft uagb-block-26003d5a wp-block-uagb-image--layout-default wp-block-uagb-image--effect-static wp-block-uagb-image--align-left\"><figure class=\"wp-block-uagb-image__figure\"><img decoding=\"async\" srcset=\"https:\/\/www.spig-gmab.com\/wp-content\/uploads\/2024\/11\/mercox.jpg ,https:\/\/www.spig-gmab.com\/wp-content\/uploads\/2024\/11\/mercox.jpg 780w, https:\/\/www.spig-gmab.com\/wp-content\/uploads\/2024\/11\/mercox.jpg 360w\" sizes=\"auto, (max-width: 480px) 150px\" src=\"https:\/\/www.spig-gmab.com\/wp-content\/uploads\/2024\/11\/mercox.jpg\" alt=\"\" class=\"uag-image-5304\" width=\"637\" height=\"829\" title=\"mercox\" loading=\"lazy\" role=\"img\"\/><\/figure><\/div>\n<a class=\"spectra-container-link-overlay\" rel=\"noopener\" href=\"https:\/\/www.spig-gmab.com\/wp-content\/uploads\/2024\/11\/GMAB_003_MERCOX_Mercury_Removal.pdf\"> <\/a><\/div>\n\n\n\n<div class=\"wp-block-uagb-container uagb-block-2a975dba\">\n<div class=\"wp-block-uagb-advanced-heading uagb-block-0e23fdee\"><h6 class=\"uagb-heading-text\">MercOx Quecksilberabscheidung<\/h6><\/div>\n\n\n\n<div class=\"wp-block-uagb-buttons uagb-buttons__outer-wrap uagb-btn__default-btn uagb-btn-tablet__default-btn uagb-btn-mobile__default-btn uagb-block-1167d74e\"><div class=\"uagb-buttons__wrap uagb-buttons-layout-wrap \">\n<div class=\"wp-block-uagb-buttons-child uagb-buttons__outer-wrap uagb-block-a836a24b wp-block-button\"><div class=\"uagb-button__wrapper\"><a class=\"uagb-buttons-repeater wp-block-button__link\" aria-label=\"\" href=\"https:\/\/www.spig-gmab.com\/wp-content\/uploads\/2024\/11\/GMAB_003_MERCOX_Mercury_Removal.pdf\" rel=\"follow noopener\" target=\"_blank\" role=\"button\"><div class=\"uagb-button__link\">Download<\/div><\/a><\/div><\/div>\n<\/div><\/div>\n<\/div>\n<\/div>\n<\/div><\/div>\n","protected":false},"excerpt":{"rendered":"<p>K\u00fchlt\u00fcrme Luftkondensator Luftk\u00fchler SPIG Shanxi Wet and Dry Cooling Systems Services Products and Replacement Parts Rauchgasreinigung ADIOX Technologie zur Dioxinabscheidung [&hellip;]<\/p>\n","protected":false},"author":1,"featured_media":0,"parent":0,"menu_order":0,"comment_status":"closed","ping_status":"closed","template":"","meta":{"_uag_custom_page_level_css":"","_monsterinsights_skip_tracking":false,"_monsterinsights_sitenote_active":false,"_monsterinsights_sitenote_note":"","_monsterinsights_sitenote_category":0,"site-sidebar-layout":"default","site-content-layout":"","ast-site-content-layout":"","site-content-style":"default","site-sidebar-style":"default","ast-global-header-display":"","ast-banner-title-visibility":"","ast-main-header-display":"","ast-hfb-above-header-display":"","ast-hfb-below-header-display":"","ast-hfb-mobile-header-display":"","site-post-title":"disabled","ast-breadcrumbs-content":"","ast-featured-img":"","footer-sml-layout":"","theme-transparent-header-meta":"","adv-header-id-meta":"","stick-header-meta":"","header-above-stick-meta":"","header-main-stick-meta":"","header-below-stick-meta":"","astra-migrate-meta-layouts":"default","ast-page-background-enabled":"default","ast-page-background-meta":{"desktop":{"background-color":"var(--ast-global-color-4)","background-image":"","background-repeat":"repeat","background-position":"center center","background-size":"auto","background-attachment":"scroll","background-type":"","background-media":"","overlay-type":"","overlay-color":"","overlay-opacity":"","overlay-gradient":""},"tablet":{"background-color":"","background-image":"","background-repeat":"repeat","background-position":"center center","background-size":"auto","background-attachment":"scroll","background-type":"","background-media":"","overlay-type":"","overlay-color":"","overlay-opacity":"","overlay-gradient":""},"mobile":{"background-color":"","background-image":"","background-repeat":"repeat","background-position":"center center","background-size":"auto","background-attachment":"scroll","background-type":"","background-media":"","overlay-type":"","overlay-color":"","overlay-opacity":"","overlay-gradient":""}},"ast-content-background-meta":{"desktop":{"background-color":"var(--ast-global-color-5)","background-image":"","background-repeat":"repeat","background-position":"center center","background-size":"auto","background-attachment":"scroll","background-type":"","background-media":"","overlay-type":"","overlay-color":"","overlay-opacity":"","overlay-gradient":""},"tablet":{"background-color":"var(--ast-global-color-5)","background-image":"","background-repeat":"repeat","background-position":"center center","background-size":"auto","background-attachment":"scroll","background-type":"","background-media":"","overlay-type":"","overlay-color":"","overlay-opacity":"","overlay-gradient":""},"mobile":{"background-color":"var(--ast-global-color-5)","background-image":"","background-repeat":"repeat","background-position":"center center","background-size":"auto","background-attachment":"scroll","background-type":"","background-media":"","overlay-type":"","overlay-color":"","overlay-opacity":"","overlay-gradient":""}},"footnotes":""},"class_list":["post-6059","page","type-page","status-publish","hentry"],"aioseo_notices":[],"uagb_featured_image_src":{"full":false,"thumbnail":false,"medium":false,"medium_large":false,"large":false,"1536x1536":false,"2048x2048":false},"uagb_author_info":{"display_name":"multimedia@studiokey.it","author_link":"https:\/\/www.spig-gmab.com\/de\/author\/multimediastudiokey-it\/"},"uagb_comment_info":0,"uagb_excerpt":"K\u00fchlt\u00fcrme Luftkondensator Luftk\u00fchler SPIG Shanxi Wet and Dry Cooling Systems Services Products and Replacement Parts Rauchgasreinigung ADIOX Technologie zur Dioxinabscheidung [&hellip;]","_links":{"self":[{"href":"https:\/\/www.spig-gmab.com\/de\/wp-json\/wp\/v2\/pages\/6059","targetHints":{"allow":["GET"]}}],"collection":[{"href":"https:\/\/www.spig-gmab.com\/de\/wp-json\/wp\/v2\/pages"}],"about":[{"href":"https:\/\/www.spig-gmab.com\/de\/wp-json\/wp\/v2\/types\/page"}],"author":[{"embeddable":true,"href":"https:\/\/www.spig-gmab.com\/de\/wp-json\/wp\/v2\/users\/1"}],"replies":[{"embeddable":true,"href":"https:\/\/www.spig-gmab.com\/de\/wp-json\/wp\/v2\/comments?post=6059"}],"version-history":[{"count":8,"href":"https:\/\/www.spig-gmab.com\/de\/wp-json\/wp\/v2\/pages\/6059\/revisions"}],"predecessor-version":[{"id":9791,"href":"https:\/\/www.spig-gmab.com\/de\/wp-json\/wp\/v2\/pages\/6059\/revisions\/9791"}],"wp:attachment":[{"href":"https:\/\/www.spig-gmab.com\/de\/wp-json\/wp\/v2\/media?parent=6059"}],"curies":[{"name":"wp","href":"https:\/\/api.w.org\/{rel}","templated":true}]}}