{"id":6057,"date":"2024-09-26T13:35:59","date_gmt":"2024-09-26T13:35:59","guid":{"rendered":"https:\/\/spig-gmab.com\/innovative-technologien\/"},"modified":"2025-09-30T14:01:49","modified_gmt":"2025-09-30T14:01:49","slug":"innovative-technologien","status":"publish","type":"page","link":"https:\/\/www.spig-gmab.com\/de\/innovative-technologien\/","title":{"rendered":"Innovative Technologien"},"content":{"rendered":"\n<div class=\"wp-block-uagb-container uagb-block-zgbhmcgz alignfull uagb-is-root-container\"><div class=\"uagb-container-inner-blocks-wrap\">\n<div class=\"wp-block-uagb-info-box uagb-block-ew04gv8n uagb-infobox__content-wrap  uagb-infobox-icon-above-title uagb-infobox-image-valign-top\"><div class=\"uagb-ifb-content\"><div class=\"uagb-ifb-title-wrap\"><h1 class=\"uagb-ifb-title\"><strong><strong>Innovative Technologien<\/strong><\/strong><\/h1><\/div><p class=\"uagb-ifb-desc\">Spitzenreiter in Innovation und Produktentwicklung.<\/p><\/div><\/div>\n<\/div><\/div>\n\n\n\n<div class=\"wp-block-uagb-container uagb-block-4neen65n alignfull uagb-is-root-container\"><div class=\"uagb-container-inner-blocks-wrap\">\n<div class=\"wp-block-uagb-container uagb-block-076714a4\">\n<div class=\"wp-block-uagb-image alignright uagb-block-krkibjso wp-block-uagb-image--layout-default wp-block-uagb-image--effect-static wp-block-uagb-image--align-right alignleft\"><figure class=\"wp-block-uagb-image__figure\"><img decoding=\"async\" srcset=\"https:\/\/www.spig-gmab.com\/wp-content\/uploads\/2024\/09\/Sakab2.jpg ,https:\/\/www.spig-gmab.com\/wp-content\/uploads\/2024\/09\/Sakab2.jpg 780w, https:\/\/www.spig-gmab.com\/wp-content\/uploads\/2024\/09\/Sakab2.jpg 360w\" sizes=\"auto, (max-width: 480px) 150px\" src=\"https:\/\/www.spig-gmab.com\/wp-content\/uploads\/2024\/09\/Sakab2.jpg\" alt=\"\" class=\"uag-image-1533\" width=\"400\" height=\"423\" title=\"Sakab2\" loading=\"lazy\" role=\"img\"\/><\/figure><\/div>\n<\/div>\n\n\n\n<div class=\"wp-block-uagb-container uagb-block-slvpzmfu\">\n<div class=\"wp-block-uagb-info-box uagb-block-sfoqfciu uagb-infobox__content-wrap  uagb-infobox-icon-above-title uagb-infobox-image-valign-top\"><div class=\"uagb-ifb-content\"><div class=\"uagb-ifb-title-wrap\"><h2 class=\"uagb-ifb-title\"><strong><strong><strong><strong>Innovative Technologien<\/strong><\/strong><\/strong><\/strong><\/h2><\/div><p class=\"uagb-ifb-desc\">Seit der Gr\u00fcndung steht GMAB\u2122 an der Spitze von Innovation und Produktentwicklung. In den sp\u00e4ten 1980er Jahren war GMAB der Pionier bei der Einf\u00fchrung der Rauchgaskondensation in M\u00fcllverbrennungsanlagen. Dieser bahnbrechende Schritt bildete die Grundlage f\u00fcr zahlreiche Fortschritte auf diesem Gebiet. Eine der bemerkenswertesten Innovationen ist ADIOX, eine Technologie f\u00fcr Dioxinabscheidung, die in Zusammenarbeit mit dem Karlsruher Institut f\u00fcr Technologie entwickelt wurde. Diese Technologie wurde erfolgreich in \u00fcber 140 Kesselz\u00fcgen installiert und hat ihre Effektivit\u00e4t und Zuverl\u00e4ssigkeit unter Beweis gestellt.    <br><br>Eine weitere wichtige Entwicklung von GMAB ist MercOx\u2122, eine Nassw\u00e4schertechnologie zur Abscheidung von Quecksilber, einschlie\u00dflich elementarem Quecksilber (Hg\u00b0), unter Verwendung von Wasserstoffperoxid. Diese Technologie gew\u00e4hrleistet eine effiziente Quecksilberabscheidung und tr\u00e4gt so zu geringeren Emissionen bei. <br><\/p><\/div><\/div>\n<\/div>\n<\/div><\/div>\n\n\n\n<div class=\"wp-block-uagb-container uagb-block-75d6c714 alignfull uagb-is-root-container\"><div class=\"uagb-container-inner-blocks-wrap\">\n<div class=\"wp-block-uagb-container uagb-block-a0390875\">\n<div class=\"wp-block-uagb-info-box uagb-block-a83c7b3d uagb-infobox__content-wrap  uagb-infobox-icon-above-title uagb-infobox-image-valign-top\"><div class=\"uagb-ifb-content\"><div class=\"uagb-ifb-title-wrap\"><\/div><p class=\"uagb-ifb-desc\">GMAB hat au\u00dferdem die Schwefelrezirkulation eingf\u00fchrt, eine Technologie zur Reduzierung von Hochtemperaturkorrosion und Dioxinbildung in M\u00fcllverbrennungsanlagen. Diese Innovation erh\u00f6ht die Langlebigkeit des \u00dcberhitzers und hat das Potenzial die Dampfdaten, und somit die Effizienz der Anlage, zu verbessern. <br><br>Zur NOx-Reduzierung in Rostfeuerungsanlagen hat GMAB CUTNOX\u00ae entwickelt, eine Prim\u00e4rma\u00dfnahme, bei der ein Luft-Wasser-Gemisch in die Feuerung eingespr\u00fcht wird. Diese Methode reduziert effektiv die NOx-Emissionen und macht den Prozess umweltfreundlicher. <br><br>Das ReZinc\u00ae-Verfahren wurde von GMAB in Zusammenarbeit mit Renova entwickelt. Es verwendet Abwasser aus dem Rauchgasw\u00e4scher, um Flugasche auszulaugen. Das Sickerwasser aus der S\u00e4ureauslaugung wird ausgef\u00e4llt und entw\u00e4ssert, wobei ein zinkreiches Produkt entsteht, welches zur Herstellung von recyceltem Zink verwendet werden kann. Der Gro\u00dfteil der ausgelaugten Flugasche wird dann wieder in den Verbrennungsprozess zur\u00fcckgef\u00fchrt, wodurch die Dioxine zerst\u00f6rt und die Flugasche entgiftet wird.   <\/p><\/div><\/div>\n<\/div>\n\n\n\n<div class=\"wp-block-uagb-image alignleft uagb-block-296994f0 wp-block-uagb-image--layout-default wp-block-uagb-image--effect-static wp-block-uagb-image--align-left\"><figure class=\"wp-block-uagb-image__figure\"><img decoding=\"async\" srcset=\"https:\/\/www.spig-gmab.com\/wp-content\/uploads\/2024\/09\/Sulfur-Recirculation-1024x601.jpg ,https:\/\/www.spig-gmab.com\/wp-content\/uploads\/2024\/09\/Sulfur-Recirculation-scaled.jpg 780w, https:\/\/www.spig-gmab.com\/wp-content\/uploads\/2024\/09\/Sulfur-Recirculation-scaled.jpg 360w\" sizes=\"auto, (max-width: 480px) 150px\" src=\"https:\/\/www.spig-gmab.com\/wp-content\/uploads\/2024\/09\/Sulfur-Recirculation-1024x601.jpg\" alt=\"\" class=\"uag-image-1748\" width=\"724\" height=\"423\" title=\"Sulfur Recirculation\" loading=\"lazy\" role=\"img\"\/><\/figure><\/div>\n<\/div><\/div>\n\n\n\n<div class=\"wp-block-uagb-container uagb-block-67imbnbc alignfull uagb-is-root-container\"><div class=\"uagb-container-inner-blocks-wrap\">\n<div class=\"wp-block-uagb-info-box uagb-block-akrifalx uagb-infobox__content-wrap  uagb-infobox-icon-above-title uagb-infobox-image-valign-top wp-block-uagb-info-box--has-margin\"><div class=\"uagb-infobox-margin-wrapper\"><div class=\"uagb-ifb-content\"><div class=\"uagb-ifb-title-wrap\"><h2 class=\"uagb-ifb-title\">Erreichen Sie Ihre Ziele<\/h2><\/div><p class=\"uagb-ifb-desc\">Kontaktieren Sie jetzt SPIG und GMAB und verwirklichen Sie Ihre Ziele gemeinsam mit uns. <\/p><\/div><\/div><\/div>\n\n\n\n<div class=\"wp-block-uagb-buttons uagb-buttons__outer-wrap uagb-btn__default-btn uagb-btn-tablet__default-btn uagb-btn-mobile__default-btn uagb-block-yuzskiwf\"><div class=\"uagb-buttons__wrap uagb-buttons-layout-wrap \">\n<div class=\"wp-block-uagb-buttons-child uagb-buttons__outer-wrap uagb-block-6m96fron wp-block-button\"><div class=\"uagb-button__wrapper\"><a class=\"uagb-buttons-repeater wp-block-button__link\" aria-label=\"\" href=\"https:\/\/www.spig-gmab.com\/contact\/\" rel=\"follow noopener\" target=\"_self\" role=\"button\"><div class=\"uagb-button__link\">KONTAKT<\/div><\/a><\/div><\/div>\n<\/div><\/div>\n<\/div><\/div>\n","protected":false},"excerpt":{"rendered":"","protected":false},"author":1,"featured_media":0,"parent":0,"menu_order":0,"comment_status":"closed","ping_status":"closed","template":"","meta":{"_uag_custom_page_level_css":"","_monsterinsights_skip_tracking":false,"_monsterinsights_sitenote_active":false,"_monsterinsights_sitenote_note":"","_monsterinsights_sitenote_category":0,"site-sidebar-layout":"default","site-content-layout":"","ast-site-content-layout":"default","site-content-style":"default","site-sidebar-style":"default","ast-global-header-display":"","ast-banner-title-visibility":"","ast-main-header-display":"","ast-hfb-above-header-display":"","ast-hfb-below-header-display":"","ast-hfb-mobile-header-display":"","site-post-title":"disabled","ast-breadcrumbs-content":"","ast-featured-img":"","footer-sml-layout":"","ast-disable-related-posts":"","theme-transparent-header-meta":"","adv-header-id-meta":"","stick-header-meta":"","header-above-stick-meta":"","header-main-stick-meta":"","header-below-stick-meta":"","astra-migrate-meta-layouts":"default","ast-page-background-enabled":"default","ast-page-background-meta":{"desktop":{"background-color":"var(--ast-global-color-4)","background-image":"","background-repeat":"repeat","background-position":"center center","background-size":"auto","background-attachment":"scroll","background-type":"","background-media":"","overlay-type":"","overlay-color":"","overlay-opacity":"","overlay-gradient":""},"tablet":{"background-color":"","background-image":"","background-repeat":"repeat","background-position":"center center","background-size":"auto","background-attachment":"scroll","background-type":"","background-media":"","overlay-type":"","overlay-color":"","overlay-opacity":"","overlay-gradient":""},"mobile":{"background-color":"","background-image":"","background-repeat":"repeat","background-position":"center center","background-size":"auto","background-attachment":"scroll","background-type":"","background-media":"","overlay-type":"","overlay-color":"","overlay-opacity":"","overlay-gradient":""}},"ast-content-background-meta":{"desktop":{"background-color":"var(--ast-global-color-5)","background-image":"","background-repeat":"repeat","background-position":"center center","background-size":"auto","background-attachment":"scroll","background-type":"","background-media":"","overlay-type":"","overlay-color":"","overlay-opacity":"","overlay-gradient":""},"tablet":{"background-color":"var(--ast-global-color-5)","background-image":"","background-repeat":"repeat","background-position":"center center","background-size":"auto","background-attachment":"scroll","background-type":"","background-media":"","overlay-type":"","overlay-color":"","overlay-opacity":"","overlay-gradient":""},"mobile":{"background-color":"var(--ast-global-color-5)","background-image":"","background-repeat":"repeat","background-position":"center center","background-size":"auto","background-attachment":"scroll","background-type":"","background-media":"","overlay-type":"","overlay-color":"","overlay-opacity":"","overlay-gradient":""}},"footnotes":""},"class_list":["post-6057","page","type-page","status-publish","hentry"],"aioseo_notices":[],"uagb_featured_image_src":{"full":false,"thumbnail":false,"medium":false,"medium_large":false,"large":false,"1536x1536":false,"2048x2048":false},"uagb_author_info":{"display_name":"multimedia@studiokey.it","author_link":"https:\/\/www.spig-gmab.com\/de\/author\/multimediastudiokey-it\/"},"uagb_comment_info":0,"uagb_excerpt":null,"_links":{"self":[{"href":"https:\/\/www.spig-gmab.com\/de\/wp-json\/wp\/v2\/pages\/6057","targetHints":{"allow":["GET"]}}],"collection":[{"href":"https:\/\/www.spig-gmab.com\/de\/wp-json\/wp\/v2\/pages"}],"about":[{"href":"https:\/\/www.spig-gmab.com\/de\/wp-json\/wp\/v2\/types\/page"}],"author":[{"embeddable":true,"href":"https:\/\/www.spig-gmab.com\/de\/wp-json\/wp\/v2\/users\/1"}],"replies":[{"embeddable":true,"href":"https:\/\/www.spig-gmab.com\/de\/wp-json\/wp\/v2\/comments?post=6057"}],"version-history":[{"count":8,"href":"https:\/\/www.spig-gmab.com\/de\/wp-json\/wp\/v2\/pages\/6057\/revisions"}],"predecessor-version":[{"id":9242,"href":"https:\/\/www.spig-gmab.com\/de\/wp-json\/wp\/v2\/pages\/6057\/revisions\/9242"}],"wp:attachment":[{"href":"https:\/\/www.spig-gmab.com\/de\/wp-json\/wp\/v2\/media?parent=6057"}],"curies":[{"name":"wp","href":"https:\/\/api.w.org\/{rel}","templated":true}]}}