{"id":6053,"date":"2024-09-26T13:25:30","date_gmt":"2024-09-26T13:25:30","guid":{"rendered":"https:\/\/spig-gmab.com\/waermerueckgewinnung\/"},"modified":"2025-09-30T13:50:05","modified_gmt":"2025-09-30T13:50:05","slug":"waermerueckgewinnung","status":"publish","type":"page","link":"https:\/\/www.spig-gmab.com\/de\/waermerueckgewinnung\/","title":{"rendered":"W\u00e4rmer\u00fcckgewinnung"},"content":{"rendered":"\n<div class=\"wp-block-uagb-container uagb-block-zgbhmcgz alignfull uagb-is-root-container\"><div class=\"uagb-container-inner-blocks-wrap\">\n<div class=\"wp-block-uagb-info-box uagb-block-ew04gv8n uagb-infobox__content-wrap  uagb-infobox-icon-above-title uagb-infobox-image-valign-top\"><div class=\"uagb-ifb-content\"><div class=\"uagb-ifb-title-wrap\"><h1 class=\"uagb-ifb-title\">W\u00e4rmer\u00fcckgewinnung und Rauchgaskondensation<\/h1><\/div><p class=\"uagb-ifb-desc\">Wir sind bei der Energier\u00fcckgewinnung einen Schritt weiter gegangen<\/p><\/div><\/div>\n<\/div><\/div>\n\n\n\n<div class=\"wp-block-uagb-container uagb-block-4neen65n alignfull uagb-is-root-container\"><div class=\"uagb-container-inner-blocks-wrap\">\n<div class=\"wp-block-uagb-image alignleft uagb-block-krkibjso wp-block-uagb-image--layout-default wp-block-uagb-image--effect-static wp-block-uagb-image--align-left\"><figure class=\"wp-block-uagb-image__figure\"><img decoding=\"async\" srcset=\"https:\/\/www.spig-gmab.com\/wp-content\/uploads\/2024\/09\/4.png ,https:\/\/www.spig-gmab.com\/wp-content\/uploads\/2024\/09\/4.png 780w, https:\/\/www.spig-gmab.com\/wp-content\/uploads\/2024\/09\/4.png 360w\" sizes=\"auto, (max-width: 480px) 150px\" src=\"https:\/\/www.spig-gmab.com\/wp-content\/uploads\/2024\/09\/4.png\" alt=\"\" class=\"uag-image-1728\" width=\"600\" height=\"317\" title=\"4\" loading=\"lazy\" role=\"img\"\/><figcaption class=\"uagb-image-caption\">Abbildung: Holmberg<\/figcaption><\/figure><\/div>\n\n\n\n<div class=\"wp-block-uagb-container uagb-block-slvpzmfu\">\n<div class=\"wp-block-uagb-info-box uagb-block-sfoqfciu uagb-infobox__content-wrap  uagb-infobox-icon-above-title uagb-infobox-image-valign-top\"><div class=\"uagb-ifb-content\"><div class=\"uagb-ifb-title-wrap\"><h2 class=\"uagb-ifb-title\"><strong><strong>W\u00e4rmer\u00fcckgewinnung<\/strong><\/strong><\/h2><\/div><p class=\"uagb-ifb-desc\">M\u00fcllverbrennungsanlagen sind Wunderwerke der Technik. Sie verf\u00fcgen \u00fcber fortschrittliche Kesselsysteme, die einen gro\u00dfen Teil der Energie in den Rauchgasen in Dampf umwandeln. Dieser Dampf wird dann durch Turbinengeneratoren zur Stromerzeugung genutzt. Au\u00dferdem erzeugt der Dampf in den Turbinenkondensatoren W\u00e4rme, die anschlie\u00dfend in ein Fernw\u00e4rmesystem geleitet wird, das die umliegenden Gemeinden mit W\u00e4rme versorgt. Dieser effiziente Prozess erzeugt nicht nur Strom, sondern sorgt auch daf\u00fcr, dass die erzeugte W\u00e4rme sinnvoll genutzt wird, was diese Anlagen zu einem Eckpfeiler f\u00fcr nachhaltige Energiel\u00f6sungen macht.   <\/p><\/div><\/div>\n<\/div>\n<\/div><\/div>\n\n\n\n<div class=\"wp-block-uagb-container uagb-block-8b123ae3 alignfull uagb-is-root-container\"><div class=\"uagb-container-inner-blocks-wrap\">\n<div class=\"wp-block-uagb-container uagb-block-43532781\">\n<div class=\"wp-block-uagb-advanced-heading uagb-block-e1b3295e\"><h3 class=\"uagb-heading-text\"><strong><strong><strong>Rauchgaskondensation<\/strong><\/strong><\/strong><\/h3><\/div>\n\n\n\n<p>Wir sind bei der R\u00fcckgewinnung von Energie noch einen Schritt weiter gegangen. Durch die Abk\u00fchlung des Rauchgases unter seinen Taupunkt ist es m\u00f6glich, gro\u00dfe Mengen an latenter W\u00e4rme zur\u00fcckzugewinnen. Unter der Annahme, dass die Rauchgastemperatur nach dem Kessel etwa 150\u00baC betr\u00e4gt, ist es m\u00f6glich, durch die Rauchgaskondensation die Energieeffizienz um bis zu 20% zu erh\u00f6hen. <\/p>\n\n\n\n<p>Die Kondensation kann entweder als direkter W\u00e4rmeaustausch zwischen Gas und Fernw\u00e4rmewasser erfolgen, oder indirekt unter Verwendung eines zwischengeschalteten K\u00fchlwasserkreislaufs und\/oder unter Verwendung einer zwischengeschalteten W\u00e4rmepumpe erfolgen. F\u00fcr eine optimale Energieeffizienz kann auch eine Kombination dieser Methoden verwendet werden.<\/p>\n\n\n\n<p>Die Rauchgaskondensation kann mit ADIOX\u00ae F\u00fcllk\u00f6rpern in den W\u00e4scherstufen kombiniert werden, um Dioxine abzuscheiden und den Memory-Effekt zu verhindern.<\/p>\n<\/div>\n\n\n\n<div class=\"wp-block-uagb-image uagb-block-1a4c0290 wp-block-uagb-image--layout-default wp-block-uagb-image--effect-static wp-block-uagb-image--align-none\"><figure class=\"wp-block-uagb-image__figure\"><img decoding=\"async\" srcset=\"https:\/\/www.spig-gmab.com\/wp-content\/uploads\/2024\/09\/2.jpg ,https:\/\/www.spig-gmab.com\/wp-content\/uploads\/2024\/09\/2.jpg 780w, https:\/\/www.spig-gmab.com\/wp-content\/uploads\/2024\/09\/2.jpg 360w\" sizes=\"auto, (max-width: 480px) 150px\" src=\"https:\/\/www.spig-gmab.com\/wp-content\/uploads\/2024\/09\/2.jpg\" alt=\"\" class=\"uag-image-1525\" width=\"667\" height=\"853\" title=\"2\" loading=\"lazy\" role=\"img\"\/><\/figure><\/div>\n<\/div><\/div>\n\n\n\n<div class=\"wp-block-uagb-container uagb-block-0ae58dde alignwide uagb-is-root-container\">\n<div class=\"wp-block-uagb-image uagb-block-c3906ee9 wp-block-uagb-image--layout-default wp-block-uagb-image--effect-static wp-block-uagb-image--align-none\"><figure class=\"wp-block-uagb-image__figure\"><img decoding=\"async\" srcset=\"https:\/\/www.spig-gmab.com\/wp-content\/uploads\/2024\/09\/1.jpg ,https:\/\/www.spig-gmab.com\/wp-content\/uploads\/2024\/09\/1.jpg 780w, https:\/\/www.spig-gmab.com\/wp-content\/uploads\/2024\/09\/1.jpg 360w\" sizes=\"auto, (max-width: 480px) 150px\" src=\"https:\/\/www.spig-gmab.com\/wp-content\/uploads\/2024\/09\/1.jpg\" alt=\"\" class=\"uag-image-1534\" width=\"573\" height=\"677\" title=\"1\" loading=\"lazy\" role=\"img\"\/><\/figure><\/div>\n\n\n\n<div class=\"wp-block-uagb-container uagb-block-7505c614\">\n<div class=\"wp-block-uagb-advanced-heading uagb-block-86598799\"><h3 class=\"uagb-heading-text\"><strong><strong><strong><strong>Absorptionsw\u00e4rme und -K\u00e4lte<\/strong><\/strong><\/strong><\/strong><\/h3><\/div>\n\n\n\n<p>Wir liefern Absorptionsw\u00e4rmepumpen f\u00fcr eine verbesserte Energier\u00fcckgewinnung (wie oben beschrieben) und Absorptionsk\u00e4ltemaschinen f\u00fcr wirtschaftliche Komfortk\u00fchlung im Sommer. Die K\u00e4ltemaschinen werden lokal in den Geb\u00e4uden oder zentral in einer Fernk\u00e4ltezentrale installiert und nutzen die \u00fcbersch\u00fcssige W\u00e4rme aus dem Fernw\u00e4rmenetz als Energiequelle. Die Installation erfordert nur geringen Wartungsaufwand. Neben den wirtschaftlichen Vorteilen ist die Technologie umweltfreundlich und tr\u00e4gt zur Reduktion von CO<sub>2<\/sub>-Emissionen bei.<\/p>\n<\/div>\n<\/div>\n\n\n\n<div class=\"wp-block-uagb-container uagb-block-bba50a79 alignfull uagb-is-root-container\"><div class=\"uagb-container-inner-blocks-wrap\">\n<div class=\"wp-block-uagb-container uagb-block-dfd75a0c\">\n<div class=\"wp-block-uagb-advanced-heading uagb-block-c99fff62\"><h3 class=\"uagb-heading-text\"><strong><strong><strong><strong>Wasseraufbereitung<\/strong><\/strong><\/strong><\/strong><\/h3><\/div>\n\n\n\n<p>Unsere Erfahrung mit Gesamtsystemen umfasst die Entwicklung und Lieferung von Technologien zur Behandlung des Abwassers aus Rauchgasw\u00e4schern, um die Einleitung von Schadstoffen in Abwasserreinigung Systeme oder in die Umwelt zu minimieren und m\u00f6glichst vollst\u00e4ndig zu vermeiden.<\/p>\n<\/div>\n\n\n\n<div class=\"wp-block-uagb-image uagb-block-6c2c2328 wp-block-uagb-image--layout-default wp-block-uagb-image--effect-static wp-block-uagb-image--align-none\"><figure class=\"wp-block-uagb-image__figure\"><img decoding=\"async\" srcset=\"https:\/\/www.spig-gmab.com\/wp-content\/uploads\/2024\/09\/7.jpg ,https:\/\/www.spig-gmab.com\/wp-content\/uploads\/2024\/09\/7.jpg 780w, https:\/\/www.spig-gmab.com\/wp-content\/uploads\/2024\/09\/7.jpg 360w\" sizes=\"auto, (max-width: 480px) 150px\" src=\"https:\/\/www.spig-gmab.com\/wp-content\/uploads\/2024\/09\/7.jpg\" alt=\"\" class=\"uag-image-1738\" width=\"566\" height=\"425\" title=\"7\" loading=\"lazy\" role=\"img\"\/><\/figure><\/div>\n<\/div><\/div>\n\n\n\n<div class=\"wp-block-uagb-container uagb-block-67imbnbc alignfull uagb-is-root-container\"><div class=\"uagb-container-inner-blocks-wrap\">\n<div class=\"wp-block-uagb-info-box uagb-block-akrifalx uagb-infobox__content-wrap  uagb-infobox-icon-above-title uagb-infobox-image-valign-top wp-block-uagb-info-box--has-margin\"><div class=\"uagb-infobox-margin-wrapper\"><div class=\"uagb-ifb-content\"><div class=\"uagb-ifb-title-wrap\"><h2 class=\"uagb-ifb-title\">Erreichen Sie Ihre Ziele<\/h2><\/div><p class=\"uagb-ifb-desc\">Kontaktieren Sie jetzt SPIG und GMAB und verwirklichen Sie Ihre Ziele gemeinsam mit uns. <\/p><\/div><\/div><\/div>\n\n\n\n<div class=\"wp-block-uagb-buttons uagb-buttons__outer-wrap uagb-btn__default-btn uagb-btn-tablet__default-btn uagb-btn-mobile__default-btn uagb-block-yuzskiwf\"><div class=\"uagb-buttons__wrap uagb-buttons-layout-wrap \">\n<div class=\"wp-block-uagb-buttons-child uagb-buttons__outer-wrap uagb-block-6m96fron wp-block-button\"><div class=\"uagb-button__wrapper\"><a class=\"uagb-buttons-repeater wp-block-button__link\" aria-label=\"\" href=\"https:\/\/www.spig-gmab.com\/contact\/\" rel=\"follow noopener\" target=\"_self\" role=\"button\"><div class=\"uagb-button__link\">KONTAKT<\/div><\/a><\/div><\/div>\n<\/div><\/div>\n<\/div><\/div>\n","protected":false},"excerpt":{"rendered":"<p>Rauchgaskondensation Wir sind bei der R\u00fcckgewinnung von Energie noch einen Schritt weiter gegangen. Durch die Abk\u00fchlung des Rauchgases unter seinen [&hellip;]<\/p>\n","protected":false},"author":1,"featured_media":0,"parent":0,"menu_order":0,"comment_status":"closed","ping_status":"closed","template":"","meta":{"_uag_custom_page_level_css":"","_monsterinsights_skip_tracking":false,"_monsterinsights_sitenote_active":false,"_monsterinsights_sitenote_note":"","_monsterinsights_sitenote_category":0,"site-sidebar-layout":"default","site-content-layout":"","ast-site-content-layout":"default","site-content-style":"default","site-sidebar-style":"default","ast-global-header-display":"","ast-banner-title-visibility":"","ast-main-header-display":"","ast-hfb-above-header-display":"","ast-hfb-below-header-display":"","ast-hfb-mobile-header-display":"","site-post-title":"disabled","ast-breadcrumbs-content":"","ast-featured-img":"","footer-sml-layout":"","ast-disable-related-posts":"","theme-transparent-header-meta":"","adv-header-id-meta":"","stick-header-meta":"","header-above-stick-meta":"","header-main-stick-meta":"","header-below-stick-meta":"","astra-migrate-meta-layouts":"default","ast-page-background-enabled":"default","ast-page-background-meta":{"desktop":{"background-color":"var(--ast-global-color-4)","background-image":"","background-repeat":"repeat","background-position":"center center","background-size":"auto","background-attachment":"scroll","background-type":"","background-media":"","overlay-type":"","overlay-color":"","overlay-opacity":"","overlay-gradient":""},"tablet":{"background-color":"","background-image":"","background-repeat":"repeat","background-position":"center center","background-size":"auto","background-attachment":"scroll","background-type":"","background-media":"","overlay-type":"","overlay-color":"","overlay-opacity":"","overlay-gradient":""},"mobile":{"background-color":"","background-image":"","background-repeat":"repeat","background-position":"center center","background-size":"auto","background-attachment":"scroll","background-type":"","background-media":"","overlay-type":"","overlay-color":"","overlay-opacity":"","overlay-gradient":""}},"ast-content-background-meta":{"desktop":{"background-color":"var(--ast-global-color-5)","background-image":"","background-repeat":"repeat","background-position":"center center","background-size":"auto","background-attachment":"scroll","background-type":"","background-media":"","overlay-type":"","overlay-color":"","overlay-opacity":"","overlay-gradient":""},"tablet":{"background-color":"var(--ast-global-color-5)","background-image":"","background-repeat":"repeat","background-position":"center center","background-size":"auto","background-attachment":"scroll","background-type":"","background-media":"","overlay-type":"","overlay-color":"","overlay-opacity":"","overlay-gradient":""},"mobile":{"background-color":"var(--ast-global-color-5)","background-image":"","background-repeat":"repeat","background-position":"center center","background-size":"auto","background-attachment":"scroll","background-type":"","background-media":"","overlay-type":"","overlay-color":"","overlay-opacity":"","overlay-gradient":""}},"footnotes":""},"class_list":["post-6053","page","type-page","status-publish","hentry"],"aioseo_notices":[],"uagb_featured_image_src":{"full":false,"thumbnail":false,"medium":false,"medium_large":false,"large":false,"1536x1536":false,"2048x2048":false},"uagb_author_info":{"display_name":"multimedia@studiokey.it","author_link":"https:\/\/www.spig-gmab.com\/de\/author\/multimediastudiokey-it\/"},"uagb_comment_info":0,"uagb_excerpt":"Rauchgaskondensation Wir sind bei der R\u00fcckgewinnung von Energie noch einen Schritt weiter gegangen. Durch die Abk\u00fchlung des Rauchgases unter seinen [&hellip;]","_links":{"self":[{"href":"https:\/\/www.spig-gmab.com\/de\/wp-json\/wp\/v2\/pages\/6053","targetHints":{"allow":["GET"]}}],"collection":[{"href":"https:\/\/www.spig-gmab.com\/de\/wp-json\/wp\/v2\/pages"}],"about":[{"href":"https:\/\/www.spig-gmab.com\/de\/wp-json\/wp\/v2\/types\/page"}],"author":[{"embeddable":true,"href":"https:\/\/www.spig-gmab.com\/de\/wp-json\/wp\/v2\/users\/1"}],"replies":[{"embeddable":true,"href":"https:\/\/www.spig-gmab.com\/de\/wp-json\/wp\/v2\/comments?post=6053"}],"version-history":[{"count":12,"href":"https:\/\/www.spig-gmab.com\/de\/wp-json\/wp\/v2\/pages\/6053\/revisions"}],"predecessor-version":[{"id":9220,"href":"https:\/\/www.spig-gmab.com\/de\/wp-json\/wp\/v2\/pages\/6053\/revisions\/9220"}],"wp:attachment":[{"href":"https:\/\/www.spig-gmab.com\/de\/wp-json\/wp\/v2\/media?parent=6053"}],"curies":[{"name":"wp","href":"https:\/\/api.w.org\/{rel}","templated":true}]}}