{"id":6051,"date":"2024-09-26T10:50:44","date_gmt":"2024-09-26T10:50:44","guid":{"rendered":"https:\/\/spig-gmab.com\/rauchgasreiniung\/"},"modified":"2025-09-30T14:00:19","modified_gmt":"2025-09-30T14:00:19","slug":"rauchgasreiniung","status":"publish","type":"page","link":"https:\/\/www.spig-gmab.com\/de\/rauchgasreiniung\/","title":{"rendered":"Rauchgasreinigung"},"content":{"rendered":"\n<div class=\"wp-block-uagb-container uagb-block-zgbhmcgz alignfull uagb-is-root-container\"><div class=\"uagb-container-inner-blocks-wrap\">\n<div class=\"wp-block-uagb-info-box uagb-block-ew04gv8n uagb-infobox__content-wrap  uagb-infobox-icon-above-title uagb-infobox-image-valign-top\"><div class=\"uagb-ifb-content\"><div class=\"uagb-ifb-title-wrap\"><h1 class=\"uagb-ifb-title\"><strong>GMAB\u2122 Rauchgasreinigung<\/strong><\/h1><\/div><p class=\"uagb-ifb-desc\">Rauchgasreinigungssysteme f\u00fcr M\u00fcllverbrennungsanlagen, Biomassekraftwerke und Sonderabfallverbrennungsanlagen<\/p><\/div><\/div>\n<\/div><\/div>\n\n\n\n<div class=\"wp-block-uagb-container uagb-block-4neen65n alignfull uagb-is-root-container\"><div class=\"uagb-container-inner-blocks-wrap\">\n<div class=\"wp-block-uagb-image uagb-block-68d8c13b wp-block-uagb-image--layout-default wp-block-uagb-image--effect-static wp-block-uagb-image--align-none\"><figure class=\"wp-block-uagb-image__figure\"><img decoding=\"async\" srcset=\"https:\/\/www.spig-gmab.com\/wp-content\/uploads\/2024\/09\/4.png ,https:\/\/www.spig-gmab.com\/wp-content\/uploads\/2024\/09\/4.png 780w, https:\/\/www.spig-gmab.com\/wp-content\/uploads\/2024\/09\/4.png 360w\" sizes=\"auto, (max-width: 480px) 150px\" src=\"https:\/\/www.spig-gmab.com\/wp-content\/uploads\/2024\/09\/4.png\" alt=\"\" class=\"uag-image-1728\" width=\"600\" height=\"317\" title=\"4\" loading=\"lazy\" role=\"img\"\/><figcaption class=\"uagb-image-caption\">Abbildung: Holmberg<\/figcaption><\/figure><\/div>\n\n\n\n<div class=\"wp-block-uagb-container uagb-block-slvpzmfu\">\n<div class=\"wp-block-uagb-info-box uagb-block-sfoqfciu uagb-infobox__content-wrap  uagb-infobox-icon-above-title uagb-infobox-image-valign-top\"><div class=\"uagb-ifb-content\"><div class=\"uagb-ifb-title-wrap\"><h2 class=\"uagb-ifb-title\"><strong>GMAB\u2122 Rauchgasreinigung<\/strong><\/h2><\/div><p class=\"uagb-ifb-desc\">Wir sind stolz auf unsere langj\u00e4hrige Tradition und unser bew\u00e4hrtes Know-how bei der Konstruktion umfassender Rauchgasreinigungssysteme f\u00fcr M\u00fcllverbrennungsanlagen. Unser erfahrenes Ingenieursteam, gepaart mit unserer umfangreichen Projekterfahrung und zuverl\u00e4ssigen Anlagen, stellt sicher, dass wir erstklassige, hochmoderne Technik liefern. Ganz gleich, ob Sie trockene, halbnasse, nasse Rauchgasreiningun oder eine Mischung aus diesen L\u00f6sungen ben\u00f6tigen, wir bieten Ihnen die besten L\u00f6sungen der Branche.  <\/p><\/div><\/div>\n<\/div>\n<\/div><\/div>\n\n\n\n<div class=\"wp-block-uagb-container uagb-block-8b123ae3 alignfull uagb-is-root-container\"><div class=\"uagb-container-inner-blocks-wrap\">\n<div class=\"wp-block-uagb-container uagb-block-43532781\">\n<div class=\"wp-block-uagb-advanced-heading uagb-block-e1b3295e\"><h3 class=\"uagb-heading-text\"><strong><strong>GMAB\u2122 Nasse Rauchgasreinigung<\/strong><\/strong><\/h3><\/div>\n\n\n\n<p>Wir sind Spezialisten f\u00fcr die nasse Rauchgasreinigung und die damit verbundene Wasseraufbereitung. Unsere Nassw\u00e4schersysteme bieten eine  zuverl\u00e4ssige und effiziente Rauchgasreinigung. Unsere Kernkompetenz umfasst den gesamten Prozess einschlie\u00dflich der Wasseraufbereitungstechnologien.<\/p>\n\n\n\n<p class=\"has-ast-global-color-8-color has-text-color has-link-color wp-elements-68adceeeb06caaf85cfb980c6cf7b498\" style=\"margin-top:0px;margin-bottom:0px\"><strong><strong>Vorteile<\/strong><\/strong><\/p>\n\n\n\n<ul class=\"wp-block-list\">\n<li>Zuverl\u00e4ssige und effektive Minderung von Emissionen<\/li>\n\n\n\n<li>Betrieb mit hoher Verf\u00fcgbarkeit<\/li>\n\n\n\n<li>Hohe Pufferkapazit\u00e4t zur Bew\u00e4ltigung von Spitzenschwankungen im Gasvolumenstrom<\/li>\n\n\n\n<li>Minimaler Chemikalienverbrauch<\/li>\n\n\n\n<li>Geringe Reststoffbildung<\/li>\n\n\n\n<li>Eignet sich bestens um Rauchgaskondensation zu integrieren<\/li>\n<\/ul>\n<\/div>\n\n\n\n<div class=\"wp-block-uagb-container uagb-block-c874cad6\">\n<div class=\"wp-block-uagb-image alignleft uagb-block-krkibjso wp-block-uagb-image--layout-default wp-block-uagb-image--effect-static wp-block-uagb-image--align-left\"><figure class=\"wp-block-uagb-image__figure\"><img decoding=\"async\" srcset=\"https:\/\/www.spig-gmab.com\/wp-content\/uploads\/2024\/09\/Mec-2022-995x1024.jpg ,https:\/\/www.spig-gmab.com\/wp-content\/uploads\/2024\/09\/Mec-2022.jpg 780w, https:\/\/www.spig-gmab.com\/wp-content\/uploads\/2024\/09\/Mec-2022.jpg 360w\" sizes=\"auto, (max-width: 480px) 150px\" src=\"https:\/\/www.spig-gmab.com\/wp-content\/uploads\/2024\/09\/Mec-2022-995x1024.jpg\" alt=\"\" class=\"uag-image-1532\" width=\"400\" height=\"423\" title=\"Mec 2022\" loading=\"lazy\" role=\"img\"\/><\/figure><\/div>\n<\/div>\n<\/div><\/div>\n\n\n\n<div class=\"wp-block-uagb-container uagb-block-0ae58dde alignwide uagb-is-root-container\">\n<div class=\"wp-block-uagb-container uagb-block-d8912462\">\n<div class=\"wp-block-uagb-image uagb-block-69187750 wp-block-uagb-image--layout-default wp-block-uagb-image--effect-static wp-block-uagb-image--align-none\"><figure class=\"wp-block-uagb-image__figure\"><img decoding=\"async\" srcset=\"https:\/\/www.spig-gmab.com\/wp-content\/uploads\/2024\/09\/Picture3B-1024x521.jpg ,https:\/\/www.spig-gmab.com\/wp-content\/uploads\/2024\/09\/Picture3B.jpg 780w, https:\/\/www.spig-gmab.com\/wp-content\/uploads\/2024\/09\/Picture3B.jpg 360w\" sizes=\"auto, (max-width: 480px) 150px\" src=\"https:\/\/www.spig-gmab.com\/wp-content\/uploads\/2024\/09\/Picture3B-1024x521.jpg\" alt=\"\" class=\"uag-image-1713\" width=\"1024\" height=\"521\" title=\"Picture3B\" loading=\"lazy\" role=\"img\"\/><figcaption class=\"uagb-image-caption\">Abbildung: Holmberg<\/figcaption><\/figure><\/div>\n<\/div>\n\n\n\n<div class=\"wp-block-uagb-container uagb-block-7505c614\">\n<div class=\"wp-block-uagb-advanced-heading uagb-block-86598799\"><h3 class=\"uagb-heading-text\"><strong><strong><strong>Kombination aus trockener &amp; nasser Rauchgasreinigung<\/strong><\/strong><\/strong><\/h3><\/div>\n\n\n\n<p>Die trockene oder halbtrockene Rauchgasreinigung kann oft mit einem Kondensationsw\u00e4scher zur Energier\u00fcckgewinnung und\/oder einer integrierten Nachreinigungsstufe kombiniert werden, um auch die anspruchvollsten Leistungsstandards zu erf\u00fcllen.<\/p>\n\n\n\n<p class=\"has-ast-global-color-8-color has-text-color has-link-color wp-elements-68adceeeb06caaf85cfb980c6cf7b498\" style=\"margin-top:0px;margin-bottom:0px\"><strong><strong>Vorteile<\/strong><\/strong><\/p>\n\n\n\n<ul class=\"wp-block-list\">\n<li>Optimierter Verbrauch von chemischen Zus\u00e4tzen<\/li>\n\n\n\n<li>Hohe Toleranz gegen\u00fcber Lastspitzen<\/li>\n\n\n\n<li>Abwasserfreier Betrieb ist m\u00f6glich<\/li>\n\n\n\n<li>Verbesserte Energier\u00fcckgewinnung<\/li>\n<\/ul>\n<\/div>\n<\/div>\n\n\n\n<div class=\"wp-block-uagb-container uagb-block-a78879d0 alignfull uagb-is-root-container\"><div class=\"uagb-container-inner-blocks-wrap\">\n<div class=\"wp-block-uagb-container uagb-block-86882e8b\">\n<div class=\"wp-block-uagb-advanced-heading uagb-block-099a2b61\"><h3 class=\"uagb-heading-text\"><strong><strong><strong>Elektrofilter<\/strong><\/strong><\/strong><\/h3><\/div>\n\n\n\n<p>Seit mehr als einem Jahrhundert sind elektrostatische Partikelabscheider &#8211; Elektrofilter (E-Filter) &#8211; ein wichtiger Technologiebaustein zur Luftreinhaltung in der Strom- &amp; W\u00e4rmeerzeugung und bei industriellen Prozessen auf der ganzen Welt.<\/p>\n\n\n\n<p>Elektrofilter k\u00f6nnen so konstruiert werden, dass sie die strengen Normen f\u00fcr Partikelaussto\u00df bei minimalem Druckverlust und hoher Zuverl\u00e4ssigkeit der Ger\u00e4te f\u00fcr einen l\u00e4ngeren Anlagenbetrieb erf\u00fcllen. GMAB\u2122 bietet ein komplettes Sortiment an Komponenten f\u00fcr Trocken- und Nasselektrofilter, einschlie\u00dflich vormontierter und plattenf\u00f6rmiger Niederschlagsplatten, langlebiger starrer Entladungselektroden, mechanische  (z.B. Taumelh\u00e4mmer) oder elektromagnetische Klopfwerke sowie eine breite Auswahl an mikroprozessorgesteuerten Regelungskomponenten an.<\/p>\n<\/div>\n\n\n\n<div class=\"wp-block-uagb-container uagb-block-35d7b3f4\">\n<div class=\"wp-block-uagb-image alignleft uagb-block-e2e91670 wp-block-uagb-image--layout-default wp-block-uagb-image--effect-static wp-block-uagb-image--align-left\"><figure class=\"wp-block-uagb-image__figure\"><img decoding=\"async\" srcset=\"https:\/\/www.spig-gmab.com\/wp-content\/uploads\/2024\/10\/Picture1.png ,https:\/\/www.spig-gmab.com\/wp-content\/uploads\/2024\/10\/Picture1.png 780w, https:\/\/www.spig-gmab.com\/wp-content\/uploads\/2024\/10\/Picture1.png 360w\" sizes=\"auto, (max-width: 480px) 150px\" src=\"https:\/\/www.spig-gmab.com\/wp-content\/uploads\/2024\/10\/Picture1.png\" alt=\"\" class=\"uag-image-4361\" width=\"450\" height=\"423\" title=\"Picture1\" loading=\"lazy\" role=\"img\"\/><\/figure><\/div>\n<\/div>\n<\/div><\/div>\n\n\n\n<div class=\"wp-block-uagb-container uagb-block-67imbnbc alignfull uagb-is-root-container\"><div class=\"uagb-container-inner-blocks-wrap\">\n<div class=\"wp-block-uagb-info-box uagb-block-akrifalx uagb-infobox__content-wrap  uagb-infobox-icon-above-title uagb-infobox-image-valign-top wp-block-uagb-info-box--has-margin\"><div class=\"uagb-infobox-margin-wrapper\"><div class=\"uagb-ifb-content\"><div class=\"uagb-ifb-title-wrap\"><h2 class=\"uagb-ifb-title\">Erreichen Sie Ihre Ziele<\/h2><\/div><p class=\"uagb-ifb-desc\">Kontaktieren Sie jetzt SPIG und GMAB und verwirklichen Sie Ihre Ziele gemeinsam mit uns. <\/p><\/div><\/div><\/div>\n\n\n\n<div class=\"wp-block-uagb-buttons uagb-buttons__outer-wrap uagb-btn__default-btn uagb-btn-tablet__default-btn uagb-btn-mobile__default-btn uagb-block-yuzskiwf\"><div class=\"uagb-buttons__wrap uagb-buttons-layout-wrap \">\n<div class=\"wp-block-uagb-buttons-child uagb-buttons__outer-wrap uagb-block-6m96fron wp-block-button\"><div class=\"uagb-button__wrapper\"><a class=\"uagb-buttons-repeater wp-block-button__link\" aria-label=\"\" href=\"https:\/\/www.spig-gmab.com\/contact\/\" rel=\"follow noopener\" target=\"_self\" role=\"button\"><div class=\"uagb-button__link\">KONTAKT<\/div><\/a><\/div><\/div>\n<\/div><\/div>\n<\/div><\/div>\n","protected":false},"excerpt":{"rendered":"<p>GMAB\u2122 Nasse Rauchgasreinigung Wir sind Spezialisten f\u00fcr die nasse Rauchgasreinigung und die damit verbundene Wasseraufbereitung. Unsere Nassw\u00e4schersysteme bieten eine zuverl\u00e4ssige [&hellip;]<\/p>\n","protected":false},"author":1,"featured_media":0,"parent":0,"menu_order":0,"comment_status":"closed","ping_status":"closed","template":"","meta":{"_uag_custom_page_level_css":"","_monsterinsights_skip_tracking":false,"_monsterinsights_sitenote_active":false,"_monsterinsights_sitenote_note":"","_monsterinsights_sitenote_category":0,"site-sidebar-layout":"default","site-content-layout":"","ast-site-content-layout":"default","site-content-style":"default","site-sidebar-style":"default","ast-global-header-display":"","ast-banner-title-visibility":"","ast-main-header-display":"","ast-hfb-above-header-display":"","ast-hfb-below-header-display":"","ast-hfb-mobile-header-display":"","site-post-title":"disabled","ast-breadcrumbs-content":"","ast-featured-img":"","footer-sml-layout":"","ast-disable-related-posts":"","theme-transparent-header-meta":"","adv-header-id-meta":"","stick-header-meta":"","header-above-stick-meta":"","header-main-stick-meta":"","header-below-stick-meta":"","astra-migrate-meta-layouts":"default","ast-page-background-enabled":"default","ast-page-background-meta":{"desktop":{"background-color":"var(--ast-global-color-4)","background-image":"","background-repeat":"repeat","background-position":"center center","background-size":"auto","background-attachment":"scroll","background-type":"","background-media":"","overlay-type":"","overlay-color":"","overlay-opacity":"","overlay-gradient":""},"tablet":{"background-color":"","background-image":"","background-repeat":"repeat","background-position":"center center","background-size":"auto","background-attachment":"scroll","background-type":"","background-media":"","overlay-type":"","overlay-color":"","overlay-opacity":"","overlay-gradient":""},"mobile":{"background-color":"","background-image":"","background-repeat":"repeat","background-position":"center center","background-size":"auto","background-attachment":"scroll","background-type":"","background-media":"","overlay-type":"","overlay-color":"","overlay-opacity":"","overlay-gradient":""}},"ast-content-background-meta":{"desktop":{"background-color":"var(--ast-global-color-5)","background-image":"","background-repeat":"repeat","background-position":"center center","background-size":"auto","background-attachment":"scroll","background-type":"","background-media":"","overlay-type":"","overlay-color":"","overlay-opacity":"","overlay-gradient":""},"tablet":{"background-color":"var(--ast-global-color-5)","background-image":"","background-repeat":"repeat","background-position":"center center","background-size":"auto","background-attachment":"scroll","background-type":"","background-media":"","overlay-type":"","overlay-color":"","overlay-opacity":"","overlay-gradient":""},"mobile":{"background-color":"var(--ast-global-color-5)","background-image":"","background-repeat":"repeat","background-position":"center center","background-size":"auto","background-attachment":"scroll","background-type":"","background-media":"","overlay-type":"","overlay-color":"","overlay-opacity":"","overlay-gradient":""}},"footnotes":""},"class_list":["post-6051","page","type-page","status-publish","hentry"],"aioseo_notices":[],"uagb_featured_image_src":{"full":false,"thumbnail":false,"medium":false,"medium_large":false,"large":false,"1536x1536":false,"2048x2048":false},"uagb_author_info":{"display_name":"multimedia@studiokey.it","author_link":"https:\/\/www.spig-gmab.com\/de\/author\/multimediastudiokey-it\/"},"uagb_comment_info":0,"uagb_excerpt":"GMAB\u2122 Nasse Rauchgasreinigung Wir sind Spezialisten f\u00fcr die nasse Rauchgasreinigung und die damit verbundene Wasseraufbereitung. Unsere Nassw\u00e4schersysteme bieten eine zuverl\u00e4ssige [&hellip;]","_links":{"self":[{"href":"https:\/\/www.spig-gmab.com\/de\/wp-json\/wp\/v2\/pages\/6051","targetHints":{"allow":["GET"]}}],"collection":[{"href":"https:\/\/www.spig-gmab.com\/de\/wp-json\/wp\/v2\/pages"}],"about":[{"href":"https:\/\/www.spig-gmab.com\/de\/wp-json\/wp\/v2\/types\/page"}],"author":[{"embeddable":true,"href":"https:\/\/www.spig-gmab.com\/de\/wp-json\/wp\/v2\/users\/1"}],"replies":[{"embeddable":true,"href":"https:\/\/www.spig-gmab.com\/de\/wp-json\/wp\/v2\/comments?post=6051"}],"version-history":[{"count":11,"href":"https:\/\/www.spig-gmab.com\/de\/wp-json\/wp\/v2\/pages\/6051\/revisions"}],"predecessor-version":[{"id":9239,"href":"https:\/\/www.spig-gmab.com\/de\/wp-json\/wp\/v2\/pages\/6051\/revisions\/9239"}],"wp:attachment":[{"href":"https:\/\/www.spig-gmab.com\/de\/wp-json\/wp\/v2\/media?parent=6051"}],"curies":[{"name":"wp","href":"https:\/\/api.w.org\/{rel}","templated":true}]}}