{"id":6049,"date":"2024-10-31T11:38:49","date_gmt":"2024-10-31T11:38:49","guid":{"rendered":"https:\/\/spig-gmab.com\/ethik\/"},"modified":"2025-08-25T14:57:12","modified_gmt":"2025-08-25T14:57:12","slug":"ethik","status":"publish","type":"page","link":"https:\/\/www.spig-gmab.com\/de\/ethik\/","title":{"rendered":"Werte &amp; Integrit\u00e4t"},"content":{"rendered":"\n<div class=\"wp-block-uagb-container uagb-block-zgbhmcgz alignfull uagb-is-root-container\"><div class=\"uagb-container-inner-blocks-wrap\">\n<div class=\"wp-block-uagb-info-box uagb-block-ew04gv8n uagb-infobox__content-wrap  uagb-infobox-icon-above-title uagb-infobox-image-valign-top\"><div class=\"uagb-ifb-content\"><div class=\"uagb-ifb-title-wrap\"><h1 class=\"uagb-ifb-title\">Werte &amp; Integrit\u00e4t<\/h1><\/div><p class=\"uagb-ifb-desc\">Integrit\u00e4t ist nicht verhandelbar<\/p><\/div><\/div>\n<\/div><\/div>\n\n\n\n<div class=\"wp-block-uagb-container uagb-block-4neen65n alignfull uagb-is-root-container\"><div class=\"uagb-container-inner-blocks-wrap\">\n<div class=\"wp-block-uagb-container uagb-block-13ae45b9\">\n<div class=\"wp-block-uagb-image alignright uagb-block-krkibjso wp-block-uagb-image--layout-default wp-block-uagb-image--effect-static wp-block-uagb-image--align-right alignleft\"><figure class=\"wp-block-uagb-image__figure\"><img decoding=\"async\" srcset=\"https:\/\/www.spig-gmab.com\/wp-content\/uploads\/2024\/10\/Ethics_pexels-googledeepmind-17485631-scaled.jpg ,https:\/\/www.spig-gmab.com\/wp-content\/uploads\/2024\/10\/Ethics_pexels-googledeepmind-17485631-scaled.jpg 780w, https:\/\/www.spig-gmab.com\/wp-content\/uploads\/2024\/10\/Ethics_pexels-googledeepmind-17485631-scaled.jpg 360w\" sizes=\"auto, (max-width: 480px) 150px\" src=\"https:\/\/www.spig-gmab.com\/wp-content\/uploads\/2024\/10\/Ethics_pexels-googledeepmind-17485631-scaled.jpg\" alt=\"\" class=\"uag-image-4707\" width=\"564\" height=\"423\" title=\"Ethics_pexels-googledeepmind-17485631\" loading=\"lazy\" role=\"img\"\/><\/figure><\/div>\n<\/div>\n\n\n\n<div class=\"wp-block-uagb-container uagb-block-slvpzmfu\">\n<div class=\"wp-block-uagb-info-box uagb-block-sfoqfciu uagb-infobox__content-wrap  uagb-infobox-icon-above-title uagb-infobox-image-valign-top\"><div class=\"uagb-ifb-content\"><div class=\"uagb-ifb-title-wrap\"><h2 class=\"uagb-ifb-title\"><strong>Kl\u00e4rungen und Meldung von Unregelm\u00e4\u00dfigkeiten<\/strong><\/h2><\/div><p class=\"uagb-ifb-desc\">Wir verlangen die strikte Einhaltung unserer ethischen Grunds\u00e4tze und Verhaltensstandards sowie die vollst\u00e4ndige Befolgung unseres Verhaltenskodexes und aller f\u00fcr unsere Gesch\u00e4ftst\u00e4tigkeit geltenden Vorschriften. Sollten daher Verst\u00f6\u00dfe auftreten und\/oder die Einhaltung dieser Standards in Frage gestellt werden, empfehlen wir Ihnen, das von der Firma eingef\u00fchrte Hinweisgebersystem (Whistleblowing Procedure) zu konsultieren und eine Meldung \u00fcber unsere Whistleblowing-Plattform einzureichen (<a href=\"https:\/\/spiggmab.whistlelink.com\/\" target=\"_blank\" rel=\"noopener\" title=\"\"><strong>Whistleblowing Platform<\/strong><\/a>).<br><br>F\u00fcr R\u00fcckfragen zu unseren ethischen Grunds\u00e4tzen und Verhaltensstandards wenden Sie sich bitte an unser Ethics &amp; Compliance Team unter folgender E-Mail-Adresse:\u00a0<a href=\"mailto:ethics@spig-gmab.com\">ethics@spig-gmab.com<\/a>.<br><br>Laden Sie unseren Verhaltenskodex herunter. <strong>Code of Ethics<\/strong>: <a href=\"https:\/\/www.spig-gmab.com\/wp-content\/uploads\/2025\/05\/SPIG_Codice_etico_e_di_condotta_aziendale_R04_EN.pdf\" target=\"_blank\" rel=\"noopener\" title=\"\"><a href=\"https:\/\/www.spig-gmab.com\/wp-content\/uploads\/2025\/08\/SPIG_Codice_etico_e_di_condotta_aziendale_R04_EN.pdf\" target=\"_blank\" rel=\"noopener\" title=\"\">EN Version<\/a><\/a> <br>Laden Sie unseren Lieferantenkodex herunter. <strong>Supplier Code of Conduct<\/strong>: <a href=\"https:\/\/www.spig-gmab.com\/wp-content\/uploads\/2025\/05\/SPIG_Codice_di_condotta_per_i_fornitori_R04_EN.pdf\" target=\"_blank\" rel=\"noopener\" title=\"\">EN version<\/a> <br>Laden Sie unsere Whistleblowing-Richtlinie herunter. <strong>Whistleblowing Procedure<\/strong>: <a href=\"https:\/\/www.spig-gmab.com\/whistleblowing\/whistleblowing-procedure-ENG.pdf\" target=\"_blank\" rel=\"noopener\" title=\"\">EN Version<\/a><br><\/p><\/div><\/div>\n<\/div>\n<\/div><\/div>\n\n\n\n<div class=\"wp-block-uagb-container uagb-block-d8778889 alignfull uagb-is-root-container\"><div class=\"uagb-container-inner-blocks-wrap\">\n<div class=\"wp-block-uagb-info-box uagb-block-e7496786 uagb-infobox__content-wrap  uagb-infobox-icon-above-title uagb-infobox-image-valign-top\"><div class=\"uagb-ifb-content\"><div class=\"uagb-ifb-title-wrap\"><\/div><\/div><\/div>\n\n\n\n<div class=\"wp-block-uagb-container uagb-block-90f775dd\"><\/div>\n\n\n\n<div class=\"wp-block-uagb-container uagb-block-dc2bf124\"><\/div>\n<\/div><\/div>\n\n\n\n<div class=\"wp-block-uagb-container uagb-block-4544867c alignfull uagb-is-root-container\"><\/div>\n","protected":false},"excerpt":{"rendered":"","protected":false},"author":1,"featured_media":0,"parent":0,"menu_order":0,"comment_status":"closed","ping_status":"closed","template":"","meta":{"_uag_custom_page_level_css":"","_monsterinsights_skip_tracking":false,"_monsterinsights_sitenote_active":false,"_monsterinsights_sitenote_note":"","_monsterinsights_sitenote_category":0,"site-sidebar-layout":"default","site-content-layout":"","ast-site-content-layout":"","site-content-style":"default","site-sidebar-style":"default","ast-global-header-display":"","ast-banner-title-visibility":"","ast-main-header-display":"","ast-hfb-above-header-display":"","ast-hfb-below-header-display":"","ast-hfb-mobile-header-display":"","site-post-title":"disabled","ast-breadcrumbs-content":"","ast-featured-img":"","footer-sml-layout":"","theme-transparent-header-meta":"","adv-header-id-meta":"","stick-header-meta":"","header-above-stick-meta":"","header-main-stick-meta":"","header-below-stick-meta":"","astra-migrate-meta-layouts":"default","ast-page-background-enabled":"default","ast-page-background-meta":{"desktop":{"background-color":"var(--ast-global-color-4)","background-image":"","background-repeat":"repeat","background-position":"center center","background-size":"auto","background-attachment":"scroll","background-type":"","background-media":"","overlay-type":"","overlay-color":"","overlay-opacity":"","overlay-gradient":""},"tablet":{"background-color":"","background-image":"","background-repeat":"repeat","background-position":"center center","background-size":"auto","background-attachment":"scroll","background-type":"","background-media":"","overlay-type":"","overlay-color":"","overlay-opacity":"","overlay-gradient":""},"mobile":{"background-color":"","background-image":"","background-repeat":"repeat","background-position":"center center","background-size":"auto","background-attachment":"scroll","background-type":"","background-media":"","overlay-type":"","overlay-color":"","overlay-opacity":"","overlay-gradient":""}},"ast-content-background-meta":{"desktop":{"background-color":"var(--ast-global-color-5)","background-image":"","background-repeat":"repeat","background-position":"center center","background-size":"auto","background-attachment":"scroll","background-type":"","background-media":"","overlay-type":"","overlay-color":"","overlay-opacity":"","overlay-gradient":""},"tablet":{"background-color":"var(--ast-global-color-5)","background-image":"","background-repeat":"repeat","background-position":"center center","background-size":"auto","background-attachment":"scroll","background-type":"","background-media":"","overlay-type":"","overlay-color":"","overlay-opacity":"","overlay-gradient":""},"mobile":{"background-color":"var(--ast-global-color-5)","background-image":"","background-repeat":"repeat","background-position":"center center","background-size":"auto","background-attachment":"scroll","background-type":"","background-media":"","overlay-type":"","overlay-color":"","overlay-opacity":"","overlay-gradient":""}},"footnotes":""},"class_list":["post-6049","page","type-page","status-publish","hentry"],"aioseo_notices":[],"uagb_featured_image_src":{"full":false,"thumbnail":false,"medium":false,"medium_large":false,"large":false,"1536x1536":false,"2048x2048":false},"uagb_author_info":{"display_name":"multimedia@studiokey.it","author_link":"https:\/\/www.spig-gmab.com\/de\/author\/multimediastudiokey-it\/"},"uagb_comment_info":0,"uagb_excerpt":null,"_links":{"self":[{"href":"https:\/\/www.spig-gmab.com\/de\/wp-json\/wp\/v2\/pages\/6049","targetHints":{"allow":["GET"]}}],"collection":[{"href":"https:\/\/www.spig-gmab.com\/de\/wp-json\/wp\/v2\/pages"}],"about":[{"href":"https:\/\/www.spig-gmab.com\/de\/wp-json\/wp\/v2\/types\/page"}],"author":[{"embeddable":true,"href":"https:\/\/www.spig-gmab.com\/de\/wp-json\/wp\/v2\/users\/1"}],"replies":[{"embeddable":true,"href":"https:\/\/www.spig-gmab.com\/de\/wp-json\/wp\/v2\/comments?post=6049"}],"version-history":[{"count":10,"href":"https:\/\/www.spig-gmab.com\/de\/wp-json\/wp\/v2\/pages\/6049\/revisions"}],"predecessor-version":[{"id":8942,"href":"https:\/\/www.spig-gmab.com\/de\/wp-json\/wp\/v2\/pages\/6049\/revisions\/8942"}],"wp:attachment":[{"href":"https:\/\/www.spig-gmab.com\/de\/wp-json\/wp\/v2\/media?parent=6049"}],"curies":[{"name":"wp","href":"https:\/\/api.w.org\/{rel}","templated":true}]}}