{"id":6045,"date":"2024-09-26T13:21:28","date_gmt":"2024-09-26T13:21:28","guid":{"rendered":"https:\/\/spig-gmab.com\/adiox-dioxin-entfernung\/"},"modified":"2025-05-04T12:52:47","modified_gmt":"2025-05-04T12:52:47","slug":"adiox-dioxin-entfernung","status":"publish","type":"page","link":"https:\/\/www.spig-gmab.com\/de\/adiox-dioxin-entfernung\/","title":{"rendered":"ADIOX\u00ae Dioxin-Abscheidung"},"content":{"rendered":"\n<div class=\"wp-block-uagb-container uagb-block-zgbhmcgz alignfull uagb-is-root-container\"><div class=\"uagb-container-inner-blocks-wrap\">\n<div class=\"wp-block-uagb-info-box uagb-block-ew04gv8n uagb-infobox__content-wrap  uagb-infobox-icon-above-title uagb-infobox-image-valign-top\"><div class=\"uagb-ifb-content\"><div class=\"uagb-ifb-title-wrap\"><h1 class=\"uagb-ifb-title\"><strong><strong>ADIOX\u00ae Dioxin-Abscheidung<\/strong><\/strong><\/h1><\/div><p class=\"uagb-ifb-desc\">Kann in nassen, ges\u00e4ttigten und trockenen Anwendungen installiert werden<\/p><\/div><\/div>\n<\/div><\/div>\n\n\n\n<div class=\"wp-block-uagb-container uagb-block-4neen65n alignfull uagb-is-root-container\"><div class=\"uagb-container-inner-blocks-wrap\">\n<div class=\"wp-block-uagb-container uagb-block-0435a92b\">\n<div class=\"wp-block-uagb-image alignright uagb-block-krkibjso wp-block-uagb-image--layout-default wp-block-uagb-image--effect-static wp-block-uagb-image--align-right alignleft\"><figure class=\"wp-block-uagb-image__figure\"><img decoding=\"async\" srcset=\"https:\/\/www.spig-gmab.com\/wp-content\/uploads\/2024\/09\/5-crop.jpg ,https:\/\/www.spig-gmab.com\/wp-content\/uploads\/2024\/09\/5-crop.jpg 780w, https:\/\/www.spig-gmab.com\/wp-content\/uploads\/2024\/09\/5-crop.jpg 360w\" sizes=\"auto, (max-width: 480px) 150px\" src=\"https:\/\/www.spig-gmab.com\/wp-content\/uploads\/2024\/09\/5-crop.jpg\" alt=\"\" class=\"uag-image-1705\" width=\"350\" height=\"423\" title=\"5-crop\" loading=\"lazy\" role=\"img\"\/><\/figure><\/div>\n<\/div>\n\n\n\n<div class=\"wp-block-uagb-container uagb-block-slvpzmfu\">\n<div class=\"wp-block-uagb-info-box uagb-block-sfoqfciu uagb-infobox__content-wrap  uagb-infobox-icon-above-title uagb-infobox-image-valign-top\"><div class=\"uagb-ifb-content\"><div class=\"uagb-ifb-title-wrap\"><h2 class=\"uagb-ifb-title\"><strong><strong>ADIOX\u00ae Dioxin-Abscheidung<\/strong><\/strong><\/h2><\/div><p class=\"uagb-ifb-desc\">GMAB\u2122 hat eine Reihe einzigartiger Technologien entwickelt, die in bestehende Anlagen nachger\u00fcstet und in unsere Gesamtpaketl\u00f6sung integriert werden k\u00f6nnen.<br><br>Der ADIOX\u00ae Prozess zur Dioxinabscheidung nutzt die starke Affinit\u00e4t von Dioxinen zu Kohlenstoff. Durch die Integration winziger Kohlenstoffpartikel in Polypropylenkunststoffen (PP), schaffen wir ein hochwirksames Material zur Dioxinreduzierung. Dieser innovative Ansatz macht sich die adsorptiven Eigenschaften von Kohlenstoff zunutze und sorgt daf\u00fcr, dass die in den PP-Kunststoffen verteilten Kohlenstoffpartikel Dioxine effizient einfangen und aus der Umwelt entfernen. Diese Methode erh\u00f6ht nicht nur die Wirksamkeit des Materials, sondern tr\u00e4gt auch zu einem saubereren und sichereren \u00d6kosystem bei.   <br><br>Wenn ein Dioxinmolek\u00fcl im Rauchgas vorhanden ist, wird es zun\u00e4chst vom Polypropylenmaterial absorbiert. Von dort wandert es zu einem Kohlenstoffpartikel, wo es stark adsorbiert wird, d.h. es haftet fest an der Oberfl\u00e4che des Kohlenstoffs. Das PP-Material wirkt wie eine selektive Membran, die bevorzugt Molek\u00fcle wie Dioxine auff\u00e4ngt. Sobald das ADIOX-Material das Ende seiner Nutzungsdauer erreicht hat, wird es verbrannt. W\u00e4hrend dieses Verbrennungsprozesses werden die Dioxine zerst\u00f6rt, wodurch sie effektiv aus dem \u00f6kologischen Kreislauf entfernt werden und nicht wieder in die Umwelt gelangen k\u00f6nnen.    <br><br>F\u00fcllk\u00f6rper und Tropfenabscheider, hergestellt aus ADIOX-Material, k\u00f6nnen in nassen, ges\u00e4ttigten und trockenen Anwendungen eingesetzt werden.<\/p><\/div><\/div>\n\n\n\n<figure class=\"wp-block-video\"><video controls src=\"https:\/\/www.spig-gmab.com\/wp-content\/uploads\/2025\/04\/intervista_gmab_sven_clip-1_v4.1-720p.mp4\"><\/video><\/figure>\n<\/div>\n<\/div><\/div>\n\n\n\n<div class=\"wp-block-uagb-container uagb-block-67imbnbc alignfull uagb-is-root-container\"><div class=\"uagb-container-inner-blocks-wrap\">\n<div class=\"wp-block-uagb-info-box uagb-block-akrifalx uagb-infobox__content-wrap  uagb-infobox-icon-above-title uagb-infobox-image-valign-top wp-block-uagb-info-box--has-margin\"><div class=\"uagb-infobox-margin-wrapper\"><div class=\"uagb-ifb-content\"><div class=\"uagb-ifb-title-wrap\"><h2 class=\"uagb-ifb-title\">Erreichen Sie Ihre Ziele<\/h2><\/div><p class=\"uagb-ifb-desc\">Kontaktieren Sie jetzt SPIG und GMAB und verwirklichen Sie Ihre Ziele gemeinsam mit uns. <\/p><\/div><\/div><\/div>\n\n\n\n<div class=\"wp-block-uagb-buttons uagb-buttons__outer-wrap uagb-btn__default-btn uagb-btn-tablet__default-btn uagb-btn-mobile__default-btn uagb-block-yuzskiwf\"><div class=\"uagb-buttons__wrap uagb-buttons-layout-wrap \">\n<div class=\"wp-block-uagb-buttons-child uagb-buttons__outer-wrap uagb-block-6m96fron wp-block-button\"><div class=\"uagb-button__wrapper\"><a class=\"uagb-buttons-repeater wp-block-button__link\" aria-label=\"\" href=\"https:\/\/www.spig-gmab.com\/contact\/\" rel=\"follow noopener\" target=\"_self\" role=\"button\"><div class=\"uagb-button__link\">KONTAKT<\/div><\/a><\/div><\/div>\n<\/div><\/div>\n<\/div><\/div>\n","protected":false},"excerpt":{"rendered":"","protected":false},"author":1,"featured_media":0,"parent":0,"menu_order":0,"comment_status":"closed","ping_status":"closed","template":"","meta":{"_uag_custom_page_level_css":"","_monsterinsights_skip_tracking":false,"_monsterinsights_sitenote_active":false,"_monsterinsights_sitenote_note":"","_monsterinsights_sitenote_category":0,"site-sidebar-layout":"default","site-content-layout":"","ast-site-content-layout":"","site-content-style":"default","site-sidebar-style":"default","ast-global-header-display":"","ast-banner-title-visibility":"","ast-main-header-display":"","ast-hfb-above-header-display":"","ast-hfb-below-header-display":"","ast-hfb-mobile-header-display":"","site-post-title":"disabled","ast-breadcrumbs-content":"","ast-featured-img":"","footer-sml-layout":"","ast-disable-related-posts":"","theme-transparent-header-meta":"","adv-header-id-meta":"","stick-header-meta":"","header-above-stick-meta":"","header-main-stick-meta":"","header-below-stick-meta":"","astra-migrate-meta-layouts":"default","ast-page-background-enabled":"default","ast-page-background-meta":{"desktop":{"background-color":"var(--ast-global-color-4)","background-image":"","background-repeat":"repeat","background-position":"center center","background-size":"auto","background-attachment":"scroll","background-type":"","background-media":"","overlay-type":"","overlay-color":"","overlay-opacity":"","overlay-gradient":""},"tablet":{"background-color":"","background-image":"","background-repeat":"repeat","background-position":"center center","background-size":"auto","background-attachment":"scroll","background-type":"","background-media":"","overlay-type":"","overlay-color":"","overlay-opacity":"","overlay-gradient":""},"mobile":{"background-color":"","background-image":"","background-repeat":"repeat","background-position":"center center","background-size":"auto","background-attachment":"scroll","background-type":"","background-media":"","overlay-type":"","overlay-color":"","overlay-opacity":"","overlay-gradient":""}},"ast-content-background-meta":{"desktop":{"background-color":"var(--ast-global-color-5)","background-image":"","background-repeat":"repeat","background-position":"center center","background-size":"auto","background-attachment":"scroll","background-type":"","background-media":"","overlay-type":"","overlay-color":"","overlay-opacity":"","overlay-gradient":""},"tablet":{"background-color":"var(--ast-global-color-5)","background-image":"","background-repeat":"repeat","background-position":"center center","background-size":"auto","background-attachment":"scroll","background-type":"","background-media":"","overlay-type":"","overlay-color":"","overlay-opacity":"","overlay-gradient":""},"mobile":{"background-color":"var(--ast-global-color-5)","background-image":"","background-repeat":"repeat","background-position":"center center","background-size":"auto","background-attachment":"scroll","background-type":"","background-media":"","overlay-type":"","overlay-color":"","overlay-opacity":"","overlay-gradient":""}},"footnotes":""},"class_list":["post-6045","page","type-page","status-publish","hentry"],"aioseo_notices":[],"uagb_featured_image_src":{"full":false,"thumbnail":false,"medium":false,"medium_large":false,"large":false,"1536x1536":false,"2048x2048":false},"uagb_author_info":{"display_name":"multimedia@studiokey.it","author_link":"https:\/\/www.spig-gmab.com\/de\/author\/multimediastudiokey-it\/"},"uagb_comment_info":0,"uagb_excerpt":null,"_links":{"self":[{"href":"https:\/\/www.spig-gmab.com\/de\/wp-json\/wp\/v2\/pages\/6045","targetHints":{"allow":["GET"]}}],"collection":[{"href":"https:\/\/www.spig-gmab.com\/de\/wp-json\/wp\/v2\/pages"}],"about":[{"href":"https:\/\/www.spig-gmab.com\/de\/wp-json\/wp\/v2\/types\/page"}],"author":[{"embeddable":true,"href":"https:\/\/www.spig-gmab.com\/de\/wp-json\/wp\/v2\/users\/1"}],"replies":[{"embeddable":true,"href":"https:\/\/www.spig-gmab.com\/de\/wp-json\/wp\/v2\/comments?post=6045"}],"version-history":[{"count":6,"href":"https:\/\/www.spig-gmab.com\/de\/wp-json\/wp\/v2\/pages\/6045\/revisions"}],"predecessor-version":[{"id":8536,"href":"https:\/\/www.spig-gmab.com\/de\/wp-json\/wp\/v2\/pages\/6045\/revisions\/8536"}],"wp:attachment":[{"href":"https:\/\/www.spig-gmab.com\/de\/wp-json\/wp\/v2\/media?parent=6045"}],"curies":[{"name":"wp","href":"https:\/\/api.w.org\/{rel}","templated":true}]}}