{"id":6043,"date":"2024-10-29T09:40:43","date_gmt":"2024-10-29T09:40:43","guid":{"rendered":"https:\/\/spig-gmab.com\/ueber-uns\/"},"modified":"2025-05-07T07:58:21","modified_gmt":"2025-05-07T07:58:21","slug":"ueber-uns","status":"publish","type":"page","link":"https:\/\/www.spig-gmab.com\/de\/ueber-uns\/","title":{"rendered":"\u00dcber uns"},"content":{"rendered":"\n<div class=\"wp-block-uagb-container uagb-block-zgbhmcgz alignfull uagb-is-root-container\"><div class=\"uagb-container-inner-blocks-wrap\">\n<div class=\"wp-block-uagb-info-box uagb-block-ew04gv8n uagb-infobox__content-wrap  uagb-infobox-icon-above-title uagb-infobox-image-valign-top\"><div class=\"uagb-ifb-content\"><div class=\"uagb-ifb-title-wrap\"><h1 class=\"uagb-ifb-title\">\u00dcber uns<\/h1><\/div><p class=\"uagb-ifb-desc\">SPIG und GMAB sind Teil der AUCTUS Capital Partners AG<\/p><\/div><\/div>\n<\/div><\/div>\n\n\n\n<div class=\"wp-block-uagb-container uagb-block-4neen65n alignfull uagb-is-root-container\"><div class=\"uagb-container-inner-blocks-wrap\">\n<div class=\"wp-block-uagb-container uagb-block-slvpzmfu\">\n<div class=\"wp-block-uagb-info-box uagb-block-sfoqfciu uagb-infobox__content-wrap  uagb-infobox-icon-above-title uagb-infobox-image-valign-top\"><div class=\"uagb-ifb-content\"><div class=\"uagb-ifb-title-wrap\"><h2 class=\"uagb-ifb-title\"><strong>Unsere Geschichte<\/strong><\/h2><\/div><p class=\"uagb-ifb-desc\">SPIG und GMAB sind Teil der AUCTUS Capital Partners AG. AUCTUS wurde 2001 gegr\u00fcndet und geh\u00f6rt zu den f\u00fchrenden Investmentgesellschaften, die sich auf kleine und mittlere Unternehmen in Europa konzentrieren. Durch unsere Buy-and-Build-Strategien hat AUCTUS mehr Marktf\u00fchrer geschaffen als jeder andere Fonds in Europa. AUCTUS ist mit Abstand das aktivste Private-Equity-Unternehmen in Deutschland. AUCTUS behauptet diese f\u00fchrende Position trotz des schwierigen Marktumfelds f\u00fcr Beteiligungsgesellschaften und entgegen dem aktuellen Trend, bei dem die Zahl der Private-Equity-Investoren zugunsten von strategischen K\u00e4ufern abnimmt.    <\/p><\/div><\/div>\n<\/div>\n<\/div><\/div>\n\n\n\n<div class=\"wp-block-uagb-container uagb-block-536fa3a7 alignfull uagb-is-root-container\"><div class=\"uagb-container-inner-blocks-wrap\">\n<div class=\"wp-block-uagb-image alignright uagb-block-6699cf04 wp-block-uagb-image--layout-default wp-block-uagb-image--effect-static wp-block-uagb-image--align-right alignleft\"><figure class=\"wp-block-uagb-image__figure\"><img decoding=\"async\" srcset=\"https:\/\/www.spig-gmab.com\/wp-content\/uploads\/2024\/09\/SPIG_Eng_History_Forex_mod-768x1024.jpg ,https:\/\/www.spig-gmab.com\/wp-content\/uploads\/2024\/09\/SPIG_Eng_History_Forex_mod.jpg 780w, https:\/\/www.spig-gmab.com\/wp-content\/uploads\/2024\/09\/SPIG_Eng_History_Forex_mod.jpg 360w\" sizes=\"auto, (max-width: 480px) 150px\" src=\"https:\/\/www.spig-gmab.com\/wp-content\/uploads\/2024\/09\/SPIG_Eng_History_Forex_mod-768x1024.jpg\" alt=\"\" class=\"uag-image-1689\" width=\"768\" height=\"1024\" title=\"SPIG_Eng_History_Forex_mod\" loading=\"lazy\" role=\"img\"\/><figcaption class=\"uagb-image-caption\">SPIG Gr\u00fcnder im Jahr 1923<\/figcaption><\/figure><\/div>\n\n\n\n<div class=\"wp-block-uagb-container uagb-block-0356e1e5\">\n<div class=\"wp-block-uagb-info-box uagb-block-366e9207 uagb-infobox__content-wrap  uagb-infobox-icon-above-title uagb-infobox-image-valign-top\"><div class=\"uagb-ifb-content\"><div class=\"uagb-ifb-title-wrap\"><h2 class=\"uagb-ifb-title\"><strong>SPIG<\/strong><\/h2><\/div><p class=\"uagb-ifb-desc\">SPIG ist ein weltweit t\u00e4tiges Unternehmen, das eine breite Palette an schl\u00fcsselfertigen K\u00fchlsystemen anbietet. Seit 1936 haben wir viele hochmoderne K\u00fchlsystemprojekte f\u00fcr eine Vielzahl von Branchen entworfen, konstruiert und installiert. SPIG ist ein globaler Anbieter von ma\u00dfgeschneiderten K\u00fchlsystemen und Serviceleistungen.    <br>SPIG wurde 1936 in Italien gegr\u00fcndet und ist mit seinen projektbezogenen L\u00f6sungen und Niederlassungen in fast 50 L\u00e4ndern weltweit bekannt. Unser Kompetenzzentrum f\u00fcr K\u00fchlsysteme in Paruzzaro besch\u00e4ftigt etwa 150 Mitarbeiter an Standorten weltweit.   <br>Unsere Erfahrung umfasst Nass-, Trocken- und Hybridk\u00fchlung (kombinierte Nass- und Trockenk\u00fchlung), je nach den spezifischen Anforderungen des Standorts. Wir liefern sowohl saugbel\u00fcftete Nassk\u00fchlung als auch Naturzugsysteme und konstruieren diese f\u00fcr verschiedenste  Projektanforderungen, wie hohe seismische Belastungen, Vibrationskontrolle, Korrosion, L\u00e4rmschutz, Betrieb unter dem Gefrierpunkt und Nutzung von Meerwasser .   <br>Die unten aufgef\u00fchrten Projekte sind Beispiele daf\u00fcr, wie SPIG branchenf\u00fchrende K\u00fchlsysteme f\u00fcr Kunden auf der ganzen Welt geliefert hat.<\/p><\/div><\/div>\n<\/div>\n<\/div><\/div>\n\n\n\n<div class=\"wp-block-uagb-container uagb-block-2b88301c alignfull uagb-is-root-container\"><div class=\"uagb-container-inner-blocks-wrap\">\n<div class=\"wp-block-uagb-container uagb-block-e3e9fcd8\">\n<div class=\"wp-block-uagb-info-box uagb-block-890485e5 uagb-infobox__content-wrap  uagb-infobox-icon-above-title uagb-infobox-image-valign-top\"><div class=\"uagb-ifb-content\"><div class=\"uagb-ifb-title-wrap\"><h2 class=\"uagb-ifb-title\"><strong>GMAB<\/strong><\/h2><\/div><p class=\"uagb-ifb-desc\">G\u00f6taverken wurde 1841 gegr\u00fcndet und produzierte Schiffe, Heizkessel, Dieselmotoren und sogar Flugzeuge. G\u00f6taverken Milj\u00f6 AB (GMAB) wurde 1988 als Spin-off von G\u00f6taverken Energy Systems gegr\u00fcndet. Das erste gr\u00f6\u00dfere Projekt umfasste die Lieferung von Kompressionsw\u00e4rmepumpen an die Fa. GRYAB und nasse Rauchgasw\u00e4scher mit Rauchgaskondensation f\u00fcr drei Kesselz\u00fcge an die Fa. GRAAB im Jahr 1988, beide ans\u00e4ssig in G\u00f6teborg. Dies war die weltweit erste Rauchgaskondensationsanlage in einer M\u00fcllverbrennungsanlage. GMAB wurde 1998 vom schwedischen Pensionsfond Sj\u00e4tte AP-fonden \u00fcbernommen. Im Jahr 2010 erfolgte die Eingliederung von GMAB in die  Firma Babcock &amp; Wilcox V\u00f8lund A\/S und deren Portfolio f\u00fcr umwelttechnische L\u00f6sungen. Im Jahr 2024 wurde GMAB von der AUCTUS Capital Partners AG \u00fcbernommen und ist seitdem Partner von SPIG SpA. GMAB ist bekannt f\u00fcr seine fortschrittlichen Rauchgasreinigungssysteme und -technologien und hat einen starken Fokus auf die Entwicklung und Vermarktung neuer Technologien und hat mit mehreren Universit\u00e4ten und Forschungsinstituten zusammengearbeitet, um die Emissionen und den \u00f6kologischen Fu\u00dfabdruck kontinuierlich zu reduzieren. Das Ergebnis dieser Zusammenarbeit ist eine breites Portfolio an innovativen Technologien.        <\/p><\/div><\/div>\n<\/div>\n\n\n\n<div class=\"wp-block-uagb-image alignright uagb-block-a2add538 wp-block-uagb-image--layout-default wp-block-uagb-image--effect-static wp-block-uagb-image--align-right alignleft\"><figure class=\"wp-block-uagb-image__figure\"><img decoding=\"async\" srcset=\"https:\/\/www.spig-gmab.com\/wp-content\/uploads\/2024\/09\/Gotaverken-ad-1934.jpg ,https:\/\/www.spig-gmab.com\/wp-content\/uploads\/2024\/09\/Gotaverken-ad-1934.jpg 780w, https:\/\/www.spig-gmab.com\/wp-content\/uploads\/2024\/09\/Gotaverken-ad-1934.jpg 360w\" sizes=\"auto, (max-width: 480px) 150px\" src=\"https:\/\/www.spig-gmab.com\/wp-content\/uploads\/2024\/09\/Gotaverken-ad-1934.jpg\" alt=\"\" class=\"uag-image-1693\" width=\"350\" height=\"423\" title=\"Gotaverken-ad-1934\" loading=\"lazy\" role=\"img\"\/><figcaption class=\"uagb-image-caption\">G\u00f6taverken Werbeplakat von 1934<\/figcaption><\/figure><\/div>\n<\/div><\/div>\n","protected":false},"excerpt":{"rendered":"","protected":false},"author":1,"featured_media":0,"parent":0,"menu_order":0,"comment_status":"closed","ping_status":"closed","template":"","meta":{"_uag_custom_page_level_css":"","_monsterinsights_skip_tracking":false,"_monsterinsights_sitenote_active":false,"_monsterinsights_sitenote_note":"","_monsterinsights_sitenote_category":0,"site-sidebar-layout":"default","site-content-layout":"","ast-site-content-layout":"","site-content-style":"default","site-sidebar-style":"default","ast-global-header-display":"","ast-banner-title-visibility":"","ast-main-header-display":"","ast-hfb-above-header-display":"","ast-hfb-below-header-display":"","ast-hfb-mobile-header-display":"","site-post-title":"disabled","ast-breadcrumbs-content":"","ast-featured-img":"","footer-sml-layout":"","ast-disable-related-posts":"","theme-transparent-header-meta":"","adv-header-id-meta":"","stick-header-meta":"","header-above-stick-meta":"","header-main-stick-meta":"","header-below-stick-meta":"","astra-migrate-meta-layouts":"default","ast-page-background-enabled":"default","ast-page-background-meta":{"desktop":{"background-color":"var(--ast-global-color-4)","background-image":"","background-repeat":"repeat","background-position":"center center","background-size":"auto","background-attachment":"scroll","background-type":"","background-media":"","overlay-type":"","overlay-color":"","overlay-opacity":"","overlay-gradient":""},"tablet":{"background-color":"","background-image":"","background-repeat":"repeat","background-position":"center center","background-size":"auto","background-attachment":"scroll","background-type":"","background-media":"","overlay-type":"","overlay-color":"","overlay-opacity":"","overlay-gradient":""},"mobile":{"background-color":"","background-image":"","background-repeat":"repeat","background-position":"center center","background-size":"auto","background-attachment":"scroll","background-type":"","background-media":"","overlay-type":"","overlay-color":"","overlay-opacity":"","overlay-gradient":""}},"ast-content-background-meta":{"desktop":{"background-color":"var(--ast-global-color-5)","background-image":"","background-repeat":"repeat","background-position":"center center","background-size":"auto","background-attachment":"scroll","background-type":"","background-media":"","overlay-type":"","overlay-color":"","overlay-opacity":"","overlay-gradient":""},"tablet":{"background-color":"var(--ast-global-color-5)","background-image":"","background-repeat":"repeat","background-position":"center center","background-size":"auto","background-attachment":"scroll","background-type":"","background-media":"","overlay-type":"","overlay-color":"","overlay-opacity":"","overlay-gradient":""},"mobile":{"background-color":"var(--ast-global-color-5)","background-image":"","background-repeat":"repeat","background-position":"center center","background-size":"auto","background-attachment":"scroll","background-type":"","background-media":"","overlay-type":"","overlay-color":"","overlay-opacity":"","overlay-gradient":""}},"footnotes":""},"class_list":["post-6043","page","type-page","status-publish","hentry"],"aioseo_notices":[],"uagb_featured_image_src":{"full":false,"thumbnail":false,"medium":false,"medium_large":false,"large":false,"1536x1536":false,"2048x2048":false},"uagb_author_info":{"display_name":"multimedia@studiokey.it","author_link":"https:\/\/www.spig-gmab.com\/de\/author\/multimediastudiokey-it\/"},"uagb_comment_info":0,"uagb_excerpt":null,"_links":{"self":[{"href":"https:\/\/www.spig-gmab.com\/de\/wp-json\/wp\/v2\/pages\/6043","targetHints":{"allow":["GET"]}}],"collection":[{"href":"https:\/\/www.spig-gmab.com\/de\/wp-json\/wp\/v2\/pages"}],"about":[{"href":"https:\/\/www.spig-gmab.com\/de\/wp-json\/wp\/v2\/types\/page"}],"author":[{"embeddable":true,"href":"https:\/\/www.spig-gmab.com\/de\/wp-json\/wp\/v2\/users\/1"}],"replies":[{"embeddable":true,"href":"https:\/\/www.spig-gmab.com\/de\/wp-json\/wp\/v2\/comments?post=6043"}],"version-history":[{"count":6,"href":"https:\/\/www.spig-gmab.com\/de\/wp-json\/wp\/v2\/pages\/6043\/revisions"}],"predecessor-version":[{"id":8622,"href":"https:\/\/www.spig-gmab.com\/de\/wp-json\/wp\/v2\/pages\/6043\/revisions\/8622"}],"wp:attachment":[{"href":"https:\/\/www.spig-gmab.com\/de\/wp-json\/wp\/v2\/media?parent=6043"}],"curies":[{"name":"wp","href":"https:\/\/api.w.org\/{rel}","templated":true}]}}