{"id":6041,"date":"2024-10-31T10:54:09","date_gmt":"2024-10-31T10:54:09","guid":{"rendered":"https:\/\/spig-gmab.com\/vision-auftrag\/"},"modified":"2025-04-24T05:21:25","modified_gmt":"2025-04-24T05:21:25","slug":"vision-auftrag","status":"publish","type":"page","link":"https:\/\/www.spig-gmab.com\/de\/vision-auftrag\/","title":{"rendered":"Vision &amp; Mission"},"content":{"rendered":"\n<div class=\"wp-block-uagb-container uagb-block-zgbhmcgz alignfull uagb-is-root-container\"><div class=\"uagb-container-inner-blocks-wrap\">\n<div class=\"wp-block-uagb-info-box uagb-block-ew04gv8n uagb-infobox__content-wrap  uagb-infobox-icon-above-title uagb-infobox-image-valign-top\"><div class=\"uagb-ifb-content\"><div class=\"uagb-ifb-title-wrap\"><h1 class=\"uagb-ifb-title\">Unsere Vision &amp; Mission<\/h1><\/div><p class=\"uagb-ifb-desc\">Auf dem Weg in eine saubere Zukunft<\/p><\/div><\/div>\n<\/div><\/div>\n\n\n\n<div class=\"wp-block-uagb-container uagb-block-4neen65n alignfull uagb-is-root-container\"><div class=\"uagb-container-inner-blocks-wrap\">\n<div class=\"wp-block-uagb-container uagb-block-9b8f2899\">\n<div class=\"wp-block-uagb-image alignright uagb-block-krkibjso wp-block-uagb-image--layout-default wp-block-uagb-image--effect-static wp-block-uagb-image--align-right figure-100\"><figure class=\"wp-block-uagb-image__figure\"><img decoding=\"async\" srcset=\"https:\/\/www.spig-gmab.com\/wp-content\/uploads\/2024\/10\/SPIG-GMAB_Vision-scaled.jpg ,https:\/\/www.spig-gmab.com\/wp-content\/uploads\/2024\/10\/SPIG-GMAB_Vision-scaled.jpg 780w, https:\/\/www.spig-gmab.com\/wp-content\/uploads\/2024\/10\/SPIG-GMAB_Vision-scaled.jpg 360w\" sizes=\"auto, (max-width: 480px) 150px\" src=\"https:\/\/www.spig-gmab.com\/wp-content\/uploads\/2024\/10\/SPIG-GMAB_Vision-scaled.jpg\" alt=\"\" class=\"uag-image-4254\" width=\"564\" height=\"423\" title=\"\" loading=\"lazy\" role=\"presentation\"\/><\/figure><\/div>\n<\/div>\n\n\n\n<div class=\"wp-block-uagb-container uagb-block-slvpzmfu\">\n<div class=\"wp-block-group is-layout-flow wp-block-group-is-layout-flow\" style=\"padding-right:0px\">\n<h2 class=\"wp-block-heading\" style=\"padding-right:0px;font-style:normal;font-weight:800\">Unsere Vision<\/h2>\n\n\n\n<p>Wir wollen die erste Wahl f\u00fcr vor Ort errichtete K\u00fchlsysteme und Umwelttechnologien zur Emissionsminderung werden, um die Ressourcen unseres Planeten zu schonen.<\/p>\n\n\n\n<p><strong>SPIG-GMAB Werte:<\/strong><\/p>\n\n\n\n<ul start=\"1\" class=\"wp-block-list\">\n<li><strong>Stets p\u00fcnktlich<\/strong><br>Wir streben danach: schnell zu handeln, Versp\u00e4tungen zu vermeiden, verf\u00fcgbar zu sein, sorgf\u00e4ltig zu arbeiten um unsere Projekte  p\u00fcnktlich und fehlerfrei abzuliefern, Herausforderungen zu antizipieren,  unerwartete Ereignisse agil zu bew\u00e4ltigen, durch Ehrlichkeit  und Offenheit Vertrauen zu schaffen. Das sind die Prinzipien, die unsere Projektausf\u00fchrung leiten.<\/li>\n\n\n\n<li><strong>T\u00e4gliches Lernen und Verbessern<\/strong><br>Indem wir unsere Neugierde f\u00f6rdern, unsere F\u00e4higkeiten erweitern, t\u00e4glich Innovationen einf\u00fchren, Prozesse vereinfachen, mit Partnern und Kunden an neuen Ideen und Technologien zusammenarbeiten, neue Ans\u00e4tze ohne Angst testen und Mut und kalkulierte Risiken belohnen, werden wir alle wachsen.<\/li>\n\n\n\n<li><strong>Ermutigen und helfen<\/strong><br>Feedback-Kultur, Respekt, gegenseitige Unterst\u00fctzung, Misst\u00e4nde klar benennen, Austausch von Informationen, Mitmenschen motivieren, das Potenzial unserer Kollegen sehen, Anerkennung geben, kleine und gro\u00dfe Erfolge feiern: das sind die Verhaltensweisen die  unsere Unternehmensgruppe auszeichnen.<\/li>\n<\/ul>\n<\/div>\n<\/div>\n<\/div><\/div>\n\n\n\n<div class=\"wp-block-uagb-container uagb-block-2b88301c alignfull uagb-is-root-container\"><div class=\"uagb-container-inner-blocks-wrap\">\n<div class=\"wp-block-uagb-container uagb-block-e3e9fcd8\">\n<div class=\"wp-block-group is-layout-flow wp-block-group-is-layout-flow\" style=\"padding-right:0px\">\n<h2 class=\"wp-block-heading\" style=\"padding-right:0px;font-style:normal;font-weight:800\">Unsere Mission<\/h2>\n\n\n\n<p>Bei SPIG-GMAB treibt uns unser Engagement f\u00fcr globale Nachhaltigkeit an, innovative L\u00f6sungen zu liefern, die Wasser erhalten und die Luftqualit\u00e4t verbessern. Wir konzentrieren uns auf Spitzentechnologien, welche Umweltbelastungen minimieren und gleichzeitig die industrielle Produktivit\u00e4t verbessern.<\/p>\n\n\n\n<p>SPIG ist spezialisiert auf die Entwicklung und Konstruktion von fortschrittlichen Nass-, Hybrid- und Trockenk\u00fchlsystemen. Diese Systeme nutzen geschlossene Wasserkreisl\u00e4ufe und Hybridtechnologien, um die K\u00fchleffizienz zu optimieren, den Wasserverbrauch erheblich zu senken und die Ressourcenschonung zu f\u00f6rdern. <\/p>\n\n\n\n<p>GMAB ist ein branchenf\u00fchrender Anbieter von Rauchgasreinigungs- und Energier\u00fcckgewinnungstechnologien f\u00fcr M\u00fcllverbrennungsanlagen und Biomassekraftwerke sowie f\u00fcr verschiedene industrielle Anwendungen. Unsere hochmodernen Systeme sind darauf ausgelegt, eine Vielzahl von Schadstoffen zu minimieren, f\u00fcr saubere Luft zu sorgen und zu einer nachhaltigeren und energieeffizienteren Zukunft beizutragen.<\/p>\n<\/div>\n<\/div>\n\n\n\n<div class=\"wp-block-uagb-container uagb-block-316cd966\">\n<div class=\"wp-block-uagb-image aligncenter uagb-block-a2add538 wp-block-uagb-image--layout-default wp-block-uagb-image--effect-static wp-block-uagb-image--align-center figure-100\"><figure class=\"wp-block-uagb-image__figure\"><img decoding=\"async\" srcset=\"https:\/\/www.spig-gmab.com\/wp-content\/uploads\/2024\/09\/Landscape_01_pexels-eberhardgross-858115-edited-1024x576.jpg ,https:\/\/www.spig-gmab.com\/wp-content\/uploads\/2024\/09\/Landscape_01_pexels-eberhardgross-858115-edited-scaled.jpg 780w, https:\/\/www.spig-gmab.com\/wp-content\/uploads\/2024\/09\/Landscape_01_pexels-eberhardgross-858115-edited-scaled.jpg 360w\" sizes=\"auto, (max-width: 480px) 150px\" src=\"https:\/\/www.spig-gmab.com\/wp-content\/uploads\/2024\/09\/Landscape_01_pexels-eberhardgross-858115-edited-1024x576.jpg\" alt=\"\" class=\"uag-image-1807\" width=\"564\" height=\"423\" title=\"\" loading=\"lazy\" role=\"presentation\"\/><\/figure><\/div>\n<\/div>\n<\/div><\/div>\n\n\n\n<div class=\"wp-block-uagb-container uagb-block-4544867c alignfull uagb-is-root-container\"><\/div>\n","protected":false},"excerpt":{"rendered":"<p>Unsere Vision Wir wollen die erste Wahl f\u00fcr vor Ort errichtete K\u00fchlsysteme und Umwelttechnologien zur Emissionsminderung werden, um die Ressourcen [&hellip;]<\/p>\n","protected":false},"author":1,"featured_media":0,"parent":0,"menu_order":0,"comment_status":"closed","ping_status":"closed","template":"","meta":{"_uag_custom_page_level_css":"","_monsterinsights_skip_tracking":false,"_monsterinsights_sitenote_active":false,"_monsterinsights_sitenote_note":"","_monsterinsights_sitenote_category":0,"site-sidebar-layout":"default","site-content-layout":"","ast-site-content-layout":"default","site-content-style":"default","site-sidebar-style":"default","ast-global-header-display":"","ast-banner-title-visibility":"","ast-main-header-display":"","ast-hfb-above-header-display":"","ast-hfb-below-header-display":"","ast-hfb-mobile-header-display":"","site-post-title":"disabled","ast-breadcrumbs-content":"","ast-featured-img":"","footer-sml-layout":"","ast-disable-related-posts":"","theme-transparent-header-meta":"","adv-header-id-meta":"","stick-header-meta":"","header-above-stick-meta":"","header-main-stick-meta":"","header-below-stick-meta":"","astra-migrate-meta-layouts":"default","ast-page-background-enabled":"default","ast-page-background-meta":{"desktop":{"background-color":"var(--ast-global-color-4)","background-image":"","background-repeat":"repeat","background-position":"center center","background-size":"auto","background-attachment":"scroll","background-type":"","background-media":"","overlay-type":"","overlay-color":"","overlay-opacity":"","overlay-gradient":""},"tablet":{"background-color":"","background-image":"","background-repeat":"repeat","background-position":"center center","background-size":"auto","background-attachment":"scroll","background-type":"","background-media":"","overlay-type":"","overlay-color":"","overlay-opacity":"","overlay-gradient":""},"mobile":{"background-color":"","background-image":"","background-repeat":"repeat","background-position":"center center","background-size":"auto","background-attachment":"scroll","background-type":"","background-media":"","overlay-type":"","overlay-color":"","overlay-opacity":"","overlay-gradient":""}},"ast-content-background-meta":{"desktop":{"background-color":"var(--ast-global-color-5)","background-image":"","background-repeat":"repeat","background-position":"center center","background-size":"auto","background-attachment":"scroll","background-type":"","background-media":"","overlay-type":"","overlay-color":"","overlay-opacity":"","overlay-gradient":""},"tablet":{"background-color":"var(--ast-global-color-5)","background-image":"","background-repeat":"repeat","background-position":"center center","background-size":"auto","background-attachment":"scroll","background-type":"","background-media":"","overlay-type":"","overlay-color":"","overlay-opacity":"","overlay-gradient":""},"mobile":{"background-color":"var(--ast-global-color-5)","background-image":"","background-repeat":"repeat","background-position":"center center","background-size":"auto","background-attachment":"scroll","background-type":"","background-media":"","overlay-type":"","overlay-color":"","overlay-opacity":"","overlay-gradient":""}},"footnotes":""},"class_list":["post-6041","page","type-page","status-publish","hentry"],"aioseo_notices":[],"uagb_featured_image_src":{"full":false,"thumbnail":false,"medium":false,"medium_large":false,"large":false,"1536x1536":false,"2048x2048":false},"uagb_author_info":{"display_name":"multimedia@studiokey.it","author_link":"https:\/\/www.spig-gmab.com\/de\/author\/multimediastudiokey-it\/"},"uagb_comment_info":0,"uagb_excerpt":"Unsere Vision Wir wollen die erste Wahl f\u00fcr vor Ort errichtete K\u00fchlsysteme und Umwelttechnologien zur Emissionsminderung werden, um die Ressourcen [&hellip;]","_links":{"self":[{"href":"https:\/\/www.spig-gmab.com\/de\/wp-json\/wp\/v2\/pages\/6041","targetHints":{"allow":["GET"]}}],"collection":[{"href":"https:\/\/www.spig-gmab.com\/de\/wp-json\/wp\/v2\/pages"}],"about":[{"href":"https:\/\/www.spig-gmab.com\/de\/wp-json\/wp\/v2\/types\/page"}],"author":[{"embeddable":true,"href":"https:\/\/www.spig-gmab.com\/de\/wp-json\/wp\/v2\/users\/1"}],"replies":[{"embeddable":true,"href":"https:\/\/www.spig-gmab.com\/de\/wp-json\/wp\/v2\/comments?post=6041"}],"version-history":[{"count":5,"href":"https:\/\/www.spig-gmab.com\/de\/wp-json\/wp\/v2\/pages\/6041\/revisions"}],"predecessor-version":[{"id":8420,"href":"https:\/\/www.spig-gmab.com\/de\/wp-json\/wp\/v2\/pages\/6041\/revisions\/8420"}],"wp:attachment":[{"href":"https:\/\/www.spig-gmab.com\/de\/wp-json\/wp\/v2\/media?parent=6041"}],"curies":[{"name":"wp","href":"https:\/\/api.w.org\/{rel}","templated":true}]}}